{"id":1422,"date":"2019-07-09T12:54:21","date_gmt":"2019-07-09T10:54:21","guid":{"rendered":"https:\/\/southbaltic-tourist.eu\/?page_id=1422"},"modified":"2021-07-02T12:17:56","modified_gmt":"2021-07-02T11:17:56","slug":"1-zemaitija-nacional-park","status":"publish","type":"page","link":"https:\/\/sbt.ug.edu.pl\/pl\/routes\/national-parks-exploration\/1-zemaitija-nacional-park\/","title":{"rendered":"1. \u017bMUDZKI PARK NARODOWY"},"content":{"rendered":"<p><\/p>\n<h2 style=\"text-align: justify;\">LOKALIZACJA<\/h2>\n<p style=\"text-align: justify;\">\u017bmudzki Park Narodowy po\u0142o\u017cony jest na zachodzie Litwy, w regionie p\u0142ungia\u0144skim, oko\u0142o 70 km od wybrze\u017ca Morza Ba\u0142tyckiego. Ca\u0142kowita powierzchnia parku to 21 754 ha, z czego 10 515 ha (44,6%) stanowi\u0105 lasy. Wsp\u00f3\u0142rz\u0119dne geograficzne punktu informacyjnego dla zwiedzaj\u0105cych to: 56.042586, 21.815143 (WGS).<\/p>\n<p style=\"text-align: justify;\"><img decoding=\"async\" loading=\"lazy\" class=\"alignnone wp-image-1426 size-full\" src=\"https:\/\/southbaltic-tourist.eu\/wp-content\/uploads\/2019\/07\/foto-1-1.jpg\" alt=\"\" width=\"1277\" height=\"638\" srcset=\"https:\/\/sbt.ug.edu.pl\/wp-content\/uploads\/2019\/07\/foto-1-1.jpg 1277w, https:\/\/sbt.ug.edu.pl\/wp-content\/uploads\/2019\/07\/foto-1-1-300x150.jpg 300w, https:\/\/sbt.ug.edu.pl\/wp-content\/uploads\/2019\/07\/foto-1-1-768x384.jpg 768w, https:\/\/sbt.ug.edu.pl\/wp-content\/uploads\/2019\/07\/foto-1-1-1024x512.jpg 1024w, https:\/\/sbt.ug.edu.pl\/wp-content\/uploads\/2019\/07\/foto-1-1-150x75.jpg 150w\" sizes=\"(max-width: 1277px) 100vw, 1277px\" \/><\/p>\n<h2 style=\"text-align: justify;\">MALOWNICZY KRAJOBRAZ<\/h2>\n<p style=\"text-align: justify;\">Park za\u0142o\u017cony zosta\u0142 w 1991 roku w celu ochrony dziedzictwa przyrodniczego i kulturowego, zagwarantowania w\u0142a\u015bciwego wykorzystania i regeneracji zasob\u00f3w naturalnych oraz stworzenia odpowiednich warunk\u00f3w dla turystyki. Jego centralny punkt stanowi jezioro P\u0142\u00f3tele \u2013 najwi\u0119ksze i najg\u0142\u0119bsze jezioro na ca\u0142ej \u017bmudzi. Wraz z otaczaj\u0105cym je krajobrazem, p\u00f3\u0142wyspami, wyspami i pi\u0119knymi lasami stanowi jedno z pi\u0119kniejszych miejsc w regionie. Teren urozmaicaj\u0105 rozleg\u0142e wzg\u00f3rza si\u0119gaj\u0105ce 190 m n.p.m. \u017bmudzki Park Narodowy mo\u017ce te\u017c poszczyci\u0107 si\u0119 zbiorem cennych, zabytkowych przedmiot\u00f3w, z kt\u00f3rych najstarsze pochodz\u0105 nawet z epoki kamienia \u0142upanego, ukazuj\u0105cych bogactwo kultury miejscowej ludno\u015bci \u2013 \u017bmudzin\u00f3w. Do dnia dzisiejszego \u017bmudzini kultywuj\u0105 swoj\u0105 tradycj\u0119, u\u017cywaj\u0105 dawnego dialektu, a ich tradycyjna architektura zachowa\u0142a si\u0119 w niemal doskona\u0142ym stanie. Pod ochron\u0105 parku znajduje si\u0119 ponad 200 obiekt\u00f3w uznanych za dziedzictwo kulturowe. Nale\u017c\u0105 do nich kopce, dawne miejsca kultu, cmentarze, osady oraz drewniane kaplice i krzy\u017ce \u017cmudzkie. Wywodz\u0105ca si\u0119 w\u0142a\u015bnie ze \u017bmudzi sztuka rze\u017abienia krzy\u017cy wpisana zosta\u0142a na list\u0119 niematerialnego dziedzictwa UNESCO.<\/p>\n<h2 style=\"text-align: justify;\">DZIKA PRZYRODA<\/h2>\n<p style=\"text-align: justify;\">Park poro\u015bni\u0119ty jest g\u0119sto jod\u0142ami i tak zwan\u0105 tajg\u0105 zachodni\u0105, czyli bujnymi, naturalnymi lasami iglastymi lub mieszanymi, kt\u00f3re w ca\u0142ej Europie obj\u0119te s\u0105 ochron\u0105. Wiele rosn\u0105cych w parku drzew uznane jest za obiekty dziedzictwa przyrodniczego. W\u015br\u00f3d nich najbardziej imponuj\u0105cy jest Jesion Czarownicy \u2013 najgrubszy jesion na Litwie. Na podmok\u0142ych obszarach\u00a0 parku bujnie rozwija si\u0119 fauna. Chronione gatunki ptak\u00f3w, takie jak jarz\u0105bek, derkacz czy \u0142ab\u0119d\u017a krzykliwy, sk\u0142adaj\u0105 tam jaja. W parku mo\u017cna r\u00f3wnie\u017c znale\u017a\u0107 skamienia\u0142o\u015bci ro\u015blin z epoki lodowcowej. Teren parku, z wyj\u0105tkiem cz\u0119\u015bci zamieszka\u0142ej i cz\u0119\u015bci przeznaczonej do rekreacji, uzyska\u0142 status wa\u017cnego obszaru ochrony ptak\u00f3w i siedlisk \u2013 Natura 2000. W 2008 r. \u017bmudzki Park Narodowy i miasteczko P\u0142\u00f3tele, kt\u00f3re znane jest ze \u015bwi\u0119towanych tam dni zapustnych, zosta\u0142y wybrane najbardziej atrakcyjnym miejscem turystycznym w Europie w konkursie EDEN. W 2013 r. Park zosta\u0142 cz\u0142onkiem Europejskiej Karty Zr\u00f3wnowa\u017conej Turystyki na Obszarach Chronionych.<\/p>\n<h2 style=\"text-align: justify;\">ATRAKCJE<\/h2>\n<p style=\"text-align: justify;\">Odwiedzaj\u0105c park, warto wypr\u00f3bowa\u0107 szlak pieszy w \u0160eir\u0117 (4,1 km) i Paplatel\u0117 (2,3 km) lub \u015bcie\u017ck\u0119 rowerow\u0105 wok\u00f3\u0142 jeziora P\u0142\u00f3tele (24 km). Mo\u017cna te\u017c obserwowa\u0107 ptaki z wie\u017c widokowych, p\u0142ywa\u0107 jachtem, \u0142\u00f3dk\u0105 lub rowerem wodnym, uprawia\u0107 windsurfing, czy te\u017c wybra\u0107 inne aktywno\u015bci, takie jak nurkowanie, w\u0119dkarstwo, p\u0142ywanie lub biwakowanie. Z wie\u017cy widokowej Siberija, rozpo\u015bciera si\u0119 pi\u0119kny widok na\u00a0 okolice miasteczka Ber\u017eoras, mi\u0119dzy innymi na bagna Siberija i Jezioro P\u0142\u00f3tele.<\/p>\n<p style=\"text-align: justify;\">\n<p style=\"text-align: justify;\">Zwiedzanie muzeum: 1. Wystawa po\u015bwi\u0119cona Zimnej Wojnie. Jedyna taka w ca\u0142ej Europie. Znajduje si\u0119 w dawnym sowieckim kompleksie wojskowym, zbudowanym niegdy\u015b do wystrzeliwania rakiet batalistycznych. 2. Wystawy \u017bmudzkiego Parku Narodowego i tradycji obchod\u00f3w dni zapustnych, dzi\u0119ki kt\u00f3rym odwiedzaj\u0105cy mog\u0105 pozna\u0107 etnografi\u0119 tego regionu. W centrum rzemie\u015blnictwa odwiedzaj\u0105cy mog\u0105 skosztowa\u0107 tradycyjnych da\u0144 \u017cmudzkich i wzi\u0105\u0107 udzia\u0142 w warsztatach edukacyjnych. Warto zwiedzi\u0107 te\u017c Kalwari\u0119 \u017bmudzk\u0105, kt\u00f3ra jest jednym z najcz\u0119\u015bciej odwiedzanych obiekt\u00f3w sakralnych na litwie. Miejsce to odwiedzi\u0142 niegdy\u015b papie\u017c Jan Pawe\u0142 II.<\/p>\n<p style=\"text-align: justify;\">\n<p style=\"text-align: justify;\">Wirtualny Park P\u0142ungiany<\/p>\n<p style=\"text-align: justify;\">Jest to program edukacyjny i strona internetowa dostosowana do urz\u0105dze\u0144 mobilnych. Dzi\u0119ki niej mo\u017cna wybra\u0107 si\u0119 na wirtualny spacer po parku P\u0142ungiany, pe\u0142nym niezwyk\u0142ych, zapomnianych legend. Podczas tej interaktywnej wycieczki poznasz dzieje hrabi\u00f3w Zubow i ksi\u0105\u017c\u0105t Ogi\u0144skich, a tak\u017ce odkryjesz dziedzictwo kulturowe i przyrodnicze P\u0142ungian. Spaceruj\u0105c alejkami wytyczonymi i piel\u0119gnowanymi przez arystokrat\u00f3w tamtych czas\u00f3w, napotkasz nie tylko ciekawe gatunki drzew i ro\u015blin, ale tak\u017ce ponad 50 gatunk\u00f3w ptak\u00f3w i innych zwierz\u0105t. Do wyboru s\u0105 trzy wycieczki tematyczne \u2013 jedna po\u015bwi\u0119cona ro\u015blinno\u015bci, druga zwierz\u0119tom i trzecia przedstawiaj\u0105ca obiekty kulturalne. Dzi\u0119ki po\u0142\u0105czeniu realistycznej grafiki i d\u017awi\u0119ku poczujesz si\u0119, jakby\u015b naprawd\u0119 przechadza\u0142 si\u0119 po tym niezwyk\u0142ym miasteczku.<\/p>\n<h2 style=\"text-align: justify;\">ATRAKCJE<\/h2>\n<p style=\"text-align: justify;\">Rekomendacje dla turyst\u00f3w:<\/p>\n<p style=\"text-align: justify;\">1) Warto zwiedzi\u0107 pa\u0142ac Ogi\u0144skich w P\u0142ungianach i jego imponuj\u0105cy ogr\u00f3d. Jest to jeden z najpi\u0119kniejszych zespo\u0142\u00f3w pa\u0142acowych na Litwie, cz\u0119sto nazywany \u017bmudzkim Wersalem. G\u0142\u00f3wne obiekty: pa\u0142ac Ogi\u0144skich, w kt\u00f3rym znajduje si\u0119 obecnie Muzeum Sztuki \u017bmudzkiej; oran\u017ceria z wie\u017c\u0105 zegarow\u0105, przypominaj\u0105ca ma\u0142\u0105 wersj\u0119 Palazzo Vecchio we Florencji; bramy parkowe i wiele innych.<\/p>\n<p style=\"text-align: justify;\">2) Ciekawym miejscem jest te\u017c kopiec i wioska Gandinga. Na kopcu Gandinga sta\u0142 niegdy\u015b zamek, kt\u00f3ry pe\u0142ni\u0142 wa\u017cn\u0105 rol\u0119 obronn\u0105 w walkach z krzy\u017cowcami w XIII wieku.<\/p>\n<p style=\"text-align: justify;\">3) Odwied\u017a dom pami\u0119ci \u017demait\u0117 \u2013 litewskiej pisarki i dzia\u0142aczki. W wiejskiej posiad\u0142o\u015bci, gdzie wychowa\u0142a si\u0119 artystka, obejrze\u0107 mo\u017cna wystaw\u0119 upami\u0119tniaj\u0105c\u0105 jej \u017cycie i tw\u00f3rczo\u015b\u0107.<\/p>\n<p style=\"text-align: justify;\">4) Sp\u0142yw kajakowy rzek\u0105 Minia. Tury\u015bci zwiedzi\u0107 mog\u0105 miasto Telsze, nieopodal kt\u00f3rego rzeka Minia ma swoje \u017ar\u00f3d\u0142a. Warto odwiedzi\u0107 te\u017c le\u017c\u0105ce niedaleko rzeki wzg\u00f3rze Lopai\u010diai, gdzie zaobserwowa\u0107 mo\u017cna u\u0142o\u017cone w charakterystyczny spos\u00f3b wielkie g\u0142azy. Miejsce to nale\u017cy do ca\u0142ego kompleksu staro\u017cytnych miejsc kultu.<\/p>\n<p><\/p>","protected":false},"excerpt":{"rendered":"<p>LOKALIZACJA \u017bmudzki Park Narodowy po\u0142o\u017cony jest na zachodzie Litwy, w regionie p\u0142ungia\u0144skim, oko\u0142o 70 km od wybrze\u017ca Morza Ba\u0142tyckiego. Ca\u0142kowita powierzchnia parku to 21 754 ha, z czego 10 515 ha (44,6%) stanowi\u0105 lasy. Wsp\u00f3\u0142rz\u0119dne geograficzne punktu informacyjnego dla zwiedzaj\u0105cych to: 56.042586, 21.815143 (WGS). MALOWNICZY KRAJOBRAZ Park za\u0142o\u017cony zosta\u0142 w 1991 roku w celu ochrony [&hellip;]<\/p>\n","protected":false},"author":3,"featured_media":0,"parent":457,"menu_order":0,"comment_status":"closed","ping_status":"closed","template":"","meta":[],"categories":[34,15,26],"tags":[],"_links":{"self":[{"href":"https:\/\/sbt.ug.edu.pl\/pl\/wp-json\/wp\/v2\/pages\/1422"}],"collection":[{"href":"https:\/\/sbt.ug.edu.pl\/pl\/wp-json\/wp\/v2\/pages"}],"about":[{"href":"https:\/\/sbt.ug.edu.pl\/pl\/wp-json\/wp\/v2\/types\/page"}],"author":[{"embeddable":true,"href":"https:\/\/sbt.ug.edu.pl\/pl\/wp-json\/wp\/v2\/users\/3"}],"replies":[{"embeddable":true,"href":"https:\/\/sbt.ug.edu.pl\/pl\/wp-json\/wp\/v2\/comments?post=1422"}],"version-history":[{"count":13,"href":"https:\/\/sbt.ug.edu.pl\/pl\/wp-json\/wp\/v2\/pages\/1422\/revisions"}],"predecessor-version":[{"id":5858,"href":"https:\/\/sbt.ug.edu.pl\/pl\/wp-json\/wp\/v2\/pages\/1422\/revisions\/5858"}],"up":[{"embeddable":true,"href":"https:\/\/sbt.ug.edu.pl\/pl\/wp-json\/wp\/v2\/pages\/457"}],"wp:attachment":[{"href":"https:\/\/sbt.ug.edu.pl\/pl\/wp-json\/wp\/v2\/media?parent=1422"}],"wp:term":[{"taxonomy":"category","embeddable":true,"href":"https:\/\/sbt.ug.edu.pl\/pl\/wp-json\/wp\/v2\/categories?post=1422"},{"taxonomy":"post_tag","embeddable":true,"href":"https:\/\/sbt.ug.edu.pl\/pl\/wp-json\/wp\/v2\/tags?post=1422"}],"curies":[{"name":"wp","href":"https:\/\/api.w.org\/{rel}","templated":true}]}}