{"id":1446,"date":"2019-07-11T12:32:29","date_gmt":"2019-07-11T10:32:29","guid":{"rendered":"https:\/\/southbaltic-tourist.eu\/?page_id=1446"},"modified":"2021-05-31T17:11:26","modified_gmt":"2021-05-31T16:11:26","slug":"2-2","status":"publish","type":"page","link":"https:\/\/sbt.ug.edu.pl\/pl\/routes\/kayaking-south-baltic\/2-2\/","title":{"rendered":"2. Wycieczka kajakowa \u201eMartwe Wydmy\u201d"},"content":{"rendered":"<p><strong>LOKALIZACJA<\/strong><\/p>\n<p>Rezerwat przyrody Nagliai na Litwie.<\/p>\n<p>Pervalka &#8211; Martwe Wydmy (Rezerwat przyrody Nagliai) &#8211; Juodkrant\u0117 (14 km). Czas trwania oko\u0142o 5,5 godziny.<\/p>\n<p>Dolina \u015amierci (Mirties sl\u0117nis), Neringa, Litwa &#8211; na po\u0142udnie od wsi Nida. Dolina ta znajduje si\u0119 pomi\u0119dzy wydmami Parnidis i Sklandytoj\u0173 (po polsku Szybowce). Wsp\u00f3\u0142rz\u0119dne: 55.28810949999999, 20.990581499999962.<\/p>\n<p>Adres: Na po\u0142udnie od wydmy Parnidis.<\/p>\n<p><strong>\u00a0<\/strong><\/p>\n<p><strong>ATRAKCJE<\/strong><\/p>\n<p>Jest to jedyny w swoim rodzaju szlak wodny, poniewa\u017c wi\u0119ksza jego cz\u0119\u015b\u0107 biegnie wzd\u0142u\u017c rezerwatu przyrody Naglis, gdzie obowi\u0105zuje zakaz spacer\u00f3w. Na pocz\u0105tku wycieczki pop\u0142yniecie obok starej latarni morskiej Pervalka, ominiecie Przyl\u0105dek Ko\u0144ski i w otoczeniu pi\u0119knych widok\u00f3w Martwych Wydm dotrzecie do przyl\u0105dka Naglis, gdzie zatrzymacie si\u0119 na lunch. Nast\u0119pnie udajcie si\u0119 wzd\u0142u\u017c legendarnej zatoki Drimzakas i omijaj\u0105c przyl\u0105dek Owczej Pi\u0119ty zobaczycie najwi\u0119ksz\u0105 koloni\u0119 czapli siwych i kormoran\u00f3w w Europie: gniazduje tutaj ponad 3000 par tych ptak\u00f3w. Wycieczka ko\u0144czy si\u0119 w Juodkrant\u0117. Powr\u00f3t do Nidy\/K\u0142ajpedy autobusem.<\/p>\n<p>Nazwa Dolina \u015amierci zwi\u0105zana jest z wydarzeniami z lat 1870-1872, kiedy to powsta\u0142 tutaj francuski ob\u00f3z licz\u0105cy kilka tysi\u0119cy je\u0144c\u00f3w wojennych. Z powodu z\u0142ych warunk\u00f3w panuj\u0105cych w wi\u0119zieniach, wycie\u0144czenia i chor\u00f3b, wielu wi\u0119\u017ani\u00f3w zmar\u0142o. Zostali oni pochowani na pobliskim cmentarzu obozowym, st\u0105d nazwa doliny. Latem 2018 roku ods\u0142oni\u0119to rze\u017ab\u0119 upami\u0119tniaj\u0105c\u0105 tych wi\u0119\u017ani\u00f3w. Autorem tej kompozycji artystycznej jest rze\u017abiarz K\u0119stutis Musteikis. Rze\u017aba &#8211; \u0142awka z ptakiem &#8211; zosta\u0142a zbudowana w miejscu, z kt\u00f3rego otwiera si\u0119 panorama Doliny \u015amierci.<\/p>\n<p>&nbsp;<\/p>\n<p>\u017ar\u00f3d\u0142a: http:\/\/www.smiltynesjachtklubas.lt\/, http:\/\/irklakojis.lt\/pramogos\/zygis-kanojomis-mirusios-kopos\/, http:\/\/visitneringa.com\/lt, https:\/\/www.klaipedainfo.lt\/<\/p>\n<p><div class=\"rl-gallery-container rl-loading\" id=\"rl-gallery-container-3\" data-gallery_id=\"2281\"> <div class=\"rl-gallery rl-basicgrid-gallery \" id=\"rl-gallery-3\" data-gallery_no=\"3\"> <div class=\"rl-gallery-item\"><a href=\"https:\/\/sbt.ug.edu.pl\/wp-content\/uploads\/2019\/07\/4.-Dead-dunes-R1-A1..jpg\" title=\"1. Dead dunes; R1, A2.\" data-rl_title=\"1. Dead dunes; R1, A2.\" class=\"rl-gallery-link\" data-rl_caption=\"\" data-rel=\"lightbox-gallery-3\"><img src=\"https:\/\/sbt.ug.edu.pl\/wp-content\/uploads\/2019\/07\/4.-Dead-dunes-R1-A1.-768x575.jpg\" width=\"640\" height=\"479\" alt=\"\" \/><\/a><\/div><div class=\"rl-gallery-item\"><a href=\"https:\/\/sbt.ug.edu.pl\/wp-content\/uploads\/2019\/07\/7.-Canoe-trip-Dead-dunes-R1-A3..jpg\" title=\"2. Canoe trip Dead dunes; R1, A2.\" data-rl_title=\"2. Canoe trip Dead dunes; R1, A2.\" class=\"rl-gallery-link\" data-rl_caption=\"\" data-rel=\"lightbox-gallery-3\"><img src=\"https:\/\/sbt.ug.edu.pl\/wp-content\/uploads\/2019\/07\/7.-Canoe-trip-Dead-dunes-R1-A3.-768x432.jpg\" width=\"640\" height=\"360\" alt=\"\" \/><\/a><\/div><div class=\"rl-gallery-item\"><a href=\"https:\/\/sbt.ug.edu.pl\/wp-content\/uploads\/2019\/07\/5.-Cormorant-settlement-R1-A1..jpg\" title=\"3. Cormorant settlement; R1, A2.\" data-rl_title=\"3. Cormorant settlement; R1, A2.\" class=\"rl-gallery-link\" data-rl_caption=\"\" data-rel=\"lightbox-gallery-3\"><img src=\"https:\/\/sbt.ug.edu.pl\/wp-content\/uploads\/2019\/07\/5.-Cormorant-settlement-R1-A1.-768x575.jpg\" width=\"640\" height=\"479\" alt=\"\" \/><\/a><\/div> <\/div> <\/div><\/p>","protected":false},"excerpt":{"rendered":"<p>LOKALIZACJA Rezerwat przyrody Nagliai na Litwie. Pervalka &#8211; Martwe Wydmy (Rezerwat przyrody Nagliai) &#8211; Juodkrant\u0117 (14 km). Czas trwania oko\u0142o 5,5 godziny. Dolina \u015amierci (Mirties sl\u0117nis), Neringa, Litwa &#8211; na po\u0142udnie od wsi Nida. Dolina ta znajduje si\u0119 pomi\u0119dzy wydmami Parnidis i Sklandytoj\u0173 (po polsku Szybowce). Wsp\u00f3\u0142rz\u0119dne: 55.28810949999999, 20.990581499999962. Adres: Na po\u0142udnie od wydmy Parnidis. [&hellip;]<\/p>\n","protected":false},"author":4,"featured_media":0,"parent":455,"menu_order":0,"comment_status":"closed","ping_status":"closed","template":"","meta":[],"categories":[34,18,12],"tags":[],"_links":{"self":[{"href":"https:\/\/sbt.ug.edu.pl\/pl\/wp-json\/wp\/v2\/pages\/1446"}],"collection":[{"href":"https:\/\/sbt.ug.edu.pl\/pl\/wp-json\/wp\/v2\/pages"}],"about":[{"href":"https:\/\/sbt.ug.edu.pl\/pl\/wp-json\/wp\/v2\/types\/page"}],"author":[{"embeddable":true,"href":"https:\/\/sbt.ug.edu.pl\/pl\/wp-json\/wp\/v2\/users\/4"}],"replies":[{"embeddable":true,"href":"https:\/\/sbt.ug.edu.pl\/pl\/wp-json\/wp\/v2\/comments?post=1446"}],"version-history":[{"count":16,"href":"https:\/\/sbt.ug.edu.pl\/pl\/wp-json\/wp\/v2\/pages\/1446\/revisions"}],"predecessor-version":[{"id":5705,"href":"https:\/\/sbt.ug.edu.pl\/pl\/wp-json\/wp\/v2\/pages\/1446\/revisions\/5705"}],"up":[{"embeddable":true,"href":"https:\/\/sbt.ug.edu.pl\/pl\/wp-json\/wp\/v2\/pages\/455"}],"wp:attachment":[{"href":"https:\/\/sbt.ug.edu.pl\/pl\/wp-json\/wp\/v2\/media?parent=1446"}],"wp:term":[{"taxonomy":"category","embeddable":true,"href":"https:\/\/sbt.ug.edu.pl\/pl\/wp-json\/wp\/v2\/categories?post=1446"},{"taxonomy":"post_tag","embeddable":true,"href":"https:\/\/sbt.ug.edu.pl\/pl\/wp-json\/wp\/v2\/tags?post=1446"}],"curies":[{"name":"wp","href":"https:\/\/api.w.org\/{rel}","templated":true}]}}