{"id":1606,"date":"2019-07-10T09:31:10","date_gmt":"2019-07-10T07:31:10","guid":{"rendered":"https:\/\/southbaltic-tourist.eu\/?page_id=1606"},"modified":"2021-07-02T12:39:15","modified_gmt":"2021-07-02T11:39:15","slug":"1-an-the-niemen-river","status":"publish","type":"page","link":"https:\/\/sbt.ug.edu.pl\/pl\/routes\/blue-and-green-believes-and-religions-of-the-south-baltic-area\/1-an-the-niemen-river\/","title":{"rendered":"1. NAD NIEMNEM"},"content":{"rendered":"<p><\/p>\n<p style=\"text-align: justify;\"><strong>LOKALIZACJA<\/strong><\/p>\n<p style=\"text-align: justify;\">Rzeka Niemen przez wieki wyznacza\u0142a granic\u0119 mi\u0119dzy pa\u0144stwem krzy\u017cackim, Prusami i Litw\u0105. R\u00f3wnie\u017c dzi\u015b oddziela Litw\u0119 od Obwodu Kaliningradzkiego (Rosja). To w te regiony kierowane by\u0142y \u015bredniowieczne krucjaty przeciwko poga\u0144skim Ba\u0142tom. Okolice rzeki zamieszkiwa\u0142y wsp\u00f3lnoty katolickie i reformacyjne, zar\u00f3wno kalwinistyczne, jak i lutera\u0144skie. Obecna by\u0142a tak\u017ce mniejszo\u015b\u0107 \u017cydowska. Wsp\u00f3\u0142cze\u015bnie jest to obszar typowo rolniczy. Najwi\u0119kszym miastem w regionie s\u0105 Taurogi, zamieszka\u0142e przez niemal 30 tys. os\u00f3b. Po\u0142o\u017cenie geograficzne miasta: 55\u00b015\u2032N 22\u00b017\u2032E.<\/p>\n<p><img decoding=\"async\" loading=\"lazy\" class=\"alignleft wp-image-1608\" src=\"https:\/\/southbaltic-tourist.eu\/wp-content\/uploads\/2019\/07\/foto-1-2.jpg\" alt=\"\" width=\"490\" height=\"300\" srcset=\"https:\/\/sbt.ug.edu.pl\/wp-content\/uploads\/2019\/07\/foto-1-2.jpg 759w, https:\/\/sbt.ug.edu.pl\/wp-content\/uploads\/2019\/07\/foto-1-2-300x184.jpg 300w, https:\/\/sbt.ug.edu.pl\/wp-content\/uploads\/2019\/07\/foto-1-2-150x92.jpg 150w\" sizes=\"(max-width: 490px) 100vw, 490px\" \/><\/p>\n<p>&nbsp;<\/p>\n<p>&nbsp;<\/p>\n<p>&nbsp;<\/p>\n<p>&nbsp;<\/p>\n<p>&nbsp;<\/p>\n<p>&nbsp;<\/p>\n<p>&nbsp;<\/p>\n<p>&nbsp;<\/p>\n<p><a href=\"https:\/\/southbaltic-tourist.eu\/wp-content\/uploads\/2020\/02\/R4.1-Niemen.png\" data-rel=\"lightbox-gallery-YlstvklN\" data-rl_title=\"\" data-rl_caption=\"\" title=\"\"><img decoding=\"async\" loading=\"lazy\" class=\"alignnone wp-image-5214\" src=\"https:\/\/southbaltic-tourist.eu\/wp-content\/uploads\/2020\/02\/R4.1-Niemen-1024x595.png\" alt=\"\" width=\"516\" height=\"300\" srcset=\"https:\/\/sbt.ug.edu.pl\/wp-content\/uploads\/2020\/02\/R4.1-Niemen-1024x595.png 1024w, https:\/\/sbt.ug.edu.pl\/wp-content\/uploads\/2020\/02\/R4.1-Niemen-300x174.png 300w, https:\/\/sbt.ug.edu.pl\/wp-content\/uploads\/2020\/02\/R4.1-Niemen-768x446.png 768w, https:\/\/sbt.ug.edu.pl\/wp-content\/uploads\/2020\/02\/R4.1-Niemen-1536x893.png 1536w, https:\/\/sbt.ug.edu.pl\/wp-content\/uploads\/2020\/02\/R4.1-Niemen-150x87.png 150w, https:\/\/sbt.ug.edu.pl\/wp-content\/uploads\/2020\/02\/R4.1-Niemen.png 1600w\" sizes=\"(max-width: 516px) 100vw, 516px\" \/><\/a><\/p>\n<p style=\"text-align: justify;\"><strong>ZWIEDZANIE<\/strong><\/p>\n<p style=\"text-align: justify;\">Wybrane na potrzeby niniejszej trasy miejsca kultu religijnego i staro\u017cytnych wierze\u0144 znajduj\u0105 si\u0119 w odleg\u0142o\u015bci 50 km od Taurog\u00f3w. Do wszystkich dojecha\u0107 mo\u017cna samochodem, tras\u0105 o ma\u0142ym nat\u0119\u017ceniu ruchu. Jedynie Wzg\u00f3rze Rambynas i dawne grody nad Niemnem (\u015aredniki, Bisene) s\u0105 dost\u0119pne tylko pieszo, przy odrobinie wysi\u0142ku fizycznego (na 60-70 metrowe wzg\u00f3rza prowadz\u0105 schody). Miejsca te b\u0119d\u0105 zatem niedost\u0119pne dla os\u00f3b niepe\u0142nosprawnych. Okoliczne ko\u015bcio\u0142y otwarte s\u0105 jedynie w czasie nabo\u017ce\u0144stw (w niedziele i \u015bwi\u0119ta), wyj\u0105tkiem jest stale dost\u0119pna katedra w Taurogach. Sugerowane jest podzielenie trasy zwiedzania na jednodniowe wycieczki. Pierwsz\u0105 odby\u0107 mo\u017cna wzd\u0142u\u017c Niemna (mi\u0119dzy Jurborkiem i \u015arednikami), drug\u0105 do Taurog\u00f3w, a nast\u0119pnie odwiedzi\u0107 ko\u015bcio\u0142y w Skaudwile i Degu\u010diai oraz Wzg\u00f3rze Rambynas.<\/p>\n<p style=\"text-align: justify;\"><strong>ATRAKCJE<\/strong><\/p>\n<p style=\"text-align: justify;\">Wzg\u00f3rze Rambynas to miejsce dawnego, poga\u0144skiego kultu boga Peruna, znajduj\u0105ce si\u0119 na prawym brzegu Niemna w Rambynaskim Parku Regionalnym. Park posiada wiele szlak\u00f3w spacerowych oraz punkt\u00f3w widokowych. Na jego terenie w miejscowo\u015bci Bitenai znajduje si\u0119 historyczny cmentarz ewangelicki. Nad Niemnem na kilku wzg\u00f3rzach zlokalizowane s\u0105 tak\u017ce forty \u2013 \u015aredniki i Bisene, kt\u00f3re by\u0142y \u015bwiadkami \u015bredniowiecznych wypraw krzy\u017cowych przeciwko Litwie w XIII i XIV wieku. Twierdza w \u015arednikach stanowi\u0142a r\u00f3wnie\u017c \u015bwi\u0119te miejsce dla dawnych mieszka\u0144c\u00f3w Litwy. W tej\u017ce miejscowo\u015bci znajduje si\u0119 ponadto drewniany, bogato zdobiony, barokowy Ko\u015bci\u00f3\u0142 \u015awi\u0119tego Krzy\u017ca z 1750 r. oraz pozosta\u0142o\u015bci cmentarza \u017cydowskiego. Na proponowanej trasie zlokalizowanych jest wiele ma\u0142ych, urokliwych miejscowo\u015bci, a tak\u017ce pi\u0119kny renesansowy Zamek Gie\u0142gud\u00f3w. Przyk\u0142adowo, we wsi Degu\u010diai podziwia\u0107 mo\u017cna jeden z niewielu w Europie drewnianych ko\u015bcio\u0142\u00f3w zbudowanych na planie tr\u00f3jk\u0105ta, kt\u00f3ry wzniesiony zosta\u0142 w 1757 r. Z kolei Taurogi by\u0142y wa\u017cnym o\u015brodkiem luteranizmu, dlatego te\u017c w mie\u015bcie znajduje si\u0119 zrekonstruowana kaplica ewangelicka z po\u0142owy XIX wieku oraz neoroma\u0144ska \u015bwi\u0105tynia katolicka z 1904 roku (przebudowana w 1920 i 1955 r.).<\/p>\n<p><code><div class=\"rl-gallery-container rl-loading\" id=\"rl-gallery-container-2\" data-gallery_id=\"4578\"> <div class=\"rl-gallery rl-basicgrid-gallery \" id=\"rl-gallery-2\" data-gallery_no=\"2\"> <div class=\"rl-gallery-item\"><a href=\"https:\/\/sbt.ug.edu.pl\/wp-content\/uploads\/2019\/08\/Tauroge_P1630459.jpg\" title=\"\" data-rl_title=\"\" class=\"rl-gallery-link\" data-rl_caption=\"\" data-rel=\"lightbox-gallery-2\"><img src=\"https:\/\/sbt.ug.edu.pl\/wp-content\/uploads\/2019\/08\/Tauroge_P1630459-768x576.jpg\" width=\"640\" height=\"480\" alt=\"\" \/><\/a><\/div><div class=\"rl-gallery-item\"><a href=\"https:\/\/sbt.ug.edu.pl\/wp-content\/uploads\/2019\/08\/Bitenai_P1200459.jpg\" title=\"\" data-rl_title=\"\" class=\"rl-gallery-link\" data-rl_caption=\"\" data-rel=\"lightbox-gallery-2\"><img src=\"https:\/\/sbt.ug.edu.pl\/wp-content\/uploads\/2019\/08\/Bitenai_P1200459-768x576.jpg\" width=\"640\" height=\"480\" alt=\"\" \/><\/a><\/div><div class=\"rl-gallery-item\"><a href=\"https:\/\/sbt.ug.edu.pl\/wp-content\/uploads\/2019\/08\/Deguciai_P1200554.jpg\" title=\"\" data-rl_title=\"\" class=\"rl-gallery-link\" data-rl_caption=\"\" data-rel=\"lightbox-gallery-2\"><img src=\"https:\/\/sbt.ug.edu.pl\/wp-content\/uploads\/2019\/08\/Deguciai_P1200554-768x576.jpg\" width=\"640\" height=\"480\" alt=\"\" \/><\/a><\/div><div class=\"rl-gallery-item\"><a href=\"https:\/\/sbt.ug.edu.pl\/wp-content\/uploads\/2019\/08\/Deguciai_P1200567.jpg\" title=\"\" data-rl_title=\"\" class=\"rl-gallery-link\" data-rl_caption=\"\" data-rel=\"lightbox-gallery-2\"><img src=\"https:\/\/sbt.ug.edu.pl\/wp-content\/uploads\/2019\/08\/Deguciai_P1200567-768x576.jpg\" width=\"640\" height=\"480\" alt=\"\" \/><\/a><\/div><div class=\"rl-gallery-item\"><a href=\"https:\/\/sbt.ug.edu.pl\/wp-content\/uploads\/2019\/08\/Pilis_P1630266.jpg\" title=\"\" data-rl_title=\"\" class=\"rl-gallery-link\" data-rl_caption=\"\" data-rel=\"lightbox-gallery-2\"><img src=\"https:\/\/sbt.ug.edu.pl\/wp-content\/uploads\/2019\/08\/Pilis_P1630266-768x576.jpg\" width=\"640\" height=\"480\" alt=\"\" \/><\/a><\/div><div class=\"rl-gallery-item\"><a href=\"https:\/\/sbt.ug.edu.pl\/wp-content\/uploads\/2019\/08\/Pilis_P1630308.jpg\" title=\"\" data-rl_title=\"\" class=\"rl-gallery-link\" data-rl_caption=\"\" data-rel=\"lightbox-gallery-2\"><img src=\"https:\/\/sbt.ug.edu.pl\/wp-content\/uploads\/2019\/08\/Pilis_P1630308-768x576.jpg\" width=\"640\" height=\"480\" alt=\"\" \/><\/a><\/div><div class=\"rl-gallery-item\"><a href=\"https:\/\/sbt.ug.edu.pl\/wp-content\/uploads\/2019\/08\/RambynoKalnas_P1200395.jpg\" title=\"\" data-rl_title=\"\" class=\"rl-gallery-link\" data-rl_caption=\"\" data-rel=\"lightbox-gallery-2\"><img src=\"https:\/\/sbt.ug.edu.pl\/wp-content\/uploads\/2019\/08\/RambynoKalnas_P1200395-768x576.jpg\" width=\"640\" height=\"480\" alt=\"\" \/><\/a><\/div><div class=\"rl-gallery-item\"><a href=\"https:\/\/sbt.ug.edu.pl\/wp-content\/uploads\/2019\/08\/RambynoKalnas_P1200492.jpg\" title=\"\" data-rl_title=\"\" class=\"rl-gallery-link\" data-rl_caption=\"\" data-rel=\"lightbox-gallery-2\"><img src=\"https:\/\/sbt.ug.edu.pl\/wp-content\/uploads\/2019\/08\/RambynoKalnas_P1200492-768x576.jpg\" width=\"640\" height=\"480\" alt=\"\" \/><\/a><\/div><div class=\"rl-gallery-item\"><a href=\"https:\/\/sbt.ug.edu.pl\/wp-content\/uploads\/2019\/08\/Seredzius_P1630202.jpg\" title=\"\" data-rl_title=\"\" class=\"rl-gallery-link\" data-rl_caption=\"\" data-rel=\"lightbox-gallery-2\"><img src=\"https:\/\/sbt.ug.edu.pl\/wp-content\/uploads\/2019\/08\/Seredzius_P1630202-768x576.jpg\" width=\"640\" height=\"480\" alt=\"\" \/><\/a><\/div><div class=\"rl-gallery-item\"><a href=\"https:\/\/sbt.ug.edu.pl\/wp-content\/uploads\/2019\/08\/Seredzius_P1630230.jpg\" title=\"\" data-rl_title=\"\" class=\"rl-gallery-link\" data-rl_caption=\"\" data-rel=\"lightbox-gallery-2\"><img src=\"https:\/\/sbt.ug.edu.pl\/wp-content\/uploads\/2019\/08\/Seredzius_P1630230-768x576.jpg\" width=\"640\" height=\"480\" alt=\"\" \/><\/a><\/div><div class=\"rl-gallery-item\"><a href=\"https:\/\/sbt.ug.edu.pl\/wp-content\/uploads\/2019\/08\/Tauroge_P1630443.jpg\" title=\"\" data-rl_title=\"\" class=\"rl-gallery-link\" data-rl_caption=\"\" data-rel=\"lightbox-gallery-2\"><img src=\"https:\/\/sbt.ug.edu.pl\/wp-content\/uploads\/2019\/08\/Tauroge_P1630443-768x1024.jpg\" width=\"640\" height=\"853\" alt=\"\" \/><\/a><\/div> <\/div> <\/div><\/code><\/p>","protected":false},"excerpt":{"rendered":"<p>LOKALIZACJA Rzeka Niemen przez wieki wyznacza\u0142a granic\u0119 mi\u0119dzy pa\u0144stwem krzy\u017cackim, Prusami i Litw\u0105. R\u00f3wnie\u017c dzi\u015b oddziela Litw\u0119 od Obwodu Kaliningradzkiego (Rosja). To w te regiony kierowane by\u0142y \u015bredniowieczne krucjaty przeciwko poga\u0144skim Ba\u0142tom. Okolice rzeki zamieszkiwa\u0142y wsp\u00f3lnoty katolickie i reformacyjne, zar\u00f3wno kalwinistyczne, jak i lutera\u0144skie. Obecna by\u0142a tak\u017ce mniejszo\u015b\u0107 \u017cydowska. Wsp\u00f3\u0142cze\u015bnie jest to obszar typowo rolniczy. [&hellip;]<\/p>\n","protected":false},"author":3,"featured_media":0,"parent":482,"menu_order":0,"comment_status":"closed","ping_status":"closed","template":"","meta":[],"categories":[34,27,12],"tags":[],"_links":{"self":[{"href":"https:\/\/sbt.ug.edu.pl\/pl\/wp-json\/wp\/v2\/pages\/1606"}],"collection":[{"href":"https:\/\/sbt.ug.edu.pl\/pl\/wp-json\/wp\/v2\/pages"}],"about":[{"href":"https:\/\/sbt.ug.edu.pl\/pl\/wp-json\/wp\/v2\/types\/page"}],"author":[{"embeddable":true,"href":"https:\/\/sbt.ug.edu.pl\/pl\/wp-json\/wp\/v2\/users\/3"}],"replies":[{"embeddable":true,"href":"https:\/\/sbt.ug.edu.pl\/pl\/wp-json\/wp\/v2\/comments?post=1606"}],"version-history":[{"count":7,"href":"https:\/\/sbt.ug.edu.pl\/pl\/wp-json\/wp\/v2\/pages\/1606\/revisions"}],"predecessor-version":[{"id":5871,"href":"https:\/\/sbt.ug.edu.pl\/pl\/wp-json\/wp\/v2\/pages\/1606\/revisions\/5871"}],"up":[{"embeddable":true,"href":"https:\/\/sbt.ug.edu.pl\/pl\/wp-json\/wp\/v2\/pages\/482"}],"wp:attachment":[{"href":"https:\/\/sbt.ug.edu.pl\/pl\/wp-json\/wp\/v2\/media?parent=1606"}],"wp:term":[{"taxonomy":"category","embeddable":true,"href":"https:\/\/sbt.ug.edu.pl\/pl\/wp-json\/wp\/v2\/categories?post=1606"},{"taxonomy":"post_tag","embeddable":true,"href":"https:\/\/sbt.ug.edu.pl\/pl\/wp-json\/wp\/v2\/tags?post=1606"}],"curies":[{"name":"wp","href":"https:\/\/api.w.org\/{rel}","templated":true}]}}