{"id":1629,"date":"2019-07-10T09:44:38","date_gmt":"2019-07-10T07:44:38","guid":{"rendered":"https:\/\/southbaltic-tourist.eu\/?page_id=1629"},"modified":"2021-07-02T12:45:22","modified_gmt":"2021-07-02T11:45:22","slug":"4-samogitia","status":"publish","type":"page","link":"https:\/\/sbt.ug.edu.pl\/pl\/routes\/blue-and-green-believes-and-religions-of-the-south-baltic-area\/4-samogitia\/","title":{"rendered":"4. \u017bMUD\u0179"},"content":{"rendered":"<p><\/p>\n<p style=\"text-align: justify;\"><strong>LOKALIZACJA<\/strong><\/p>\n<p style=\"text-align: justify;\">Miasto Telsze to serce litewskiej \u017bmudzi. Teren obfity jest w jeziora, lasy i malownicze wzg\u00f3rza, kt\u00f3re idealnie wpisuj\u0105 si\u0119 w powszechnie utrwalony wizerunek rolniczego wn\u0119trza Litwy. Rzadko wyst\u0119puj\u0105ce, ma\u0142e, cz\u0119\u015bciowo drewniane wioski, rozleg\u0142e \u0142\u0105ki i pola zapewniaj\u0105 podr\u00f3\u017cuj\u0105cym po \u017bmudzi poczucie wolno\u015bci i spokoju. Niedaleko od miasta znajduje si\u0119 \u017bmudzki Park Narodowy, Kalwaria \u017bmudzka, a tak\u017ce jedna z najwa\u017cniejszych litewskich \u015bwi\u0119tych g\u00f3r (Wzg\u00f3rze \u0160atrija). Po\u0142o\u017cenie geograficzne g\u0142\u00f3wnego miasta regionu Telsze, zamieszkiwanego przez oko\u0142o 40\u00a0000 os\u00f3b: 55\u00b059\u2032N 22\u00b015\u2032E.<\/p>\n<p><img decoding=\"async\" loading=\"lazy\" class=\"alignleft wp-image-1630\" src=\"https:\/\/southbaltic-tourist.eu\/wp-content\/uploads\/2019\/07\/foto-4.jpg\" alt=\"\" width=\"589\" height=\"400\" srcset=\"https:\/\/sbt.ug.edu.pl\/wp-content\/uploads\/2019\/07\/foto-4.jpg 685w, https:\/\/sbt.ug.edu.pl\/wp-content\/uploads\/2019\/07\/foto-4-300x204.jpg 300w, https:\/\/sbt.ug.edu.pl\/wp-content\/uploads\/2019\/07\/foto-4-150x102.jpg 150w, https:\/\/sbt.ug.edu.pl\/wp-content\/uploads\/2019\/07\/foto-4-305x207.jpg 305w\" sizes=\"(max-width: 589px) 100vw, 589px\" \/><\/p>\n<p>&nbsp;<\/p>\n<p>&nbsp;<\/p>\n<p>&nbsp;<\/p>\n<p>&nbsp;<\/p>\n<p>&nbsp;<\/p>\n<p>&nbsp;<\/p>\n<p>&nbsp;<\/p>\n<p>&nbsp;<\/p>\n<p>&nbsp;<\/p>\n<p>&nbsp;<\/p>\n<p>&nbsp;<\/p>\n<p><a href=\"https:\/\/southbaltic-tourist.eu\/wp-content\/uploads\/2020\/02\/R4.4-Samogitia.png\" data-rel=\"lightbox-gallery-zntNH28A\" data-rl_title=\"\" data-rl_caption=\"\" title=\"\"><img decoding=\"async\" loading=\"lazy\" class=\"alignnone wp-image-5224\" src=\"https:\/\/southbaltic-tourist.eu\/wp-content\/uploads\/2020\/02\/R4.4-Samogitia-300x256.png\" alt=\"\" width=\"469\" height=\"400\" srcset=\"https:\/\/sbt.ug.edu.pl\/wp-content\/uploads\/2020\/02\/R4.4-Samogitia-300x256.png 300w, https:\/\/sbt.ug.edu.pl\/wp-content\/uploads\/2020\/02\/R4.4-Samogitia-1024x874.png 1024w, https:\/\/sbt.ug.edu.pl\/wp-content\/uploads\/2020\/02\/R4.4-Samogitia-768x655.png 768w, https:\/\/sbt.ug.edu.pl\/wp-content\/uploads\/2020\/02\/R4.4-Samogitia-1536x1310.png 1536w, https:\/\/sbt.ug.edu.pl\/wp-content\/uploads\/2020\/02\/R4.4-Samogitia-150x128.png 150w, https:\/\/sbt.ug.edu.pl\/wp-content\/uploads\/2020\/02\/R4.4-Samogitia.png 1600w\" sizes=\"(max-width: 469px) 100vw, 469px\" \/><\/a><\/p>\n<p style=\"text-align: justify;\"><strong>ZWIEDZANIE<\/strong><\/p>\n<p style=\"text-align: justify;\">Wybrane miejsca zwi\u0105zane dawnymi wierzeniami znajduj\u0105 si\u0119 w odleg\u0142o\u015bci oko\u0142o 25 km od Telsze. Jedynie Szy\u0142ele, w kt\u00f3rych znajduje si\u0119 znany, \u015bwi\u0119ty kamie\u0144, zlokalizowane s\u0105 60 km na zach\u00f3d od miasta. Mi\u0119dzy wskazanymi miejscami najlepiej wi\u0119c porusza\u0107 si\u0119 autem. Na \u017cmudzkich terenach przewa\u017caj\u0105 drogi asfaltowe, jedynie mi\u0119dzy niekt\u00f3rymi ma\u0142ymi miejscowo\u015bciami (w szczeg\u00f3lno\u015bci na terenie \u017bmudzkiego Parku Narodowego) spotka\u0107 mo\u017cna drogi \u017cwirowe. W przypadku zwiedzania okolicznych ko\u015bcio\u0142\u00f3w nale\u017cy pami\u0119ta\u0107, \u017ce niekt\u00f3re mog\u0105 by\u0107 niedost\u0119pne dla turyst\u00f3w w dni powszednie. Z kolei w przypadku Kalwarii \u017bmudzkiej najlepiej wybra\u0107 si\u0119 tam na pocz\u0105tku lipca, podczas trwania Wielkiego Odpustu Kalwaryjskiego. W okolicy znajduje si\u0119 r\u00f3wnie\u017c Wzg\u00f3rze \u0160atrija, na kt\u00f3re mo\u017cna z \u0142atwo\u015bci\u0105 dotrze\u0107 pieszo. Powy\u017cej wskazane miejsca mo\u017cna zwiedzi\u0107 w ci\u0105gu jednego dnia b\u0105d\u017a rozplanowa\u0107 atrakcje na dwa dni \u2013 dzie\u0144 1: \u017bmudzki Park Narodowy wraz z Kalwari\u0105 \u017bmudzk\u0105, dzie\u0144 2: Telsze wraz z miejscowo\u015bci\u0105 \u0141ukniki, w kt\u00f3rej znajduje si\u0119 wzg\u00f3rze \u0160atrija.<\/p>\n<p style=\"text-align: justify;\"><strong>ATRAKCJE<\/strong><\/p>\n<p style=\"text-align: justify;\">Telsze jest siedzib\u0105 \u017cmudzkich biskup\u00f3w ju\u017c od 1413 r. Nic wi\u0119c dziwnego, \u017ce w mie\u015bcie znajduje si\u0119 wiele sakralnych obiekt\u00f3w wartych zwiedzania. Jednymi z nich s\u0105 Katedra \u015bw. Antoniego Padewskiego wzniesiona w latach 1762\u20131765 wraz z dawnym klasztorem bernardyn\u00f3w oraz Ko\u015bci\u00f3\u0142 Wniebowzi\u0119cia Naj\u015bwi\u0119tszej Maryi Panny z 1867 roku, kt\u00f3ry pierwotnie stanowi\u0142 cerkiew. Polecane jest r\u00f3wnie\u017c wybranie si\u0119 do Muzeum \u017bmudzi \u201eAlka\u201d, posiadaj\u0105cego bogate zbiory z zakresu historii \u017cmudzkiej ziemi i etnografii. W odleg\u0142o\u015bci 25 km od Telsze znajduje si\u0119 miejscowo\u015b\u0107 \u0141ukniki, kt\u00f3rej charakterystycznym, zabytkowym obiektem jest drewniany ko\u015bci\u00f3\u0142 z 1774 r. Jad\u0105c dalej na po\u0142udnie mo\u017cna wspi\u0105\u0107 si\u0119 na jedno z najwy\u017cszych wzg\u00f3rz \u017bmudzi- \u0160atrija, do dzi\u015b b\u0119d\u0105ce dla ruchu Romuva miejscem kultu litewskiej bogini ognia.\u00a0 Kolejny przystanek warto zrobi\u0107 na terenie \u017bmudzkiego Parku Narodowego w miejscowo\u015bci P\u0142\u00f3tele, aby zwiedzi\u0107 lokalne ko\u015bcio\u0142y oraz wst\u0105pi\u0107 do Ko\u015bcio\u0142a p.w. \u015bw. Biskupa Stanis\u0142awa w Ber\u017eoras. Na p\u00f3\u0142noc od wskazanych miejscowo\u015bci znajduje si\u0119 z kolei Kalwaria \u017bmudzka. Jest to kompleks 20 kaplic Drogi Krzy\u017cowej wraz z barokow\u0105 bazylik\u0105 Nawiedzenia Naj\u015bwi\u0119tszej Maryi Panny.<\/p>\n<p><code><div class=\"rl-gallery-container rl-loading\" id=\"rl-gallery-container-2\" data-gallery_id=\"4581\"> <div class=\"rl-gallery rl-basicgrid-gallery \" id=\"rl-gallery-2\" data-gallery_no=\"2\"> <div class=\"rl-gallery-item\"><a href=\"https:\/\/sbt.ug.edu.pl\/wp-content\/uploads\/2019\/08\/ZKalvarija_P1220162.jpg\" title=\"\" data-rl_title=\"\" class=\"rl-gallery-link\" data-rl_caption=\"\" data-rel=\"lightbox-gallery-2\"><img src=\"https:\/\/sbt.ug.edu.pl\/wp-content\/uploads\/2019\/08\/ZKalvarija_P1220162-768x576.jpg\" width=\"640\" height=\"480\" alt=\"\" \/><\/a><\/div><div class=\"rl-gallery-item\"><a href=\"https:\/\/sbt.ug.edu.pl\/wp-content\/uploads\/2019\/08\/Berzoras_P1220082.jpg\" title=\"\" data-rl_title=\"\" class=\"rl-gallery-link\" data-rl_caption=\"\" data-rel=\"lightbox-gallery-2\"><img src=\"https:\/\/sbt.ug.edu.pl\/wp-content\/uploads\/2019\/08\/Berzoras_P1220082-768x576.jpg\" width=\"640\" height=\"480\" alt=\"\" \/><\/a><\/div><div class=\"rl-gallery-item\"><a href=\"https:\/\/sbt.ug.edu.pl\/wp-content\/uploads\/2019\/08\/Berzoras_P1220092.jpg\" title=\"\" data-rl_title=\"\" class=\"rl-gallery-link\" data-rl_caption=\"\" data-rel=\"lightbox-gallery-2\"><img src=\"https:\/\/sbt.ug.edu.pl\/wp-content\/uploads\/2019\/08\/Berzoras_P1220092-768x576.jpg\" width=\"640\" height=\"480\" alt=\"\" \/><\/a><\/div><div class=\"rl-gallery-item\"><a href=\"https:\/\/sbt.ug.edu.pl\/wp-content\/uploads\/2019\/08\/Louke_P1640793.jpg\" title=\"\" data-rl_title=\"\" class=\"rl-gallery-link\" data-rl_caption=\"\" data-rel=\"lightbox-gallery-2\"><img src=\"https:\/\/sbt.ug.edu.pl\/wp-content\/uploads\/2019\/08\/Louke_P1640793-768x576.jpg\" width=\"640\" height=\"480\" alt=\"\" \/><\/a><\/div><div class=\"rl-gallery-item\"><a href=\"https:\/\/sbt.ug.edu.pl\/wp-content\/uploads\/2019\/08\/Louke_P1640806.jpg\" title=\"\" data-rl_title=\"\" class=\"rl-gallery-link\" data-rl_caption=\"\" data-rel=\"lightbox-gallery-2\"><img src=\"https:\/\/sbt.ug.edu.pl\/wp-content\/uploads\/2019\/08\/Louke_P1640806-768x576.jpg\" width=\"640\" height=\"480\" alt=\"\" \/><\/a><\/div><div class=\"rl-gallery-item\"><a href=\"https:\/\/sbt.ug.edu.pl\/wp-content\/uploads\/2019\/08\/Luoke_P1640691.jpg\" title=\"\" data-rl_title=\"\" class=\"rl-gallery-link\" data-rl_caption=\"\" data-rel=\"lightbox-gallery-2\"><img src=\"https:\/\/sbt.ug.edu.pl\/wp-content\/uploads\/2019\/08\/Luoke_P1640691-768x576.jpg\" width=\"640\" height=\"480\" alt=\"\" \/><\/a><\/div><div class=\"rl-gallery-item\"><a href=\"https:\/\/sbt.ug.edu.pl\/wp-content\/uploads\/2019\/08\/Plateliai_P1220034.jpg\" title=\"\" data-rl_title=\"\" class=\"rl-gallery-link\" data-rl_caption=\"\" data-rel=\"lightbox-gallery-2\"><img src=\"https:\/\/sbt.ug.edu.pl\/wp-content\/uploads\/2019\/08\/Plateliai_P1220034-768x1024.jpg\" width=\"640\" height=\"853\" alt=\"\" \/><\/a><\/div><div class=\"rl-gallery-item\"><a href=\"https:\/\/sbt.ug.edu.pl\/wp-content\/uploads\/2019\/08\/Telsiai_P1640498.jpg\" title=\"\" data-rl_title=\"\" class=\"rl-gallery-link\" data-rl_caption=\"\" data-rel=\"lightbox-gallery-2\"><img src=\"https:\/\/sbt.ug.edu.pl\/wp-content\/uploads\/2019\/08\/Telsiai_P1640498-768x576.jpg\" width=\"640\" height=\"480\" alt=\"\" \/><\/a><\/div><div class=\"rl-gallery-item\"><a href=\"https:\/\/sbt.ug.edu.pl\/wp-content\/uploads\/2019\/08\/Telsiai_P1640524.jpg\" title=\"\" data-rl_title=\"\" class=\"rl-gallery-link\" data-rl_caption=\"\" data-rel=\"lightbox-gallery-2\"><img src=\"https:\/\/sbt.ug.edu.pl\/wp-content\/uploads\/2019\/08\/Telsiai_P1640524-768x1024.jpg\" width=\"640\" height=\"853\" alt=\"\" \/><\/a><\/div><div class=\"rl-gallery-item\"><a href=\"https:\/\/sbt.ug.edu.pl\/wp-content\/uploads\/2019\/08\/Telsiai_P1640580.jpg\" title=\"\" data-rl_title=\"\" class=\"rl-gallery-link\" data-rl_caption=\"\" data-rel=\"lightbox-gallery-2\"><img src=\"https:\/\/sbt.ug.edu.pl\/wp-content\/uploads\/2019\/08\/Telsiai_P1640580-768x1024.jpg\" width=\"640\" height=\"853\" alt=\"\" \/><\/a><\/div> <\/div> <\/div><\/code><\/p>","protected":false},"excerpt":{"rendered":"<p>LOKALIZACJA Miasto Telsze to serce litewskiej \u017bmudzi. Teren obfity jest w jeziora, lasy i malownicze wzg\u00f3rza, kt\u00f3re idealnie wpisuj\u0105 si\u0119 w powszechnie utrwalony wizerunek rolniczego wn\u0119trza Litwy. Rzadko wyst\u0119puj\u0105ce, ma\u0142e, cz\u0119\u015bciowo drewniane wioski, rozleg\u0142e \u0142\u0105ki i pola zapewniaj\u0105 podr\u00f3\u017cuj\u0105cym po \u017bmudzi poczucie wolno\u015bci i spokoju. Niedaleko od miasta znajduje si\u0119 \u017bmudzki Park Narodowy, Kalwaria \u017bmudzka, [&hellip;]<\/p>\n","protected":false},"author":3,"featured_media":0,"parent":482,"menu_order":0,"comment_status":"closed","ping_status":"closed","template":"","meta":[],"categories":[34,27,15],"tags":[],"_links":{"self":[{"href":"https:\/\/sbt.ug.edu.pl\/pl\/wp-json\/wp\/v2\/pages\/1629"}],"collection":[{"href":"https:\/\/sbt.ug.edu.pl\/pl\/wp-json\/wp\/v2\/pages"}],"about":[{"href":"https:\/\/sbt.ug.edu.pl\/pl\/wp-json\/wp\/v2\/types\/page"}],"author":[{"embeddable":true,"href":"https:\/\/sbt.ug.edu.pl\/pl\/wp-json\/wp\/v2\/users\/3"}],"replies":[{"embeddable":true,"href":"https:\/\/sbt.ug.edu.pl\/pl\/wp-json\/wp\/v2\/comments?post=1629"}],"version-history":[{"count":7,"href":"https:\/\/sbt.ug.edu.pl\/pl\/wp-json\/wp\/v2\/pages\/1629\/revisions"}],"predecessor-version":[{"id":5874,"href":"https:\/\/sbt.ug.edu.pl\/pl\/wp-json\/wp\/v2\/pages\/1629\/revisions\/5874"}],"up":[{"embeddable":true,"href":"https:\/\/sbt.ug.edu.pl\/pl\/wp-json\/wp\/v2\/pages\/482"}],"wp:attachment":[{"href":"https:\/\/sbt.ug.edu.pl\/pl\/wp-json\/wp\/v2\/media?parent=1629"}],"wp:term":[{"taxonomy":"category","embeddable":true,"href":"https:\/\/sbt.ug.edu.pl\/pl\/wp-json\/wp\/v2\/categories?post=1629"},{"taxonomy":"post_tag","embeddable":true,"href":"https:\/\/sbt.ug.edu.pl\/pl\/wp-json\/wp\/v2\/tags?post=1629"}],"curies":[{"name":"wp","href":"https:\/\/api.w.org\/{rel}","templated":true}]}}