{"id":1650,"date":"2019-07-10T10:27:34","date_gmt":"2019-07-10T08:27:34","guid":{"rendered":"https:\/\/southbaltic-tourist.eu\/?page_id=1650"},"modified":"2021-07-02T12:56:49","modified_gmt":"2021-07-02T11:56:49","slug":"9-wolin-island-and-trzebiatow-coast","status":"publish","type":"page","link":"https:\/\/sbt.ug.edu.pl\/pl\/routes\/blue-and-green-believes-and-religions-of-the-south-baltic-area\/9-wolin-island-and-trzebiatow-coast\/","title":{"rendered":"9. WYSPA WOLIN I WYBRZE\u017bE TRZEBIATOWSKIE"},"content":{"rendered":"<p><\/p>\n<p style=\"text-align: justify;\"><strong>LOKALIZACJA<\/strong><\/p>\n<p style=\"text-align: justify;\">Wysp\u0119 Wolin i Wybrze\u017ce Trzebiatowskie dzieli Dziwna &#8211; jedna z trzech cie\u015bnin \u0142\u0105cz\u0105cych Zalew Szczeci\u0144ski z Morzem Ba\u0142tyckim. To historyczne centrum dawnego Pomorza Zachodniego. Miejsce, w kt\u00f3rym ukszta\u0142towa\u0142a si\u0119 pomorska pa\u0144stwowo\u015b\u0107 i kultura. Trasa prowadzi od osady Jomsborg za\u0142o\u017conej przez Wiking\u00f3w w dzisiejszym Wolinie, przez stolic\u0119 biskup\u00f3w w Kamieniu Pomorskim a\u017c do Zakonu Norbertanek w Trzebiatowie, gdzie w 1534 r. pa\u0144stwo Gryfit\u00f3w postanowi\u0142o przyj\u0105\u0107 protestantyzm. G\u0142\u00f3wnym miastem regionu jest Kamie\u0144 Pomorski, jego po\u0142o\u017cenie geograficzne: 53\u00b058\u2032N 14\u00b046\u2032E.<\/p>\n<p><img decoding=\"async\" loading=\"lazy\" class=\"alignleft wp-image-1651\" src=\"https:\/\/southbaltic-tourist.eu\/wp-content\/uploads\/2019\/07\/9.jpg\" alt=\"\" width=\"649\" height=\"400\" srcset=\"https:\/\/sbt.ug.edu.pl\/wp-content\/uploads\/2019\/07\/9.jpg 755w, https:\/\/sbt.ug.edu.pl\/wp-content\/uploads\/2019\/07\/9-300x185.jpg 300w, https:\/\/sbt.ug.edu.pl\/wp-content\/uploads\/2019\/07\/9-150x92.jpg 150w\" sizes=\"(max-width: 649px) 100vw, 649px\" \/><\/p>\n<p>&nbsp;<\/p>\n<p>&nbsp;<\/p>\n<p>&nbsp;<\/p>\n<p>&nbsp;<\/p>\n<p>&nbsp;<\/p>\n<p>&nbsp;<\/p>\n<p>&nbsp;<\/p>\n<p>&nbsp;<\/p>\n<p>&nbsp;<\/p>\n<p>&nbsp;<\/p>\n<p>&nbsp;<\/p>\n<p><a href=\"https:\/\/southbaltic-tourist.eu\/wp-content\/uploads\/2020\/02\/R4.09-Wolin-Trzebiat\u00f3w.png\" data-rel=\"lightbox-gallery-IW6HJ3fm\" data-rl_title=\"\" data-rl_caption=\"\" title=\"\"><img decoding=\"async\" loading=\"lazy\" class=\"alignnone wp-image-5239\" src=\"https:\/\/southbaltic-tourist.eu\/wp-content\/uploads\/2020\/02\/R4.09-Wolin-Trzebiat\u00f3w-300x256.png\" alt=\"\" width=\"469\" height=\"400\" srcset=\"https:\/\/sbt.ug.edu.pl\/wp-content\/uploads\/2020\/02\/R4.09-Wolin-Trzebiat\u00f3w-300x256.png 300w, https:\/\/sbt.ug.edu.pl\/wp-content\/uploads\/2020\/02\/R4.09-Wolin-Trzebiat\u00f3w-1024x874.png 1024w, https:\/\/sbt.ug.edu.pl\/wp-content\/uploads\/2020\/02\/R4.09-Wolin-Trzebiat\u00f3w-768x655.png 768w, https:\/\/sbt.ug.edu.pl\/wp-content\/uploads\/2020\/02\/R4.09-Wolin-Trzebiat\u00f3w-1536x1310.png 1536w, https:\/\/sbt.ug.edu.pl\/wp-content\/uploads\/2020\/02\/R4.09-Wolin-Trzebiat\u00f3w-150x128.png 150w, https:\/\/sbt.ug.edu.pl\/wp-content\/uploads\/2020\/02\/R4.09-Wolin-Trzebiat\u00f3w.png 1600w\" sizes=\"(max-width: 469px) 100vw, 469px\" \/><\/a><\/p>\n<p style=\"text-align: justify;\"><strong>ZWIEDZANIE<\/strong><\/p>\n<p style=\"text-align: justify;\">Wybrane atrakcje znajduj\u0105 si\u0119 w odleg\u0142o\u015bci 40 km od Kamienia Pomorskiego, na wybrze\u017cu mi\u0119dzy Trzebiatowem a Wolinem. Najlepszym \u015brodkiem transportu podczas zwiedzania tej cz\u0119\u015bci trasy b\u0119dzie samoch\u00f3d b\u0105d\u017a rower. Budynki sakralne w Kamieniu Pomorskim i Trzebiatowie, takie jak katedry i ko\u015bcio\u0142y, s\u0105 zazwyczaj dost\u0119pne w ci\u0105gu dnia (w przypadku katedry w Kamieniu Pomorskim wst\u0119p jest p\u0142atny). Z kolei ruiny ko\u015bcio\u0142\u00f3w w Trz\u0119saczu i Trzebiatowie oraz cmentarz na Wolinie s\u0105 udost\u0119pniane dla zwiedzaj\u0105cych przez ca\u0142\u0105 dob\u0119. Warto odwiedzi\u0107 tak\u017ce lokalne muzea. Najbardziej znana w okolicy atrakcja &#8211; Wie\u015b Wiking\u00f3w w Wolinie jest czynna od kwietnia do pa\u017adziernika.<\/p>\n<p style=\"text-align: justify;\"><strong>ATRAKCJE<\/strong><\/p>\n<p style=\"text-align: justify;\">Kamie\u0144 Pomorski b\u0119d\u0105cy uzdrowiskiem i dawn\u0105 siedzib\u0105 biskup\u00f3w pomorskich, znany jest przede wszystkim z imponuj\u0105cej, gotyckiej Konkatedry \u015bw. Jana Chrzciciela, w kt\u00f3rej mie\u015bci si\u0119 niewielkie muzeum. Ponadto na wzg\u00f3rzu zwanym \u017balnikiem znajduje si\u0119 tak\u017ce XV-wieczny ko\u015bci\u00f3\u0142 \u015bw. Miko\u0142aja. Miejscowo\u015b\u0107 sw\u0105 nazw\u0119 zawdzi\u0119cza rzekomo legendarnemu G\u0142azowi Kr\u00f3lewskiemu, zlokalizowanemu w Buniewicach, w pobli\u017cu p\u00f3\u0142nocnego brzegu wyspy Chrz\u0105szczewskiej. Kolejnym miejscem wartym uwagi jest Wolin &#8211; \u015bredniowieczny punkt handlowy Jomsborg, kt\u00f3ry wsp\u00f3\u0142cze\u015bnie jest ma\u0142ym miasteczkiem, popularyzuj\u0105cym sw\u0105 histori\u0119 w unikalnym Skansenie S\u0142owian i Wiking\u00f3w. W centrum skansenu znajduje si\u0119 kamie\u0144 runiczny upami\u0119tniaj\u0105cy miejsce \u015bmierci Haralda Bluetootha. Z kolei w pobli\u017cu miasteczka wznosi si\u0119 Wzg\u00f3rze Wisielc\u00f3w z pomnikiem Tryg\u0142awa i rozleg\u0142ym cmentarzem kurhanowym z IX-XII wieku. Warto odwiedzi\u0107 r\u00f3wnie\u017c wiosk\u0119 Trz\u0119sacz, w kt\u00f3rej znajduj\u0105 si\u0119 ruiny gotyckiego ko\u015bcio\u0142a, cz\u0119\u015bciowo poch\u0142oni\u0119tego ju\u017c przez morze. Wysoki klif i panoramiczny taras pozwalaj\u0105 zobaczy\u0107 pozosta\u0142o\u015bci \u015bwi\u0105tyni i tzw. Toni Umar\u0142ych, dawnego cmentarza. Wi\u0119cej o historii ko\u015bcio\u0142a mo\u017cna dowiedzie\u0107 si\u0119 w miejscowym muzeum. W okolicy znajduje si\u0119 r\u00f3wnie\u017c Trzebiat\u00f3w, jedno z niewielu miast Pomorza, kt\u00f3re nie zosta\u0142y zniszczone w 1945 roku. Tu\u017c nad miastem widoczny jest Ko\u015bci\u00f3\u0142 Macierzy\u0144stwa Naj\u015bwi\u0119tszej Marii Panny, b\u0119d\u0105cy najwy\u017cszym ko\u015bcio\u0142em na Pomorzu. Niedaleko dworca, nad rzek\u0105 Reg\u0105 znajduje si\u0119 wzniesienie, na kt\u00f3rym zlokalizowany by\u0142 niegdy\u015b klasztor si\u00f3str norbertanek (Trzebiat\u00f3w-Wyszkowo).<\/p>\n<p><code><div class=\"rl-gallery-container rl-loading\" id=\"rl-gallery-container-2\" data-gallery_id=\"4585\"> <div class=\"rl-gallery rl-basicgrid-gallery \" id=\"rl-gallery-2\" data-gallery_no=\"2\"> <div class=\"rl-gallery-item\"><a href=\"https:\/\/sbt.ug.edu.pl\/wp-content\/uploads\/2019\/08\/Buniewice_P1260353-e1566298610984.jpg\" title=\"Great Stone and Lagoon of Kamie\u0144; author: Jaros\u0142aw Ellwart \/ Wydawnictwo REGION \/ BHR\" data-rl_title=\"Great Stone and Lagoon of Kamie\u0144; author: Jaros\u0142aw Ellwart \/ Wydawnictwo REGION \/ BHR\" class=\"rl-gallery-link\" data-rl_caption=\"\" data-rel=\"lightbox-gallery-2\"><img src=\"https:\/\/sbt.ug.edu.pl\/wp-content\/uploads\/2019\/08\/Buniewice_P1260353-e1566298610984-768x1024.jpg\" width=\"640\" height=\"853\" alt=\"\" \/><\/a><\/div><div class=\"rl-gallery-item\"><a href=\"https:\/\/sbt.ug.edu.pl\/wp-content\/uploads\/2019\/08\/Cerkwica_P1420974.jpg\" title=\"St. Ottons Well - the place of the Baptism of the Pomeranians; author: Jaros\u0142aw Ellwart \/ Wydawnictwo REGION \/ BHR\" data-rl_title=\"St. Ottons Well - the place of the Baptism of the Pomeranians; author: Jaros\u0142aw Ellwart \/ Wydawnictwo REGION \/ BHR\" class=\"rl-gallery-link\" data-rl_caption=\"\" data-rel=\"lightbox-gallery-2\"><img src=\"https:\/\/sbt.ug.edu.pl\/wp-content\/uploads\/2019\/08\/Cerkwica_P1420974-768x576.jpg\" width=\"640\" height=\"480\" alt=\"\" \/><\/a><\/div><div class=\"rl-gallery-item\"><a href=\"https:\/\/sbt.ug.edu.pl\/wp-content\/uploads\/2019\/08\/Cerkwica_P1430009.jpg\" title=\"Gothic church in Cerekwica; author: Jaros\u0142aw Ellwart \/ Wydawnictwo REGION \/ BHR\" data-rl_title=\"Gothic church in Cerekwica; author: Jaros\u0142aw Ellwart \/ Wydawnictwo REGION \/ BHR\" class=\"rl-gallery-link\" data-rl_caption=\"\" data-rel=\"lightbox-gallery-2\"><img src=\"https:\/\/sbt.ug.edu.pl\/wp-content\/uploads\/2019\/08\/Cerkwica_P1430009-768x576.jpg\" width=\"640\" height=\"480\" alt=\"\" \/><\/a><\/div><div class=\"rl-gallery-item\"><a href=\"https:\/\/sbt.ug.edu.pl\/wp-content\/uploads\/2019\/08\/Kamien_P1430078.jpg\" title=\"Ceramic facade ornaments of the cathedral; author: Jaros\u0142aw Ellwart \/ Wydawnictwo REGION \/ BHR\" data-rl_title=\"Ceramic facade ornaments of the cathedral; author: Jaros\u0142aw Ellwart \/ Wydawnictwo REGION \/ BHR\" class=\"rl-gallery-link\" data-rl_caption=\"\" data-rel=\"lightbox-gallery-2\"><img src=\"https:\/\/sbt.ug.edu.pl\/wp-content\/uploads\/2019\/08\/Kamien_P1430078-768x576.jpg\" width=\"640\" height=\"480\" alt=\"\" \/><\/a><\/div><div class=\"rl-gallery-item\"><a href=\"https:\/\/sbt.ug.edu.pl\/wp-content\/uploads\/2019\/08\/Kamien_P1430134-e1566298716901.jpg\" title=\"An exhibition in the cloisters of the cathedral church; author: Jaros\u0142aw Ellwart \/ Wydawnictwo REGION \/ BHR\" data-rl_title=\"An exhibition in the cloisters of the cathedral church; author: Jaros\u0142aw Ellwart \/ Wydawnictwo REGION \/ BHR\" class=\"rl-gallery-link\" data-rl_caption=\"\" data-rel=\"lightbox-gallery-2\"><img src=\"https:\/\/sbt.ug.edu.pl\/wp-content\/uploads\/2019\/08\/Kamien_P1430134-e1566298716901-768x1024.jpg\" width=\"640\" height=\"853\" alt=\"\" \/><\/a><\/div><div class=\"rl-gallery-item\"><a href=\"https:\/\/sbt.ug.edu.pl\/wp-content\/uploads\/2019\/08\/Kamie\u0144_P1260420.jpg\" title=\"Cathedral in Kamie\u0144 Pomorski from the west side; author: Jaros\u0142aw Ellwart \/ Wydawnictwo REGION \/ BHR\" data-rl_title=\"Cathedral in Kamie\u0144 Pomorski from the west side; author: Jaros\u0142aw Ellwart \/ Wydawnictwo REGION \/ BHR\" class=\"rl-gallery-link\" data-rl_caption=\"\" data-rel=\"lightbox-gallery-2\"><img src=\"https:\/\/sbt.ug.edu.pl\/wp-content\/uploads\/2019\/08\/Kamie\u0144_P1260420-768x576.jpg\" width=\"640\" height=\"480\" alt=\"\" \/><\/a><\/div><div class=\"rl-gallery-item\"><a href=\"https:\/\/sbt.ug.edu.pl\/wp-content\/uploads\/2019\/08\/Trzebiatow_P1420911-e1566298745583.jpg\" title=\"St. Mary&#039;s Church in Trzebiat\u00f3w; author: Jaros\u0142aw Ellwart \/ Wydawnictwo REGION \/ BHR\" data-rl_title=\"St. Mary&#039;s Church in Trzebiat\u00f3w; author: Jaros\u0142aw Ellwart \/ Wydawnictwo REGION \/ BHR\" class=\"rl-gallery-link\" data-rl_caption=\"\" data-rel=\"lightbox-gallery-2\"><img src=\"https:\/\/sbt.ug.edu.pl\/wp-content\/uploads\/2019\/08\/Trzebiatow_P1420911-e1566298745583-768x1024.jpg\" width=\"640\" height=\"853\" alt=\"\" \/><\/a><\/div><div class=\"rl-gallery-item\"><a href=\"https:\/\/sbt.ug.edu.pl\/wp-content\/uploads\/2019\/08\/Trzebiatow_P1420930-e1566299028786.jpg\" title=\"Presbytery of the church of St. Mary; author: Jaros\u0142aw Ellwart \/ Wydawnictwo REGION \/ BHR\" data-rl_title=\"Presbytery of the church of St. Mary; author: Jaros\u0142aw Ellwart \/ Wydawnictwo REGION \/ BHR\" class=\"rl-gallery-link\" data-rl_caption=\"\" data-rel=\"lightbox-gallery-2\"><img src=\"https:\/\/sbt.ug.edu.pl\/wp-content\/uploads\/2019\/08\/Trzebiatow_P1420930-e1566299028786-768x1024.jpg\" width=\"640\" height=\"853\" alt=\"\" \/><\/a><\/div><div class=\"rl-gallery-item\"><a href=\"https:\/\/sbt.ug.edu.pl\/wp-content\/uploads\/2019\/08\/Trzesacz_P1260471.jpg\" title=\"Ruins of the church in Trz\u0119sacz from the observation deck over the beach; author: Jaros\u0142aw Ellwart \/ Wydawnictwo REGION \/ BHR\" data-rl_title=\"Ruins of the church in Trz\u0119sacz from the observation deck over the beach; author: Jaros\u0142aw Ellwart \/ Wydawnictwo REGION \/ BHR\" class=\"rl-gallery-link\" data-rl_caption=\"\" data-rel=\"lightbox-gallery-2\"><img src=\"https:\/\/sbt.ug.edu.pl\/wp-content\/uploads\/2019\/08\/Trzesacz_P1260471-768x576.jpg\" width=\"640\" height=\"480\" alt=\"\" \/><\/a><\/div><div class=\"rl-gallery-item\"><a href=\"https:\/\/sbt.ug.edu.pl\/wp-content\/uploads\/2019\/08\/Trzesacz_P1260497.jpg\" title=\"Ruins of the church in Trz\u0119sacz; author: Jaros\u0142aw Ellwart \/ Wydawnictwo REGION \/ BHR\" data-rl_title=\"Ruins of the church in Trz\u0119sacz; author: Jaros\u0142aw Ellwart \/ Wydawnictwo REGION \/ BHR\" class=\"rl-gallery-link\" data-rl_caption=\"\" data-rel=\"lightbox-gallery-2\"><img src=\"https:\/\/sbt.ug.edu.pl\/wp-content\/uploads\/2019\/08\/Trzesacz_P1260497-768x576.jpg\" width=\"640\" height=\"480\" alt=\"\" \/><\/a><\/div><div class=\"rl-gallery-item\"><a href=\"https:\/\/sbt.ug.edu.pl\/wp-content\/uploads\/2019\/08\/Wolin_P1160901.jpg\" title=\"Burial Graveyard on the Hill of the Hanged Men in Wolin; author: Jaros\u0142aw Ellwart \/ Wydawnictwo REGION \/ BHR\" data-rl_title=\"Burial Graveyard on the Hill of the Hanged Men in Wolin; author: Jaros\u0142aw Ellwart \/ Wydawnictwo REGION \/ BHR\" class=\"rl-gallery-link\" data-rl_caption=\"\" data-rel=\"lightbox-gallery-2\"><img src=\"https:\/\/sbt.ug.edu.pl\/wp-content\/uploads\/2019\/08\/Wolin_P1160901-768x576.jpg\" width=\"640\" height=\"480\" alt=\"\" \/><\/a><\/div><div class=\"rl-gallery-item\"><a href=\"https:\/\/sbt.ug.edu.pl\/wp-content\/uploads\/2019\/08\/Wolin_P1160938-e1566299112896.jpg\" title=\"The contemporary figure of the god Triglav; author: Jaros\u0142aw Ellwart \/ Wydawnictwo REGION \/ BHR\" data-rl_title=\"The contemporary figure of the god Triglav; author: Jaros\u0142aw Ellwart \/ Wydawnictwo REGION \/ BHR\" class=\"rl-gallery-link\" data-rl_caption=\"\" data-rel=\"lightbox-gallery-2\"><img src=\"https:\/\/sbt.ug.edu.pl\/wp-content\/uploads\/2019\/08\/Wolin_P1160938-e1566299112896-768x1024.jpg\" width=\"640\" height=\"853\" alt=\"\" \/><\/a><\/div><div class=\"rl-gallery-item\"><a href=\"https:\/\/sbt.ug.edu.pl\/wp-content\/uploads\/2019\/08\/Wolin_P1260173.jpg\" title=\"The Vikings runic stone in Wolin; author: Jaros\u0142aw Ellwart \/ Wydawnictwo REGION \/ BHR\" data-rl_title=\"The Vikings runic stone in Wolin; author: Jaros\u0142aw Ellwart \/ Wydawnictwo REGION \/ BHR\" class=\"rl-gallery-link\" data-rl_caption=\"\" data-rel=\"lightbox-gallery-2\"><img src=\"https:\/\/sbt.ug.edu.pl\/wp-content\/uploads\/2019\/08\/Wolin_P1260173-768x576.jpg\" width=\"640\" height=\"480\" alt=\"\" \/><\/a><\/div><div class=\"rl-gallery-item\"><a href=\"https:\/\/sbt.ug.edu.pl\/wp-content\/uploads\/2019\/08\/Wolin_P1260230.jpg\" title=\"Reconstruction of the temple of the Slavic god Svantevit; author: Jaros\u0142aw Ellwart \/ Wydawnictwo REGION \/ BHR\" data-rl_title=\"Reconstruction of the temple of the Slavic god Svantevit; author: Jaros\u0142aw Ellwart \/ Wydawnictwo REGION \/ BHR\" class=\"rl-gallery-link\" data-rl_caption=\"\" data-rel=\"lightbox-gallery-2\"><img src=\"https:\/\/sbt.ug.edu.pl\/wp-content\/uploads\/2019\/08\/Wolin_P1260230-768x576.jpg\" width=\"640\" height=\"480\" alt=\"\" \/><\/a><\/div><div class=\"rl-gallery-item\"><a href=\"https:\/\/sbt.ug.edu.pl\/wp-content\/uploads\/2019\/08\/Wyszkow_IMG_5887.jpg\" title=\"Ruins of the church of the Marienbusch monasteryin Trzebiat\u00f3w ; author: Jaros\u0142aw Ellwart \/ Wydawnictwo REGION \/ BHR\" data-rl_title=\"Ruins of the church of the Marienbusch monasteryin Trzebiat\u00f3w ; author: Jaros\u0142aw Ellwart \/ Wydawnictwo REGION \/ BHR\" class=\"rl-gallery-link\" data-rl_caption=\"\" data-rel=\"lightbox-gallery-2\"><img src=\"https:\/\/sbt.ug.edu.pl\/wp-content\/uploads\/2019\/08\/Wyszkow_IMG_5887-768x512.jpg\" width=\"640\" height=\"427\" alt=\"\" \/><\/a><\/div> <\/div> <\/div><\/code><\/p>","protected":false},"excerpt":{"rendered":"<p>LOKALIZACJA Wysp\u0119 Wolin i Wybrze\u017ce Trzebiatowskie dzieli Dziwna &#8211; jedna z trzech cie\u015bnin \u0142\u0105cz\u0105cych Zalew Szczeci\u0144ski z Morzem Ba\u0142tyckim. To historyczne centrum dawnego Pomorza Zachodniego. Miejsce, w kt\u00f3rym ukszta\u0142towa\u0142a si\u0119 pomorska pa\u0144stwowo\u015b\u0107 i kultura. Trasa prowadzi od osady Jomsborg za\u0142o\u017conej przez Wiking\u00f3w w dzisiejszym Wolinie, przez stolic\u0119 biskup\u00f3w w Kamieniu Pomorskim a\u017c do Zakonu Norbertanek [&hellip;]<\/p>\n","protected":false},"author":3,"featured_media":0,"parent":482,"menu_order":0,"comment_status":"closed","ping_status":"closed","template":"","meta":[],"categories":[34,27,15],"tags":[],"_links":{"self":[{"href":"https:\/\/sbt.ug.edu.pl\/pl\/wp-json\/wp\/v2\/pages\/1650"}],"collection":[{"href":"https:\/\/sbt.ug.edu.pl\/pl\/wp-json\/wp\/v2\/pages"}],"about":[{"href":"https:\/\/sbt.ug.edu.pl\/pl\/wp-json\/wp\/v2\/types\/page"}],"author":[{"embeddable":true,"href":"https:\/\/sbt.ug.edu.pl\/pl\/wp-json\/wp\/v2\/users\/3"}],"replies":[{"embeddable":true,"href":"https:\/\/sbt.ug.edu.pl\/pl\/wp-json\/wp\/v2\/comments?post=1650"}],"version-history":[{"count":7,"href":"https:\/\/sbt.ug.edu.pl\/pl\/wp-json\/wp\/v2\/pages\/1650\/revisions"}],"predecessor-version":[{"id":5879,"href":"https:\/\/sbt.ug.edu.pl\/pl\/wp-json\/wp\/v2\/pages\/1650\/revisions\/5879"}],"up":[{"embeddable":true,"href":"https:\/\/sbt.ug.edu.pl\/pl\/wp-json\/wp\/v2\/pages\/482"}],"wp:attachment":[{"href":"https:\/\/sbt.ug.edu.pl\/pl\/wp-json\/wp\/v2\/media?parent=1650"}],"wp:term":[{"taxonomy":"category","embeddable":true,"href":"https:\/\/sbt.ug.edu.pl\/pl\/wp-json\/wp\/v2\/categories?post=1650"},{"taxonomy":"post_tag","embeddable":true,"href":"https:\/\/sbt.ug.edu.pl\/pl\/wp-json\/wp\/v2\/tags?post=1650"}],"curies":[{"name":"wp","href":"https:\/\/api.w.org\/{rel}","templated":true}]}}