{"id":1730,"date":"2019-07-10T11:48:57","date_gmt":"2019-07-10T09:48:57","guid":{"rendered":"https:\/\/southbaltic-tourist.eu\/?page_id=1730"},"modified":"2019-08-17T17:36:43","modified_gmt":"2019-08-17T15:36:43","slug":"12-leba-dunes-np-nature-sightseeing","status":"publish","type":"page","link":"https:\/\/sbt.ug.edu.pl\/pl\/routes\/south-baltic-scenic-coastal-road\/12-leba-dunes-np-nature-sightseeing\/","title":{"rendered":"(English) 12. \u0141EBA DUNES NP NATURE SIGHTSEEING"},"content":{"rendered":"<p class=\"qtranxs-available-languages-message qtranxs-available-languages-message-pl\">Przepraszamy, ten wpis jest dost\u0119pny tylko w j\u0119zyku <a href=\"https:\/\/sbt.ug.edu.pl\/en\/wp-json\/wp\/v2\/pages\/1730\" class=\"qtranxs-available-language-link qtranxs-available-language-link-en\" title=\"English\">Ameryka\u0144ski Angielski<\/a>. For the sake of viewer convenience, the content is shown below in the alternative language. You may click the link to switch the active language.<\/p><p><\/p>\n<p lang=\"pl-PL\" style=\"text-align: justify;\"><span style=\"font-family: Segoe UI, serif;\"><span style=\"font-size: medium;\"><b>LOCATION<\/b><\/span><\/span><\/p>\n<p lang=\"pl-PL\" style=\"text-align: justify;\" align=\"JUSTIFY\"><span style=\"font-family: georgia, palatino, serif;\"><span style=\"font-size: medium;\">\u0141eba Town is located 110 km north-west from Gdansk in Pomerania, Poland. S\u0142owi\u0144ski National Park (\u0141eba Dunes) is located west to \u0141eba town, the park headquarters are located in Smo\u0142dzino Village south-west to \u0141eba. The main entrance to the park is in R\u0105bka which is a part of \u0141eba town. \u0141eba can be accessed by public transport (rail and buses) and by roads. Regional and distance trains go through Tricity to L\u0119bork and end in \u0141eba rail station. The Gdansk area is accessible by two ferry connections to Sweden: Karlskrona-Gdynia and Nyneshamn \u2013 Gda\u0144sk. Gda\u0144sk has got an international airport. \u0141eba town geographical location is 54\u00b045\u2032N\u00a017\u00b033\u2032E.<\/span><\/span><\/p>\n<p lang=\"pl-PL\" style=\"text-align: justify;\" align=\"JUSTIFY\"><img decoding=\"async\" loading=\"lazy\" class=\"alignnone wp-image-1731 size-full\" src=\"https:\/\/southbaltic-tourist.eu\/wp-content\/uploads\/2019\/07\/12-1.jpg\" alt=\"\" width=\"800\" height=\"533\" srcset=\"https:\/\/sbt.ug.edu.pl\/wp-content\/uploads\/2019\/07\/12-1.jpg 800w, https:\/\/sbt.ug.edu.pl\/wp-content\/uploads\/2019\/07\/12-1-300x200.jpg 300w, https:\/\/sbt.ug.edu.pl\/wp-content\/uploads\/2019\/07\/12-1-768x512.jpg 768w, https:\/\/sbt.ug.edu.pl\/wp-content\/uploads\/2019\/07\/12-1-150x100.jpg 150w\" sizes=\"(max-width: 800px) 100vw, 800px\" \/>\u00a0 \u00a0 \u00a0 \u00a0 \u00a0 \u00a0 \u00a0 \u00a0 \u00a0 \u00a0 \u00a0 \u00a0 \u00a0 \u00a0 \u00a0 \u00a0 \u00a0 \u00a0 \u00a0 \u00a0 <img decoding=\"async\" loading=\"lazy\" class=\"alignnone wp-image-1732 \" style=\"text-align: justify;\" src=\"https:\/\/southbaltic-tourist.eu\/wp-content\/uploads\/2019\/07\/m12.jpg\" alt=\"\" width=\"811\" height=\"444\" srcset=\"https:\/\/sbt.ug.edu.pl\/wp-content\/uploads\/2019\/07\/m12.jpg 1100w, https:\/\/sbt.ug.edu.pl\/wp-content\/uploads\/2019\/07\/m12-300x164.jpg 300w, https:\/\/sbt.ug.edu.pl\/wp-content\/uploads\/2019\/07\/m12-768x420.jpg 768w, https:\/\/sbt.ug.edu.pl\/wp-content\/uploads\/2019\/07\/m12-1024x560.jpg 1024w, https:\/\/sbt.ug.edu.pl\/wp-content\/uploads\/2019\/07\/m12-150x82.jpg 150w\" sizes=\"(max-width: 811px) 100vw, 811px\" \/><\/p>\n<p lang=\"pl-PL\" style=\"text-align: justify;\"><span style=\"font-size: medium;\"><b>SIGHTSEEING \u0141EBA DUNES IN S\u0141OWI\u0143SKI NP<\/b><\/span><\/p>\n<p lang=\"pl-PL\" style=\"text-align: justify;\" align=\"JUSTIFY\"><span style=\"font-size: medium; font-family: georgia, palatino, serif;\">Climbing the dune \u0141\u0105cka G\u00f3ra 42 m tall, in the National Park is a must. No wooden pavement, you go in the sand. However the park offers much more attractions and activities. There is one biking route going trough the park, 6 hiking trails, two kayak routes go through the park, amateur fishing is allowed in four catching areas both from the coast and from the boat. Besides, boating is allowed only in narrow designated areas of lakes. There are six sightseeing towers, also six sightseeing piers on the lakes. There are two museums which belong to the park: one natural and one ethnographic. The park employees provide field educational services for individual and group tourists for moderate fees. NP web page is only in Polish. <\/span><\/p>\n<p lang=\"pl-PL\" style=\"text-align: justify;\" align=\"JUSTIFY\"><span style=\"font-size: medium; font-family: georgia, palatino, serif;\"><b>ATTRACTIONS <\/b><\/span><\/p>\n<p lang=\"pl-PL\" style=\"text-align: justify;\" align=\"JUSTIFY\"><span style=\"font-size: medium; font-family: georgia, palatino, serif;\">\u0141eba Region is considered as rich with attractions and a tourist is not forced to leave the place to have the change. South to the \u0141eba in Smo\u0142dzino and villages around are the regional attractions associated to local ethnic group S\u0142owi\u0144cy, which remained historical buildings of their typical farming and fishery occupations (Kluki ethnographic museum). In the NP, in place called R\u0105bka there is a military museum of the launching center of V1 and V2 missiles from WW2. Nearby L\u0119bork is famous from its historical churches and old town. <\/span><\/p>\n<p lang=\"pl-PL\" align=\"JUSTIFY\">\n<p> <\/p>","protected":false},"excerpt":{"rendered":"<p>Przepraszamy, ten wpis jest dost\u0119pny tylko w j\u0119zyku Ameryka\u0144ski Angielski. For the sake of viewer convenience, the content is shown below in the alternative language. You may click the link to switch the active language. LOCATION \u0141eba Town is located 110 km north-west from Gdansk in Pomerania, Poland. S\u0142owi\u0144ski National Park (\u0141eba Dunes) is located [&hellip;]<\/p>\n","protected":false},"author":3,"featured_media":0,"parent":484,"menu_order":0,"comment_status":"closed","ping_status":"closed","template":"","meta":[],"categories":[34,15,28],"tags":[],"_links":{"self":[{"href":"https:\/\/sbt.ug.edu.pl\/pl\/wp-json\/wp\/v2\/pages\/1730"}],"collection":[{"href":"https:\/\/sbt.ug.edu.pl\/pl\/wp-json\/wp\/v2\/pages"}],"about":[{"href":"https:\/\/sbt.ug.edu.pl\/pl\/wp-json\/wp\/v2\/types\/page"}],"author":[{"embeddable":true,"href":"https:\/\/sbt.ug.edu.pl\/pl\/wp-json\/wp\/v2\/users\/3"}],"replies":[{"embeddable":true,"href":"https:\/\/sbt.ug.edu.pl\/pl\/wp-json\/wp\/v2\/comments?post=1730"}],"version-history":[{"count":7,"href":"https:\/\/sbt.ug.edu.pl\/pl\/wp-json\/wp\/v2\/pages\/1730\/revisions"}],"predecessor-version":[{"id":4467,"href":"https:\/\/sbt.ug.edu.pl\/pl\/wp-json\/wp\/v2\/pages\/1730\/revisions\/4467"}],"up":[{"embeddable":true,"href":"https:\/\/sbt.ug.edu.pl\/pl\/wp-json\/wp\/v2\/pages\/484"}],"wp:attachment":[{"href":"https:\/\/sbt.ug.edu.pl\/pl\/wp-json\/wp\/v2\/media?parent=1730"}],"wp:term":[{"taxonomy":"category","embeddable":true,"href":"https:\/\/sbt.ug.edu.pl\/pl\/wp-json\/wp\/v2\/categories?post=1730"},{"taxonomy":"post_tag","embeddable":true,"href":"https:\/\/sbt.ug.edu.pl\/pl\/wp-json\/wp\/v2\/tags?post=1730"}],"curies":[{"name":"wp","href":"https:\/\/api.w.org\/{rel}","templated":true}]}}