{"id":1826,"date":"2019-07-10T13:05:52","date_gmt":"2019-07-10T11:05:52","guid":{"rendered":"https:\/\/southbaltic-tourist.eu\/?page_id=1826"},"modified":"2021-07-02T12:19:15","modified_gmt":"2021-07-02T11:19:15","slug":"3-biking-route-palanga-klaipeda","status":"publish","type":"page","link":"https:\/\/sbt.ug.edu.pl\/pl\/routes\/national-parks-exploration\/3-biking-route-palanga-klaipeda\/","title":{"rendered":"3. TRASA ROWEROWA PALANGA-K\u0141AJPEDA"},"content":{"rendered":"<p><\/p>\n<h2 style=\"text-align: justify;\">LOKALIZACJA<\/h2>\n<p style=\"text-align: justify;\">Palanga znajduje si\u0119 w p\u00f3\u0142nocnej cz\u0119\u015bci litewskiego wybrze\u017ca Ba\u0142tyku, 320 km od Wilna, 280 km od Rygi i 170 km od Kaliningradu. Trasa z Palangi do K\u0142ajpedy ma nieca\u0142e 30 km i prowadzi wzd\u0142u\u017c wybrze\u017ca. Droga z Gda\u0144ska do Palangi okr\u0105\u017caj\u0105ca Obw\u00f3d Kaliningradzki ma 620 km d\u0142ugo\u015bci, ale najkr\u00f3tsza droga mi\u0119dzy tymi miastami ma zaledwie 330 km (obejmuje podr\u00f3\u017c promem na Mierzej\u0119 Kuro\u0144sk\u0105 i 2 przej\u015bcia graniczne poza Uni\u0105 Europejsk\u0105). K\u0142ajpeda ma dwa najpopularniejsze po\u0142\u0105czenia promowe: Kilonia \u2013 K\u0142ajpeda (z Niemiec) i Karlshamn \u2013 K\u0142ajpeda (ze Szwecji). Palanga ma te\u017c w\u0142asne regionalne lotnisko. Po\u0142o\u017cenie geograficzne Palangi to: 55 \u00b0 55\u2032N 21 \u00b0 04\u2032E.<\/p>\n<p><img decoding=\"async\" loading=\"lazy\" class=\"alignnone wp-image-1827 size-full\" src=\"https:\/\/southbaltic-tourist.eu\/wp-content\/uploads\/2019\/07\/3-2.jpg\" alt=\"\" width=\"1002\" height=\"564\" srcset=\"https:\/\/sbt.ug.edu.pl\/wp-content\/uploads\/2019\/07\/3-2.jpg 1002w, https:\/\/sbt.ug.edu.pl\/wp-content\/uploads\/2019\/07\/3-2-300x169.jpg 300w, https:\/\/sbt.ug.edu.pl\/wp-content\/uploads\/2019\/07\/3-2-768x432.jpg 768w, https:\/\/sbt.ug.edu.pl\/wp-content\/uploads\/2019\/07\/3-2-150x84.jpg 150w\" sizes=\"(max-width: 1002px) 100vw, 1002px\" \/><\/p>\n<h2 style=\"text-align: justify;\">REGION PALANGA-K\u0141AJPEDA<\/h2>\n<p style=\"text-align: justify;\">Wycieczka rowerowa rozpoczyna si\u0119 w p\u00f3\u0142nocnej Palandze i wiedzie przez miasto i parki. Nast\u0119pnie kieruje si\u0119 na po\u0142udnie do wioski Vydmantai, sk\u0105d rozpo\u015bciera si\u0119 widok na elektrowni\u0119 wiatrow\u0105. Dalej trasa prowadzi przez lasy sosnowe, mija dawn\u0105 stacj\u0119 ratownicz\u0105 w Nemirseta, Jezioro Plaze i wiosk\u0119 ryback\u0105 Karkle. Pomi\u0119dzy wioskami Karkle i Giruliai wznosi si\u0119 klif, kt\u00f3rego wysoko\u015b\u0107 to a\u017c jeden kilometr. Jego najwy\u017cszy punkt nosi nazw\u0119 Czapka Holendra. \u015acie\u017cka wiedzie g\u0142\u00f3wnie przez nadmorski park regionalny o stosunkowo niewielkiej r\u00f3\u017cnorodno\u015bci krajobrazu. Zbli\u017caj\u0105c si\u0119 do K\u0142ajpedy, rowerzy\u015bci mog\u0105 skorzysta\u0107 z licznych tras rowerowych prowadz\u0105cych przez miasto i zako\u0144czy\u0107 podr\u00f3\u017c w porcie morskim lub historycznym centrum. K\u0142ajpeda to trzecie co do wielko\u015bci miasto Litwy, historyczny port morski i kurort.<\/p>\n<h2 style=\"text-align: justify;\">ATRAKCJE<\/h2>\n<p style=\"text-align: justify;\">Palanga i K\u0142ajpeda to popularne nadmorskie miasta, po\u0142o\u017cone niedaleko siebie, lecz wyra\u017anie od siebie r\u00f3\u017cne. G\u0142\u00f3wne atrakcje Palangi to: molo, d\u0142ugie i szerokie piaszczyste pla\u017ce, liczne fontanny, wspania\u0142e restauracje, wydarzenia kulturalne, a tak\u017ce ciekawe muzea (np. Muzeum Ps\u00f3w, Muzeum Iluzji). To ma\u0142e miasteczko wypoczynkowe ma relaksuj\u0105cy klimat, ale w sezonie (od lipca do sierpnia) mo\u017ce by\u0107 do\u015b\u0107 t\u0142oczne. K\u0142ajpeda to hanzeatyckie miasto z du\u017cym portem, wieloma uniwersytetami i typowymi atrakcjami du\u017cych miast, takimi jak muzea, centra kultury itp. W pobli\u017cu znajduje si\u0119 Park Narodowy Mierzei Kuro\u0144skiej z ogromnymi wydmami i pi\u0119knymi rozleg\u0142ymi pla\u017cami. W lasach mierzei tury\u015bci mog\u0105 obserwowa\u0107 ptaki i inne dzikie zwierz\u0119ta, takie jak jelenie.<\/p>\n<p style=\"text-align: justify;\">B\u0119d\u0105c w Palandze warto te\u017c odwiedzi\u0107 park botaniczny wok\u00f3\u0142 G\u00f3ry Biruty oraz Muzeum Bursztynu posiadaj\u0105ce jedn\u0105 z najwi\u0119kszych kolekcji inkluzji i kawa\u0142k\u00f3w bursztynu na \u015bwiecie (\u0142\u0105cznie oko\u0142o 30 tysi\u0119cy eksponat\u00f3w). Do atrakcji K\u0142ajpedy nale\u017c\u0105: nabrze\u017ce Dan\u0117s, gdzie zobaczy\u0107 mo\u017cna \u017caglowiec Meridianas, akwarium Litewskiego Muzeum Morza, Muzeum Zamkowe i wiele innych. Warto zwiedzi\u0107 Stare Miasto w K\u0142ajpedzie z Placem Teatralnym i pos\u0105giem Anusi z Tharau oraz inne stare ulice i budynki, w tym ulic\u0119 Linden z zabytkowym budynkiem poczty.<\/p>\n<p><\/p>","protected":false},"excerpt":{"rendered":"<p>LOKALIZACJA Palanga znajduje si\u0119 w p\u00f3\u0142nocnej cz\u0119\u015bci litewskiego wybrze\u017ca Ba\u0142tyku, 320 km od Wilna, 280 km od Rygi i 170 km od Kaliningradu. Trasa z Palangi do K\u0142ajpedy ma nieca\u0142e 30 km i prowadzi wzd\u0142u\u017c wybrze\u017ca. Droga z Gda\u0144ska do Palangi okr\u0105\u017caj\u0105ca Obw\u00f3d Kaliningradzki ma 620 km d\u0142ugo\u015bci, ale najkr\u00f3tsza droga mi\u0119dzy tymi miastami ma [&hellip;]<\/p>\n","protected":false},"author":3,"featured_media":0,"parent":457,"menu_order":0,"comment_status":"closed","ping_status":"closed","template":"","meta":[],"categories":[34,15,26],"tags":[],"_links":{"self":[{"href":"https:\/\/sbt.ug.edu.pl\/pl\/wp-json\/wp\/v2\/pages\/1826"}],"collection":[{"href":"https:\/\/sbt.ug.edu.pl\/pl\/wp-json\/wp\/v2\/pages"}],"about":[{"href":"https:\/\/sbt.ug.edu.pl\/pl\/wp-json\/wp\/v2\/types\/page"}],"author":[{"embeddable":true,"href":"https:\/\/sbt.ug.edu.pl\/pl\/wp-json\/wp\/v2\/users\/3"}],"replies":[{"embeddable":true,"href":"https:\/\/sbt.ug.edu.pl\/pl\/wp-json\/wp\/v2\/comments?post=1826"}],"version-history":[{"count":8,"href":"https:\/\/sbt.ug.edu.pl\/pl\/wp-json\/wp\/v2\/pages\/1826\/revisions"}],"predecessor-version":[{"id":5859,"href":"https:\/\/sbt.ug.edu.pl\/pl\/wp-json\/wp\/v2\/pages\/1826\/revisions\/5859"}],"up":[{"embeddable":true,"href":"https:\/\/sbt.ug.edu.pl\/pl\/wp-json\/wp\/v2\/pages\/457"}],"wp:attachment":[{"href":"https:\/\/sbt.ug.edu.pl\/pl\/wp-json\/wp\/v2\/media?parent=1826"}],"wp:term":[{"taxonomy":"category","embeddable":true,"href":"https:\/\/sbt.ug.edu.pl\/pl\/wp-json\/wp\/v2\/categories?post=1826"},{"taxonomy":"post_tag","embeddable":true,"href":"https:\/\/sbt.ug.edu.pl\/pl\/wp-json\/wp\/v2\/tags?post=1826"}],"curies":[{"name":"wp","href":"https:\/\/api.w.org\/{rel}","templated":true}]}}