{"id":1829,"date":"2019-07-10T13:09:28","date_gmt":"2019-07-10T11:09:28","guid":{"rendered":"https:\/\/southbaltic-tourist.eu\/?page_id=1829"},"modified":"2021-07-02T12:20:21","modified_gmt":"2021-07-02T11:20:21","slug":"4-curonian-spit-national-park","status":"publish","type":"page","link":"https:\/\/sbt.ug.edu.pl\/pl\/routes\/national-parks-exploration\/4-curonian-spit-national-park\/","title":{"rendered":"4. PARK NARODOWY MIERZEI KURO\u0143SKIEJ"},"content":{"rendered":"<p><\/p>\n<h2 style=\"text-align: justify;\">LOKALIZACJA<\/h2>\n<p style=\"text-align: justify;\">Mierzeja Kuro\u0144ska po\u0142o\u017cona jest na po\u0142udniu litewskiego wybrze\u017ca Ba\u0142tyku. Siedziba Parku Narodowego Mierzei Kuro\u0144skiej znajduje si\u0119 w mie\u015bcie Nerynga, 30 km od K\u0142ajpedy. Aby znale\u017a\u0107 si\u0119 na terenie parku, wystarczy przeprawi\u0107 si\u0119 promem z K\u0142ajpedy. K\u0142ajpeda ma te\u017c dwa zagraniczne po\u0142\u0105czenia promowe: Kilonia \u2013 K\u0142ajpeda (z Niemiec) i Karlshamn \u2013 K\u0142ajpeda (ze Szwecji). W Palandze znajduje si\u0119 lotnisko regionalne. Wsp\u00f3\u0142rz\u0119dne geograficzne Neryngi to: 55\u00b022\u2032N 21\u00b004\u2032E.<\/p>\n<p><img decoding=\"async\" loading=\"lazy\" class=\"alignnone wp-image-1830 size-full\" src=\"https:\/\/southbaltic-tourist.eu\/wp-content\/uploads\/2019\/07\/4-2.jpg\" alt=\"\" width=\"517\" height=\"345\" srcset=\"https:\/\/sbt.ug.edu.pl\/wp-content\/uploads\/2019\/07\/4-2.jpg 517w, https:\/\/sbt.ug.edu.pl\/wp-content\/uploads\/2019\/07\/4-2-300x200.jpg 300w, https:\/\/sbt.ug.edu.pl\/wp-content\/uploads\/2019\/07\/4-2-150x100.jpg 150w\" sizes=\"(max-width: 517px) 100vw, 517px\" \/><\/p>\n<h2 style=\"text-align: justify;\">MALOWNICZY KRAJOBRAZ<\/h2>\n<p style=\"text-align: justify;\">Park obejmuje 97 km wybrze\u017ca Morza Ba\u0142tyckiego i za\u0142o\u017cony zosta\u0142 w 1991 r. W 2000 r. Mierzeja Kuro\u0144ska zosta\u0142a wpisana na List\u0119 \u015awiatowego Dziedzictwa UNESCO. Nale\u017cy te\u017c do obszar\u00f3w obj\u0119tych ochron\u0105 przyrody Natura 2000 oraz jest monitorowana przez Komisj\u0119 Ochrony \u015arodowiska Morskiego Ba\u0142tyku. Najistotniejszym elementem krajobrazu parku s\u0105 wydmy. Mo\u017cna tu zaobserwowa\u0107 wszystkie ich typy i etapy formowania \u2013 embrionalne wydmy ruchome, odwapnione wydmy sta\u0142e, wydmy zalesione oraz wydmy bia\u0142e i szare, kt\u00f3re s\u0142yn\u0105 z wyj\u0105tkowego pi\u0119kna. Ka\u017cdego roku miliony ptak\u00f3w przelatuj\u0105 przez ten obszar, gdy\u017c przebiega t\u0119dy szlak migracyjny z Morza Ba\u0142tyckiego do Morza Bia\u0142ego. Wybrze\u017ce Zalewu Mierzei Kuro\u0144skiej i fragment wybrze\u017ce Morza Ba\u0142tyckiego nale\u017c\u0105cego do parku s\u0105 schronieniem dla wielu w\u0119drownych i zimuj\u0105cych ptak\u00f3w wodnych. Wyst\u0119puj\u0105 tu te\u017c du\u017ce koncentracje migruj\u0105cych wr\u00f3blowatych i ptak\u00f3w drapie\u017cnych. Ten obszar s\u0142ynie te\u017c z najwi\u0119kszej kolonii l\u0119gowej kormoran\u00f3w na Litwie. To prawdziwy raj dla obserwator\u00f3w ptak\u00f3w. Mierzeja Kuro\u0144ska to r\u00f3wnie\u017c niezwykle bogate dziedzictwo kulturowe, na kt\u00f3re sk\u0142adaj\u0105 si\u0119 osady rybackie, warto\u015bciowe zar\u00f3wno z historycznego, jak i estetycznego punktu widzenia. Na miejscu zasypanych niegdy\u015b przez ruchome wydmy wiosek dokonuje si\u0119 wielu odkry\u0107 archeologicznych.<\/p>\n<h2 style=\"text-align: justify;\">ATRAKCJE<\/h2>\n<p style=\"text-align: justify;\">Najpi\u0119kniejszym miastem mierzei jest Nida \u2013 malownicza miejscowo\u015b\u0107 rybacka z ma\u0142ymi, pomalowanymi na niebiesko domkami, historycznym cmentarzem z drewnianymi krzy\u017cami, G\u00f3r\u0105 Czarownic i muzeum parkowym. Park Narodowy Mierzei Kuro\u0144skiej oferuje wiele atrakcji, w tym piesze w\u0119dr\u00f3wki wytyczonymi szlakami i spacery edukacyjne po cennych pod wzgl\u0119dem ekologicznym obszarach rezerwat\u00f3w przyrody Grob\u0161tas i Nagliai. To wyj\u0105tkowe miejsce, kt\u00f3re pozwala odwiedzaj\u0105cym odkrywa\u0107 przyrod\u0119, kultur\u0119 i tradycje tego regionu w aktywny i przyjazny dla \u015brodowiska spos\u00f3b. Park s\u0142ynie z jednych z najwy\u017cszych w regionie Morza Ba\u0142tyckiego ruchomych wydm, licz\u0105cych \u015brednio 35 m wysoko\u015bci. Najwy\u017csza z nich (52 m) nosi nazw\u0119 Parnidis i znajduje si\u0119 w pobli\u017cu miejscowo\u015bci Nida. Mierzeja Kuro\u0144ska to idealne miejsce na zr\u00f3wnowa\u017con\u0105 turystyk\u0119, wypoczynek na \u0142onie natury, a tak\u017ce kulturow\u0105 ekspresj\u0119. Mo\u017cna tu spr\u00f3bowa\u0107 tradycyjnych potraw rybnych, p\u0142ywa\u0107 \u017cagl\u00f3wk\u0105 lub kajakiem oraz wybra\u0107 si\u0119 na wycieczk\u0119 rowerow\u0105 lub piesz\u0105 po mierzei. Warto odwiedzi\u0107 te\u017c: Muzeum Morskie i Delfinarium, wystaw\u0119 Parku Narodowego Mierzei Kuro\u0144skiej, Muzeum Historyczne Neringi, galeri\u0119 bursztynu i galeri\u0119 wiatrowskaz\u00f3w, Muzeum Pami\u0119ci Thoma Manna i Etnograficzne Muzeum Rybackie. Na dzieci czeka \u015bcie\u017cka edukacyjna poznawcza \u201eTajemnica Natury\u201d i G\u00f3ra Czarownic.<\/p>\n<p><\/p>","protected":false},"excerpt":{"rendered":"<p>LOKALIZACJA Mierzeja Kuro\u0144ska po\u0142o\u017cona jest na po\u0142udniu litewskiego wybrze\u017ca Ba\u0142tyku. Siedziba Parku Narodowego Mierzei Kuro\u0144skiej znajduje si\u0119 w mie\u015bcie Nerynga, 30 km od K\u0142ajpedy. Aby znale\u017a\u0107 si\u0119 na terenie parku, wystarczy przeprawi\u0107 si\u0119 promem z K\u0142ajpedy. K\u0142ajpeda ma te\u017c dwa zagraniczne po\u0142\u0105czenia promowe: Kilonia \u2013 K\u0142ajpeda (z Niemiec) i Karlshamn \u2013 K\u0142ajpeda (ze Szwecji). W [&hellip;]<\/p>\n","protected":false},"author":3,"featured_media":0,"parent":457,"menu_order":0,"comment_status":"closed","ping_status":"closed","template":"","meta":[],"categories":[34,15,26],"tags":[],"_links":{"self":[{"href":"https:\/\/sbt.ug.edu.pl\/pl\/wp-json\/wp\/v2\/pages\/1829"}],"collection":[{"href":"https:\/\/sbt.ug.edu.pl\/pl\/wp-json\/wp\/v2\/pages"}],"about":[{"href":"https:\/\/sbt.ug.edu.pl\/pl\/wp-json\/wp\/v2\/types\/page"}],"author":[{"embeddable":true,"href":"https:\/\/sbt.ug.edu.pl\/pl\/wp-json\/wp\/v2\/users\/3"}],"replies":[{"embeddable":true,"href":"https:\/\/sbt.ug.edu.pl\/pl\/wp-json\/wp\/v2\/comments?post=1829"}],"version-history":[{"count":6,"href":"https:\/\/sbt.ug.edu.pl\/pl\/wp-json\/wp\/v2\/pages\/1829\/revisions"}],"predecessor-version":[{"id":5860,"href":"https:\/\/sbt.ug.edu.pl\/pl\/wp-json\/wp\/v2\/pages\/1829\/revisions\/5860"}],"up":[{"embeddable":true,"href":"https:\/\/sbt.ug.edu.pl\/pl\/wp-json\/wp\/v2\/pages\/457"}],"wp:attachment":[{"href":"https:\/\/sbt.ug.edu.pl\/pl\/wp-json\/wp\/v2\/media?parent=1829"}],"wp:term":[{"taxonomy":"category","embeddable":true,"href":"https:\/\/sbt.ug.edu.pl\/pl\/wp-json\/wp\/v2\/categories?post=1829"},{"taxonomy":"post_tag","embeddable":true,"href":"https:\/\/sbt.ug.edu.pl\/pl\/wp-json\/wp\/v2\/tags?post=1829"}],"curies":[{"name":"wp","href":"https:\/\/api.w.org\/{rel}","templated":true}]}}