{"id":1832,"date":"2019-07-10T13:13:22","date_gmt":"2019-07-10T11:13:22","guid":{"rendered":"https:\/\/southbaltic-tourist.eu\/?page_id=1832"},"modified":"2021-07-02T12:21:19","modified_gmt":"2021-07-02T11:21:19","slug":"5-eriksberg-national-park","status":"publish","type":"page","link":"https:\/\/sbt.ug.edu.pl\/pl\/routes\/national-parks-exploration\/5-eriksberg-national-park\/","title":{"rendered":"5. PARK NARODOWY ERIKSBERG"},"content":{"rendered":"<p><\/p>\n<h2 style=\"text-align: justify;\">LOKALIZACJA<\/h2>\n<p style=\"text-align: justify;\">Trensum, Gmina Karlshamn 374 96, Szwecja.<\/p>\n<p><img decoding=\"async\" loading=\"lazy\" class=\"alignnone size-medium wp-image-1833\" src=\"https:\/\/southbaltic-tourist.eu\/wp-content\/uploads\/2019\/07\/5-3-300x200.jpg\" alt=\"\" width=\"300\" height=\"200\" srcset=\"https:\/\/sbt.ug.edu.pl\/wp-content\/uploads\/2019\/07\/5-3-300x200.jpg 300w, https:\/\/sbt.ug.edu.pl\/wp-content\/uploads\/2019\/07\/5-3-150x100.jpg 150w, https:\/\/sbt.ug.edu.pl\/wp-content\/uploads\/2019\/07\/5-3.jpg 313w\" sizes=\"(max-width: 300px) 100vw, 300px\" \/><\/p>\n<h2 style=\"text-align: justify;\">MALOWNICZY KRAJOBRAZ<\/h2>\n<p style=\"text-align: justify;\">Maj\u0105cy ponad 900 hektar\u00f3w Eriksberg jest jednym z najwi\u0119kszych zamkni\u0119tych obszar\u00f3w naturalnych w p\u00f3\u0142nocnej Europie oraz najwi\u0119kszym parkiem safari i zamkni\u0119tym rezerwatem w regionie skandynawskim. W 1938 roku park Eriksberg zosta\u0142 kupiony przez znanego re\u017cysera film\u00f3w przyrodniczych i pisarza Bengta Berga. Teren zosta\u0142 wtedy ogrodzony na potrzeby bada\u0144 nad jeleniami. Na terenie rezerwatu znajduj\u0105 si\u0119 historyczne budynki wzniesione pi\u0119\u0107 wiek\u00f3w temu. Odwiedzaj\u0105cy mog\u0105 wybra\u0107 si\u0119 na safari i zobaczy\u0107 dzikie zwierz\u0119ta w ich naturalnym \u015brodowisku. Swobodnie poruszaj\u0105 si\u0119 tu jelenie, daniele, \u017cubry, dziki i muflony. Trasa safari ma oko\u0142o 10 km i prowadzi przez malowniczy, skalisty teren, g\u0119sto poro\u015bni\u0119ty lasami d\u0119bowymi, bukowymi i sosnowymi. Go\u015bcie mog\u0105 pokona\u0107 j\u0105 w\u0142asnymi samochodami. Wyst\u0119puje tu wiele gatunk\u00f3w ptak\u00f3w oraz jedna z najwi\u0119kszych na \u015bwiecie populacji chronionej czerwonej lilii wodnej. Park oferuje te\u017c wiele innych atrakcji, takich jak: w\u0119dkowanie, wspinaczk\u0119 kajakarstwo czy relaks w jacuzzi. Na mi\u0142o\u015bnik\u00f3w przyrody czekaj\u0105 piesze wycieczki z przewodnikiem, podczas kt\u00f3rych pod\u0105\u017ca si\u0119 \u015bladami \u017cubr\u00f3w i mo\u017cna przyjrze\u0107 si\u0119 im z bliska.<\/p>\n<h2 style=\"text-align: justify;\">ATRAKCJE<\/h2>\n<p style=\"text-align: justify;\">Odwiedzaj\u0105c park Eriksberg, warto te\u017c zaplanowa\u0107 zwiedzanie pobliskiego miasta Ronneby i jego park\u00f3w: Brunnsparken, R\u00e5dhusparken i Tingshusparken. To dzi\u0119ki urokowi tych park\u00f3w Ronneby nazywane jest \u201eogrodem Szwecji\u201d. W 2005 r. park Brunnsparken zosta\u0142 uznany za najpi\u0119kniejszy park w Szwecji, a w 2006 r. zyska\u0142 miano czwartego najpi\u0119kniejszego parku w Europie. W centrum miasta Ronneby, w s\u0142yn\u0105cej z bogatego \u017cycia kulturalnego dzielnicy Bergslagen, mo\u017cemy podziwia\u0107 budynek Ko\u015bcio\u0142a \u015awi\u0119tego Krzy\u017ca wraz z jego pi\u0119knym otoczeniem. Malowniczych widok\u00f3w dostarcza rejs \u0142odzi\u0105 na archipelag Ronneby. Na wyspach i wysepkach nie brakuje piaszczystych pla\u017c oraz klif\u00f3w, kt\u00f3re s\u0105 idealnym miejscem na piknik. Na zach\u00f3d od parku Eriksberg le\u017cy miasteczko Karlshamn, kt\u00f3re przyci\u0105ga turyst\u00f3w \u0142owiskami \u0142ososia na rzece M\u00f6rrums\u00e5n, widowiskowym skalistym wybrze\u017cem, archipelagiem H\u00e4llaryd i pi\u0119knymi lasami. Ciekawym miejscem do zwiedzenia jest cytadela Karlshamns (zwana tak\u017ce Frisholmen) \u2013 twierdza po\u0142o\u017cona na wyspie tu\u017c przy wej\u015bciu do portu Karlshamn, ze starymi fortyfikacjami i wyj\u0105tkow\u0105 atmosfer\u0105, a tak\u017ce Centrum Nauki Kreativum.<\/p>\n<p><\/p>","protected":false},"excerpt":{"rendered":"<p>LOKALIZACJA Trensum, Gmina Karlshamn 374 96, Szwecja. MALOWNICZY KRAJOBRAZ Maj\u0105cy ponad 900 hektar\u00f3w Eriksberg jest jednym z najwi\u0119kszych zamkni\u0119tych obszar\u00f3w naturalnych w p\u00f3\u0142nocnej Europie oraz najwi\u0119kszym parkiem safari i zamkni\u0119tym rezerwatem w regionie skandynawskim. W 1938 roku park Eriksberg zosta\u0142 kupiony przez znanego re\u017cysera film\u00f3w przyrodniczych i pisarza Bengta Berga. Teren zosta\u0142 wtedy ogrodzony na [&hellip;]<\/p>\n","protected":false},"author":3,"featured_media":0,"parent":457,"menu_order":0,"comment_status":"closed","ping_status":"closed","template":"","meta":[],"categories":[34,15,26],"tags":[],"_links":{"self":[{"href":"https:\/\/sbt.ug.edu.pl\/pl\/wp-json\/wp\/v2\/pages\/1832"}],"collection":[{"href":"https:\/\/sbt.ug.edu.pl\/pl\/wp-json\/wp\/v2\/pages"}],"about":[{"href":"https:\/\/sbt.ug.edu.pl\/pl\/wp-json\/wp\/v2\/types\/page"}],"author":[{"embeddable":true,"href":"https:\/\/sbt.ug.edu.pl\/pl\/wp-json\/wp\/v2\/users\/3"}],"replies":[{"embeddable":true,"href":"https:\/\/sbt.ug.edu.pl\/pl\/wp-json\/wp\/v2\/comments?post=1832"}],"version-history":[{"count":4,"href":"https:\/\/sbt.ug.edu.pl\/pl\/wp-json\/wp\/v2\/pages\/1832\/revisions"}],"predecessor-version":[{"id":5861,"href":"https:\/\/sbt.ug.edu.pl\/pl\/wp-json\/wp\/v2\/pages\/1832\/revisions\/5861"}],"up":[{"embeddable":true,"href":"https:\/\/sbt.ug.edu.pl\/pl\/wp-json\/wp\/v2\/pages\/457"}],"wp:attachment":[{"href":"https:\/\/sbt.ug.edu.pl\/pl\/wp-json\/wp\/v2\/media?parent=1832"}],"wp:term":[{"taxonomy":"category","embeddable":true,"href":"https:\/\/sbt.ug.edu.pl\/pl\/wp-json\/wp\/v2\/categories?post=1832"},{"taxonomy":"post_tag","embeddable":true,"href":"https:\/\/sbt.ug.edu.pl\/pl\/wp-json\/wp\/v2\/tags?post=1832"}],"curies":[{"name":"wp","href":"https:\/\/api.w.org\/{rel}","templated":true}]}}