{"id":1835,"date":"2019-07-10T13:16:18","date_gmt":"2019-07-10T11:16:18","guid":{"rendered":"https:\/\/southbaltic-tourist.eu\/?page_id=1835"},"modified":"2021-07-02T12:22:29","modified_gmt":"2021-07-02T11:22:29","slug":"6-stenshuvud-national-park","status":"publish","type":"page","link":"https:\/\/sbt.ug.edu.pl\/pl\/routes\/national-parks-exploration\/6-stenshuvud-national-park\/","title":{"rendered":"6. PARK NARODOWY STENSHUVUD"},"content":{"rendered":"<p><\/p>\n<h2 style=\"text-align: justify;\">LOKALIZACJA<\/h2>\n<p style=\"text-align: justify;\">Powierzchnia parku wynosi oko\u0142o 3,9 km<sup>2<\/sup>, z czego 80 hektar\u00f3w stanowi morze. Park Narodowy Stenshuvud le\u017cy w po\u0142udniowo-wschodniej cz\u0119\u015bci Kivik w gminie Simrishamn, w regionie Skania, oko\u0142o 15 km na p\u00f3\u0142noc od miejscowo\u015bci Simrishamn. Tu\u017c przy wybrze\u017cu Morza Ba\u0142tyckiego wznosi si\u0119 wzg\u00f3rze Stenshuvud, maj\u0105ce 97 m wysoko\u015bci.<\/p>\n<p><img decoding=\"async\" loading=\"lazy\" class=\"alignnone wp-image-1836 size-full\" src=\"https:\/\/southbaltic-tourist.eu\/wp-content\/uploads\/2019\/07\/6-3.jpg\" alt=\"\" width=\"945\" height=\"500\" srcset=\"https:\/\/sbt.ug.edu.pl\/wp-content\/uploads\/2019\/07\/6-3.jpg 945w, https:\/\/sbt.ug.edu.pl\/wp-content\/uploads\/2019\/07\/6-3-300x159.jpg 300w, https:\/\/sbt.ug.edu.pl\/wp-content\/uploads\/2019\/07\/6-3-768x406.jpg 768w, https:\/\/sbt.ug.edu.pl\/wp-content\/uploads\/2019\/07\/6-3-150x79.jpg 150w\" sizes=\"(max-width: 945px) 100vw, 945px\" \/><\/p>\n<h2 style=\"text-align: justify;\">MALOWNICZY KRAJOBRAZ<\/h2>\n<p style=\"text-align: justify;\">Park Narodowy Stenshuvud zosta\u0142 utworzony w 1986 roku, aby chroni\u0107 pi\u0119kne wybrze\u017ce i wzg\u00f3rze Stenshuvud. Wzg\u00f3rze to ma trzy szczyty, z kt\u00f3rych najwy\u017cszy, p\u00f3\u0142nocny, wznosi si\u0119\u00a0 na 97 metr\u00f3w nad poziomem morza. Obszar parku w du\u017cym stopniu poro\u015bni\u0119ty jest lasem, g\u0142\u00f3wnie grabowym. Rosn\u0105ce tam starsze drzewa z szerokimi koronami, takie jak buk i d\u0105b, pochodz\u0105 z czas\u00f3w, gdy by\u0142y tam pastwiska. Obecnie lokalnej spo\u0142eczno\u015bci ponownie umo\u017cliwiono wypas zwierz\u0105t gospodarskich na terenie parku. Odwiedzaj\u0105cych oczarowuje zr\u00f3\u017cnicowany krajobraz parku. Znajdziemy tam piaszczyste wrzosowiska, \u0142\u0105ki, skaliste wybrze\u017ce i pi\u0119kne piaszczyste pla\u017ce. U podn\u00f3\u017ca wzg\u00f3rza rozci\u0105gaj\u0105 si\u0119 torfowisko i mokrad\u0142a poro\u015bni\u0119te olch\u0105. Wyst\u0119powanie wielu r\u00f3\u017cnych biotop\u00f3w oraz \u0142agodny klimat przyczyniaj\u0105 si\u0119 do du\u017cej r\u00f3\u017cnorodno\u015bci flory i fauny. Znajdziemy tu rzadkie gatunki ro\u015blin, takie jak: pragnia, zanokcica ciemna, go\u017adzik piaskowy, sasanka i kocanki. W parku \u017cyj\u0105 te\u017c mi\u0119dzy innymi: orzesznica leszczynowa, wilga, rzekotka drzewna i \u017caba zwinka. Szczeg\u00f3lnie ciekawym biotypem jest wrzosowisko, gdzie gleba sk\u0142ada si\u0119 tylko z piasku. Latem we wrzosach wykluwaj\u0105 si\u0119 rzadkie ptaki \u2013 \u015bwiergotki polne. Znajduj\u0105ca si\u0119 na terenie parku pla\u017ca nazywana jest najbardziej egzotyczn\u0105 pla\u017c\u0105 Skanii. Drobny piasek i p\u0142ytka woda sprawiaj\u0105, \u017ce miejsce to\u00a0 jest cz\u0119sto wybierane przez rodziny, jednak ze wzgl\u0119du na silne pr\u0105dy, podczas k\u0105pieli nale\u017cy zachowa\u0107 rozwag\u0119. Warto wspi\u0105\u0107 si\u0119 na wzg\u00f3rze Stenhuvud, sk\u0105d rozpo\u015bciera si\u0119 pi\u0119kny widok na wybrze\u017ce i morze. Przy wej\u015bciach mo\u017cna pobra\u0107 broszur\u0119 i map\u0119 parku oraz zapozna\u0107 si\u0119 z tablic\u0105 informacyjn\u0105. Funkcjonuje te\u017c centrum dla zwiedzaj\u0105cych Stenhuvud Naturum, gdzie na turyst\u00f3w czekaj\u0105 ciekawe wystawy, a do\u015bwiadczony personel ch\u0119tnie udziela informacji o parku. Mo\u017cna te\u017c zarezerwowa\u0107 wycieczk\u0119 z przewodnikiem.<\/p>\n<h2 style=\"text-align: justify;\">ATRAKCJE<\/h2>\n<p style=\"text-align: justify;\">1) W\u0119dr\u00f3wki i spacery. Zwiedzanie Parku Narodowego Stenshuvud u\u0142atwiaj\u0105 starannie oznaczone szlaki turystyczne. Odwiedzaj\u0105cy mog\u0105 wybra\u0107: a) szlak niebieski \u2013 oko\u0142o 1 km, 30 min; b) szlak czerwony \u2013 2 km, 1 h; c) szlak \u017c\u00f3\u0142ty \u2013 4 km, 1 h 30 min; d) szlak pomara\u0144czowy 0,5 km, oko\u0142o 15 min; e) szlak fioletowy \u2013 3 km, 1 h lub Szlak Sk\u00e5neleden (szlak ten prowadzi przez park od miejscowo\u015bci Kivik na p\u00f3\u0142nocy do miejscowo\u015bci Simrishamn na po\u0142udniu).<\/p>\n<p style=\"text-align: justify;\">2) Widok ze wzg\u00f3rza (97 m). Trasa na szczyt ma oko\u0142o 1 km i wiedzie przez bujny las grabowo-d\u0119bowy, kt\u00f3rego \u015bci\u00f3\u0142ka wiosn\u0105 us\u0142ana jest zawilcami. Trasa prowadzi do trzech punkt\u00f3w widokowych. Warto wspi\u0105\u0107 si\u0119 na ka\u017cdy z nich, aby m\u00f3c podziwia\u0107 wybrze\u017ce z r\u00f3\u017cnych perspektyw.<\/p>\n<p style=\"text-align: justify;\">3) Zwiedzanie fabryki cydru Kiviks Musteri. Po sadach, ogrodach i centrum po\u015bwi\u0119conym uprawie jab\u0142ek \u201e\u00c4pplets Hus\u201d odwiedzaj\u0105cych oprowadza przewodnik.<\/p>\n<p style=\"text-align: justify;\">4) Zwiedzanie tajemniczego miejsca \u2013 \u00a0stanowiska archeologicznego Kiviksgraven.<\/p>\n<p style=\"text-align: justify;\">5) Zwiedzanie portu Vitem\u00f6lla.<\/p>\n<p><\/p>","protected":false},"excerpt":{"rendered":"<p>LOKALIZACJA Powierzchnia parku wynosi oko\u0142o 3,9 km2, z czego 80 hektar\u00f3w stanowi morze. Park Narodowy Stenshuvud le\u017cy w po\u0142udniowo-wschodniej cz\u0119\u015bci Kivik w gminie Simrishamn, w regionie Skania, oko\u0142o 15 km na p\u00f3\u0142noc od miejscowo\u015bci Simrishamn. Tu\u017c przy wybrze\u017cu Morza Ba\u0142tyckiego wznosi si\u0119 wzg\u00f3rze Stenshuvud, maj\u0105ce 97 m wysoko\u015bci. MALOWNICZY KRAJOBRAZ Park Narodowy Stenshuvud zosta\u0142 utworzony [&hellip;]<\/p>\n","protected":false},"author":3,"featured_media":0,"parent":457,"menu_order":0,"comment_status":"closed","ping_status":"closed","template":"","meta":[],"categories":[34,15,26],"tags":[],"_links":{"self":[{"href":"https:\/\/sbt.ug.edu.pl\/pl\/wp-json\/wp\/v2\/pages\/1835"}],"collection":[{"href":"https:\/\/sbt.ug.edu.pl\/pl\/wp-json\/wp\/v2\/pages"}],"about":[{"href":"https:\/\/sbt.ug.edu.pl\/pl\/wp-json\/wp\/v2\/types\/page"}],"author":[{"embeddable":true,"href":"https:\/\/sbt.ug.edu.pl\/pl\/wp-json\/wp\/v2\/users\/3"}],"replies":[{"embeddable":true,"href":"https:\/\/sbt.ug.edu.pl\/pl\/wp-json\/wp\/v2\/comments?post=1835"}],"version-history":[{"count":4,"href":"https:\/\/sbt.ug.edu.pl\/pl\/wp-json\/wp\/v2\/pages\/1835\/revisions"}],"predecessor-version":[{"id":5862,"href":"https:\/\/sbt.ug.edu.pl\/pl\/wp-json\/wp\/v2\/pages\/1835\/revisions\/5862"}],"up":[{"embeddable":true,"href":"https:\/\/sbt.ug.edu.pl\/pl\/wp-json\/wp\/v2\/pages\/457"}],"wp:attachment":[{"href":"https:\/\/sbt.ug.edu.pl\/pl\/wp-json\/wp\/v2\/media?parent=1835"}],"wp:term":[{"taxonomy":"category","embeddable":true,"href":"https:\/\/sbt.ug.edu.pl\/pl\/wp-json\/wp\/v2\/categories?post=1835"},{"taxonomy":"post_tag","embeddable":true,"href":"https:\/\/sbt.ug.edu.pl\/pl\/wp-json\/wp\/v2\/tags?post=1835"}],"curies":[{"name":"wp","href":"https:\/\/api.w.org\/{rel}","templated":true}]}}