{"id":1838,"date":"2019-07-10T13:19:18","date_gmt":"2019-07-10T11:19:18","guid":{"rendered":"https:\/\/southbaltic-tourist.eu\/?page_id=1838"},"modified":"2021-07-02T12:23:24","modified_gmt":"2021-07-02T11:23:24","slug":"7-soderasens-national-park","status":"publish","type":"page","link":"https:\/\/sbt.ug.edu.pl\/pl\/routes\/national-parks-exploration\/7-soderasens-national-park\/","title":{"rendered":"7. PARK NARODOWY S\u00d6DER\u00c5SEN"},"content":{"rendered":"<p><\/p>\n<h2 style=\"text-align: justify;\">LOKALIZACJA<\/h2>\n<p style=\"text-align: justify;\">Park Narodowy S\u00f6der\u00e5sen le\u017cy na terenie gmin: Klippan i Sval\u00f6v w regionie Skania, 40 kilometr\u00f3w na wsch\u00f3d od Helsingborga.<\/p>\n<p><img decoding=\"async\" loading=\"lazy\" class=\"alignnone wp-image-1839 size-full\" src=\"https:\/\/southbaltic-tourist.eu\/wp-content\/uploads\/2019\/07\/7-3.jpg\" alt=\"\" width=\"775\" height=\"517\" srcset=\"https:\/\/sbt.ug.edu.pl\/wp-content\/uploads\/2019\/07\/7-3.jpg 775w, https:\/\/sbt.ug.edu.pl\/wp-content\/uploads\/2019\/07\/7-3-300x200.jpg 300w, https:\/\/sbt.ug.edu.pl\/wp-content\/uploads\/2019\/07\/7-3-768x512.jpg 768w, https:\/\/sbt.ug.edu.pl\/wp-content\/uploads\/2019\/07\/7-3-150x100.jpg 150w\" sizes=\"(max-width: 775px) 100vw, 775px\" \/><\/p>\n<h2 style=\"text-align: justify;\">MALOWNICZY KRAJOBRAZ<\/h2>\n<p style=\"text-align: justify;\">Park Narodowy S\u00f6der\u00e5sen zosta\u0142 utworzony w 2001 roku i obejmuje 1 625 hektar\u00f3w. Jest to obszar o zr\u00f3\u017cnicowanym krajobrazie, z bujnymi, li\u015bciastymi lasami, rozleg\u0142ymi go\u0142oborzami, wysokimi klifami, licznymi strumieniami i malowniczymi widokami. Wizyt\u00f3wk\u0105 parku jest d\u0142uga, g\u0142\u0119boka dolina szczelinowa Sk\u00e4ralid. W jej dole p\u0142ynie rzeka Sk\u00e4r\u00e5n otoczona widowiskowymi, pionowymi klifami. Innymi wartymi zobaczenia miejscami s\u0105: punkty widokowe Kopparhatten, Hjortspr\u00e5nget i Lierna wzd\u0142u\u017c doliny Sk\u00e4ralidsdalen oraz jezioro Odensj\u00f6n w dolinie Nackarpsdalen. Nad jeziorem nie brakuje miejsc do grillowania. Ruszty i drewno dost\u0119pne s\u0105 w R\u00f6st\u00e5ndze i w schroniskach Liag\u00e5rden i Dahlbergs. W parku dla turyst\u00f3w przygotowano starannie oznaczone szlaki, mapy i broszury, a tak\u017ce wycieczki z przewodnikiem i wystawy. Podczas w\u0119dr\u00f3wki po parku mo\u017cna natkn\u0105\u0107 si\u0119 na daniele, borsuki, tch\u00f3rze, gronostaje, dziki czy nietoperze. Na tym obszarze l\u0119gnie si\u0119 te\u017c wiele gatunk\u00f3w ptak\u00f3w, jak go\u0142\u0105b siniak, grubodzi\u00f3b, raniuszek, pliszka g\u00f3rska, dzi\u0119cio\u0142ek, trzmielojad i jastrz\u0105b. W\u0142adze parku pracuj\u0105 nad utworzeniem specjalnych pomieszcze\u0144 i przestrzeni dla or\u0142\u00f3w. Jednak najcenniejsze z wyst\u0119puj\u0105cych w parku gatunk\u00f3w zwierz\u0105t nale\u017c\u0105 do grupy owad\u00f3w. S\u0105 to chrz\u0105szcze z rodziny k\u00f3zkowatych i czarnuchowatych oraz \u0107my z rodziny molowatych i s\u00f3wkowatych.<\/p>\n<h2 style=\"text-align: justify;\">ATRAKCJE<\/h2>\n<p style=\"text-align: justify;\">1) W\u0119dr\u00f3wki i spacery. Wycieczki przyrodnicze z przewodnikiem z elementami historii, kultury i \u015bwiadomo\u015bci ekologicznej.<\/p>\n<p style=\"text-align: justify;\">2) W\u0119dr\u00f3wka jednym z oznakowanych szlak\u00f3w turystycznych w Sk\u00e4ralid lub R\u00f6st\u00e5ndze.<\/p>\n<p style=\"text-align: justify;\">3) Jazda konna i jazda na rowerze. Na wyznaczonych drogach i \u015bcie\u017ckach tury\u015bci mog\u0105 je\u017adzi\u0107 konno i na rowerze.<\/p>\n<p style=\"text-align: justify;\">4) P\u0142ywanie i w\u0119dkowanie w jeziorze Odensj\u00f6n w R\u00f6st\u00e5ndze.<\/p>\n<p><\/p>","protected":false},"excerpt":{"rendered":"<p>LOKALIZACJA Park Narodowy S\u00f6der\u00e5sen le\u017cy na terenie gmin: Klippan i Sval\u00f6v w regionie Skania, 40 kilometr\u00f3w na wsch\u00f3d od Helsingborga. MALOWNICZY KRAJOBRAZ Park Narodowy S\u00f6der\u00e5sen zosta\u0142 utworzony w 2001 roku i obejmuje 1 625 hektar\u00f3w. Jest to obszar o zr\u00f3\u017cnicowanym krajobrazie, z bujnymi, li\u015bciastymi lasami, rozleg\u0142ymi go\u0142oborzami, wysokimi klifami, licznymi strumieniami i malowniczymi widokami. Wizyt\u00f3wk\u0105 [&hellip;]<\/p>\n","protected":false},"author":3,"featured_media":0,"parent":457,"menu_order":0,"comment_status":"closed","ping_status":"closed","template":"","meta":[],"categories":[34,15,26],"tags":[],"_links":{"self":[{"href":"https:\/\/sbt.ug.edu.pl\/pl\/wp-json\/wp\/v2\/pages\/1838"}],"collection":[{"href":"https:\/\/sbt.ug.edu.pl\/pl\/wp-json\/wp\/v2\/pages"}],"about":[{"href":"https:\/\/sbt.ug.edu.pl\/pl\/wp-json\/wp\/v2\/types\/page"}],"author":[{"embeddable":true,"href":"https:\/\/sbt.ug.edu.pl\/pl\/wp-json\/wp\/v2\/users\/3"}],"replies":[{"embeddable":true,"href":"https:\/\/sbt.ug.edu.pl\/pl\/wp-json\/wp\/v2\/comments?post=1838"}],"version-history":[{"count":4,"href":"https:\/\/sbt.ug.edu.pl\/pl\/wp-json\/wp\/v2\/pages\/1838\/revisions"}],"predecessor-version":[{"id":5863,"href":"https:\/\/sbt.ug.edu.pl\/pl\/wp-json\/wp\/v2\/pages\/1838\/revisions\/5863"}],"up":[{"embeddable":true,"href":"https:\/\/sbt.ug.edu.pl\/pl\/wp-json\/wp\/v2\/pages\/457"}],"wp:attachment":[{"href":"https:\/\/sbt.ug.edu.pl\/pl\/wp-json\/wp\/v2\/media?parent=1838"}],"wp:term":[{"taxonomy":"category","embeddable":true,"href":"https:\/\/sbt.ug.edu.pl\/pl\/wp-json\/wp\/v2\/categories?post=1838"},{"taxonomy":"post_tag","embeddable":true,"href":"https:\/\/sbt.ug.edu.pl\/pl\/wp-json\/wp\/v2\/tags?post=1838"}],"curies":[{"name":"wp","href":"https:\/\/api.w.org\/{rel}","templated":true}]}}