{"id":1841,"date":"2019-07-10T13:22:25","date_gmt":"2019-07-10T11:22:25","guid":{"rendered":"https:\/\/southbaltic-tourist.eu\/?page_id=1841"},"modified":"2021-07-02T12:24:35","modified_gmt":"2021-07-02T11:24:35","slug":"8-hiking-route-in-skana","status":"publish","type":"page","link":"https:\/\/sbt.ug.edu.pl\/pl\/routes\/national-parks-exploration\/8-hiking-route-in-skana\/","title":{"rendered":"8. TRASA TURYSTYCZNA W SKANII"},"content":{"rendered":"<p><\/p>\n<h2 style=\"text-align: justify;\">LOKALIZACJA<\/h2>\n<p style=\"text-align: justify;\">Skania to najbardziej wysuni\u0119ty na po\u0142udnie region Szwecji, odpowiadaj\u0105cy w du\u017cym stopniu po\u0142o\u017ceniu tradycyjnej prowincji Skania. Graniczy z regionami Halland, Kronoberg i Blekinge, a tak\u017ce \u0142\u0105czy si\u0119 z Dani\u0105 mostem Oresund. Siedzib\u0105 gubernatora Skanii jest miasto Malm\u00f6, za\u015b siedzib\u0105 Rady Regionalnej Skanii jest miasto Kristianstad. Wsp\u00f3\u0142rz\u0119dne: 55\u00b059\u203243\u2033 N 13\u00b026\u20323\u2033 E.<\/p>\n<p><img decoding=\"async\" loading=\"lazy\" class=\"alignnone wp-image-1842 size-full\" src=\"https:\/\/southbaltic-tourist.eu\/wp-content\/uploads\/2019\/07\/8-3.jpg\" alt=\"\" width=\"1059\" height=\"654\" srcset=\"https:\/\/sbt.ug.edu.pl\/wp-content\/uploads\/2019\/07\/8-3.jpg 1059w, https:\/\/sbt.ug.edu.pl\/wp-content\/uploads\/2019\/07\/8-3-300x185.jpg 300w, https:\/\/sbt.ug.edu.pl\/wp-content\/uploads\/2019\/07\/8-3-768x474.jpg 768w, https:\/\/sbt.ug.edu.pl\/wp-content\/uploads\/2019\/07\/8-3-1024x632.jpg 1024w, https:\/\/sbt.ug.edu.pl\/wp-content\/uploads\/2019\/07\/8-3-150x93.jpg 150w\" sizes=\"(max-width: 1059px) 100vw, 1059px\" \/><\/p>\n<h2 style=\"text-align: justify;\">MALOWNICZY KRAJOBRAZ<\/h2>\n<p style=\"text-align: justify;\">Pi\u0119kno Skanii odkrywa\u0107 mo\u017cna dzi\u0119ki oko\u0142o 148 szlakom turystycznym. Jednym z nich jest d\u0142ugodystansowy pieszy szlak Sk\u00e5neleden. Jest to starannie przygotowana i oznaczona trasa o d\u0142ugo\u015bci a\u017c 1 250 kilometr\u00f3w, kt\u00f3ra wiedzie przez ca\u0142y region Skanii. Szlak podzielony zosta\u0142 na 5 oddzielnych \u015bcie\u017cek, sk\u0142adaj\u0105cych si\u0119 ze 105 odcink\u00f3w, z kt\u00f3rych cz\u0119\u015b\u0107 \u0142\u0105czy si\u0119 ze sob\u0105 w okr\u0119\u017cne trasy tak, aby \u0142atwo by\u0142o zaplanowa\u0107 dzienne w\u0119dr\u00f3wki. Ca\u0142y szlak jest oznaczony pomara\u0144czowymi znakami, aby u\u0142atwi\u0107 turystom nawigacj\u0119. Fragmenty trasy biegn\u0105 wzd\u0142u\u017c wybrze\u017cy, sk\u0105d rozpo\u015bciera si\u0119 pi\u0119kny widok na otwarte morze, kontrastuj\u0105ce ze skalistymi brzegami i piaszczystymi pla\u017cami. W innych miejscach szlak wiedzie po zboczach wzg\u00f3rz \u015brodkowej Skanii, po\u015br\u00f3d bujnych, zielonych las\u00f3w bukowych, licznych formacji skalnych oraz obfitej flory i fauny. W\u0119druj\u0105c lasami wok\u00f3\u0142 zamku Hovdala nad jeziorem Finjasj\u00f6n, na po\u0142udnie od H\u00e4ssleholm mo\u017cna odnie\u015b\u0107 wra\u017cenie, \u017ce cofn\u0119\u0142o si\u0119 w czasie do pradawnej puszczy. Planuj\u0105c swoj\u0105 tras\u0119 warto umie\u015bci\u0107 na niej jedno z jezior w p\u00f3\u0142nocno-wschodniej Skanii. Otoczone ciemnymi, dziewiczymi lasami, s\u0105 idealnym miejscem na wypoczynek dla os\u00f3b szukaj\u0105cych spokoju i odosobnienia. Warto te\u017c wspi\u0105\u0107 si\u0119 na grzbiet wzg\u00f3rza Romele\u00e5sen, kt\u00f3re uformowa\u0142o si\u0119 150 milion\u00f3w lat temu i wznosi si\u0119 na 200 metr\u00f3w. Prowadzi tam kilka r\u00f3\u017cnych \u015bcie\u017cek. Pod\u0105\u017caj\u0105c tras\u0105 mija si\u0119 Romeleklint \u2013 drugi najwy\u017cszy punkt grzbietu oraz ods\u0142oni\u0119ty skalisty obszar J\u00e4rnhatten. Romele\u00e5sen jest domem dla wielu gatunk\u00f3w zwierz\u0105t, takich jak daniele i jelenie szlachetne. Na swojej trasie nie mo\u017cna r\u00f3wnie\u017c pomin\u0105\u0107 Kullatorpet \u2013 dobrze zachowanego XIX-wiecznego gospodarstwa, kt\u00f3re jest otwarte dla zwiedzaj\u0105cych w niekt\u00f3re weekendy i \u015bwi\u0119ta.<\/p>\n<h2 style=\"text-align: justify;\">ATRAKCJE<\/h2>\n<p style=\"text-align: justify;\">P\u0142ywanie kajakiem lub kanadyjk\u0105. Otoczony z trzech stron Morzem Ba\u0142tyckim, usiany jeziorami i poprzecinany meandruj\u0105cymi potokami, region Skania jest popularnym miejscem w\u015br\u00f3d kajakarzy. Ci, kt\u00f3rzy poszukuj\u0105 cichego, magicznego odludzia, kieruj\u0105 si\u0119 na p\u00f3\u0142noc regionu. Inni kajakiem eksploruj\u0105 w\u0105skie kana\u0142y najwi\u0119kszego miasta Skanii \u2013 Malm\u00f6.<\/p>\n<p style=\"text-align: justify;\">Obserwowanie ptak\u00f3w. R\u00f3\u017cnorodno\u015b\u0107 ptak\u00f3w zamieszkuj\u0105cych Skani\u0119 jest zdumiewaj\u0105ca. Przebiega t\u0119dy najwa\u017cniejsza europejska trasa ptasich migracji. W okresie migracji z \u0142atwo\u015bci\u0105 zaobserwowa\u0107 mo\u017cna tu or\u0142y i \u017curawie.<\/p>\n<p style=\"text-align: justify;\">Odkrywanie Skanii na rowerze. D\u0142ugie i kr\u0119te wiejskie drogi i zapieraj\u0105ce dech w piersiach widoki to prawdziwy raj dla rowerzyst\u00f3w. Wyb\u00f3r \u015bcie\u017cek rowerowych w Skanii jest szeroki. Najpopularniejsz\u0105 spo\u015br\u00f3d nich jest Kattegattleden \u2013 najstarsza trasa rowerowa w Szwecji. Kattegattleden biegnie wzd\u0142u\u017c zachodniego wybrze\u017ca, od Helsingborga, jednego z najstarszych i najwi\u0119kszych miast Skanii, a\u017c do Goteborga, drugiego co do wielko\u015bci miasta Szwecji. Na prawie 400 kilometrach szlaku mo\u017cna rozkoszowa\u0107 si\u0119 wspania\u0142ym widokiem na skaliste wybrze\u017ca, piaszczyste pla\u017ce i malownicze wioski. Wi\u0119kszo\u015b\u0107 trasy jest wolna od samochod\u00f3w. Po drodze koniecznie odwiedzi\u0107 trzeba rezerwat przyrody Kullaberg, zamek Sofiero i park rozrywki Upzone. Wzd\u0142u\u017c trasy nie brakuje te\u017c kawiarni, restauracji i opcji zakwaterowania. Na turyst\u00f3w czekaj\u0105 nie tylko pensjonaty i hotele, ale te\u017c campingi. Sydostleden \u2013 szlak po\u0142udniowo-wschodni.<\/p>\n<p><\/p>","protected":false},"excerpt":{"rendered":"<p>LOKALIZACJA Skania to najbardziej wysuni\u0119ty na po\u0142udnie region Szwecji, odpowiadaj\u0105cy w du\u017cym stopniu po\u0142o\u017ceniu tradycyjnej prowincji Skania. Graniczy z regionami Halland, Kronoberg i Blekinge, a tak\u017ce \u0142\u0105czy si\u0119 z Dani\u0105 mostem Oresund. Siedzib\u0105 gubernatora Skanii jest miasto Malm\u00f6, za\u015b siedzib\u0105 Rady Regionalnej Skanii jest miasto Kristianstad. Wsp\u00f3\u0142rz\u0119dne: 55\u00b059\u203243\u2033 N 13\u00b026\u20323\u2033 E. MALOWNICZY KRAJOBRAZ Pi\u0119kno Skanii [&hellip;]<\/p>\n","protected":false},"author":3,"featured_media":0,"parent":457,"menu_order":0,"comment_status":"closed","ping_status":"closed","template":"","meta":[],"categories":[34,15,26],"tags":[],"_links":{"self":[{"href":"https:\/\/sbt.ug.edu.pl\/pl\/wp-json\/wp\/v2\/pages\/1841"}],"collection":[{"href":"https:\/\/sbt.ug.edu.pl\/pl\/wp-json\/wp\/v2\/pages"}],"about":[{"href":"https:\/\/sbt.ug.edu.pl\/pl\/wp-json\/wp\/v2\/types\/page"}],"author":[{"embeddable":true,"href":"https:\/\/sbt.ug.edu.pl\/pl\/wp-json\/wp\/v2\/users\/3"}],"replies":[{"embeddable":true,"href":"https:\/\/sbt.ug.edu.pl\/pl\/wp-json\/wp\/v2\/comments?post=1841"}],"version-history":[{"count":6,"href":"https:\/\/sbt.ug.edu.pl\/pl\/wp-json\/wp\/v2\/pages\/1841\/revisions"}],"predecessor-version":[{"id":5864,"href":"https:\/\/sbt.ug.edu.pl\/pl\/wp-json\/wp\/v2\/pages\/1841\/revisions\/5864"}],"up":[{"embeddable":true,"href":"https:\/\/sbt.ug.edu.pl\/pl\/wp-json\/wp\/v2\/pages\/457"}],"wp:attachment":[{"href":"https:\/\/sbt.ug.edu.pl\/pl\/wp-json\/wp\/v2\/media?parent=1841"}],"wp:term":[{"taxonomy":"category","embeddable":true,"href":"https:\/\/sbt.ug.edu.pl\/pl\/wp-json\/wp\/v2\/categories?post=1841"},{"taxonomy":"post_tag","embeddable":true,"href":"https:\/\/sbt.ug.edu.pl\/pl\/wp-json\/wp\/v2\/tags?post=1841"}],"curies":[{"name":"wp","href":"https:\/\/api.w.org\/{rel}","templated":true}]}}