{"id":1844,"date":"2019-07-10T13:24:54","date_gmt":"2019-07-10T11:24:54","guid":{"rendered":"https:\/\/southbaltic-tourist.eu\/?page_id=1844"},"modified":"2021-07-02T12:25:35","modified_gmt":"2021-07-02T11:25:35","slug":"9-jasmund-national-park","status":"publish","type":"page","link":"https:\/\/sbt.ug.edu.pl\/pl\/routes\/national-parks-exploration\/9-jasmund-national-park\/","title":{"rendered":"9. JASMUND NATIONAL PARK"},"content":{"rendered":"<p><\/p>\n<h2 style=\"text-align: justify;\">LOKALIZACJA<\/h2>\n<p style=\"text-align: justify;\">Park znajduje si\u0119 na wyspie Rugia w Meklemburgii-Pomorzu Przednim w Niemczech i obejmuje do\u015b\u0107 ma\u0142y obszar \u2013 31 km<sup>2<\/sup>.<\/p>\n<p><img decoding=\"async\" loading=\"lazy\" class=\"alignnone wp-image-1842 size-full\" src=\"https:\/\/southbaltic-tourist.eu\/wp-content\/uploads\/2019\/07\/8-3.jpg\" alt=\"\" width=\"1059\" height=\"654\" srcset=\"https:\/\/sbt.ug.edu.pl\/wp-content\/uploads\/2019\/07\/8-3.jpg 1059w, https:\/\/sbt.ug.edu.pl\/wp-content\/uploads\/2019\/07\/8-3-300x185.jpg 300w, https:\/\/sbt.ug.edu.pl\/wp-content\/uploads\/2019\/07\/8-3-768x474.jpg 768w, https:\/\/sbt.ug.edu.pl\/wp-content\/uploads\/2019\/07\/8-3-1024x632.jpg 1024w, https:\/\/sbt.ug.edu.pl\/wp-content\/uploads\/2019\/07\/8-3-150x93.jpg 150w\" sizes=\"(max-width: 1059px) 100vw, 1059px\" \/><\/p>\n<h2 style=\"text-align: justify;\">MALOWNICZY KRAJOBRAZ<\/h2>\n<p style=\"text-align: justify;\">Park Narodowy Jasmund s\u0142ynie z wielkich kredowych klif\u00f3w, kt\u00f3re stanowi\u0105 12 km wybrze\u017ca i si\u0119gaj\u0105 ponad 100 m n.p.m. Biel klif\u00f3w wyr\u00f3\u017cnia si\u0119 na tle niebieskiego Ba\u0142tyku i zieleni staro\u017cytnych las\u00f3w bukowych. Taka sceneria wita turyst\u00f3w przyp\u0142ywaj\u0105cych promem ze Szwecji do Niemiec i jest cz\u0119sto ich pierwszym wra\u017ceniem o Europie \u015arodkowej. Najbardziej charakterystyczn\u0105 ska\u0142\u0105 kredow\u0105 jest tak zwany K\u00f6nigsstuhl (niem. = \u201eKr\u00f3lewskie krzes\u0142o\u201d) o wysoko\u015bci 117 metr\u00f3w n.p.m. Kredowe wybrze\u017ce Rugii jest kolebk\u0105 niemieckiej turystyki. Pod koniec XVIII wieku wyj\u0105tkowe pi\u0119kno tych teren\u00f3w odkryli jako pierwsi malarze, wkr\u00f3tce potem \u2013 pisarze, naukowcy i cz\u0142onkowie rodziny kr\u00f3lewskiej. W ten spos\u00f3b sta\u0142y si\u0119 popularnym miejscem wypoczynku. Aby chroni\u0107 ten unikalny krajobraz ju\u017c w 1929 roku za\u0142o\u017cono tu rezerwat przyrody. W 1990 r., na kilka dni przed zjednoczeniem Niemiec, rezerwat zosta\u0142 powi\u0119kszony i przekszta\u0142cony w park narodowy. Dzi\u015b opr\u00f3cz klif\u00f3w jego teren obejmuje te\u017c lasy bukowe, \u017ar\u00f3d\u0142a, strumienie i torfowiska, a tak\u017ce 500-metrowy pas Morza Ba\u0142tyckiego. Maj\u0105c powierzchni\u0119 zaledwie 31 km\u00b2 jest najmniejszym parkiem narodowym w Niemczech. Ch\u0119tnie odwiedzanym przez turyst\u00f3w miejscem jest te\u017c Centrum Parku Narodowego K\u00f6nigsstuhl \u2013 jedno z najpopularniejszych centr\u00f3w park\u00f3w narodowych w Niemczech. W 2011 r. le\u017c\u0105ce na terenie Parku Narodowego Jasmund staro\u017cytne lasy bukowe, jako przed\u0142u\u017cenie pierwotnych las\u00f3w bukowych Karpat, zosta\u0142y wpisane na List\u0119 \u015awiatowego Dziedzictwa UNESCO. Niemal 500 ha obszaru parku wesz\u0142o w sk\u0142ad kompleksu chronionych las\u00f3w pierwotnych znajduj\u0105cych si\u0119 na obszarach trzech pa\u0144stw. Ze wzgl\u0119du na szczeg\u00f3lne warunki geologiczne Park Jasmund jest domem dla wielu rzadkich gatunk\u00f3w ro\u015blin i zwierz\u0105t. W lasach Stubnitz, za klifami, znajduje si\u0119 wiele wype\u0142nionych wod\u0105 dolin i zag\u0142\u0119bie\u0144, z kt\u00f3rych wi\u0119kszo\u015b\u0107 powsta\u0142a w zwi\u0105zku z wyst\u0119powaniem na tym obszarze lodu martwego. Wyst\u0119puje tu ciekawa, zr\u00f3\u017cnicowana ro\u015blinno\u015b\u0107, np. olsza czarna, dzika jab\u0142o\u0144, jarz\u0105b brekinia, cis i storczyki (np. obuwik). Mo\u017cna tu spotka\u0107 ptaki, takie jak: bielik, zimorodek, okn\u00f3wka i sok\u00f3\u0142 w\u0119drowny.<\/p>\n<h2 style=\"text-align: justify;\">ATRAKCJE<\/h2>\n<p style=\"text-align: justify;\">1) Odwied\u017a Centrum Parku Narodowego K\u00f6nigsstuhl. Przygotowana dla turyst\u00f3w wystawa o powierzchni 2 000 m<sup>2<\/sup> wewn\u0105trz budynku oraz 28 000 m<sup>2<\/sup> na \u015bwie\u017cym powietrzu pozwoli Ci odkry\u0107 prawdziwe pi\u0119kno przyrody Parku Jasmund.<\/p>\n<p style=\"text-align: justify;\">2) Odwied\u017a punkt widokowy na skale K\u00f6nigsstuhl \u2013 118 metr\u00f3w nad poziomem Morza Ba\u0142tyckiego.<\/p>\n<p style=\"text-align: justify;\">3) Odwied\u017a Dinosaur Land.<\/p>\n<p style=\"text-align: justify;\">4) Odwied\u017a Centrum Natury na Rugii z olbrzymi\u0105 wie\u017c\u0105, z kt\u00f3rej mo\u017cna podziwia\u0107 niezwyk\u0142y krajobraz.<\/p>\n<p style=\"text-align: justify;\">5) Odwied\u017a muzea Rugii: muzeum \u0142odzi podwodnych i muzeum samochod\u00f3w klasycznych \u2013 Oldtimer Museum Rugen.<\/p>\n<p><\/p>","protected":false},"excerpt":{"rendered":"<p>LOKALIZACJA Park znajduje si\u0119 na wyspie Rugia w Meklemburgii-Pomorzu Przednim w Niemczech i obejmuje do\u015b\u0107 ma\u0142y obszar \u2013 31 km2. MALOWNICZY KRAJOBRAZ Park Narodowy Jasmund s\u0142ynie z wielkich kredowych klif\u00f3w, kt\u00f3re stanowi\u0105 12 km wybrze\u017ca i si\u0119gaj\u0105 ponad 100 m n.p.m. Biel klif\u00f3w wyr\u00f3\u017cnia si\u0119 na tle niebieskiego Ba\u0142tyku i zieleni staro\u017cytnych las\u00f3w bukowych. Taka [&hellip;]<\/p>\n","protected":false},"author":3,"featured_media":0,"parent":457,"menu_order":0,"comment_status":"closed","ping_status":"closed","template":"","meta":[],"categories":[34,15,26],"tags":[],"_links":{"self":[{"href":"https:\/\/sbt.ug.edu.pl\/pl\/wp-json\/wp\/v2\/pages\/1844"}],"collection":[{"href":"https:\/\/sbt.ug.edu.pl\/pl\/wp-json\/wp\/v2\/pages"}],"about":[{"href":"https:\/\/sbt.ug.edu.pl\/pl\/wp-json\/wp\/v2\/types\/page"}],"author":[{"embeddable":true,"href":"https:\/\/sbt.ug.edu.pl\/pl\/wp-json\/wp\/v2\/users\/3"}],"replies":[{"embeddable":true,"href":"https:\/\/sbt.ug.edu.pl\/pl\/wp-json\/wp\/v2\/comments?post=1844"}],"version-history":[{"count":5,"href":"https:\/\/sbt.ug.edu.pl\/pl\/wp-json\/wp\/v2\/pages\/1844\/revisions"}],"predecessor-version":[{"id":5865,"href":"https:\/\/sbt.ug.edu.pl\/pl\/wp-json\/wp\/v2\/pages\/1844\/revisions\/5865"}],"up":[{"embeddable":true,"href":"https:\/\/sbt.ug.edu.pl\/pl\/wp-json\/wp\/v2\/pages\/457"}],"wp:attachment":[{"href":"https:\/\/sbt.ug.edu.pl\/pl\/wp-json\/wp\/v2\/media?parent=1844"}],"wp:term":[{"taxonomy":"category","embeddable":true,"href":"https:\/\/sbt.ug.edu.pl\/pl\/wp-json\/wp\/v2\/categories?post=1844"},{"taxonomy":"post_tag","embeddable":true,"href":"https:\/\/sbt.ug.edu.pl\/pl\/wp-json\/wp\/v2\/tags?post=1844"}],"curies":[{"name":"wp","href":"https:\/\/api.w.org\/{rel}","templated":true}]}}