{"id":188,"date":"2018-11-02T23:27:55","date_gmt":"2018-11-02T22:27:55","guid":{"rendered":"http:\/\/southbaltic-tourist.eu\/?page_id=188"},"modified":"2021-06-10T15:42:01","modified_gmt":"2021-06-10T14:42:01","slug":"1-ru%cc%88gen-surfhotspot","status":"publish","type":"page","link":"https:\/\/sbt.ug.edu.pl\/pl\/routes\/windsurfing-exploration\/1-ru%cc%88gen-surfhotspot\/","title":{"rendered":"1. RUGIA \u2013 MIEJSCA SURFINGOWE"},"content":{"rendered":"<p><\/p>\n<p style=\"text-align: justify;\"><strong>LOKALIZACJA<\/strong><\/p>\n<p style=\"text-align: justify;\">Wyspa Rugia znajduje si\u0119 na p\u00f3\u0142nocno-wschodnim wybrze\u017cu Meklemburgii &#8211; zachodniopomorskiego regionu Niemiec. Jest dogodnie zlokalizowana w pobli\u017cu g\u0142\u00f3wnego po\u0142\u0105czenia promowego Niemiec ze Szwecj\u0105. Miejsca kitesurfingowe s\u0105 rozsiane po ca\u0142ym wybrze\u017cu wyspy (zobacz na mapie), a windsurferzy mog\u0105 cieszy\u0107 si\u0119 pe\u0142n\u0105 gam\u0105 wiatr\u00f3w. Po\u0142o\u017cenie geograficzne kraju zwi\u0105zkowego Meklemburgii-Pomorza Przedniego w Niemczech wynosi: 54\u00b025\u2032N\u00a013\u00b022\u2032E (punkt centralny).<\/p>\n<p style=\"text-align: justify;\"><img decoding=\"async\" loading=\"lazy\" class=\"alignnone wp-image-195\" src=\"https:\/\/southbaltic-tourist.eu\/wp-content\/uploads\/2018\/11\/Zrzut-ekranu-2018-11-02-o-23.30.50.png\" alt=\"\" width=\"522\" height=\"300\" srcset=\"https:\/\/sbt.ug.edu.pl\/wp-content\/uploads\/2018\/11\/Zrzut-ekranu-2018-11-02-o-23.30.50.png 786w, https:\/\/sbt.ug.edu.pl\/wp-content\/uploads\/2018\/11\/Zrzut-ekranu-2018-11-02-o-23.30.50-300x173.png 300w, https:\/\/sbt.ug.edu.pl\/wp-content\/uploads\/2018\/11\/Zrzut-ekranu-2018-11-02-o-23.30.50-768x442.png 768w\" sizes=\"(max-width: 522px) 100vw, 522px\" \/>\u00a0 \u00a0 \u00a0 \u00a0 \u00a0\u00a0 <a href=\"https:\/\/www.google.com\/maps\/place\/54%C2%B025'00.0%22N+13%C2%B022'00.0%22E\/@54.4015084,13.27895,10.9z\/data=!4m5!3m4!1s0x0:0x0!8m2!3d54.4166667!4d13.3666667\" target=\"_blank\" rel=\"noopener noreferrer\"><img decoding=\"async\" loading=\"lazy\" class=\"alignnone wp-image-5095\" src=\"https:\/\/southbaltic-tourist.eu\/wp-content\/uploads\/2020\/01\/r1a1_Rugen_Surfing_slim-01-1024x595.png\" alt=\"\" width=\"516\" height=\"300\" srcset=\"https:\/\/sbt.ug.edu.pl\/wp-content\/uploads\/2020\/01\/r1a1_Rugen_Surfing_slim-01-1024x595.png 1024w, https:\/\/sbt.ug.edu.pl\/wp-content\/uploads\/2020\/01\/r1a1_Rugen_Surfing_slim-01-300x174.png 300w, https:\/\/sbt.ug.edu.pl\/wp-content\/uploads\/2020\/01\/r1a1_Rugen_Surfing_slim-01-768x446.png 768w, https:\/\/sbt.ug.edu.pl\/wp-content\/uploads\/2020\/01\/r1a1_Rugen_Surfing_slim-01-1536x893.png 1536w, https:\/\/sbt.ug.edu.pl\/wp-content\/uploads\/2020\/01\/r1a1_Rugen_Surfing_slim-01-150x87.png 150w, https:\/\/sbt.ug.edu.pl\/wp-content\/uploads\/2020\/01\/r1a1_Rugen_Surfing_slim-01.png 1600w\" sizes=\"(max-width: 516px) 100vw, 516px\" \/><\/a><\/p>\n<p style=\"text-align: justify;\"><a href=\"https:\/\/www.google.com\/maps\/place\/Rugia\/@54.4530887,13.1601055,10z\/data=!3m1!4b1!4m5!3m4!1s0x47ab43be69cbbd7f:0x80ba77d923cc7534!8m2!3d54.3519967!4d13.3630491\" target=\"_blank\" rel=\"noopener noreferrer\">View on Google Maps<\/a><\/p>\n<p style=\"text-align: justify;\"><strong>SPOTY WIATROWE RUGII <\/strong><\/p>\n<p style=\"text-align: justify;\">Spoty wiatrowe znajduj\u0105 si\u0119 na ca\u0142ej wyspie, co pozwala surferom na maksymalne wykorzystanie wiatr\u00f3w wielokierunkowych i do\u015bwiadczenie r\u00f3\u017cnorodnych warunk\u00f3w surfingowych. Pasjonaci surfingu zazwyczaj planuj\u0105 sw\u00f3j dzie\u0144 strategicznie &#8211; na podstawie lokalnych prognoz wiatru. Spoty na wyspie Rugia s\u0105 rozmieszczone stosunkowo blisko siebie, wi\u0119c przemieszczanie si\u0119 pomi\u0119dzy nimi zazwyczaj nie trwa d\u0142u\u017cej ni\u017c godzin\u0119. Wi\u0119kszo\u015b\u0107 spot\u00f3w surfingowych jest \u0142atwo dost\u0119pna i posiada bia\u0142e w\u0105skie pla\u017ce oraz p\u0142ytkie wody. Najlepszymi porami dla surfer\u00f3w s\u0105 wiosna i jesie\u0144. Latem wyst\u0119puj\u0105 znacznie silniejsze wiatry. Wiele miejsc w Rugii jest wykorzystywanych do nauki surfowania i lekcji dla pocz\u0105tkuj\u0105cych (np. Suhrendorf, Wiek, Thiesow itp.). Z kolei spot Neu Murkan staje si\u0119 rajem dla do\u015bwiadczonych surfer\u00f3w, jak tylko pojawi si\u0119 na nim wschodni wiatr. Spoty Rugii s\u0105 najcz\u0119\u015bciej odwiedzane przez surfer\u00f3w z Polski oraz Niemiec.<\/p>\n<p style=\"text-align: justify;\"><strong>ATRAKCJE<\/strong><\/p>\n<p style=\"text-align: justify;\">Rugia jest przepi\u0119knym miejscem obfitym w r\u00f3\u017cnorodne wybrze\u017ca, pocz\u0105wszy od z\u0142otych pla\u017c, a\u017c po bia\u0142e kredowe klify, laguny i p\u0142ytkie zatoki. Wi\u0119kszo\u015b\u0107 wyspy jest bogato zalesiona. Cz\u0119\u015b\u0107 terenu zajmuje Park Narodowy Jasmund, gdzie mo\u017cna delektowa\u0107 si\u0119 przyrod\u0105, je\u017adzi\u0107 na rowerze, spacerowa\u0107 itp. Na Rugii znajduje si\u0119 tak\u017ce wiele ciekawych muze\u00f3w (takich jak oceanarium) i niecodziennych osobliwo\u015bci architektonicznych (np. dom wakacyjny w Binz \u2013 najd\u0142u\u017cszy budynek w ca\u0142ych Niemczech). Co wi\u0119cej, Rugia dostarcza niezwyk\u0142ych dozna\u0144 kulinarnych i szeroki wachlarz mo\u017cliwo\u015bci zakwaterowania, zw\u0142aszcza przed lub po letnim sezonie (lipiec-sierpie\u0144). Na wyspie znajduj\u0105 si\u0119 tak\u017ce doskona\u0142e trasy rowerowe.<\/p>\n<p style=\"text-align: justify;\"><div class=\"rl-gallery-container rl-loading\" id=\"rl-gallery-container-3\" data-gallery_id=\"240\"> <div class=\"rl-gallery rl-basicgrid-gallery \" id=\"rl-gallery-3\" data-gallery_no=\"3\"> <div class=\"rl-gallery-item\"><a href=\"https:\/\/sbt.ug.edu.pl\/wp-content\/uploads\/2018\/05\/DSC_0036.00_00_03_19.Still004.png\" title=\"fot. Jan kowalski - port Xyz\" data-rl_title=\"fot. Jan kowalski - port Xyz\" class=\"rl-gallery-link\" data-rl_caption=\"fot. Jan kowalski - port Xyz\" data-rel=\"lightbox-gallery-3\"><img src=\"https:\/\/sbt.ug.edu.pl\/wp-content\/uploads\/2018\/05\/DSC_0036.00_00_03_19.Still004-300x199.png\" width=\"300\" height=\"199\" alt=\"alt text\" \/><\/a><\/div><div class=\"rl-gallery-item\"><a href=\"https:\/\/sbt.ug.edu.pl\/wp-content\/uploads\/2018\/05\/DSC_0036.00_00_03_19.Still011.png\" title=\"fot. Stanis\u0142awa Kowalewska-Kawalkowicz - zamek pr\u00f3bny opis text\" data-rl_title=\"fot. Stanis\u0142awa Kowalewska-Kawalkowicz - zamek pr\u00f3bny opis text\" class=\"rl-gallery-link\" data-rl_caption=\"fot. Stanis\u0142awa Kowalewska-Kawalkowicz - zamek pr\u00f3bny opis text\" data-rel=\"lightbox-gallery-3\"><img src=\"https:\/\/sbt.ug.edu.pl\/wp-content\/uploads\/2018\/05\/DSC_0036.00_00_03_19.Still011-300x199.png\" width=\"300\" height=\"199\" alt=\"\" \/><\/a><\/div><div class=\"rl-gallery-item\"><a href=\"https:\/\/sbt.ug.edu.pl\/wp-content\/uploads\/2018\/05\/DSC_0036.00_00_03_19.Still019.jpg\" title=\"fot. Jan kowalski\" data-rl_title=\"fot. Jan kowalski\" class=\"rl-gallery-link\" data-rl_caption=\"fot. Jan kowalski\" data-rel=\"lightbox-gallery-3\"><img src=\"https:\/\/sbt.ug.edu.pl\/wp-content\/uploads\/2018\/05\/DSC_0036.00_00_03_19.Still019-300x199.jpg\" width=\"300\" height=\"199\" alt=\"\" \/><\/a><\/div><div class=\"rl-gallery-item\"><a href=\"https:\/\/sbt.ug.edu.pl\/wp-content\/uploads\/2018\/05\/DSC_0036.00_00_03_19.Still017.png\" title=\"\" data-rl_title=\"\" class=\"rl-gallery-link\" data-rl_caption=\"\" data-rel=\"lightbox-gallery-3\"><img src=\"https:\/\/sbt.ug.edu.pl\/wp-content\/uploads\/2018\/05\/DSC_0036.00_00_03_19.Still017-300x199.png\" width=\"300\" height=\"199\" alt=\"\" \/><\/a><\/div><div class=\"rl-gallery-item\"><a href=\"https:\/\/sbt.ug.edu.pl\/wp-content\/uploads\/2018\/06\/DSC_0036.00_00_03_19.Still005.png\" title=\"\" data-rl_title=\"\" class=\"rl-gallery-link\" data-rl_caption=\"\" data-rel=\"lightbox-gallery-3\"><img src=\"https:\/\/sbt.ug.edu.pl\/wp-content\/uploads\/2018\/06\/DSC_0036.00_00_03_19.Still005-300x199.png\" width=\"300\" height=\"199\" alt=\"\" \/><\/a><\/div><div class=\"rl-gallery-item\"><a href=\"https:\/\/sbt.ug.edu.pl\/wp-content\/uploads\/2018\/05\/DSC_0036.00_00_05_17.Still002.png\" title=\"\" data-rl_title=\"\" class=\"rl-gallery-link\" data-rl_caption=\"\" data-rel=\"lightbox-gallery-3\"><img src=\"https:\/\/sbt.ug.edu.pl\/wp-content\/uploads\/2018\/05\/DSC_0036.00_00_05_17.Still002-300x199.png\" width=\"300\" height=\"199\" alt=\"\" \/><\/a><\/div><div class=\"rl-gallery-item\"><a href=\"https:\/\/sbt.ug.edu.pl\/wp-content\/uploads\/2018\/05\/DSC_0036.00_00_025_17.Still002.png\" title=\"\" data-rl_title=\"\" class=\"rl-gallery-link\" data-rl_caption=\"\" data-rel=\"lightbox-gallery-3\"><img src=\"https:\/\/sbt.ug.edu.pl\/wp-content\/uploads\/2018\/05\/DSC_0036.00_00_025_17.Still002-300x199.png\" width=\"300\" height=\"199\" alt=\"\" \/><\/a><\/div><div class=\"rl-gallery-item\"><a href=\"https:\/\/sbt.ug.edu.pl\/wp-content\/uploads\/2018\/05\/DSC_0070-Meeting-in-Grainwald.jpg\" title=\"\" data-rl_title=\"\" class=\"rl-gallery-link\" data-rl_caption=\"\" data-rel=\"lightbox-gallery-3\"><img src=\"https:\/\/sbt.ug.edu.pl\/wp-content\/uploads\/2018\/05\/DSC_0070-Meeting-in-Grainwald-300x199.jpg\" width=\"300\" height=\"199\" alt=\"\" \/><\/a><\/div><div class=\"rl-gallery-item\"><a href=\"https:\/\/sbt.ug.edu.pl\/wp-content\/uploads\/2018\/06\/DSC_0036.00_00_02_21.Still001.png\" title=\"\" data-rl_title=\"\" class=\"rl-gallery-link\" data-rl_caption=\"\" data-rel=\"lightbox-gallery-3\"><img src=\"https:\/\/sbt.ug.edu.pl\/wp-content\/uploads\/2018\/06\/DSC_0036.00_00_02_21.Still001-300x199.png\" width=\"300\" height=\"199\" alt=\"\" \/><\/a><\/div><div class=\"rl-gallery-item\"><a href=\"https:\/\/sbt.ug.edu.pl\/wp-content\/uploads\/2018\/05\/DSC_0055.gif\" title=\"\" data-rl_title=\"\" class=\"rl-gallery-link\" data-rl_caption=\"\" data-rel=\"lightbox-gallery-3\"><img src=\"https:\/\/sbt.ug.edu.pl\/wp-content\/uploads\/2018\/05\/DSC_0055-300x199.gif\" width=\"300\" height=\"199\" alt=\"\" \/><\/a><\/div><div class=\"rl-gallery-item\"><a href=\"https:\/\/sbt.ug.edu.pl\/wp-content\/uploads\/2018\/05\/DSC_1486.jpg\" title=\"\" data-rl_title=\"\" class=\"rl-gallery-link\" data-rl_caption=\"\" data-rel=\"lightbox-gallery-3\"><img src=\"https:\/\/sbt.ug.edu.pl\/wp-content\/uploads\/2018\/05\/DSC_1486-300x199.jpg\" width=\"300\" height=\"199\" alt=\"\" \/><\/a><\/div><div class=\"rl-gallery-item\"><a href=\"https:\/\/sbt.ug.edu.pl\/wp-content\/uploads\/2018\/07\/P1010638.jpg\" title=\"\" data-rl_title=\"\" class=\"rl-gallery-link\" data-rl_caption=\"\" data-rel=\"lightbox-gallery-3\"><img src=\"https:\/\/sbt.ug.edu.pl\/wp-content\/uploads\/2018\/07\/P1010638-300x225.jpg\" width=\"300\" height=\"225\" alt=\"\" \/><\/a><\/div> <\/div> <h4 class=\"rl-gallery-title\">test gallery<\/h4><div class=\"rl-gallery-description\"><\/div> <\/div><\/p>\n<h2 style=\"text-align: justify;\"><strong>Move to Attractions bellow or -&gt;<a href=\"https:\/\/southbaltic-tourist.eu\/routes\/windsurfing-exploration\/2-ru%cc%88gen-biking\/\">Move to Attraction No. 2 <\/a><br \/>\n<\/strong><\/h2>\n<p style=\"text-align: justify;\">\n<p><\/p>","protected":false},"excerpt":{"rendered":"<p>LOKALIZACJA Wyspa Rugia znajduje si\u0119 na p\u00f3\u0142nocno-wschodnim wybrze\u017cu Meklemburgii &#8211; zachodniopomorskiego regionu Niemiec. Jest dogodnie zlokalizowana w pobli\u017cu g\u0142\u00f3wnego po\u0142\u0105czenia promowego Niemiec ze Szwecj\u0105. Miejsca kitesurfingowe s\u0105 rozsiane po ca\u0142ym wybrze\u017cu wyspy (zobacz na mapie), a windsurferzy mog\u0105 cieszy\u0107 si\u0119 pe\u0142n\u0105 gam\u0105 wiatr\u00f3w. Po\u0142o\u017cenie geograficzne kraju zwi\u0105zkowego Meklemburgii-Pomorza Przedniego w Niemczech wynosi: 54\u00b025\u2032N\u00a013\u00b022\u2032E (punkt centralny). [&hellip;]<\/p>\n","protected":false},"author":1,"featured_media":0,"parent":174,"menu_order":0,"comment_status":"closed","ping_status":"closed","template":"","meta":[],"categories":[34,12,9],"tags":[],"_links":{"self":[{"href":"https:\/\/sbt.ug.edu.pl\/pl\/wp-json\/wp\/v2\/pages\/188"}],"collection":[{"href":"https:\/\/sbt.ug.edu.pl\/pl\/wp-json\/wp\/v2\/pages"}],"about":[{"href":"https:\/\/sbt.ug.edu.pl\/pl\/wp-json\/wp\/v2\/types\/page"}],"author":[{"embeddable":true,"href":"https:\/\/sbt.ug.edu.pl\/pl\/wp-json\/wp\/v2\/users\/1"}],"replies":[{"embeddable":true,"href":"https:\/\/sbt.ug.edu.pl\/pl\/wp-json\/wp\/v2\/comments?post=188"}],"version-history":[{"count":35,"href":"https:\/\/sbt.ug.edu.pl\/pl\/wp-json\/wp\/v2\/pages\/188\/revisions"}],"predecessor-version":[{"id":5804,"href":"https:\/\/sbt.ug.edu.pl\/pl\/wp-json\/wp\/v2\/pages\/188\/revisions\/5804"}],"up":[{"embeddable":true,"href":"https:\/\/sbt.ug.edu.pl\/pl\/wp-json\/wp\/v2\/pages\/174"}],"wp:attachment":[{"href":"https:\/\/sbt.ug.edu.pl\/pl\/wp-json\/wp\/v2\/media?parent=188"}],"wp:term":[{"taxonomy":"category","embeddable":true,"href":"https:\/\/sbt.ug.edu.pl\/pl\/wp-json\/wp\/v2\/categories?post=188"},{"taxonomy":"post_tag","embeddable":true,"href":"https:\/\/sbt.ug.edu.pl\/pl\/wp-json\/wp\/v2\/tags?post=188"}],"curies":[{"name":"wp","href":"https:\/\/api.w.org\/{rel}","templated":true}]}}