{"id":190,"date":"2018-11-02T23:29:27","date_gmt":"2018-11-02T22:29:27","guid":{"rendered":"http:\/\/southbaltic-tourist.eu\/?page_id=190"},"modified":"2021-06-10T15:41:21","modified_gmt":"2021-06-10T14:41:21","slug":"2-rugen-biking","status":"publish","type":"page","link":"https:\/\/sbt.ug.edu.pl\/pl\/routes\/windsurfing-exploration\/2-rugen-biking\/","title":{"rendered":"2. RUGIA \u2013 JAZDA NA ROWERZE"},"content":{"rendered":"<p><\/p>\n<p style=\"text-align: justify;\">Wyspa Rugia znajduje si\u0119 na p\u00f3\u0142nocno-wschodnim wybrze\u017cu Meklemburgii &#8211; zachodniopomorskiego regionu Niemiec. Jest dogodnie zlokalizowana w pobli\u017cu g\u0142\u00f3wnego po\u0142\u0105czenia promowego Niemiec ze Szwecj\u0105. \u015acie\u017cki rowerowe znajduj\u0105 si\u0119 na wschodnim wybrze\u017cu wyspy i \u0142\u0105cz\u0105 kilka spot\u00f3w surfingowych (zobacz na mapie). Surferzy mog\u0105 wykorzysta\u0107 rowery jako \u015brodek transportu lub jako przerywnik od trening\u00f3w. Po\u0142o\u017cenie geograficzne kraju zwi\u0105zkowego Meklemburgii-Pomorza Przedniego w Niemczech wynosi: 54\u00b025\u2032N 13\u00b022\u2032E (punkt centralny).<\/p>\n<p style=\"text-align: justify;\"><img decoding=\"async\" loading=\"lazy\" class=\"alignnone wp-image-206\" src=\"https:\/\/southbaltic-tourist.eu\/wp-content\/uploads\/2018\/11\/Zrzut-ekranu-2018-11-02-o-23.43.19.png\" alt=\"\" width=\"532\" height=\"300\" srcset=\"https:\/\/sbt.ug.edu.pl\/wp-content\/uploads\/2018\/11\/Zrzut-ekranu-2018-11-02-o-23.43.19.png 1082w, https:\/\/sbt.ug.edu.pl\/wp-content\/uploads\/2018\/11\/Zrzut-ekranu-2018-11-02-o-23.43.19-300x169.png 300w, https:\/\/sbt.ug.edu.pl\/wp-content\/uploads\/2018\/11\/Zrzut-ekranu-2018-11-02-o-23.43.19-768x433.png 768w, https:\/\/sbt.ug.edu.pl\/wp-content\/uploads\/2018\/11\/Zrzut-ekranu-2018-11-02-o-23.43.19-1024x577.png 1024w\" sizes=\"(max-width: 532px) 100vw, 532px\" \/> \u00a0\u00a0 \u00a0<a href=\"https:\/\/southbaltic-tourist.eu\/wp-content\/uploads\/2020\/01\/r1a2_Rugen_Biking_slim.png\" rel=\"noopener noreferrer\" data-rel=\"lightbox-gallery-K0Mv6VL7\" data-rl_title=\"\" data-rl_caption=\"\" title=\"\"><img decoding=\"async\" loading=\"lazy\" class=\"alignnone wp-image-5102\" src=\"https:\/\/southbaltic-tourist.eu\/wp-content\/uploads\/2020\/01\/r1a2_Rugen_Biking_slim-300x175.png\" alt=\"\" width=\"516\" height=\"300\" srcset=\"https:\/\/sbt.ug.edu.pl\/wp-content\/uploads\/2020\/01\/r1a2_Rugen_Biking_slim-300x175.png 300w, https:\/\/sbt.ug.edu.pl\/wp-content\/uploads\/2020\/01\/r1a2_Rugen_Biking_slim-1024x596.png 1024w, https:\/\/sbt.ug.edu.pl\/wp-content\/uploads\/2020\/01\/r1a2_Rugen_Biking_slim-768x447.png 768w, https:\/\/sbt.ug.edu.pl\/wp-content\/uploads\/2020\/01\/r1a2_Rugen_Biking_slim-1536x894.png 1536w, https:\/\/sbt.ug.edu.pl\/wp-content\/uploads\/2020\/01\/r1a2_Rugen_Biking_slim-150x87.png 150w, https:\/\/sbt.ug.edu.pl\/wp-content\/uploads\/2020\/01\/r1a2_Rugen_Biking_slim.png 1600w\" sizes=\"(max-width: 516px) 100vw, 516px\" \/><\/a><\/p>\n<p style=\"text-align: justify;\"><a href=\"https:\/\/www.google.com\/maps\/place\/Rugia\/@54.4530887,13.1601055,10z\/data=!3m1!4b1!4m5!3m4!1s0x47ab43be69cbbd7f:0x80ba77d923cc7534!8m2!3d54.3519967!4d13.3630491\" target=\"_blank\" rel=\"noopener noreferrer\">View on Google Maps<\/a><\/p>\n<p style=\"text-align: justify;\"><strong>WIDOKOWY CHARAKTER<\/strong><\/p>\n<p style=\"text-align: justify;\">Neu Murkan to jedno z najmodniejszych miejsc surfingowych na wyspie Rugia. To w\u0142a\u015bnie z tego miejsca najlepiej rozpocz\u0105\u0107 ka\u017cd\u0105 rowerow\u0105 wypraw\u0119 po wyspie. Trasa rowerowa biegnie wzd\u0142u\u017c wybrze\u017ca na po\u0142udnie, docieraj\u0105c do Binz oraz Sellin, a nast\u0119pnie dalej na po\u0142udnie do Thiessow. Jest stosunkowo p\u0142aska i prowadzi przez zielone, zalesione tereny. Ta 35-kilometrowa \u015bcie\u017cka jest usiana restauracjami i kawiarniami, a tak\u017ce kilkoma pla\u017cami i k\u0105pieliskami. Poziom trudno\u015bci trasy jest \u0142atwy\/ \u015bredniozaawansowany, w wi\u0119kszo\u015bci z utwardzon\u0105 nawierzchni\u0105. Podczas jazdy mo\u017cliwe jest zrobienie postoju na zwiedzanie (na trasie znajduje si\u0119 kilka zabytk\u00f3w). Trasa ko\u0144czy si\u0119 w wiosce Thiessow &#8211; jednym z najlepszych miejsc do uprawiania windsurfingu w po\u0142udniowej Rugii.<\/p>\n<p style=\"text-align: justify;\"><strong>ATRAKCJE<\/strong><\/p>\n<p style=\"text-align: justify;\">Ca\u0142a wyspa Rugia jest przepi\u0119knym miejscem obfitym w r\u00f3\u017cnorodne wybrze\u017ca, pocz\u0105wszy od \u017c\u00f3\u0142tych pla\u017c, a\u017c po bia\u0142e kredowe klify, laguny i p\u0142ytkie zatoki. Wi\u0119kszo\u015b\u0107 wyspy jest bogato zalesiona. Cz\u0119\u015b\u0107 terenu zajmuje Park Narodowy Jasmund, gdzie mo\u017cna delektowa\u0107 si\u0119 przyrod\u0105, je\u017adzi\u0107 na rowerze, spacerowa\u0107 itp. Na Rugii znajduje si\u0119 tak\u017ce wiele ciekawych muze\u00f3w (takich jak oceanarium) i niecodziennych osobliwo\u015bci (np. dom wakacyjny w Binz &#8211; budynek w ca\u0142ych Niemczech). Co wi\u0119cej Rugia dostarcza niezwyk\u0142ych dozna\u0144 kulinarnych i szeroki wachlarz mo\u017cliwo\u015bci zakwaterowania, zw\u0142aszcza przed lub po letnim sezonie (lipiec-sierpie\u0144).<\/p>\n<h2 style=\"text-align: justify;\"><strong>Move to Attractions bellow or -&gt;<a href=\"https:\/\/southbaltic-tourist.eu\/routes\/windsurfing-exploration\/3-lubmin-surfhotspot\/\">Move to Attraction No. 3<\/a><\/strong><\/h2>\n<h2 style=\"text-align: justify;\">Move to Attr &#8230;.\u00a0 or <a href=\"https:\/\/southbaltic-tourist.eu\/routes\/windsurfing-exploration\/3-lubmin-surfhotspot\/\">move to ar 3<\/a><\/h2>\n<p><code><div class=\"rl-gallery-container rl-loading\" id=\"rl-gallery-container-2\" data-gallery_id=\"1181\"> <div class=\"rl-gallery rl-basicgrid-gallery \" id=\"rl-gallery-2\" data-gallery_no=\"2\"> <div class=\"rl-gallery-item\"><a href=\"https:\/\/sbt.ug.edu.pl\/wp-content\/uploads\/2019\/07\/1.-Biking-signs-in-the-Island-Reugen-R2.A2..jpg\" title=\"1. Biking signs in the Island Reugen, author: Przemyslaw Kulawczuk \/ BHR\" data-rl_title=\"1. Biking signs in the Island Reugen, author: Przemyslaw Kulawczuk \/ BHR\" class=\"rl-gallery-link\" data-rl_caption=\"\" data-rel=\"lightbox-gallery-2\"><img src=\"https:\/\/sbt.ug.edu.pl\/wp-content\/uploads\/2019\/07\/1.-Biking-signs-in-the-Island-Reugen-R2.A2.-768x512.jpg\" width=\"640\" height=\"427\" alt=\"\" \/><\/a><\/div><div class=\"rl-gallery-item\"><a href=\"https:\/\/sbt.ug.edu.pl\/wp-content\/uploads\/2019\/07\/2.-Final-end-to-biking-route-in-Thiessow-R2.A2..jpg\" title=\"2. Final end to biking route in Thiessow, author: Przemyslaw Kulawczuk \/ BHR\" data-rl_title=\"2. Final end to biking route in Thiessow, author: Przemyslaw Kulawczuk \/ BHR\" class=\"rl-gallery-link\" data-rl_caption=\"\" data-rel=\"lightbox-gallery-2\"><img src=\"https:\/\/sbt.ug.edu.pl\/wp-content\/uploads\/2019\/07\/2.-Final-end-to-biking-route-in-Thiessow-R2.A2.-768x512.jpg\" width=\"640\" height=\"427\" alt=\"\" \/><\/a><\/div><div class=\"rl-gallery-item\"><a href=\"https:\/\/sbt.ug.edu.pl\/wp-content\/uploads\/2019\/07\/3.-Biking-route-in-Binz-R2.A2..jpg\" title=\"3. Biking route in Binz, author: Przemyslaw Kulawczuk \/ BHR\" data-rl_title=\"3. Biking route in Binz, author: Przemyslaw Kulawczuk \/ BHR\" class=\"rl-gallery-link\" data-rl_caption=\"\" data-rel=\"lightbox-gallery-2\"><img src=\"https:\/\/sbt.ug.edu.pl\/wp-content\/uploads\/2019\/07\/3.-Biking-route-in-Binz-R2.A2.-768x512.jpg\" width=\"640\" height=\"427\" alt=\"\" \/><\/a><\/div><div class=\"rl-gallery-item\"><a href=\"https:\/\/sbt.ug.edu.pl\/wp-content\/uploads\/2019\/07\/4.-Sassnitz-tourist-resort-R2.A2..jpg\" title=\"4. Sassnitz tourist resort, author: Przemyslaw Kulawczuk \/ BHR\" data-rl_title=\"4. Sassnitz tourist resort, author: Przemyslaw Kulawczuk \/ BHR\" class=\"rl-gallery-link\" data-rl_caption=\"\" data-rel=\"lightbox-gallery-2\"><img src=\"https:\/\/sbt.ug.edu.pl\/wp-content\/uploads\/2019\/07\/4.-Sassnitz-tourist-resort-R2.A2.-768x509.jpg\" width=\"640\" height=\"424\" alt=\"\" \/><\/a><\/div><div class=\"rl-gallery-item\"><a href=\"https:\/\/sbt.ug.edu.pl\/wp-content\/uploads\/2019\/07\/5.-Binz-town-outlook-R2.A2..jpg\" title=\"5. Binz town outlook, author: Przemyslaw Kulawczuk \/ BHR\" data-rl_title=\"5. Binz town outlook, author: Przemyslaw Kulawczuk \/ BHR\" class=\"rl-gallery-link\" data-rl_caption=\"\" data-rel=\"lightbox-gallery-2\"><img src=\"https:\/\/sbt.ug.edu.pl\/wp-content\/uploads\/2019\/07\/5.-Binz-town-outlook-R2.A2.-768x509.jpg\" width=\"640\" height=\"424\" alt=\"\" \/><\/a><\/div><div class=\"rl-gallery-item\"><a href=\"https:\/\/sbt.ug.edu.pl\/wp-content\/uploads\/2019\/07\/6.-Marina-in-Wiek-R2.A2..jpg\" title=\"6. Marina in Wiek, author: Przemyslaw Kulawczuk\" data-rl_title=\"6. Marina in Wiek, author: Przemyslaw Kulawczuk\" class=\"rl-gallery-link\" data-rl_caption=\"\" data-rel=\"lightbox-gallery-2\"><img src=\"https:\/\/sbt.ug.edu.pl\/wp-content\/uploads\/2019\/07\/6.-Marina-in-Wiek-R2.A2.-768x512.jpg\" width=\"640\" height=\"427\" alt=\"\" \/><\/a><\/div><div class=\"rl-gallery-item\"><a href=\"https:\/\/sbt.ug.edu.pl\/wp-content\/uploads\/2019\/07\/7.-Beach-in-Binz-R2.A2..jpg\" title=\"7. Beach in Binz, author: Przemyslaw Kulawczuk \/ BHR\" data-rl_title=\"7. Beach in Binz, author: Przemyslaw Kulawczuk \/ BHR\" class=\"rl-gallery-link\" data-rl_caption=\"\" data-rel=\"lightbox-gallery-2\"><img src=\"https:\/\/sbt.ug.edu.pl\/wp-content\/uploads\/2019\/07\/7.-Beach-in-Binz-R2.A2.-768x512.jpg\" width=\"640\" height=\"427\" alt=\"\" \/><\/a><\/div><div class=\"rl-gallery-item\"><a href=\"https:\/\/sbt.ug.edu.pl\/wp-content\/uploads\/2019\/07\/8.-Resort-of-Binz-R2.A2..jpg\" title=\"8. Resort of Binz, author: Przemyslaw Kulawczuk \/ BHR\" data-rl_title=\"8. Resort of Binz, author: Przemyslaw Kulawczuk \/ BHR\" class=\"rl-gallery-link\" data-rl_caption=\"\" data-rel=\"lightbox-gallery-2\"><img src=\"https:\/\/sbt.ug.edu.pl\/wp-content\/uploads\/2019\/07\/8.-Resort-of-Binz-R2.A2.-768x509.jpg\" width=\"640\" height=\"424\" alt=\"\" \/><\/a><\/div><div class=\"rl-gallery-item\"><a href=\"https:\/\/sbt.ug.edu.pl\/wp-content\/uploads\/2019\/07\/9.-Fountain-square-in-Binz-R2.A2..jpg\" title=\"9. Fountain square in Binz, author: Przemyslaw Kulawczuk \/ BHR\" data-rl_title=\"9. Fountain square in Binz, author: Przemyslaw Kulawczuk \/ BHR\" class=\"rl-gallery-link\" data-rl_caption=\"\" data-rel=\"lightbox-gallery-2\"><img src=\"https:\/\/sbt.ug.edu.pl\/wp-content\/uploads\/2019\/07\/9.-Fountain-square-in-Binz-R2.A2.-768x512.jpg\" width=\"640\" height=\"427\" alt=\"\" \/><\/a><\/div><div class=\"rl-gallery-item\"><a href=\"https:\/\/sbt.ug.edu.pl\/wp-content\/uploads\/2019\/07\/10.-Water-attractions-in-Binz-R2.A2..jpg\" title=\"10. Water attractions in Binz, author: Przemyslaw Kulawczuk \/ BHR\" data-rl_title=\"10. Water attractions in Binz, author: Przemyslaw Kulawczuk \/ BHR\" class=\"rl-gallery-link\" data-rl_caption=\"\" data-rel=\"lightbox-gallery-2\"><img src=\"https:\/\/sbt.ug.edu.pl\/wp-content\/uploads\/2019\/07\/10.-Water-attractions-in-Binz-R2.A2.-768x509.jpg\" width=\"640\" height=\"424\" alt=\"\" \/><\/a><\/div><div class=\"rl-gallery-item\"><a href=\"https:\/\/sbt.ug.edu.pl\/wp-content\/uploads\/2019\/07\/11.-Coastal-area-Binz-R2.A2..jpg\" title=\"11. Coastal area Binz, author: Przemyslaw Kulawczuk \/ BHR\" data-rl_title=\"11. Coastal area Binz, author: Przemyslaw Kulawczuk \/ BHR\" class=\"rl-gallery-link\" data-rl_caption=\"\" data-rel=\"lightbox-gallery-2\"><img src=\"https:\/\/sbt.ug.edu.pl\/wp-content\/uploads\/2019\/07\/11.-Coastal-area-Binz-R2.A2.-768x509.jpg\" width=\"640\" height=\"424\" alt=\"\" \/><\/a><\/div><div class=\"rl-gallery-item\"><a href=\"https:\/\/sbt.ug.edu.pl\/wp-content\/uploads\/2019\/07\/12.-Meal-on-the-route-Thiessow-R2.A2..jpg\" title=\"12. Meal on the route, Thiessow, R2.A2.\" data-rl_title=\"12. Meal on the route, Thiessow, R2.A2.\" class=\"rl-gallery-link\" data-rl_caption=\"\" data-rel=\"lightbox-gallery-2\"><img src=\"https:\/\/sbt.ug.edu.pl\/wp-content\/uploads\/2019\/07\/12.-Meal-on-the-route-Thiessow-R2.A2.-768x512.jpg\" width=\"640\" height=\"427\" alt=\"\" \/><\/a><\/div><div class=\"rl-gallery-item\"><a href=\"https:\/\/sbt.ug.edu.pl\/wp-content\/uploads\/2019\/07\/13.-Typical-lunch-for-bikers-in-the-Island-R2.A2..jpg\" title=\"13. Typical lunch for bikers in the Island, author: Przemyslaw Kulawczuk \/ BHR\" data-rl_title=\"13. Typical lunch for bikers in the Island, author: Przemyslaw Kulawczuk \/ BHR\" class=\"rl-gallery-link\" data-rl_caption=\"\" data-rel=\"lightbox-gallery-2\"><img src=\"https:\/\/sbt.ug.edu.pl\/wp-content\/uploads\/2019\/07\/13.-Typical-lunch-for-bikers-in-the-Island-R2.A2.-768x512.jpg\" width=\"640\" height=\"427\" alt=\"\" \/><\/a><\/div><div class=\"rl-gallery-item\"><a href=\"https:\/\/sbt.ug.edu.pl\/wp-content\/uploads\/2019\/07\/14.-Street-view-Binz-R2.A2..jpg\" title=\"14. Street view Binz, author: Przemyslaw Kulawczuk \/ BHR\" data-rl_title=\"14. Street view Binz, author: Przemyslaw Kulawczuk \/ BHR\" class=\"rl-gallery-link\" data-rl_caption=\"\" data-rel=\"lightbox-gallery-2\"><img src=\"https:\/\/sbt.ug.edu.pl\/wp-content\/uploads\/2019\/07\/14.-Street-view-Binz-R2.A2.-768x512.jpg\" width=\"640\" height=\"427\" alt=\"\" \/><\/a><\/div><div class=\"rl-gallery-item\"><a href=\"https:\/\/sbt.ug.edu.pl\/wp-content\/uploads\/2019\/07\/15.-White-cliffs-in-Jasmund-National-Park-R2.A2..jpg\" title=\"15. White cliffs in Jasmund National Park, author: Przemyslaw Kulawczuk \/ BHR\" data-rl_title=\"15. White cliffs in Jasmund National Park, author: Przemyslaw Kulawczuk \/ BHR\" class=\"rl-gallery-link\" data-rl_caption=\"\" data-rel=\"lightbox-gallery-2\"><img src=\"https:\/\/sbt.ug.edu.pl\/wp-content\/uploads\/2019\/07\/15.-White-cliffs-in-Jasmund-National-Park-R2.A2.-768x509.jpg\" width=\"640\" height=\"424\" alt=\"\" \/><\/a><\/div><div class=\"rl-gallery-item\"><a href=\"https:\/\/sbt.ug.edu.pl\/wp-content\/uploads\/2019\/07\/16.-Coastal-view-Jasmund-NP-R2.A2..jpg\" title=\"16. Coastal view Jasmund NP, author: Przemyslaw Kulawczuk \/ BHR\" data-rl_title=\"16. Coastal view Jasmund NP, author: Przemyslaw Kulawczuk \/ BHR\" class=\"rl-gallery-link\" data-rl_caption=\"\" data-rel=\"lightbox-gallery-2\"><img src=\"https:\/\/sbt.ug.edu.pl\/wp-content\/uploads\/2019\/07\/16.-Coastal-view-Jasmund-NP-R2.A2.-768x509.jpg\" width=\"640\" height=\"424\" alt=\"\" \/><\/a><\/div><div class=\"rl-gallery-item\"><a href=\"https:\/\/sbt.ug.edu.pl\/wp-content\/uploads\/2019\/07\/17.-Wild-forest-in-Jasmund-NP-R2.A2..jpg\" title=\"17. Wild forest in Jasmund NP, author: Przemyslaw Kulawczuk \/ BHR\" data-rl_title=\"17. Wild forest in Jasmund NP, author: Przemyslaw Kulawczuk \/ BHR\" class=\"rl-gallery-link\" data-rl_caption=\"\" data-rel=\"lightbox-gallery-2\"><img src=\"https:\/\/sbt.ug.edu.pl\/wp-content\/uploads\/2019\/07\/17.-Wild-forest-in-Jasmund-NP-R2.A2.-768x509.jpg\" width=\"640\" height=\"424\" alt=\"\" \/><\/a><\/div><div class=\"rl-gallery-item\"><a href=\"https:\/\/sbt.ug.edu.pl\/wp-content\/uploads\/2019\/07\/18.-Biking-route-in-Jasmund-NP-R2.A2..jpg\" title=\"18. Biking route in Jasmund NP, author: Przemyslaw Kulawczuk \/ BHR\" data-rl_title=\"18. Biking route in Jasmund NP, author: Przemyslaw Kulawczuk \/ BHR\" class=\"rl-gallery-link\" data-rl_caption=\"\" data-rel=\"lightbox-gallery-2\"><img src=\"https:\/\/sbt.ug.edu.pl\/wp-content\/uploads\/2019\/07\/18.-Biking-route-in-Jasmund-NP-R2.A2.-768x509.jpg\" width=\"640\" height=\"424\" alt=\"\" \/><\/a><\/div> <\/div> <\/div><\/code><\/p>\n<p style=\"text-align: justify;\">\n<p><\/p>","protected":false},"excerpt":{"rendered":"<p>Wyspa Rugia znajduje si\u0119 na p\u00f3\u0142nocno-wschodnim wybrze\u017cu Meklemburgii &#8211; zachodniopomorskiego regionu Niemiec. Jest dogodnie zlokalizowana w pobli\u017cu g\u0142\u00f3wnego po\u0142\u0105czenia promowego Niemiec ze Szwecj\u0105. \u015acie\u017cki rowerowe znajduj\u0105 si\u0119 na wschodnim wybrze\u017cu wyspy i \u0142\u0105cz\u0105 kilka spot\u00f3w surfingowych (zobacz na mapie). Surferzy mog\u0105 wykorzysta\u0107 rowery jako \u015brodek transportu lub jako przerywnik od trening\u00f3w. Po\u0142o\u017cenie geograficzne kraju zwi\u0105zkowego [&hellip;]<\/p>\n","protected":false},"author":1,"featured_media":0,"parent":174,"menu_order":0,"comment_status":"closed","ping_status":"closed","template":"","meta":[],"categories":[34,13,9],"tags":[],"_links":{"self":[{"href":"https:\/\/sbt.ug.edu.pl\/pl\/wp-json\/wp\/v2\/pages\/190"}],"collection":[{"href":"https:\/\/sbt.ug.edu.pl\/pl\/wp-json\/wp\/v2\/pages"}],"about":[{"href":"https:\/\/sbt.ug.edu.pl\/pl\/wp-json\/wp\/v2\/types\/page"}],"author":[{"embeddable":true,"href":"https:\/\/sbt.ug.edu.pl\/pl\/wp-json\/wp\/v2\/users\/1"}],"replies":[{"embeddable":true,"href":"https:\/\/sbt.ug.edu.pl\/pl\/wp-json\/wp\/v2\/comments?post=190"}],"version-history":[{"count":33,"href":"https:\/\/sbt.ug.edu.pl\/pl\/wp-json\/wp\/v2\/pages\/190\/revisions"}],"predecessor-version":[{"id":5803,"href":"https:\/\/sbt.ug.edu.pl\/pl\/wp-json\/wp\/v2\/pages\/190\/revisions\/5803"}],"up":[{"embeddable":true,"href":"https:\/\/sbt.ug.edu.pl\/pl\/wp-json\/wp\/v2\/pages\/174"}],"wp:attachment":[{"href":"https:\/\/sbt.ug.edu.pl\/pl\/wp-json\/wp\/v2\/media?parent=190"}],"wp:term":[{"taxonomy":"category","embeddable":true,"href":"https:\/\/sbt.ug.edu.pl\/pl\/wp-json\/wp\/v2\/categories?post=190"},{"taxonomy":"post_tag","embeddable":true,"href":"https:\/\/sbt.ug.edu.pl\/pl\/wp-json\/wp\/v2\/tags?post=190"}],"curies":[{"name":"wp","href":"https:\/\/api.w.org\/{rel}","templated":true}]}}