{"id":192,"date":"2018-11-02T23:29:55","date_gmt":"2018-11-02T22:29:55","guid":{"rendered":"http:\/\/southbaltic-tourist.eu\/?page_id=192"},"modified":"2021-06-10T15:40:50","modified_gmt":"2021-06-10T14:40:50","slug":"3-lubmin-surfhotspot","status":"publish","type":"page","link":"https:\/\/sbt.ug.edu.pl\/pl\/routes\/windsurfing-exploration\/3-lubmin-surfhotspot\/","title":{"rendered":"3. LUBMIN &#8211; MIEJSCE SURFINGOWE"},"content":{"rendered":"<p><\/p>\n<p style=\"text-align: justify;\"><strong>LOKALIZACJA<\/strong><\/p>\n<p style=\"text-align: justify;\">Lubmin to niewielki kurort z szerok\u0105 piaszczyst\u0105 pla\u017c\u0105, po\u0142o\u017cony blisko miasta Greifswald, na wybrze\u017cu Zatoki Greifswaldzkiej. Znajduje si\u0119 oko\u0142o 30 minut jazdy samochodem od Greifswaldu i oko\u0142o 2 godzin od g\u0142\u00f3wnego, niemiecko-szwedzkiego promowego po\u0142\u0105czenia w Sassnitz. Przez wi\u0119ksz\u0105 cz\u0119\u015b\u0107 roku Lubmin nie jest miejscem zat\u0142oczonym i zapewnia pasjonatom surfingu p\u00f3\u0142nocny wiatr. O\u015brodki wypoczynkowe i surfingowe znajduj\u0105 si\u0119 w Meklemburgii-Pomorzu Przednim w Niemczech, 54\u00b008\u2032N 13\u00b037\u2032E.<\/p>\n<p style=\"text-align: justify;\"><img decoding=\"async\" loading=\"lazy\" class=\"alignnone wp-image-215\" src=\"https:\/\/southbaltic-tourist.eu\/wp-content\/uploads\/2018\/11\/Zrzut-ekranu-2018-11-02-o-23.48.52.png\" alt=\"\" width=\"532\" height=\"300\" srcset=\"https:\/\/sbt.ug.edu.pl\/wp-content\/uploads\/2018\/11\/Zrzut-ekranu-2018-11-02-o-23.48.52.png 1132w, https:\/\/sbt.ug.edu.pl\/wp-content\/uploads\/2018\/11\/Zrzut-ekranu-2018-11-02-o-23.48.52-300x169.png 300w, https:\/\/sbt.ug.edu.pl\/wp-content\/uploads\/2018\/11\/Zrzut-ekranu-2018-11-02-o-23.48.52-768x433.png 768w, https:\/\/sbt.ug.edu.pl\/wp-content\/uploads\/2018\/11\/Zrzut-ekranu-2018-11-02-o-23.48.52-1024x577.png 1024w\" sizes=\"(max-width: 532px) 100vw, 532px\" \/> \u00a0\u00a0 \u00a0<a href=\"https:\/\/southbaltic-tourist.eu\/wp-content\/uploads\/2020\/01\/r1a3_Lubmin_Surfing_slim.png\" rel=\"noopener noreferrer\" data-rel=\"lightbox-gallery-B331tNRQ\" data-rl_title=\"\" data-rl_caption=\"\" title=\"\"><img decoding=\"async\" loading=\"lazy\" class=\"alignnone wp-image-5106\" src=\"https:\/\/southbaltic-tourist.eu\/wp-content\/uploads\/2020\/01\/r1a3_Lubmin_Surfing_slim-300x174.png\" alt=\"\" width=\"517\" height=\"300\" srcset=\"https:\/\/sbt.ug.edu.pl\/wp-content\/uploads\/2020\/01\/r1a3_Lubmin_Surfing_slim-300x174.png 300w, https:\/\/sbt.ug.edu.pl\/wp-content\/uploads\/2020\/01\/r1a3_Lubmin_Surfing_slim-1024x594.png 1024w, https:\/\/sbt.ug.edu.pl\/wp-content\/uploads\/2020\/01\/r1a3_Lubmin_Surfing_slim-768x445.png 768w, https:\/\/sbt.ug.edu.pl\/wp-content\/uploads\/2020\/01\/r1a3_Lubmin_Surfing_slim-1536x891.png 1536w, https:\/\/sbt.ug.edu.pl\/wp-content\/uploads\/2020\/01\/r1a3_Lubmin_Surfing_slim-150x87.png 150w, https:\/\/sbt.ug.edu.pl\/wp-content\/uploads\/2020\/01\/r1a3_Lubmin_Surfing_slim.png 1600w\" sizes=\"(max-width: 517px) 100vw, 517px\" \/><\/a><\/p>\n<p style=\"text-align: justify;\"><a href=\"https:\/\/www.google.com\/maps\/place\/54%C2%B008'00.0%22N+13%C2%B037'00.0%22E\/@54.1393793,13.6049785,13.79z\/data=!4m5!3m4!1s0x0:0x0!8m2!3d54.1333333!4d13.6166667\" target=\"_blank\" rel=\"noopener noreferrer\">View on Google Maps<\/a><\/p>\n<p style=\"text-align: justify;\"><strong>LUBMIN MIEJSCE SURFINGOWE<\/strong><\/p>\n<p style=\"text-align: justify;\">Po\u0142o\u017cony na zach\u00f3d od przystani o\u015brodek surfingowy Lubmin jest idealnym miejscem zar\u00f3wno dla os\u00f3b pocz\u0105tkuj\u0105cych, jak i mi\u0142o\u015bnik\u00f3w po\u0142udniowo-zachodnich oraz p\u00f3\u0142nocno-wschodnich wiatr\u00f3w. Szeroka pla\u017ca oraz brak turyst\u00f3w (nawet latem) zapewnia spokojny surfing. Wody w Lubminie s\u0105 p\u0142ytkie i stosunkowo bezpieczne, dzi\u0119ki czemu s\u0105 bardzo przyjazne dla dzieci. Z Lubmina mo\u017cna dojecha\u0107 samochodem do innych miejsc surfingowych znajduj\u0105cych si\u0119 w Zatoce Greifswaldzkiej (niekt\u00f3re z nich zlokalizowane s\u0105 na wyspie Rugia).<\/p>\n<p style=\"text-align: justify;\"><strong>ATRAKCJE <\/strong><\/p>\n<p style=\"text-align: justify;\">Gmina Lubmin jest otoczona wieloma ciekawymi miejscami, takimi jak historyczny Greifswald i Wolgast, wioska rybacka Freest i pobliskim Muzeum Historyczno-Technicznym Peenem\u00fcnde (w kt\u00f3rym mo\u017cna dowiedzie\u0107 si\u0119 wi\u0119cej na temat wystrzelenia rakiet V1 i V2 podczas II wojny \u015bwiatowej) na wyspie Uznam. Mo\u017cliwe jest wzi\u0119cie udzia\u0142u w wycieczkach po regionie ma\u0142ymi statkami pasa\u017cerskimi.<\/p>\n<p style=\"text-align: justify;\">W Lubminie znajduje si\u0119 najwi\u0119ksza w by\u0142ej NRD elektrownia j\u0105drowa, w kt\u00f3rej wykorzystywano technologie radzieckie. Ostatni reaktor zosta\u0142 zamkni\u0119ty w 1990 roku. W por\u00f3wnaniu z wysp\u0105 Rugia, Lubmin i jego okoliczne pla\u017ce s\u0105 mniej zat\u0142oczone. Oferuj\u0105 surferom znacznie wi\u0119cej przestrzeni i swobody. Dodatkowo zalet\u0105 tego regionu s\u0105 lokalne przysmaki kulinarne.<\/p>\n<h2 style=\"text-align: justify;\"><strong>Move to Attractions bellow or -&gt;<a href=\"https:\/\/southbaltic-tourist.eu\/routes\/windsurfing-exploration\/3-lubmin-surfhotspot\/\">Move to Attraction No. 4 <\/a><\/strong><\/h2>\n<p><code><div class=\"rl-gallery-container rl-loading\" id=\"rl-gallery-container-2\" data-gallery_id=\"1182\"> <div class=\"rl-gallery rl-basicgrid-gallery \" id=\"rl-gallery-2\" data-gallery_no=\"2\"> <div class=\"rl-gallery-item\"><a href=\"https:\/\/sbt.ug.edu.pl\/wp-content\/uploads\/2019\/07\/1.-Lubmin-Surfzone-by-Marina-R2.A3..jpg\" title=\"1. Lubmin, Surfzone by Marina, author: Przemyslaw Kulawczuk \/ BHR\" data-rl_title=\"1. Lubmin, Surfzone by Marina, author: Przemyslaw Kulawczuk \/ BHR\" class=\"rl-gallery-link\" data-rl_caption=\"\" data-rel=\"lightbox-gallery-2\"><img src=\"https:\/\/sbt.ug.edu.pl\/wp-content\/uploads\/2019\/07\/1.-Lubmin-Surfzone-by-Marina-R2.A3.-768x509.jpg\" width=\"640\" height=\"424\" alt=\"\" \/><\/a><\/div><div class=\"rl-gallery-item\"><a href=\"https:\/\/sbt.ug.edu.pl\/wp-content\/uploads\/2019\/07\/2.-Lubmin-Surfzone-Sign-R2.A3..jpg\" title=\"2. Lubmin Surfzone Sign, author: Przemyslaw Kulawczuk \/ BHR\" data-rl_title=\"2. Lubmin Surfzone Sign, author: Przemyslaw Kulawczuk \/ BHR\" class=\"rl-gallery-link\" data-rl_caption=\"\" data-rel=\"lightbox-gallery-2\"><img src=\"https:\/\/sbt.ug.edu.pl\/wp-content\/uploads\/2019\/07\/2.-Lubmin-Surfzone-Sign-R2.A3.-768x509.jpg\" width=\"640\" height=\"424\" alt=\"\" \/><\/a><\/div><div class=\"rl-gallery-item\"><a href=\"https:\/\/sbt.ug.edu.pl\/wp-content\/uploads\/2019\/07\/3.-Lubmin-Kites-on-the-Beach-R2.A3..jpg\" title=\"3. Lubmin, Kites on the Beach, author: Przemyslaw Kulawczuk \/ BHR\" data-rl_title=\"3. Lubmin, Kites on the Beach, author: Przemyslaw Kulawczuk \/ BHR\" class=\"rl-gallery-link\" data-rl_caption=\"\" data-rel=\"lightbox-gallery-2\"><img src=\"https:\/\/sbt.ug.edu.pl\/wp-content\/uploads\/2019\/07\/3.-Lubmin-Kites-on-the-Beach-R2.A3.-768x509.jpg\" width=\"640\" height=\"424\" alt=\"\" \/><\/a><\/div><div class=\"rl-gallery-item\"><a href=\"https:\/\/sbt.ug.edu.pl\/wp-content\/uploads\/2019\/07\/4-Lubmin-Beach-R2.A3..jpg\" title=\"4. Lubmin Beach, author: Przemyslaw Kulawczuk \/ BHR\" data-rl_title=\"4. Lubmin Beach, author: Przemyslaw Kulawczuk \/ BHR\" class=\"rl-gallery-link\" data-rl_caption=\"\" data-rel=\"lightbox-gallery-2\"><img src=\"https:\/\/sbt.ug.edu.pl\/wp-content\/uploads\/2019\/07\/4-Lubmin-Beach-R2.A3.-768x509.jpg\" width=\"640\" height=\"424\" alt=\"\" \/><\/a><\/div><div class=\"rl-gallery-item\"><a href=\"https:\/\/sbt.ug.edu.pl\/wp-content\/uploads\/2019\/07\/5.-Lubmin-Beach-R2.A3..jpg\" title=\"5. Lubmin Beach, author: Przemyslaw Kulawczuk \/ BHR, University of Gdansk, 01.08.2018, R2.A3.\" data-rl_title=\"5. Lubmin Beach, author: Przemyslaw Kulawczuk \/ BHR, University of Gdansk, 01.08.2018, R2.A3.\" class=\"rl-gallery-link\" data-rl_caption=\"\" data-rel=\"lightbox-gallery-2\"><img src=\"https:\/\/sbt.ug.edu.pl\/wp-content\/uploads\/2019\/07\/5.-Lubmin-Beach-R2.A3.-768x509.jpg\" width=\"640\" height=\"424\" alt=\"\" \/><\/a><\/div><div class=\"rl-gallery-item\"><a href=\"https:\/\/sbt.ug.edu.pl\/wp-content\/uploads\/2019\/07\/6.-Marina-in-Lubmin-R2.A3..jpg\" title=\"6. Marina in Lubmin, author: Przemyslaw Kulawczuk \/ BHR\" data-rl_title=\"6. Marina in Lubmin, author: Przemyslaw Kulawczuk \/ BHR\" class=\"rl-gallery-link\" data-rl_caption=\"\" data-rel=\"lightbox-gallery-2\"><img src=\"https:\/\/sbt.ug.edu.pl\/wp-content\/uploads\/2019\/07\/6.-Marina-in-Lubmin-R2.A3.-768x512.jpg\" width=\"640\" height=\"427\" alt=\"\" \/><\/a><\/div><div class=\"rl-gallery-item\"><a href=\"https:\/\/sbt.ug.edu.pl\/wp-content\/uploads\/2019\/07\/7.-Promenade-in-Lubmin-R2.A3..jpg\" title=\"7. Promenade in Lubmin, author: Przemyslaw Kulawczuk \/ BHR\" data-rl_title=\"7. Promenade in Lubmin, author: Przemyslaw Kulawczuk \/ BHR\" class=\"rl-gallery-link\" data-rl_caption=\"\" data-rel=\"lightbox-gallery-2\"><img src=\"https:\/\/sbt.ug.edu.pl\/wp-content\/uploads\/2019\/07\/7.-Promenade-in-Lubmin-R2.A3.-768x509.jpg\" width=\"640\" height=\"424\" alt=\"\" \/><\/a><\/div><div class=\"rl-gallery-item\"><a href=\"https:\/\/sbt.ug.edu.pl\/wp-content\/uploads\/2019\/07\/8.-Biking-route-Lubmin-R2.A3..jpg\" title=\"8. Biking route Lubmin, author: Przemyslaw Kulawczuk \/ BHR\" data-rl_title=\"8. Biking route Lubmin, author: Przemyslaw Kulawczuk \/ BHR\" class=\"rl-gallery-link\" data-rl_caption=\"\" data-rel=\"lightbox-gallery-2\"><img src=\"https:\/\/sbt.ug.edu.pl\/wp-content\/uploads\/2019\/07\/8.-Biking-route-Lubmin-R2.A3.-768x509.jpg\" width=\"640\" height=\"424\" alt=\"\" \/><\/a><\/div><div class=\"rl-gallery-item\"><a href=\"https:\/\/sbt.ug.edu.pl\/wp-content\/uploads\/2019\/07\/9.-Kitefursing-in-Lubmin-R2.A3..jpg\" title=\"9. Kitefursing in Lubmin, author: Przemyslaw Kulawczuk \/ BHR, University of Gdansk, 01.08.2018,, R2.A3.\" data-rl_title=\"9. Kitefursing in Lubmin, author: Przemyslaw Kulawczuk \/ BHR, University of Gdansk, 01.08.2018,, R2.A3.\" class=\"rl-gallery-link\" data-rl_caption=\"\" data-rel=\"lightbox-gallery-2\"><img src=\"https:\/\/sbt.ug.edu.pl\/wp-content\/uploads\/2019\/07\/9.-Kitefursing-in-Lubmin-R2.A3.-768x509.jpg\" width=\"640\" height=\"424\" alt=\"\" \/><\/a><\/div><div class=\"rl-gallery-item\"><a href=\"https:\/\/sbt.ug.edu.pl\/wp-content\/uploads\/2019\/07\/10.-Kitesurfing-by-the-Lubmin-port-R2A3.jpg\" title=\"10. Kitesurfing by the Lubmin port, author: Przemyslaw Kulawczuk \/ BHR\" data-rl_title=\"10. Kitesurfing by the Lubmin port, author: Przemyslaw Kulawczuk \/ BHR\" class=\"rl-gallery-link\" data-rl_caption=\"\" data-rel=\"lightbox-gallery-2\"><img src=\"https:\/\/sbt.ug.edu.pl\/wp-content\/uploads\/2019\/07\/10.-Kitesurfing-by-the-Lubmin-port-R2A3-768x509.jpg\" width=\"640\" height=\"424\" alt=\"\" \/><\/a><\/div><div class=\"rl-gallery-item\"><a href=\"https:\/\/sbt.ug.edu.pl\/wp-content\/uploads\/2019\/07\/11.-Kitesurfing-by-the-ship-Lubmin-R2.A3..jpg\" title=\"11. Kitesurfing by the ship, Lubmin, author: Przemyslaw Kulawczuk \/ BHR\" data-rl_title=\"11. Kitesurfing by the ship, Lubmin, author: Przemyslaw Kulawczuk \/ BHR\" class=\"rl-gallery-link\" data-rl_caption=\"\" data-rel=\"lightbox-gallery-2\"><img src=\"https:\/\/sbt.ug.edu.pl\/wp-content\/uploads\/2019\/07\/11.-Kitesurfing-by-the-ship-Lubmin-R2.A3.-768x509.jpg\" width=\"640\" height=\"424\" alt=\"\" \/><\/a><\/div><div class=\"rl-gallery-item\"><a href=\"https:\/\/sbt.ug.edu.pl\/wp-content\/uploads\/2019\/07\/12.-Lubmin-restort-R2.A3..jpg\" title=\"12. Lubmin restort, author: Przemyslaw Kulawczuk \/ BHR\" data-rl_title=\"12. Lubmin restort, author: Przemyslaw Kulawczuk \/ BHR\" class=\"rl-gallery-link\" data-rl_caption=\"\" data-rel=\"lightbox-gallery-2\"><img src=\"https:\/\/sbt.ug.edu.pl\/wp-content\/uploads\/2019\/07\/12.-Lubmin-restort-R2.A3.-768x512.jpg\" width=\"640\" height=\"427\" alt=\"\" \/><\/a><\/div> <\/div> <\/div><\/code><\/p>\n<p style=\"text-align: justify;\">\n<p><\/p>","protected":false},"excerpt":{"rendered":"<p>LOKALIZACJA Lubmin to niewielki kurort z szerok\u0105 piaszczyst\u0105 pla\u017c\u0105, po\u0142o\u017cony blisko miasta Greifswald, na wybrze\u017cu Zatoki Greifswaldzkiej. Znajduje si\u0119 oko\u0142o 30 minut jazdy samochodem od Greifswaldu i oko\u0142o 2 godzin od g\u0142\u00f3wnego, niemiecko-szwedzkiego promowego po\u0142\u0105czenia w Sassnitz. Przez wi\u0119ksz\u0105 cz\u0119\u015b\u0107 roku Lubmin nie jest miejscem zat\u0142oczonym i zapewnia pasjonatom surfingu p\u00f3\u0142nocny wiatr. O\u015brodki wypoczynkowe i [&hellip;]<\/p>\n","protected":false},"author":1,"featured_media":0,"parent":174,"menu_order":0,"comment_status":"closed","ping_status":"closed","template":"","meta":[],"categories":[34,12,9],"tags":[],"_links":{"self":[{"href":"https:\/\/sbt.ug.edu.pl\/pl\/wp-json\/wp\/v2\/pages\/192"}],"collection":[{"href":"https:\/\/sbt.ug.edu.pl\/pl\/wp-json\/wp\/v2\/pages"}],"about":[{"href":"https:\/\/sbt.ug.edu.pl\/pl\/wp-json\/wp\/v2\/types\/page"}],"author":[{"embeddable":true,"href":"https:\/\/sbt.ug.edu.pl\/pl\/wp-json\/wp\/v2\/users\/1"}],"replies":[{"embeddable":true,"href":"https:\/\/sbt.ug.edu.pl\/pl\/wp-json\/wp\/v2\/comments?post=192"}],"version-history":[{"count":25,"href":"https:\/\/sbt.ug.edu.pl\/pl\/wp-json\/wp\/v2\/pages\/192\/revisions"}],"predecessor-version":[{"id":5802,"href":"https:\/\/sbt.ug.edu.pl\/pl\/wp-json\/wp\/v2\/pages\/192\/revisions\/5802"}],"up":[{"embeddable":true,"href":"https:\/\/sbt.ug.edu.pl\/pl\/wp-json\/wp\/v2\/pages\/174"}],"wp:attachment":[{"href":"https:\/\/sbt.ug.edu.pl\/pl\/wp-json\/wp\/v2\/media?parent=192"}],"wp:term":[{"taxonomy":"category","embeddable":true,"href":"https:\/\/sbt.ug.edu.pl\/pl\/wp-json\/wp\/v2\/categories?post=192"},{"taxonomy":"post_tag","embeddable":true,"href":"https:\/\/sbt.ug.edu.pl\/pl\/wp-json\/wp\/v2\/tags?post=192"}],"curies":[{"name":"wp","href":"https:\/\/api.w.org\/{rel}","templated":true}]}}