{"id":2070,"date":"2019-07-11T02:38:02","date_gmt":"2019-07-11T00:38:02","guid":{"rendered":"https:\/\/southbaltic-tourist.eu\/?page_id=2070"},"modified":"2021-05-31T17:09:26","modified_gmt":"2021-05-31T16:09:26","slug":"a1","status":"publish","type":"page","link":"https:\/\/sbt.ug.edu.pl\/pl\/routes\/kayaking-south-baltic\/a1\/","title":{"rendered":"1. Wycieczka kajakowa \u201eGrob\u0161tas\u201d"},"content":{"rendered":"<p><strong>LOKALIZACJA<\/strong><\/p>\n<p>Mierzeja Kuro\u0144ska, mi\u0119dzy K\u0142ajped\u0105 i Nid\u0105.<\/p>\n<p>Zaczynaj\u0105c na Litwie. 9-godzinna wycieczka autobusowa do Nidy (1 godz. jazdy). Po drodze zwiedzanie Juodkrant\u0117 (1godz. 30 min.), osady kormoran\u00f3w (15 min.), Martwych Wydm (45 min.), zbocza Grob\u0161tas w Nidzie (1-3 godz.). Powr\u00f3t autobusem do Smiltyn\u0117 (1 godz.).<\/p>\n<p><a href=\"https:\/\/southbaltic-tourist.eu\/wp-content\/uploads\/2020\/02\/R4.1-Grob\u0161tas.png\" data-rel=\"lightbox-gallery-M9Kkayzq\" data-rl_title=\"\" data-rl_caption=\"\" title=\"\"><img decoding=\"async\" loading=\"lazy\" class=\"aligncenter wp-image-5201 size-large\" src=\"https:\/\/southbaltic-tourist.eu\/wp-content\/uploads\/2020\/02\/R4.1-Grob\u0161tas-1024x874.png\" alt=\"\" width=\"640\" height=\"546\" srcset=\"https:\/\/sbt.ug.edu.pl\/wp-content\/uploads\/2020\/02\/R4.1-Grob\u0161tas-1024x874.png 1024w, https:\/\/sbt.ug.edu.pl\/wp-content\/uploads\/2020\/02\/R4.1-Grob\u0161tas-300x256.png 300w, https:\/\/sbt.ug.edu.pl\/wp-content\/uploads\/2020\/02\/R4.1-Grob\u0161tas-768x655.png 768w, https:\/\/sbt.ug.edu.pl\/wp-content\/uploads\/2020\/02\/R4.1-Grob\u0161tas-1536x1310.png 1536w, https:\/\/sbt.ug.edu.pl\/wp-content\/uploads\/2020\/02\/R4.1-Grob\u0161tas-150x128.png 150w, https:\/\/sbt.ug.edu.pl\/wp-content\/uploads\/2020\/02\/R4.1-Grob\u0161tas.png 1600w\" sizes=\"(max-width: 640px) 100vw, 640px\" \/><\/a><\/p>\n<p><strong>ATRAKCJE<\/strong><\/p>\n<p>Podczas tej wyprawy kajakowej do\u015bwiadczysz wyj\u0105tkowej zmienno\u015bci krajobrazu Mierzei Kuro\u0144skiej. Po opuszczeniu zielonej Nidy zbli\u017cysz si\u0119 do \u017c\u00f3\u0142tych wydm Parnidis. P\u00f3\u017aniej ominiesz piaszczysty r\u00f3g Parnidis, kt\u00f3ry przez Kuro\u0144czyk\u00f3w zosta\u0142 nazwany \u201eRadzinis&#8221; i odkryjesz wyj\u0105tkowe pi\u0119kno zatoki Grob\u0161tas. Z tego miejsca mo\u017cna podziwia\u0107 wspania\u0142e widoki jednych z najwi\u0119kszych w Europie ruchomych wydm ukszta\u0142towanych przez wiatr (53 m nad poziomem morza). Wydmy te znajduje si\u0119 w rezerwacie Grob\u0161tas, gdzie obowi\u0105zuje \u015bcis\u0142y zakaz wst\u0119pu, wi\u0119c ten cud natury mo\u017cna bli\u017cej zobaczy\u0107 jedynie z kajaka.<\/p>\n<p>&nbsp;<\/p>\n<p>\u017arod\u0142a:\u00a0<a href=\"http:\/\/www.smiltynesjachtklubas.lt\/\">http:\/\/www.smiltynesjachtklubas.lt\/,\u00a0<\/a><a href=\"http:\/\/irklakojis.lt\/pramogos\/isvyka-kanojomis-grobstas\/\">http:\/\/irklakojis.lt\/pramogos\/isvyka-kanojomis-grobstas\/,\u00a0<\/a><a href=\"http:\/\/visitneringa.com\/lt\">http:\/\/visitneringa.com\/lt,\u00a0<\/a><a href=\"https:\/\/www.klaipedainfo.lt\/\">https:\/\/www.klaipedainfo.lt\/<\/a><\/p>\n<p><div class=\"rl-gallery-container rl-loading\" id=\"rl-gallery-container-2\" data-gallery_id=\"2270\"> <div class=\"rl-gallery rl-basicgrid-gallery \" id=\"rl-gallery-2\" data-gallery_no=\"2\"> <div class=\"rl-gallery-item\"><a href=\"https:\/\/sbt.ug.edu.pl\/wp-content\/uploads\/2019\/07\/1.-Wooden-sculptures-exposition-in-Juodkrant\u0117-R1-A1..jpg\" title=\"1. Wooden sculptures exposition in Juodkrant\u0117; R1, A1.\" data-rl_title=\"1. Wooden sculptures exposition in Juodkrant\u0117; R1, A1.\" class=\"rl-gallery-link\" data-rl_caption=\"\" data-rel=\"lightbox-gallery-2\"><img src=\"https:\/\/sbt.ug.edu.pl\/wp-content\/uploads\/2019\/07\/1.-Wooden-sculptures-exposition-in-Juodkrant\u0117-R1-A1.-768x512.jpg\" width=\"640\" height=\"427\" alt=\"\" \/><\/a><\/div><div class=\"rl-gallery-item\"><a href=\"https:\/\/sbt.ug.edu.pl\/wp-content\/uploads\/2019\/07\/2.-Dead-dunes-R1-A1..jpg\" title=\"2. Dead dunes; R1, A1.\" data-rl_title=\"2. Dead dunes; R1, A1.\" class=\"rl-gallery-link\" data-rl_caption=\"\" data-rel=\"lightbox-gallery-2\"><img src=\"https:\/\/sbt.ug.edu.pl\/wp-content\/uploads\/2019\/07\/2.-Dead-dunes-R1-A1.-768x512.jpg\" width=\"640\" height=\"427\" alt=\"\" \/><\/a><\/div><div class=\"rl-gallery-item\"><a href=\"https:\/\/sbt.ug.edu.pl\/wp-content\/uploads\/2019\/07\/3.-Juodkrant\u0117-R1-A1..jpg\" title=\"3. Juodkrant\u0117; R1, A1.\" data-rl_title=\"3. Juodkrant\u0117; R1, A1.\" class=\"rl-gallery-link\" data-rl_caption=\"\" data-rel=\"lightbox-gallery-2\"><img src=\"https:\/\/sbt.ug.edu.pl\/wp-content\/uploads\/2019\/07\/3.-Juodkrant\u0117-R1-A1.-768x575.jpg\" width=\"640\" height=\"479\" alt=\"\" \/><\/a><\/div><div class=\"rl-gallery-item\"><a href=\"https:\/\/sbt.ug.edu.pl\/wp-content\/uploads\/2019\/07\/6.-Canoe-trip-Grob\u0161tas-R1-A2..jpg\" title=\"4. Canoe trip Grob\u0161tas; R1, A1.\" data-rl_title=\"4. Canoe trip Grob\u0161tas; R1, A1.\" class=\"rl-gallery-link\" data-rl_caption=\"\" data-rel=\"lightbox-gallery-2\"><img src=\"https:\/\/sbt.ug.edu.pl\/wp-content\/uploads\/2019\/07\/6.-Canoe-trip-Grob\u0161tas-R1-A2.-768x512.jpg\" width=\"640\" height=\"427\" alt=\"\" \/><\/a><\/div> <\/div> <\/div><\/p>","protected":false},"excerpt":{"rendered":"<p>LOKALIZACJA Mierzeja Kuro\u0144ska, mi\u0119dzy K\u0142ajped\u0105 i Nid\u0105. Zaczynaj\u0105c na Litwie. 9-godzinna wycieczka autobusowa do Nidy (1 godz. jazdy). Po drodze zwiedzanie Juodkrant\u0117 (1godz. 30 min.), osady kormoran\u00f3w (15 min.), Martwych Wydm (45 min.), zbocza Grob\u0161tas w Nidzie (1-3 godz.). Powr\u00f3t autobusem do Smiltyn\u0117 (1 godz.). ATRAKCJE Podczas tej wyprawy kajakowej do\u015bwiadczysz wyj\u0105tkowej zmienno\u015bci krajobrazu Mierzei [&hellip;]<\/p>\n","protected":false},"author":4,"featured_media":0,"parent":455,"menu_order":0,"comment_status":"closed","ping_status":"closed","template":"","meta":[],"categories":[34,18,12],"tags":[],"_links":{"self":[{"href":"https:\/\/sbt.ug.edu.pl\/pl\/wp-json\/wp\/v2\/pages\/2070"}],"collection":[{"href":"https:\/\/sbt.ug.edu.pl\/pl\/wp-json\/wp\/v2\/pages"}],"about":[{"href":"https:\/\/sbt.ug.edu.pl\/pl\/wp-json\/wp\/v2\/types\/page"}],"author":[{"embeddable":true,"href":"https:\/\/sbt.ug.edu.pl\/pl\/wp-json\/wp\/v2\/users\/4"}],"replies":[{"embeddable":true,"href":"https:\/\/sbt.ug.edu.pl\/pl\/wp-json\/wp\/v2\/comments?post=2070"}],"version-history":[{"count":21,"href":"https:\/\/sbt.ug.edu.pl\/pl\/wp-json\/wp\/v2\/pages\/2070\/revisions"}],"predecessor-version":[{"id":5704,"href":"https:\/\/sbt.ug.edu.pl\/pl\/wp-json\/wp\/v2\/pages\/2070\/revisions\/5704"}],"up":[{"embeddable":true,"href":"https:\/\/sbt.ug.edu.pl\/pl\/wp-json\/wp\/v2\/pages\/455"}],"wp:attachment":[{"href":"https:\/\/sbt.ug.edu.pl\/pl\/wp-json\/wp\/v2\/media?parent=2070"}],"wp:term":[{"taxonomy":"category","embeddable":true,"href":"https:\/\/sbt.ug.edu.pl\/pl\/wp-json\/wp\/v2\/categories?post=2070"},{"taxonomy":"post_tag","embeddable":true,"href":"https:\/\/sbt.ug.edu.pl\/pl\/wp-json\/wp\/v2\/tags?post=2070"}],"curies":[{"name":"wp","href":"https:\/\/api.w.org\/{rel}","templated":true}]}}