{"id":2095,"date":"2019-07-11T12:55:53","date_gmt":"2019-07-11T10:55:53","guid":{"rendered":"https:\/\/southbaltic-tourist.eu\/?page_id=2095"},"modified":"2021-05-31T17:13:31","modified_gmt":"2021-05-31T16:13:31","slug":"3-klaipeda-kretinga-zibininkai-holiday-park","status":"publish","type":"page","link":"https:\/\/sbt.ug.edu.pl\/pl\/routes\/kayaking-south-baltic\/3-klaipeda-kretinga-zibininkai-holiday-park\/","title":{"rendered":"3. K\u0142ajpeda \u2013 Kretinga (Kretynga) \u2013 \u017dibininkai \u201eHoliday Park\u201c"},"content":{"rendered":"<p><strong>LOKALIZACJA<\/strong><\/p>\n<p>K\u0142ajpeda \u2013 Kretynga \u2013 \u017dibininkai \u201eHoliday Park\u201c<\/p>\n<p>Wycieczka do Karteny po lunchu. 28 km, 30 min.<\/p>\n<p>Trasa kajakowa z Karteny do Raguvi\u0161kiai nad rzek\u0105 Minija. 13 km, 3 godz.<\/p>\n<p><a href=\"https:\/\/southbaltic-tourist.eu\/wp-content\/uploads\/2020\/02\/r1a3_Klaipeda-kretinga_Kayaking-2-2.png\" data-rel=\"lightbox-gallery-hju2v1JQ\" data-rl_title=\"\" data-rl_caption=\"\" title=\"\"><img decoding=\"async\" loading=\"lazy\" class=\"aligncenter wp-image-5189\" src=\"https:\/\/southbaltic-tourist.eu\/wp-content\/uploads\/2020\/02\/r1a3_Klaipeda-kretinga_Kayaking-2-2.png\" alt=\"\" width=\"1000\" height=\"650\" srcset=\"https:\/\/sbt.ug.edu.pl\/wp-content\/uploads\/2020\/02\/r1a3_Klaipeda-kretinga_Kayaking-2-2.png 1600w, https:\/\/sbt.ug.edu.pl\/wp-content\/uploads\/2020\/02\/r1a3_Klaipeda-kretinga_Kayaking-2-2-300x195.png 300w, https:\/\/sbt.ug.edu.pl\/wp-content\/uploads\/2020\/02\/r1a3_Klaipeda-kretinga_Kayaking-2-2-1024x666.png 1024w, https:\/\/sbt.ug.edu.pl\/wp-content\/uploads\/2020\/02\/r1a3_Klaipeda-kretinga_Kayaking-2-2-768x499.png 768w, https:\/\/sbt.ug.edu.pl\/wp-content\/uploads\/2020\/02\/r1a3_Klaipeda-kretinga_Kayaking-2-2-1536x998.png 1536w, https:\/\/sbt.ug.edu.pl\/wp-content\/uploads\/2020\/02\/r1a3_Klaipeda-kretinga_Kayaking-2-2-150x98.png 150w\" sizes=\"(max-width: 1000px) 100vw, 1000px\" \/><\/a><\/p>\n<p><strong>ATRAKCJE<\/strong><\/p>\n<p>Wycieczka z K\u0142ajpedy do Kretyngi, zwiedzanie Muzeum Kretyngi, Ogr\u00f3d Japo\u0144ski. Przyjazd do \u201eHoliday Park&#8221; i zakwaterowanie w domkach z bali.<\/p>\n<p>&nbsp;<\/p>\n<p>Muzeum Kretyngi jest jednym z g\u0142\u00f3wnych muze\u00f3w na \u017bmudzi, w kt\u00f3rym prezentowana jest kultura dworu. Znajduje si\u0119 tu najbardziej imponuj\u0105cy ogr\u00f3d zimowy na Litwie. Bogate zbiory muzealne obejmuj\u0105 wiele materialnych i duchowych skarb\u00f3w Kretyngi i jej okolic.<\/p>\n<p>W odleg\u0142o\u015bci 20 km od Kretyngi znajduje si\u0119 unikalny, najwi\u0119kszy w Europie ogr\u00f3d japo\u0144ski (16 ha) z kolekcj\u0105 tysi\u0119cy drzew bonsai, ogrodem kamiennym, sakurami, stawami.<\/p>\n<p>&nbsp;<\/p>\n<p>\u017ar\u00f3d\u0142a: http:\/\/www.kretingosmuziejus.lt\/, http:\/\/japangarden.lt\/, www.atostoguparkas.lt<\/p>\n<p><div class=\"rl-gallery-container rl-loading\" id=\"rl-gallery-container-2\" data-gallery_id=\"2292\"> <div class=\"rl-gallery rl-basicgrid-gallery \" id=\"rl-gallery-2\" data-gallery_no=\"2\"> <div class=\"rl-gallery-item\"><a href=\"https:\/\/sbt.ug.edu.pl\/wp-content\/uploads\/2019\/07\/8.-Kretinga-museum-R1-A4.-1.jpg\" title=\"8. Kretinga museum; R1, A3.\" data-rl_title=\"8. Kretinga museum; R1, A3.\" class=\"rl-gallery-link\" data-rl_caption=\"\" data-rel=\"lightbox-gallery-2\"><img src=\"https:\/\/sbt.ug.edu.pl\/wp-content\/uploads\/2019\/07\/8.-Kretinga-museum-R1-A4.-1-768x518.jpg\" width=\"640\" height=\"432\" alt=\"\" \/><\/a><\/div><div class=\"rl-gallery-item\"><a href=\"https:\/\/sbt.ug.edu.pl\/wp-content\/uploads\/2019\/07\/9.-Kretinga-museum-winter-garden-R1-A4.-1.jpg\" title=\"9. Kretinga museum, winter garden; R1, A3.\" data-rl_title=\"9. Kretinga museum, winter garden; R1, A3.\" class=\"rl-gallery-link\" data-rl_caption=\"\" data-rel=\"lightbox-gallery-2\"><img src=\"https:\/\/sbt.ug.edu.pl\/wp-content\/uploads\/2019\/07\/9.-Kretinga-museum-winter-garden-R1-A4.-1.jpg\" width=\"640\" height=\"853\" alt=\"\" \/><\/a><\/div><div class=\"rl-gallery-item\"><a href=\"https:\/\/sbt.ug.edu.pl\/wp-content\/uploads\/2019\/07\/10.-Japanese-garden-R1-A4.-1.jpg\" title=\"10. Japanese garden, R1, A4.\" data-rl_title=\"10. Japanese garden, R1, A4.\" class=\"rl-gallery-link\" data-rl_caption=\"\" data-rel=\"lightbox-gallery-2\"><img src=\"https:\/\/sbt.ug.edu.pl\/wp-content\/uploads\/2019\/07\/10.-Japanese-garden-R1-A4.-1-768x512.jpg\" width=\"640\" height=\"427\" alt=\"\" \/><\/a><\/div><div class=\"rl-gallery-item\"><a href=\"https:\/\/sbt.ug.edu.pl\/wp-content\/uploads\/2019\/07\/11.-Bonsai-garden-R1-A4.-1.jpg\" title=\"11. Bonsai garden; R1, A3.\" data-rl_title=\"11. Bonsai garden; R1, A3.\" class=\"rl-gallery-link\" data-rl_caption=\"\" data-rel=\"lightbox-gallery-2\"><img src=\"https:\/\/sbt.ug.edu.pl\/wp-content\/uploads\/2019\/07\/11.-Bonsai-garden-R1-A4.-1-768x511.jpg\" width=\"640\" height=\"426\" alt=\"\" \/><\/a><\/div><div class=\"rl-gallery-item\"><a href=\"https:\/\/sbt.ug.edu.pl\/wp-content\/uploads\/2019\/07\/12.-Minija-river-R1-A5.-1.jpg\" title=\"12. Minija river; R1, A3\" data-rl_title=\"12. Minija river; R1, A3\" class=\"rl-gallery-link\" data-rl_caption=\"\" data-rel=\"lightbox-gallery-2\"><img src=\"https:\/\/sbt.ug.edu.pl\/wp-content\/uploads\/2019\/07\/12.-Minija-river-R1-A5.-1-768x512.jpg\" width=\"640\" height=\"427\" alt=\"\" \/><\/a><\/div><div class=\"rl-gallery-item\"><a href=\"https:\/\/sbt.ug.edu.pl\/wp-content\/uploads\/2019\/07\/13.-Kayaking-in-Minija-river-R1-A5..jpg\" title=\"13. Kayaking in Minija river; R1, A3.\" data-rl_title=\"13. Kayaking in Minija river; R1, A3.\" class=\"rl-gallery-link\" data-rl_caption=\"\" data-rel=\"lightbox-gallery-2\"><img src=\"https:\/\/sbt.ug.edu.pl\/wp-content\/uploads\/2019\/07\/13.-Kayaking-in-Minija-river-R1-A5.-768x576.jpg\" width=\"640\" height=\"480\" alt=\"\" \/><\/a><\/div> <\/div> <\/div><\/p>","protected":false},"excerpt":{"rendered":"<p>LOKALIZACJA K\u0142ajpeda \u2013 Kretynga \u2013 \u017dibininkai \u201eHoliday Park\u201c Wycieczka do Karteny po lunchu. 28 km, 30 min. Trasa kajakowa z Karteny do Raguvi\u0161kiai nad rzek\u0105 Minija. 13 km, 3 godz. ATRAKCJE Wycieczka z K\u0142ajpedy do Kretyngi, zwiedzanie Muzeum Kretyngi, Ogr\u00f3d Japo\u0144ski. Przyjazd do \u201eHoliday Park&#8221; i zakwaterowanie w domkach z bali. &nbsp; Muzeum Kretyngi jest [&hellip;]<\/p>\n","protected":false},"author":4,"featured_media":0,"parent":455,"menu_order":0,"comment_status":"closed","ping_status":"closed","template":"","meta":[],"categories":[34,18,15],"tags":[],"_links":{"self":[{"href":"https:\/\/sbt.ug.edu.pl\/pl\/wp-json\/wp\/v2\/pages\/2095"}],"collection":[{"href":"https:\/\/sbt.ug.edu.pl\/pl\/wp-json\/wp\/v2\/pages"}],"about":[{"href":"https:\/\/sbt.ug.edu.pl\/pl\/wp-json\/wp\/v2\/types\/page"}],"author":[{"embeddable":true,"href":"https:\/\/sbt.ug.edu.pl\/pl\/wp-json\/wp\/v2\/users\/4"}],"replies":[{"embeddable":true,"href":"https:\/\/sbt.ug.edu.pl\/pl\/wp-json\/wp\/v2\/comments?post=2095"}],"version-history":[{"count":15,"href":"https:\/\/sbt.ug.edu.pl\/pl\/wp-json\/wp\/v2\/pages\/2095\/revisions"}],"predecessor-version":[{"id":5706,"href":"https:\/\/sbt.ug.edu.pl\/pl\/wp-json\/wp\/v2\/pages\/2095\/revisions\/5706"}],"up":[{"embeddable":true,"href":"https:\/\/sbt.ug.edu.pl\/pl\/wp-json\/wp\/v2\/pages\/455"}],"wp:attachment":[{"href":"https:\/\/sbt.ug.edu.pl\/pl\/wp-json\/wp\/v2\/media?parent=2095"}],"wp:term":[{"taxonomy":"category","embeddable":true,"href":"https:\/\/sbt.ug.edu.pl\/pl\/wp-json\/wp\/v2\/categories?post=2095"},{"taxonomy":"post_tag","embeddable":true,"href":"https:\/\/sbt.ug.edu.pl\/pl\/wp-json\/wp\/v2\/tags?post=2095"}],"curies":[{"name":"wp","href":"https:\/\/api.w.org\/{rel}","templated":true}]}}