{"id":2099,"date":"2019-07-11T13:03:32","date_gmt":"2019-07-11T11:03:32","guid":{"rendered":"https:\/\/southbaltic-tourist.eu\/?page_id=2099"},"modified":"2021-05-31T17:15:30","modified_gmt":"2021-05-31T16:15:30","slug":"4-zibininkai-holiday-park-plunge-plateliai","status":"publish","type":"page","link":"https:\/\/sbt.ug.edu.pl\/pl\/routes\/kayaking-south-baltic\/4-zibininkai-holiday-park-plunge-plateliai\/","title":{"rendered":"4. Plateliai \u2013 Plunge (P\u0142ungiany)"},"content":{"rendered":"<p><strong>LOKALIZACJA<\/strong><\/p>\n<p>\u017dibininkai \u201eHoliday Park\u201c \u2013 Plung\u0117 (P\u0142ungiany) \u2013 Plateliai \u2013 \u017dibininkai<\/p>\n<p>Poranna wycieczka do Plateliai. 48 km (1 godz. 10 min.), przystanek w Plung\u0117 (30 min.).<\/p>\n<p>Zwiedzanie Muzeum Zimnej Wojny (1:30 h), wsp\u00f3\u0142rz\u0119dne: 369504, 6212682 (LKS); 56.030391, 21.906232 (WGS); 56\u00b0 1\u2032 49.41\u2033, 21\u00b0 54\u2032 22.44\u2033 (WGS).<\/p>\n<p>Adres: ulica \u0160ilin\u0117 4, Plok\u0161\u010diai, Plung\u0117.<\/p>\n<p>Centrum Turystyczne Plateliai, ulica Did\u017eioji 8, Plateliai, LT-90420 Plung\u0117.<\/p>\n<p>Wycieczka kajakiem po jeziorze Plateliai (8 godz.), powr\u00f3t do &#8222;Holiday Park&#8221; (1 godz. 10 min.).<\/p>\n<p><img decoding=\"async\" loading=\"lazy\" class=\"alignnone wp-image-2624\" src=\"https:\/\/southbaltic-tourist.eu\/wp-content\/uploads\/2019\/07\/mapa4-300x141.png\" alt=\"\" width=\"459\" height=\"216\" srcset=\"https:\/\/sbt.ug.edu.pl\/wp-content\/uploads\/2019\/07\/mapa4-300x141.png 300w, https:\/\/sbt.ug.edu.pl\/wp-content\/uploads\/2019\/07\/mapa4-150x71.png 150w, https:\/\/sbt.ug.edu.pl\/wp-content\/uploads\/2019\/07\/mapa4.png 472w\" sizes=\"(max-width: 459px) 100vw, 459px\" \/><\/p>\n<p>&nbsp;<\/p>\n<p><strong>ATRAKCJE<\/strong><\/p>\n<p>Muzeum Zimnej Wojny jako jedyne w Europie powsta\u0142o w jednej z pierwszych podziemnych baz rakiet balistycznych by\u0142ego Zwi\u0105zku Radzieckiego. Znajduje si\u0119 w lesie Plok\u0161tin\u0117s, w pobli\u017cu miasta i jeziora Plateliai. Ekspozycja historyczna muzeum opowiada o pi\u0119ciu dekadach zimnej wojny, jednego z najbardziej znanych i niebezpiecznych konflikt\u00f3w militarnych w historii. Wcze\u015bniej to miejsce by\u0142o tajne.\u00a0 Dzi\u015b mo\u017cna do niego wej\u015b\u0107 w towarzystwie przewodnika.<\/p>\n<p><strong>\u0179r\u00f3d\u0142a:<\/strong><\/p>\n<p>Heritage\u00a0 Class: [ C ]<strong>\u00a0Cultural Heritage<\/strong><\/p>\n<p>Subclass [WH] :<strong>\u00a0Waterfronts and traditional harbor areas<\/strong><\/p>\n<p><a href=\"http:\/\/zemaitijosnp.lt\/en\/expositions\/\">http:\/\/zemaitijosnp.lt\/en\/expositions\/,\u00a0<\/a><a href=\"http:\/\/coldwarsites.net\/country\/lithuania\/plokstine-missile-base-museum-of-cold-war-plateliai\/\">http:\/\/coldwarsites.net\/country\/lithuania\/plokstine-missile-base-museum-of-cold-war-plateliai\/,\u00a0<\/a><a href=\"https:\/\/www.tripadvisor.com\/ShowUserReviews-g277801-d3369210-r157510547-Cold_War_Museum-Plunge_Telsiai_County.html\">https:\/\/www.tripadvisor.com\/ShowUserReviews-g277801-d3369210-r157510547-Cold_War_Museum-Plunge_Telsiai_County.html<\/a><\/p>\n<p>https:\/\/www.visitplunge.lt\/plunges-tic\/http:\/\/zemaitijosnp.lt\/ekspozicijos\/<\/p>\n<p><div class=\"rl-gallery-container rl-loading\" id=\"rl-gallery-container-2\" data-gallery_id=\"2306\"> <div class=\"rl-gallery rl-basicgrid-gallery \" id=\"rl-gallery-2\" data-gallery_no=\"2\"> <div class=\"rl-gallery-item\"><a href=\"https:\/\/sbt.ug.edu.pl\/wp-content\/uploads\/2019\/07\/14.-Plung\u0117-manor-estate-R1-A6..jpg\" title=\"14. Plung\u0117 manor estate; R1, A4.\" data-rl_title=\"14. Plung\u0117 manor estate; R1, A4.\" class=\"rl-gallery-link\" data-rl_caption=\"\" data-rel=\"lightbox-gallery-2\"><img src=\"https:\/\/sbt.ug.edu.pl\/wp-content\/uploads\/2019\/07\/14.-Plung\u0117-manor-estate-R1-A6.-768x512.jpg\" width=\"640\" height=\"427\" alt=\"\" \/><\/a><\/div><div class=\"rl-gallery-item\"><a href=\"https:\/\/sbt.ug.edu.pl\/wp-content\/uploads\/2019\/07\/15.-Cold-war-exposition-R1-A6..jpg\" title=\"15. Cold war exposition; R1, A4.\" data-rl_title=\"15. Cold war exposition; R1, A4.\" class=\"rl-gallery-link\" data-rl_caption=\"\" data-rel=\"lightbox-gallery-2\"><img src=\"https:\/\/sbt.ug.edu.pl\/wp-content\/uploads\/2019\/07\/15.-Cold-war-exposition-R1-A6.-768x363.jpg\" width=\"640\" height=\"303\" alt=\"\" \/><\/a><\/div> <\/div> <\/div><\/p>","protected":false},"excerpt":{"rendered":"<p>LOKALIZACJA \u017dibininkai \u201eHoliday Park\u201c \u2013 Plung\u0117 (P\u0142ungiany) \u2013 Plateliai \u2013 \u017dibininkai Poranna wycieczka do Plateliai. 48 km (1 godz. 10 min.), przystanek w Plung\u0117 (30 min.). Zwiedzanie Muzeum Zimnej Wojny (1:30 h), wsp\u00f3\u0142rz\u0119dne: 369504, 6212682 (LKS); 56.030391, 21.906232 (WGS); 56\u00b0 1\u2032 49.41\u2033, 21\u00b0 54\u2032 22.44\u2033 (WGS). Adres: ulica \u0160ilin\u0117 4, Plok\u0161\u010diai, Plung\u0117. Centrum Turystyczne Plateliai, [&hellip;]<\/p>\n","protected":false},"author":4,"featured_media":0,"parent":455,"menu_order":0,"comment_status":"closed","ping_status":"closed","template":"","meta":[],"categories":[34,18,15],"tags":[],"_links":{"self":[{"href":"https:\/\/sbt.ug.edu.pl\/pl\/wp-json\/wp\/v2\/pages\/2099"}],"collection":[{"href":"https:\/\/sbt.ug.edu.pl\/pl\/wp-json\/wp\/v2\/pages"}],"about":[{"href":"https:\/\/sbt.ug.edu.pl\/pl\/wp-json\/wp\/v2\/types\/page"}],"author":[{"embeddable":true,"href":"https:\/\/sbt.ug.edu.pl\/pl\/wp-json\/wp\/v2\/users\/4"}],"replies":[{"embeddable":true,"href":"https:\/\/sbt.ug.edu.pl\/pl\/wp-json\/wp\/v2\/comments?post=2099"}],"version-history":[{"count":13,"href":"https:\/\/sbt.ug.edu.pl\/pl\/wp-json\/wp\/v2\/pages\/2099\/revisions"}],"predecessor-version":[{"id":5707,"href":"https:\/\/sbt.ug.edu.pl\/pl\/wp-json\/wp\/v2\/pages\/2099\/revisions\/5707"}],"up":[{"embeddable":true,"href":"https:\/\/sbt.ug.edu.pl\/pl\/wp-json\/wp\/v2\/pages\/455"}],"wp:attachment":[{"href":"https:\/\/sbt.ug.edu.pl\/pl\/wp-json\/wp\/v2\/media?parent=2099"}],"wp:term":[{"taxonomy":"category","embeddable":true,"href":"https:\/\/sbt.ug.edu.pl\/pl\/wp-json\/wp\/v2\/categories?post=2099"},{"taxonomy":"post_tag","embeddable":true,"href":"https:\/\/sbt.ug.edu.pl\/pl\/wp-json\/wp\/v2\/tags?post=2099"}],"curies":[{"name":"wp","href":"https:\/\/api.w.org\/{rel}","templated":true}]}}