{"id":2102,"date":"2019-07-11T13:06:53","date_gmt":"2019-07-11T11:06:53","guid":{"rendered":"https:\/\/southbaltic-tourist.eu\/?page_id=2102"},"modified":"2021-05-31T17:28:22","modified_gmt":"2021-05-31T16:28:22","slug":"5-canoe-trip-crystal-waters-in-plateliai-lake","status":"publish","type":"page","link":"https:\/\/sbt.ug.edu.pl\/pl\/routes\/kayaking-south-baltic\/5-canoe-trip-crystal-waters-in-plateliai-lake\/","title":{"rendered":"5. Wycieczka kajakowa \u201eKryszta\u0142owe Wody\u201d"},"content":{"rendered":"<p><strong>LOKALIZACJA<\/strong><\/p>\n<p>\u201eKryszta\u0142owe Wody&#8221; to wycieczka kajakiem po jeziorze Plateliai &#8211; najwi\u0119kszym i najg\u0142\u0119bszym jeziorze na \u017bmudzi.<\/p>\n<p><strong>ATRAKCJE<\/strong><\/p>\n<p>Odkryj pi\u0119kno najwi\u0119kszego i najg\u0142\u0119bszego jeziora na \u017bmudzi, s\u0142yn\u0105cego z przepi\u0119knego otoczenia przyrodniczego i jego kulturowego znaczenia. Poprowadzimy Ci\u0119 przez te krystalicznie czyste wody, aby\u015b naprawd\u0119 m\u00f3g\u0142 cieszy\u0107 si\u0119 czym\u015b, co nazywamy \u201eBardzo Mokrym Prze\u017cyciem\u201d &#8211; po\u0142\u0105czeniem rekreacyjnego wios\u0142owania i pikniku dla smakoszy.<\/p>\n<p>Wycieczka \u201eKryszta\u0142owo Czysta\u201d poprowadzi Ci\u0119 s\u0142ynn\u0105 \u015bcie\u017ck\u0105 archipelagu Plateliai w jedyny w swoim rodzaju, zabawny i niezapomniany spos\u00f3b. Wiemy, jak zapewni\u0107 Pa\u0144stwu ekscytuj\u0105c\u0105 przygod\u0119 na \u015bwie\u017cym powietrzu w spokojnym tempie.<\/p>\n<p>&nbsp;<\/p>\n<p>\u017ar\u00f3d\u0142a:\u00a0https:\/\/www.wetweim.com\/crystal.php<\/p>\n<p><div class=\"rl-gallery-container rl-loading\" id=\"rl-gallery-container-2\" data-gallery_id=\"2320\"> <div class=\"rl-gallery rl-basicgrid-gallery \" id=\"rl-gallery-2\" data-gallery_no=\"2\"> <div class=\"rl-gallery-item\"><a href=\"https:\/\/sbt.ug.edu.pl\/wp-content\/uploads\/2019\/07\/16.-Samogitia-National-park-visitor-center-R1-A6.-1.jpg\" title=\"16. Samogitia National park visitor center; R1, A5.\" data-rl_title=\"16. Samogitia National park visitor center; R1, A5.\" class=\"rl-gallery-link\" data-rl_caption=\"\" data-rel=\"lightbox-gallery-2\"><img src=\"https:\/\/sbt.ug.edu.pl\/wp-content\/uploads\/2019\/07\/16.-Samogitia-National-park-visitor-center-R1-A6.-1-768x512.jpg\" width=\"640\" height=\"427\" alt=\"\" \/><\/a><\/div><div class=\"rl-gallery-item\"><a href=\"https:\/\/sbt.ug.edu.pl\/wp-content\/uploads\/2019\/07\/17.-Kayaking-in-Plateliai-lake-R1-A7.-1.jpg\" title=\"17. Kayaking in Plateliai lake; R1, A5.\" data-rl_title=\"17. Kayaking in Plateliai lake; R1, A5.\" class=\"rl-gallery-link\" data-rl_caption=\"\" data-rel=\"lightbox-gallery-2\"><img src=\"https:\/\/sbt.ug.edu.pl\/wp-content\/uploads\/2019\/07\/17.-Kayaking-in-Plateliai-lake-R1-A7.-1-768x512.jpg\" width=\"640\" height=\"427\" alt=\"\" \/><\/a><\/div><div class=\"rl-gallery-item\"><a href=\"https:\/\/sbt.ug.edu.pl\/wp-content\/uploads\/2019\/07\/18.-Kayaking-in-Plateliai-lake-R1-A7.-1.jpg\" title=\"18. Kayaking in Plateliai lake; R1, A5.\" data-rl_title=\"18. Kayaking in Plateliai lake; R1, A5.\" class=\"rl-gallery-link\" data-rl_caption=\"\" data-rel=\"lightbox-gallery-2\"><img src=\"https:\/\/sbt.ug.edu.pl\/wp-content\/uploads\/2019\/07\/18.-Kayaking-in-Plateliai-lake-R1-A7.-1-768x512.jpg\" width=\"640\" height=\"427\" alt=\"\" \/><\/a><\/div> <\/div> <\/div><\/p>","protected":false},"excerpt":{"rendered":"<p>LOKALIZACJA \u201eKryszta\u0142owe Wody&#8221; to wycieczka kajakiem po jeziorze Plateliai &#8211; najwi\u0119kszym i najg\u0142\u0119bszym jeziorze na \u017bmudzi. ATRAKCJE Odkryj pi\u0119kno najwi\u0119kszego i najg\u0142\u0119bszego jeziora na \u017bmudzi, s\u0142yn\u0105cego z przepi\u0119knego otoczenia przyrodniczego i jego kulturowego znaczenia. Poprowadzimy Ci\u0119 przez te krystalicznie czyste wody, aby\u015b naprawd\u0119 m\u00f3g\u0142 cieszy\u0107 si\u0119 czym\u015b, co nazywamy \u201eBardzo Mokrym Prze\u017cyciem\u201d &#8211; po\u0142\u0105czeniem rekreacyjnego [&hellip;]<\/p>\n","protected":false},"author":4,"featured_media":0,"parent":455,"menu_order":0,"comment_status":"closed","ping_status":"closed","template":"","meta":[],"categories":[34,18,12],"tags":[],"_links":{"self":[{"href":"https:\/\/sbt.ug.edu.pl\/pl\/wp-json\/wp\/v2\/pages\/2102"}],"collection":[{"href":"https:\/\/sbt.ug.edu.pl\/pl\/wp-json\/wp\/v2\/pages"}],"about":[{"href":"https:\/\/sbt.ug.edu.pl\/pl\/wp-json\/wp\/v2\/types\/page"}],"author":[{"embeddable":true,"href":"https:\/\/sbt.ug.edu.pl\/pl\/wp-json\/wp\/v2\/users\/4"}],"replies":[{"embeddable":true,"href":"https:\/\/sbt.ug.edu.pl\/pl\/wp-json\/wp\/v2\/comments?post=2102"}],"version-history":[{"count":9,"href":"https:\/\/sbt.ug.edu.pl\/pl\/wp-json\/wp\/v2\/pages\/2102\/revisions"}],"predecessor-version":[{"id":5708,"href":"https:\/\/sbt.ug.edu.pl\/pl\/wp-json\/wp\/v2\/pages\/2102\/revisions\/5708"}],"up":[{"embeddable":true,"href":"https:\/\/sbt.ug.edu.pl\/pl\/wp-json\/wp\/v2\/pages\/455"}],"wp:attachment":[{"href":"https:\/\/sbt.ug.edu.pl\/pl\/wp-json\/wp\/v2\/media?parent=2102"}],"wp:term":[{"taxonomy":"category","embeddable":true,"href":"https:\/\/sbt.ug.edu.pl\/pl\/wp-json\/wp\/v2\/categories?post=2102"},{"taxonomy":"post_tag","embeddable":true,"href":"https:\/\/sbt.ug.edu.pl\/pl\/wp-json\/wp\/v2\/tags?post=2102"}],"curies":[{"name":"wp","href":"https:\/\/api.w.org\/{rel}","templated":true}]}}