{"id":2105,"date":"2019-07-11T13:09:58","date_gmt":"2019-07-11T11:09:58","guid":{"rendered":"https:\/\/southbaltic-tourist.eu\/?page_id=2105"},"modified":"2021-05-31T17:29:43","modified_gmt":"2021-05-31T16:29:43","slug":"6-karlshamn","status":"publish","type":"page","link":"https:\/\/sbt.ug.edu.pl\/pl\/routes\/kayaking-south-baltic\/6-karlshamn\/","title":{"rendered":"6. Karlshamn \u2013 zwiedzanie miasta"},"content":{"rendered":"<p><strong>LOKALIZACJA<\/strong><\/p>\n<p>Karlshamn to miasto portowe w po\u0142udniowej Szwecji, siedziba gminy Karlshamn w powiecie Blekinge.<\/p>\n<p>&nbsp;<\/p>\n<p><strong>ZWIEDZANIE<\/strong><\/p>\n<p>Dzie\u0144 w mie\u015bcie Karlshamn. Warto rozpocz\u0105\u0107 zwiedzanie Karlshamn od centrum nauki &#8222;Kreativum&#8221;, kt\u00f3re przyci\u0105ga ludzi w ka\u017cdym wieku i jest szczeg\u00f3lnie dobre dla rodzin. W tym centrum ka\u017cdy &#8211; zar\u00f3wno m\u0142ody, jak i doros\u0142y &#8211; \u015bwietnie si\u0119 bawi wypr\u00f3bowuj\u0105c szerok\u0105 gam\u0119 wynalazk\u00f3w, kt\u00f3rych jest tu ponad 100. Polecamy odwiedzi\u0107 o\u015brodek tropikalny, w kt\u00f3rym znajduje si\u0119 wiele zwierz\u0105t z pi\u0119ciu kontynent\u00f3w. Wizyta trwa oko\u0142o 1,5-2 godzin.<\/p>\n<p><strong>ATRAKCJE<\/strong><\/p>\n<p>Rozrywka, kt\u00f3rej warto spr\u00f3bowa\u0107 podczas wizyty w Karlshamn, to zapoznanie si\u0119 z unikalnym archipelagiem wysp, typowym dla po\u0142udniowej Szwecji. Mo\u017cna to zrobi\u0107 na dwa sposoby &#8211; je\u015bli jeste\u015b z dzie\u0107mi, polecamy podr\u00f3\u017c na najbli\u017csz\u0105 wysp\u0119 tradycyjnym rejsem statkiem. Je\u015bli lubisz wra\u017cenia \u201eameryka\u0144skiego roller coastera\u201d, proponujemy wynaj\u0105\u0107 szybk\u0105 \u0142\u00f3d\u017a &#8222;Unika Upplevelser&#8221; wraz z kapitanem i op\u0142yn\u0105\u0107 w ci\u0105gu godziny najbardziej spektakularne zak\u0105tki archipelagu oraz wyp\u0142yn\u0105\u0107 na otwarte morze.<\/p>\n<p>\u017ar\u00f3d\u0142a: http:\/\/b4.boka-blekinge.se\/sv\/se-gora\/a584120\/entrebiljett-till-kreativum\/detaljer, http:\/\/www.karlshamn.se\/VisitKarlshamn\/Turistcenter\/Om-turistcenter\/, http:\/\/exotiskvarld.se\/index.htmlhttp:\/\/www.unikaupplevelser.se\/<\/p>\n<p><div class=\"rl-gallery-container rl-loading\" id=\"rl-gallery-container-2\" data-gallery_id=\"2315\"> <div class=\"rl-gallery rl-basicgrid-gallery \" id=\"rl-gallery-2\" data-gallery_no=\"2\"> <div class=\"rl-gallery-item\"><a href=\"https:\/\/sbt.ug.edu.pl\/wp-content\/uploads\/2019\/07\/19.-Karlshamn-city-R1-A8..jpg\" title=\"19. Karlshamn city; R1, A6.\" data-rl_title=\"19. Karlshamn city; R1, A6.\" class=\"rl-gallery-link\" data-rl_caption=\"\" data-rel=\"lightbox-gallery-2\"><img src=\"https:\/\/sbt.ug.edu.pl\/wp-content\/uploads\/2019\/07\/19.-Karlshamn-city-R1-A8.-768x512.jpg\" width=\"640\" height=\"427\" alt=\"\" \/><\/a><\/div><div class=\"rl-gallery-item\"><a href=\"https:\/\/sbt.ug.edu.pl\/wp-content\/uploads\/2019\/07\/20.-Kreativum-science-center-R1-A8..jpg\" title=\"20. Kreativum science center; R1, A6.\" data-rl_title=\"20. Kreativum science center; R1, A6.\" class=\"rl-gallery-link\" data-rl_caption=\"\" data-rel=\"lightbox-gallery-2\"><img src=\"https:\/\/sbt.ug.edu.pl\/wp-content\/uploads\/2019\/07\/20.-Kreativum-science-center-R1-A8.-768x512.jpg\" width=\"640\" height=\"427\" alt=\"\" \/><\/a><\/div> <\/div> <\/div><\/p>","protected":false},"excerpt":{"rendered":"<p>LOKALIZACJA Karlshamn to miasto portowe w po\u0142udniowej Szwecji, siedziba gminy Karlshamn w powiecie Blekinge. &nbsp; ZWIEDZANIE Dzie\u0144 w mie\u015bcie Karlshamn. Warto rozpocz\u0105\u0107 zwiedzanie Karlshamn od centrum nauki &#8222;Kreativum&#8221;, kt\u00f3re przyci\u0105ga ludzi w ka\u017cdym wieku i jest szczeg\u00f3lnie dobre dla rodzin. W tym centrum ka\u017cdy &#8211; zar\u00f3wno m\u0142ody, jak i doros\u0142y &#8211; \u015bwietnie si\u0119 bawi wypr\u00f3bowuj\u0105c [&hellip;]<\/p>\n","protected":false},"author":4,"featured_media":0,"parent":455,"menu_order":0,"comment_status":"closed","ping_status":"closed","template":"","meta":[],"categories":[34,18,15],"tags":[],"_links":{"self":[{"href":"https:\/\/sbt.ug.edu.pl\/pl\/wp-json\/wp\/v2\/pages\/2105"}],"collection":[{"href":"https:\/\/sbt.ug.edu.pl\/pl\/wp-json\/wp\/v2\/pages"}],"about":[{"href":"https:\/\/sbt.ug.edu.pl\/pl\/wp-json\/wp\/v2\/types\/page"}],"author":[{"embeddable":true,"href":"https:\/\/sbt.ug.edu.pl\/pl\/wp-json\/wp\/v2\/users\/4"}],"replies":[{"embeddable":true,"href":"https:\/\/sbt.ug.edu.pl\/pl\/wp-json\/wp\/v2\/comments?post=2105"}],"version-history":[{"count":9,"href":"https:\/\/sbt.ug.edu.pl\/pl\/wp-json\/wp\/v2\/pages\/2105\/revisions"}],"predecessor-version":[{"id":5709,"href":"https:\/\/sbt.ug.edu.pl\/pl\/wp-json\/wp\/v2\/pages\/2105\/revisions\/5709"}],"up":[{"embeddable":true,"href":"https:\/\/sbt.ug.edu.pl\/pl\/wp-json\/wp\/v2\/pages\/455"}],"wp:attachment":[{"href":"https:\/\/sbt.ug.edu.pl\/pl\/wp-json\/wp\/v2\/media?parent=2105"}],"wp:term":[{"taxonomy":"category","embeddable":true,"href":"https:\/\/sbt.ug.edu.pl\/pl\/wp-json\/wp\/v2\/categories?post=2105"},{"taxonomy":"post_tag","embeddable":true,"href":"https:\/\/sbt.ug.edu.pl\/pl\/wp-json\/wp\/v2\/tags?post=2105"}],"curies":[{"name":"wp","href":"https:\/\/api.w.org\/{rel}","templated":true}]}}