{"id":2109,"date":"2019-07-11T13:14:32","date_gmt":"2019-07-11T11:14:32","guid":{"rendered":"https:\/\/southbaltic-tourist.eu\/?page_id=2109"},"modified":"2021-05-31T17:31:47","modified_gmt":"2021-05-31T16:31:47","slug":"7-canoe-trip-with-overnight-stay-in-humletork","status":"publish","type":"page","link":"https:\/\/sbt.ug.edu.pl\/pl\/routes\/kayaking-south-baltic\/7-canoe-trip-with-overnight-stay-in-humletork\/","title":{"rendered":"7. Wycieczka kajakowa \u201cHolje\u00e5n oraz Iv\u00f6sj\u00f6n\u201d"},"content":{"rendered":"<p><strong>LOKALIZACJA<\/strong><\/p>\n<p>Jezioro Iv\u00f6sj\u00f6n i rzeka Holje\u00e5n w po\u0142udniowej Szwecji, to idealne miejsca do p\u0142ywania kanu lub kajakiem.<\/p>\n<p>Jezioro Iv\u00f6sj\u00f6n znajduje si\u0119 w p\u00f3\u0142nocno-wschodniej cz\u0119\u015bci historycznej prowincji Skanii, w granicach gmin Kristianstad i Brom\u00f6lla. Jest to najwi\u0119ksze (54,2 km\u00b2) i najg\u0142\u0119bsze (\u015brednia g\u0142\u0119boko\u015b\u0107 wynosi 11,3 m) jezioro w Skanii.<\/p>\n<p>Kajakarstwo w Immeln i piknik w naturze.<\/p>\n<p><a href=\"https:\/\/southbaltic-tourist.eu\/wp-content\/uploads\/2020\/02\/r1a7_Holje\u00e5n-and-Iv\u00f6sj\u00f6n_slim.png\" data-rel=\"lightbox-gallery-GmTmS1Tj\" data-rl_title=\"\" data-rl_caption=\"\" title=\"\"><img decoding=\"async\" loading=\"lazy\" class=\"aligncenter wp-image-5193\" src=\"https:\/\/southbaltic-tourist.eu\/wp-content\/uploads\/2020\/02\/r1a7_Holje\u00e5n-and-Iv\u00f6sj\u00f6n_slim-300x174.png\" alt=\"\" width=\"1000\" height=\"581\" srcset=\"https:\/\/sbt.ug.edu.pl\/wp-content\/uploads\/2020\/02\/r1a7_Holje\u00e5n-and-Iv\u00f6sj\u00f6n_slim-300x174.png 300w, https:\/\/sbt.ug.edu.pl\/wp-content\/uploads\/2020\/02\/r1a7_Holje\u00e5n-and-Iv\u00f6sj\u00f6n_slim-1024x595.png 1024w, https:\/\/sbt.ug.edu.pl\/wp-content\/uploads\/2020\/02\/r1a7_Holje\u00e5n-and-Iv\u00f6sj\u00f6n_slim-768x446.png 768w, https:\/\/sbt.ug.edu.pl\/wp-content\/uploads\/2020\/02\/r1a7_Holje\u00e5n-and-Iv\u00f6sj\u00f6n_slim-1536x893.png 1536w, https:\/\/sbt.ug.edu.pl\/wp-content\/uploads\/2020\/02\/r1a7_Holje\u00e5n-and-Iv\u00f6sj\u00f6n_slim-150x87.png 150w, https:\/\/sbt.ug.edu.pl\/wp-content\/uploads\/2020\/02\/r1a7_Holje\u00e5n-and-Iv\u00f6sj\u00f6n_slim.png 1600w\" sizes=\"(max-width: 1000px) 100vw, 1000px\" \/><\/a><\/p>\n<p><strong>ATRAKCJE<\/strong><\/p>\n<p>Pakiet dla odkrywcy kajakarstwa zar\u00f3wno w Holje\u00e5n, jak i Iv\u00f6sj\u00f6n.<\/p>\n<p>Ucieknij od stresu dnia codziennego i spr\u00f3buj \u017cy\u0107 jak Robinson Crusoe na wyspie na najwi\u0119kszym i najpi\u0119kniejszym jeziorze w Skanii. Kajakowa przygoda dla par, rodzin i grup.<\/p>\n<p>Opr\u00f3cz sp\u0142ywu kajakowego, istnieje r\u00f3wnie\u017c mo\u017cliwo\u015b\u0107 w\u0119dr\u00f3wek po jednej z wielu \u015bcie\u017cek przyrodniczych w okolicy. Komfortowe zakwaterowanie w schronisku w jedynej zachowanej w Szwecji suszarni chmielu. Odpowiednie dla os\u00f3b indywidualnych i grup, kt\u00f3re chc\u0105 jak najlepiej pozna\u0107 przyrod\u0119 i otoczenie.<\/p>\n<p>&nbsp;<\/p>\n<p>\u017ar\u00f3d\u0142a: http:\/\/wetlandi.se\/paket\/, http:\/\/wetlandi.se\/wp-content\/uploads\/2018\/04\/Kanot-Humletork-EN.pdf, https:\/\/www.bromolla.se\/globalassets\/uppleva-och-gora\/turism-och-fritid\/lederna\/holjealeden.pdf<\/p>\n<p><div class=\"rl-gallery-container rl-loading\" id=\"rl-gallery-container-2\" data-gallery_id=\"2326\"> <div class=\"rl-gallery rl-basicgrid-gallery \" id=\"rl-gallery-2\" data-gallery_no=\"2\"> <div class=\"rl-gallery-item\"><a href=\"https:\/\/sbt.ug.edu.pl\/wp-content\/uploads\/2019\/07\/21.-Canoeing-in-Iv\u00f6sj\u00f6n-lake-R1-A9..jpg\" title=\"21. Canoeing in Iv\u00f6sj\u00f6n lake; R1, A7.\" data-rl_title=\"21. Canoeing in Iv\u00f6sj\u00f6n lake; R1, A7.\" class=\"rl-gallery-link\" data-rl_caption=\"\" data-rel=\"lightbox-gallery-2\"><img src=\"https:\/\/sbt.ug.edu.pl\/wp-content\/uploads\/2019\/07\/21.-Canoeing-in-Iv\u00f6sj\u00f6n-lake-R1-A9.-768x512.jpg\" width=\"640\" height=\"427\" alt=\"\" \/><\/a><\/div><div class=\"rl-gallery-item\"><a href=\"https:\/\/sbt.ug.edu.pl\/wp-content\/uploads\/2019\/07\/22.-Iv\u00f6sj\u00f6n-lake-R1-A9..jpg\" title=\"22. Iv\u00f6sj\u00f6n lake; R1, A7.\" data-rl_title=\"22. Iv\u00f6sj\u00f6n lake; R1, A7.\" class=\"rl-gallery-link\" data-rl_caption=\"\" data-rel=\"lightbox-gallery-2\"><img src=\"https:\/\/sbt.ug.edu.pl\/wp-content\/uploads\/2019\/07\/22.-Iv\u00f6sj\u00f6n-lake-R1-A9.-768x512.jpg\" width=\"640\" height=\"427\" alt=\"\" \/><\/a><\/div><div class=\"rl-gallery-item\"><a href=\"https:\/\/sbt.ug.edu.pl\/wp-content\/uploads\/2019\/07\/23.-Canoeing-in-Immeln-lake-R1-A10..jpg\" title=\"23. Canoeing in Immeln lake; R1, A7.\" data-rl_title=\"23. Canoeing in Immeln lake; R1, A7.\" class=\"rl-gallery-link\" data-rl_caption=\"\" data-rel=\"lightbox-gallery-2\"><img src=\"https:\/\/sbt.ug.edu.pl\/wp-content\/uploads\/2019\/07\/23.-Canoeing-in-Immeln-lake-R1-A10.-768x512.jpg\" width=\"640\" height=\"427\" alt=\"\" \/><\/a><\/div><div class=\"rl-gallery-item\"><a href=\"https:\/\/sbt.ug.edu.pl\/wp-content\/uploads\/2019\/07\/24.-An-Island-in-Iv\u00f6sj\u00f6n-lake-R1-A11..jpg\" title=\"24. An Island in Iv\u00f6sj\u00f6n lake; R1, A7.\" data-rl_title=\"24. An Island in Iv\u00f6sj\u00f6n lake; R1, A7.\" class=\"rl-gallery-link\" data-rl_caption=\"\" data-rel=\"lightbox-gallery-2\"><img src=\"https:\/\/sbt.ug.edu.pl\/wp-content\/uploads\/2019\/07\/24.-An-Island-in-Iv\u00f6sj\u00f6n-lake-R1-A11.-768x512.jpg\" width=\"640\" height=\"427\" alt=\"\" \/><\/a><\/div> <\/div> <\/div><\/p>","protected":false},"excerpt":{"rendered":"<p>LOKALIZACJA Jezioro Iv\u00f6sj\u00f6n i rzeka Holje\u00e5n w po\u0142udniowej Szwecji, to idealne miejsca do p\u0142ywania kanu lub kajakiem. Jezioro Iv\u00f6sj\u00f6n znajduje si\u0119 w p\u00f3\u0142nocno-wschodniej cz\u0119\u015bci historycznej prowincji Skanii, w granicach gmin Kristianstad i Brom\u00f6lla. Jest to najwi\u0119ksze (54,2 km\u00b2) i najg\u0142\u0119bsze (\u015brednia g\u0142\u0119boko\u015b\u0107 wynosi 11,3 m) jezioro w Skanii. Kajakarstwo w Immeln i piknik w naturze. [&hellip;]<\/p>\n","protected":false},"author":4,"featured_media":0,"parent":455,"menu_order":0,"comment_status":"closed","ping_status":"closed","template":"","meta":[],"categories":[34,18,12],"tags":[],"_links":{"self":[{"href":"https:\/\/sbt.ug.edu.pl\/pl\/wp-json\/wp\/v2\/pages\/2109"}],"collection":[{"href":"https:\/\/sbt.ug.edu.pl\/pl\/wp-json\/wp\/v2\/pages"}],"about":[{"href":"https:\/\/sbt.ug.edu.pl\/pl\/wp-json\/wp\/v2\/types\/page"}],"author":[{"embeddable":true,"href":"https:\/\/sbt.ug.edu.pl\/pl\/wp-json\/wp\/v2\/users\/4"}],"replies":[{"embeddable":true,"href":"https:\/\/sbt.ug.edu.pl\/pl\/wp-json\/wp\/v2\/comments?post=2109"}],"version-history":[{"count":16,"href":"https:\/\/sbt.ug.edu.pl\/pl\/wp-json\/wp\/v2\/pages\/2109\/revisions"}],"predecessor-version":[{"id":5710,"href":"https:\/\/sbt.ug.edu.pl\/pl\/wp-json\/wp\/v2\/pages\/2109\/revisions\/5710"}],"up":[{"embeddable":true,"href":"https:\/\/sbt.ug.edu.pl\/pl\/wp-json\/wp\/v2\/pages\/455"}],"wp:attachment":[{"href":"https:\/\/sbt.ug.edu.pl\/pl\/wp-json\/wp\/v2\/media?parent=2109"}],"wp:term":[{"taxonomy":"category","embeddable":true,"href":"https:\/\/sbt.ug.edu.pl\/pl\/wp-json\/wp\/v2\/categories?post=2109"},{"taxonomy":"post_tag","embeddable":true,"href":"https:\/\/sbt.ug.edu.pl\/pl\/wp-json\/wp\/v2\/tags?post=2109"}],"curies":[{"name":"wp","href":"https:\/\/api.w.org\/{rel}","templated":true}]}}