{"id":2113,"date":"2019-07-11T13:29:25","date_gmt":"2019-07-11T11:29:25","guid":{"rendered":"https:\/\/southbaltic-tourist.eu\/?page_id=2113"},"modified":"2021-05-31T17:33:27","modified_gmt":"2021-05-31T16:33:27","slug":"8-2","status":"publish","type":"page","link":"https:\/\/sbt.ug.edu.pl\/pl\/routes\/kayaking-south-baltic\/8-2\/","title":{"rendered":"8. P\u0142ywanie kajakiem po Pars\u0119cie i zwiedzanie Ko\u0142obrzegu"},"content":{"rendered":"<p><strong>LOKALIZACJA<\/strong><\/p>\n<p>&nbsp;<\/p>\n<p>Pars\u0119ta to rzeka wybrze\u017ca po\u0142udniowego Ba\u0142tyku, w p\u00f3\u0142nocno-zachodniej Polsce, w wojew\u00f3dztwie zachodniopomorskim, zaczynaj\u0105ca bieg w okolicach Pars\u0119cka na Pojezierzu Drawskim, oko\u0142o 7 km na p\u00f3\u0142nocny zach\u00f3d od Szczecinka.<\/p>\n<p>Ko\u0142obrzeg to miasto uzdrowiskowe w p\u00f3\u0142nocno-zachodniej Polsce u uj\u015bcia rzeki Pars\u0119ty, nad Morzem Ba\u0142tyckim.<\/p>\n<p><img decoding=\"async\" loading=\"lazy\" class=\"alignnone wp-image-2695\" src=\"https:\/\/southbaltic-tourist.eu\/wp-content\/uploads\/2019\/07\/mapa8-300x121.png\" alt=\"\" width=\"518\" height=\"209\" srcset=\"https:\/\/sbt.ug.edu.pl\/wp-content\/uploads\/2019\/07\/mapa8-300x121.png 300w, https:\/\/sbt.ug.edu.pl\/wp-content\/uploads\/2019\/07\/mapa8-150x60.png 150w, https:\/\/sbt.ug.edu.pl\/wp-content\/uploads\/2019\/07\/mapa8.png 547w\" sizes=\"(max-width: 518px) 100vw, 518px\" \/><\/p>\n<p>&nbsp;<\/p>\n<p><strong>ZWIEDZANIE<\/strong><\/p>\n<p>W\u015br\u00f3d nadmorskich atrakcji Ko\u0142obrzegu znajduje si\u0119 molo o d\u0142ugo\u015bci 220 metr\u00f3w, kt\u00f3re jest najd\u0142u\u017cszym \u017celbetowym molem w Polsce oraz latarnia morska zbudowana w 1946 roku. Wzd\u0142u\u017c pla\u017cy biegnie Bulwar Jana Szyma\u0144skiego.<\/p>\n<p>Ko\u0142obrzeg znajduje si\u0119 r\u00f3wnie\u017c na li\u015bcie miast Europejskiego Szlaku Gotyku Ceglanego. Przyk\u0142adem architektury gotyckiej w mie\u015bcie jest Bazylika Mariacka i Baszta Lontowa. Z kolei do neogotyckich zabytk\u00f3w nale\u017c\u0105 przede wszystkim ratusz, ko\u0142obrzeska poczta oraz ko\u015bci\u00f3\u0142 rektoralny Niepokalanego Pocz\u0119cia NMP.<\/p>\n<p><strong>ATRAKCJE<\/strong><\/p>\n<p>Wody rzeki Pars\u0119ty s\u0105 siedliskiem rzadkich lub gin\u0105cych gatunk\u00f3w ryb (np. minogi, certa), jak r\u00f3wnie\u017c atrakcyjnych dla w\u0119dkarzy (\u0142oso\u015b, pstr\u0105g potokowy). Rzeka Pars\u0119ta jest rajem dla ornitolog\u00f3w (ponad 180 gatunk\u00f3w). Mo\u017cna tu obserwowa\u0107 liczne gatunki ptak\u00f3w, takie jak: \u017curawie, \u0142ab\u0119dzie, czaple, bociany, ptaki drapie\u017cne: np. myszo\u0142owy, jastrz\u0119bie. W okolicznych lasach mo\u017cna spotka\u0107 dziki, jelenie, sarny. Jest to tak\u017ce siedlisko kilkusetletnich d\u0119b\u00f3w i pi\u0119knie kwitn\u0105cego pomorskiego wiciokrzewu. Kajakarstwo na rzece Pars\u0119cie (157 km) ma zr\u00f3\u017cnicowany charakter. Niekt\u00f3re etapy s\u0105 \u0142atwe, inne po\u015brednie, ale s\u0105 te\u017c bardzo trudne. Ostatni etap, kt\u00f3ry proponujemy podczas tej wyprawy (oko\u0142o 20 km), jest \u0142atwy i ko\u0144czy si\u0119 w Ko\u0142obrzegu. Jest to miejscowo\u015b\u0107 wypoczynkowa o bogatej historii od ponad tysi\u0105ca lat. Zakwaterowanie w mie\u015bcie.<\/p>\n<p>&nbsp;<\/p>\n<p>\u017ar\u00f3d\u0142a:\u00a0http:\/\/klimatycznykolobrzeg.pl\/247-kolobrzeg-szlak-kajakowy-po-rzece-parsecie,\u00a0<a href=\"http:\/\/parseta.org.pl\/index.php?id=2638\">http:\/\/parseta.org.pl\/index.php?id=2638,\u00a0<\/a><a href=\"http:\/\/klimatycznykolobrzeg.pl\/en\/\">http:\/\/klimatycznykolobrzeg.pl\/en\/,\u00a0<\/a><a href=\"http:\/\/www.pomorzezachodnie.travel\/en\">www.PomorzeZachodnie.travel\/en<\/a><\/p>\n<p><div class=\"rl-gallery-container rl-loading\" id=\"rl-gallery-container-2\" data-gallery_id=\"2339\"> <div class=\"rl-gallery rl-basicgrid-gallery \" id=\"rl-gallery-2\" data-gallery_no=\"2\"> <div class=\"rl-gallery-item\"><a href=\"https:\/\/sbt.ug.edu.pl\/wp-content\/uploads\/2019\/07\/26.-Kayaking-in-the-Pars\u0119ta-river-R1-A15..jpg\" title=\"26. Kayaking in the Pars\u0119ta river; R1, A8.\" data-rl_title=\"26. Kayaking in the Pars\u0119ta river; R1, A8.\" class=\"rl-gallery-link\" data-rl_caption=\"\" data-rel=\"lightbox-gallery-2\"><img src=\"https:\/\/sbt.ug.edu.pl\/wp-content\/uploads\/2019\/07\/26.-Kayaking-in-the-Pars\u0119ta-river-R1-A15.-768x407.jpg\" width=\"640\" height=\"339\" alt=\"\" \/><\/a><\/div> <\/div> <\/div><\/p>","protected":false},"excerpt":{"rendered":"<p>LOKALIZACJA &nbsp; Pars\u0119ta to rzeka wybrze\u017ca po\u0142udniowego Ba\u0142tyku, w p\u00f3\u0142nocno-zachodniej Polsce, w wojew\u00f3dztwie zachodniopomorskim, zaczynaj\u0105ca bieg w okolicach Pars\u0119cka na Pojezierzu Drawskim, oko\u0142o 7 km na p\u00f3\u0142nocny zach\u00f3d od Szczecinka. Ko\u0142obrzeg to miasto uzdrowiskowe w p\u00f3\u0142nocno-zachodniej Polsce u uj\u015bcia rzeki Pars\u0119ty, nad Morzem Ba\u0142tyckim. &nbsp; ZWIEDZANIE W\u015br\u00f3d nadmorskich atrakcji Ko\u0142obrzegu znajduje si\u0119 molo o d\u0142ugo\u015bci [&hellip;]<\/p>\n","protected":false},"author":4,"featured_media":0,"parent":455,"menu_order":0,"comment_status":"closed","ping_status":"closed","template":"","meta":[],"categories":[34,18,12],"tags":[],"_links":{"self":[{"href":"https:\/\/sbt.ug.edu.pl\/pl\/wp-json\/wp\/v2\/pages\/2113"}],"collection":[{"href":"https:\/\/sbt.ug.edu.pl\/pl\/wp-json\/wp\/v2\/pages"}],"about":[{"href":"https:\/\/sbt.ug.edu.pl\/pl\/wp-json\/wp\/v2\/types\/page"}],"author":[{"embeddable":true,"href":"https:\/\/sbt.ug.edu.pl\/pl\/wp-json\/wp\/v2\/users\/4"}],"replies":[{"embeddable":true,"href":"https:\/\/sbt.ug.edu.pl\/pl\/wp-json\/wp\/v2\/comments?post=2113"}],"version-history":[{"count":16,"href":"https:\/\/sbt.ug.edu.pl\/pl\/wp-json\/wp\/v2\/pages\/2113\/revisions"}],"predecessor-version":[{"id":5711,"href":"https:\/\/sbt.ug.edu.pl\/pl\/wp-json\/wp\/v2\/pages\/2113\/revisions\/5711"}],"up":[{"embeddable":true,"href":"https:\/\/sbt.ug.edu.pl\/pl\/wp-json\/wp\/v2\/pages\/455"}],"wp:attachment":[{"href":"https:\/\/sbt.ug.edu.pl\/pl\/wp-json\/wp\/v2\/media?parent=2113"}],"wp:term":[{"taxonomy":"category","embeddable":true,"href":"https:\/\/sbt.ug.edu.pl\/pl\/wp-json\/wp\/v2\/categories?post=2113"},{"taxonomy":"post_tag","embeddable":true,"href":"https:\/\/sbt.ug.edu.pl\/pl\/wp-json\/wp\/v2\/tags?post=2113"}],"curies":[{"name":"wp","href":"https:\/\/api.w.org\/{rel}","templated":true}]}}