{"id":2122,"date":"2019-07-11T14:10:04","date_gmt":"2019-07-11T12:10:04","guid":{"rendered":"https:\/\/southbaltic-tourist.eu\/?page_id=2122"},"modified":"2021-05-31T17:35:58","modified_gmt":"2021-05-31T16:35:58","slug":"9-kayaking-in-brda-river-and-visiting-bory-tucholskie-national-park","status":"publish","type":"page","link":"https:\/\/sbt.ug.edu.pl\/pl\/routes\/kayaking-south-baltic\/9-kayaking-in-brda-river-and-visiting-bory-tucholskie-national-park\/","title":{"rendered":"9. P\u0142ywanie kajakiem po Brdzie oraz wizyta w Parku Narodowym \u201eBory Tucholskie\u201d"},"content":{"rendered":"<p><strong>LOKALIZACJA<\/strong><\/p>\n<p>Rzeka Brda po\u0142o\u017cona jest w p\u00f3\u0142nocnej Polsce, jest lewym dop\u0142ywem Wis\u0142y.<\/p>\n<p>Park Narodowy \u201eBory Tucholskie\u201d po\u0142o\u017cony jest w dorzeczu Brdy i Wdy.<\/p>\n<p>Zwiedzanie Bor\u00f3w Tucholskich (2 godz.)<\/p>\n<p>Pakotulsko &#8211; S\u0105polno &#8211; 24 km (5-6 godz.)<\/p>\n<p>Powr\u00f3t do zagrody wiejskiej.<\/p>\n<p><a href=\"https:\/\/southbaltic-tourist.eu\/wp-content\/uploads\/2020\/02\/r2a9_Brda-Bory-Tucholskie-1.png\" data-rel=\"lightbox-gallery-YYNFFF6A\" data-rl_title=\"\" data-rl_caption=\"\" title=\"\">\u00a0<img decoding=\"async\" loading=\"lazy\" class=\"alignnone wp-image-5207 size-large\" src=\"https:\/\/southbaltic-tourist.eu\/wp-content\/uploads\/2020\/02\/r2a9_Brda-Bory-Tucholskie-1-1024x595.png\" alt=\"\" width=\"640\" height=\"372\" srcset=\"https:\/\/sbt.ug.edu.pl\/wp-content\/uploads\/2020\/02\/r2a9_Brda-Bory-Tucholskie-1-1024x595.png 1024w, https:\/\/sbt.ug.edu.pl\/wp-content\/uploads\/2020\/02\/r2a9_Brda-Bory-Tucholskie-1-300x174.png 300w, https:\/\/sbt.ug.edu.pl\/wp-content\/uploads\/2020\/02\/r2a9_Brda-Bory-Tucholskie-1-768x446.png 768w, https:\/\/sbt.ug.edu.pl\/wp-content\/uploads\/2020\/02\/r2a9_Brda-Bory-Tucholskie-1-1536x893.png 1536w, https:\/\/sbt.ug.edu.pl\/wp-content\/uploads\/2020\/02\/r2a9_Brda-Bory-Tucholskie-1-150x87.png 150w, https:\/\/sbt.ug.edu.pl\/wp-content\/uploads\/2020\/02\/r2a9_Brda-Bory-Tucholskie-1.png 1600w\" sizes=\"(max-width: 640px) 100vw, 640px\" \/> \u00a0\u00a0\u00a0\u00a0\u00a0\u00a0\u00a0\u00a0\u00a0\u00a0\u00a0\u00a0\u00a0\u00a0\u00a0 <img decoding=\"async\" loading=\"lazy\" class=\"wp-image-2708 alignnone\" src=\"https:\/\/southbaltic-tourist.eu\/wp-content\/uploads\/2019\/07\/bory.png\" alt=\"\" width=\"219\" height=\"219\" srcset=\"https:\/\/sbt.ug.edu.pl\/wp-content\/uploads\/2019\/07\/bory.png 235w, https:\/\/sbt.ug.edu.pl\/wp-content\/uploads\/2019\/07\/bory-150x150.png 150w\" sizes=\"(max-width: 219px) 100vw, 219px\" \/><\/a><\/p>\n<p><strong>ATRAKCJE<\/strong><\/p>\n<p>Rzeka Brda jest jednym z najlepiej rozbudowanych szlak\u00f3w turystycznych kajakowych, z dobrze przygotowanym systemem oznakowania rzecznego w Polsce. To sprawia, \u017ce Brda jest szlakiem \u0142atwym, idealnym do spokojnych sp\u0142yw\u00f3w rodzinnych i dla pocz\u0105tkuj\u0105cych kajakarzy. Charakteryzuje si\u0119 niezwykle urozmaiconym kr\u0119tym szlakiem, rozleg\u0142ymi lasami rosn\u0105cymi wzd\u0142u\u017c brzeg\u00f3w i pi\u0119knymi jeziorami.<\/p>\n<p>Bory Tucholskie to jeden z najwi\u0119kszych sosnowych kompleks\u00f3w le\u015bnych w Polsce, pe\u0142en ro\u015blin i zwierz\u0105t, kt\u00f3re w wielu przypadkach mo\u017cna spotka\u0107 tylko tutaj, ale te\u017c cisy, d\u0119by, graby czy brzozy. Runo le\u015bne jest bogate w r\u00f3\u017cne rodzaje grzyb\u00f3w i owoc\u00f3w le\u015bnych. Charakterystyczn\u0105 cech\u0105 Bor\u00f3w Tucholskich s\u0105 tak\u017ce pozosta\u0142o\u015bci po puszczy i unikalne gatunki ptak\u00f3w, takie jak orze\u0142 bielik, g\u0142uszec czy czapla siwa.<\/p>\n<p>\u017ar\u00f3d\u0142a: \u00a0https:\/\/slowinskipn.pl\/pl\/http:\/\/www.re-create.pl\/http:\/\/www.lotzl.lebork.pl,\u00a0http:\/\/www.agrokajaki.pl\/http:\/\/www.pnbt.com.pl<\/p>\n<p><div class=\"rl-gallery-container rl-loading\" id=\"rl-gallery-container-2\" data-gallery_id=\"2342\"> <div class=\"rl-gallery rl-basicgrid-gallery \" id=\"rl-gallery-2\" data-gallery_no=\"2\"> <div class=\"rl-gallery-item\"><a href=\"https:\/\/sbt.ug.edu.pl\/wp-content\/uploads\/2019\/07\/27.-Bory-Tucholskie-National-Park-R1-A17..jpg\" title=\"27. Bory Tucholskie National Park; R1, A9.\" data-rl_title=\"27. Bory Tucholskie National Park; R1, A9.\" class=\"rl-gallery-link\" data-rl_caption=\"\" data-rel=\"lightbox-gallery-2\"><img src=\"https:\/\/sbt.ug.edu.pl\/wp-content\/uploads\/2019\/07\/27.-Bory-Tucholskie-National-Park-R1-A17.-768x432.jpg\" width=\"640\" height=\"360\" alt=\"\" \/><\/a><\/div><div class=\"rl-gallery-item\"><a href=\"https:\/\/sbt.ug.edu.pl\/wp-content\/uploads\/2019\/07\/28.-Brda-river-R1-A18..jpg\" title=\"28. Brda river; R1, A9.\" data-rl_title=\"28. Brda river; R1, A9.\" class=\"rl-gallery-link\" data-rl_caption=\"\" data-rel=\"lightbox-gallery-2\"><img src=\"https:\/\/sbt.ug.edu.pl\/wp-content\/uploads\/2019\/07\/28.-Brda-river-R1-A18.-768x577.jpg\" width=\"640\" height=\"481\" alt=\"\" \/><\/a><\/div><div class=\"rl-gallery-item\"><a href=\"https:\/\/sbt.ug.edu.pl\/wp-content\/uploads\/2019\/07\/29.-Kayaking-in-Brda-river-R1-A18..jpg\" title=\"29. Kayaking in Brda river; R1, A9.\" data-rl_title=\"29. Kayaking in Brda river; R1, A9.\" class=\"rl-gallery-link\" data-rl_caption=\"\" data-rel=\"lightbox-gallery-2\"><img src=\"https:\/\/sbt.ug.edu.pl\/wp-content\/uploads\/2019\/07\/29.-Kayaking-in-Brda-river-R1-A18..jpg\" width=\"564\" height=\"750\" alt=\"\" \/><\/a><\/div> <\/div> <\/div><\/p>","protected":false},"excerpt":{"rendered":"<p>LOKALIZACJA Rzeka Brda po\u0142o\u017cona jest w p\u00f3\u0142nocnej Polsce, jest lewym dop\u0142ywem Wis\u0142y. Park Narodowy \u201eBory Tucholskie\u201d po\u0142o\u017cony jest w dorzeczu Brdy i Wdy. Zwiedzanie Bor\u00f3w Tucholskich (2 godz.) Pakotulsko &#8211; S\u0105polno &#8211; 24 km (5-6 godz.) Powr\u00f3t do zagrody wiejskiej. \u00a0 \u00a0\u00a0\u00a0\u00a0\u00a0\u00a0\u00a0\u00a0\u00a0\u00a0\u00a0\u00a0\u00a0\u00a0\u00a0 ATRAKCJE Rzeka Brda jest jednym z najlepiej rozbudowanych szlak\u00f3w turystycznych kajakowych, z dobrze [&hellip;]<\/p>\n","protected":false},"author":4,"featured_media":0,"parent":455,"menu_order":0,"comment_status":"closed","ping_status":"closed","template":"","meta":[],"categories":[34,18,12],"tags":[],"_links":{"self":[{"href":"https:\/\/sbt.ug.edu.pl\/pl\/wp-json\/wp\/v2\/pages\/2122"}],"collection":[{"href":"https:\/\/sbt.ug.edu.pl\/pl\/wp-json\/wp\/v2\/pages"}],"about":[{"href":"https:\/\/sbt.ug.edu.pl\/pl\/wp-json\/wp\/v2\/types\/page"}],"author":[{"embeddable":true,"href":"https:\/\/sbt.ug.edu.pl\/pl\/wp-json\/wp\/v2\/users\/4"}],"replies":[{"embeddable":true,"href":"https:\/\/sbt.ug.edu.pl\/pl\/wp-json\/wp\/v2\/comments?post=2122"}],"version-history":[{"count":14,"href":"https:\/\/sbt.ug.edu.pl\/pl\/wp-json\/wp\/v2\/pages\/2122\/revisions"}],"predecessor-version":[{"id":5712,"href":"https:\/\/sbt.ug.edu.pl\/pl\/wp-json\/wp\/v2\/pages\/2122\/revisions\/5712"}],"up":[{"embeddable":true,"href":"https:\/\/sbt.ug.edu.pl\/pl\/wp-json\/wp\/v2\/pages\/455"}],"wp:attachment":[{"href":"https:\/\/sbt.ug.edu.pl\/pl\/wp-json\/wp\/v2\/media?parent=2122"}],"wp:term":[{"taxonomy":"category","embeddable":true,"href":"https:\/\/sbt.ug.edu.pl\/pl\/wp-json\/wp\/v2\/categories?post=2122"},{"taxonomy":"post_tag","embeddable":true,"href":"https:\/\/sbt.ug.edu.pl\/pl\/wp-json\/wp\/v2\/tags?post=2122"}],"curies":[{"name":"wp","href":"https:\/\/api.w.org\/{rel}","templated":true}]}}