{"id":2196,"date":"2019-07-11T18:08:31","date_gmt":"2019-07-11T16:08:31","guid":{"rendered":"https:\/\/southbaltic-tourist.eu\/?page_id=2196"},"modified":"2021-05-31T17:37:15","modified_gmt":"2021-05-31T16:37:15","slug":"10-2","status":"publish","type":"page","link":"https:\/\/sbt.ug.edu.pl\/pl\/routes\/kayaking-south-baltic\/10-2\/","title":{"rendered":"10. P\u0142ywanie kajakiem po rzece Warnow i zwiedzanie Rostocku"},"content":{"rendered":"<p><strong>LOKALIZACJA<\/strong><\/p>\n<p>Rzeka Warnow jest najbardziej bogat\u0105 w wod\u0119 rzek\u0105 Meklemburgii-Pomorza Zachodniego o d\u0142ugo\u015bci 151 km.<\/p>\n<p><a href=\"https:\/\/southbaltic-tourist.eu\/wp-content\/uploads\/2020\/02\/r2a10_Rostock-Greiswald.png\" data-rel=\"lightbox-gallery-h8Ycfqqx\" data-rl_title=\"\" data-rl_caption=\"\" title=\"\"><img decoding=\"async\" loading=\"lazy\" class=\"wp-image-5209 size-large aligncenter\" src=\"https:\/\/southbaltic-tourist.eu\/wp-content\/uploads\/2020\/02\/r2a10_Rostock-Greiswald-1024x595.png\" alt=\"\" width=\"640\" height=\"372\" srcset=\"https:\/\/sbt.ug.edu.pl\/wp-content\/uploads\/2020\/02\/r2a10_Rostock-Greiswald-1024x595.png 1024w, https:\/\/sbt.ug.edu.pl\/wp-content\/uploads\/2020\/02\/r2a10_Rostock-Greiswald-300x174.png 300w, https:\/\/sbt.ug.edu.pl\/wp-content\/uploads\/2020\/02\/r2a10_Rostock-Greiswald-768x446.png 768w, https:\/\/sbt.ug.edu.pl\/wp-content\/uploads\/2020\/02\/r2a10_Rostock-Greiswald-1536x893.png 1536w, https:\/\/sbt.ug.edu.pl\/wp-content\/uploads\/2020\/02\/r2a10_Rostock-Greiswald-150x87.png 150w, https:\/\/sbt.ug.edu.pl\/wp-content\/uploads\/2020\/02\/r2a10_Rostock-Greiswald.png 1600w\" sizes=\"(max-width: 640px) 100vw, 640px\" \/><\/a><\/p>\n<p><strong>ATRAKCJE<\/strong><\/p>\n<p>Sp\u0142yw kajakowy po rzece Warnow rozpoczyna si\u0119 we wsi Eickhof, a ko\u0144czy nad jeziorem Butzow (Jezioro B\u00fctzowskie). D\u0142ugo\u015b\u0107 trasy wynosi 20 km i trwa oko\u0142o 5 godzin. Podczas sp\u0142ywu kajakowego, w zale\u017cno\u015bci od odcinka trasy, mo\u017cna prze\u017cy\u0107 tras\u0119 \u015bredniog\u00f3rsk\u0105 z wieloma przeszkodami w postaci kamieni i drzew, ma\u0142ymi potokami i silniejszym nurtem oraz tras\u0119 romantyczn\u0105 i spokojn\u0105 lub odcinek \u0142adny i cichy, polecany do p\u0142ywania z dzie\u0107mi.<\/p>\n<p>&nbsp;<\/p>\n<p>Jednym z najbardziej atrakcyjnych i wa\u017cnych miast nad rzek\u0105 Warnow, kt\u00f3re warto odwiedzi\u0107, jest Rostock &#8211; miasto \u015bredniowieczne. Najwa\u017cniejsze zabytki miasta skupione s\u0105 w jego dawnym centrum &#8211; na po\u0142udnie od portu, przy uj\u015bciu rzeki Warnow. Nale\u017c\u0105 do nich: mury miejskie i wie\u017ce Rostocku, Plac Uniwersytecki, Klasztor Krzy\u017ca \u015awi\u0119tego, Ko\u015bci\u00f3\u0142 Mariacki, Ko\u015bci\u00f3\u0142 \u015bw. Piotra oraz Stary Rynek, Nowy Rynek i ratusz.<\/p>\n<p>Warto r\u00f3wnie\u017c odwiedzi\u0107 po\u0142o\u017cone 107 km od Rostocku miasto Greifswald i sp\u0119dzi\u0107 mi\u0142e popo\u0142udnie spaceruj\u0105c po starym mie\u015bcie oraz zwiedzaj\u0105c muzeum portowe.<\/p>\n<p>\u017ar\u00f3d\u0142a:\u00a0https:\/\/www.naturdorf-eickhof.de\/weg-zu-uns\/,https:\/\/www.rostock.de\/urlaub-freizeit.html,<\/p>\n<p>https:\/\/www.greifswald.info\/https:\/\/www.museumshafen-greifswald.de\/http:\/\/www.tierpark-greifswald.de\/ueber-den-tierpark.html<\/p>\n<p><div class=\"rl-gallery-container rl-loading\" id=\"rl-gallery-container-2\" data-gallery_id=\"2334\"> <div class=\"rl-gallery rl-basicgrid-gallery \" id=\"rl-gallery-2\" data-gallery_no=\"2\"> <div class=\"rl-gallery-item\"><a href=\"https:\/\/sbt.ug.edu.pl\/wp-content\/uploads\/2019\/07\/25.-Greifswald-city-R1-A12..jpg\" title=\"25. Greifswald city; R1, A10.\" data-rl_title=\"25. Greifswald city; R1, A10.\" class=\"rl-gallery-link\" data-rl_caption=\"\" data-rel=\"lightbox-gallery-2\"><img src=\"https:\/\/sbt.ug.edu.pl\/wp-content\/uploads\/2019\/07\/25.-Greifswald-city-R1-A12..jpg\" width=\"640\" height=\"853\" alt=\"\" \/><\/a><\/div> <\/div> <\/div><\/p>","protected":false},"excerpt":{"rendered":"<p>LOKALIZACJA Rzeka Warnow jest najbardziej bogat\u0105 w wod\u0119 rzek\u0105 Meklemburgii-Pomorza Zachodniego o d\u0142ugo\u015bci 151 km. ATRAKCJE Sp\u0142yw kajakowy po rzece Warnow rozpoczyna si\u0119 we wsi Eickhof, a ko\u0144czy nad jeziorem Butzow (Jezioro B\u00fctzowskie). D\u0142ugo\u015b\u0107 trasy wynosi 20 km i trwa oko\u0142o 5 godzin. Podczas sp\u0142ywu kajakowego, w zale\u017cno\u015bci od odcinka trasy, mo\u017cna prze\u017cy\u0107 tras\u0119 \u015bredniog\u00f3rsk\u0105 [&hellip;]<\/p>\n","protected":false},"author":4,"featured_media":0,"parent":455,"menu_order":0,"comment_status":"closed","ping_status":"closed","template":"","meta":[],"categories":[34,18,12],"tags":[],"_links":{"self":[{"href":"https:\/\/sbt.ug.edu.pl\/pl\/wp-json\/wp\/v2\/pages\/2196"}],"collection":[{"href":"https:\/\/sbt.ug.edu.pl\/pl\/wp-json\/wp\/v2\/pages"}],"about":[{"href":"https:\/\/sbt.ug.edu.pl\/pl\/wp-json\/wp\/v2\/types\/page"}],"author":[{"embeddable":true,"href":"https:\/\/sbt.ug.edu.pl\/pl\/wp-json\/wp\/v2\/users\/4"}],"replies":[{"embeddable":true,"href":"https:\/\/sbt.ug.edu.pl\/pl\/wp-json\/wp\/v2\/comments?post=2196"}],"version-history":[{"count":14,"href":"https:\/\/sbt.ug.edu.pl\/pl\/wp-json\/wp\/v2\/pages\/2196\/revisions"}],"predecessor-version":[{"id":5713,"href":"https:\/\/sbt.ug.edu.pl\/pl\/wp-json\/wp\/v2\/pages\/2196\/revisions\/5713"}],"up":[{"embeddable":true,"href":"https:\/\/sbt.ug.edu.pl\/pl\/wp-json\/wp\/v2\/pages\/455"}],"wp:attachment":[{"href":"https:\/\/sbt.ug.edu.pl\/pl\/wp-json\/wp\/v2\/media?parent=2196"}],"wp:term":[{"taxonomy":"category","embeddable":true,"href":"https:\/\/sbt.ug.edu.pl\/pl\/wp-json\/wp\/v2\/categories?post=2196"},{"taxonomy":"post_tag","embeddable":true,"href":"https:\/\/sbt.ug.edu.pl\/pl\/wp-json\/wp\/v2\/tags?post=2196"}],"curies":[{"name":"wp","href":"https:\/\/api.w.org\/{rel}","templated":true}]}}