{"id":288,"date":"2018-11-19T19:30:08","date_gmt":"2018-11-19T18:30:08","guid":{"rendered":"http:\/\/southbaltic-tourist.eu\/?page_id=288"},"modified":"2021-06-10T15:43:57","modified_gmt":"2021-06-10T14:43:57","slug":"4-westpomer-lagoon-np","status":"publish","type":"page","link":"https:\/\/sbt.ug.edu.pl\/pl\/routes\/windsurfing-exploration\/4-westpomer-lagoon-np\/","title":{"rendered":"4. PARK NARODOWY VORPOMMERSCHE BODDENLANDSCHAFT &#8211; \u201cNIEMIECKA TAJEMNICA\u201d"},"content":{"rendered":"<p><\/p>\n<p style=\"text-align: justify;\"><strong>LOKALIZACJA <\/strong><\/p>\n<p style=\"text-align: justify;\">Park Narodowy Vorpommersche Boddenlandschaft znajduje si\u0119 na zach\u00f3d od wyspy Rugia, wzd\u0142u\u017c wybrze\u017ca Meklemburgii &#8211; Pomorza Przedniego. Park sk\u0142ada si\u0119 g\u0142\u00f3wnie z obszar\u00f3w przybrze\u017cnych: dw\u00f3ch ma\u0142ych wysp Hiddensee i Umsatz, zachodniego wybrze\u017ca wyspy Rugia, p\u00f3\u0142wyspu Darss i Zingst oraz licznych, piaszczystych i p\u0142ytkich lagun. Do parku mo\u017cna dotrze\u0107 drog\u0105 l\u0105dow\u0105 (pieszo lub rowerem) oraz morsk\u0105 (\u0142odzi\u0105 lub kajakiem). Powierzchnia parku wynosi 805 km<sup>2<\/sup>, a jego siedziba znajduje si\u0119 w Born. Po\u0142o\u017cenie geograficzne: 54\u00b028\u2019N 12\u00b054\u2032E.<\/p>\n<p style=\"text-align: justify;\"><img decoding=\"async\" loading=\"lazy\" class=\"wp-image-289 alignleft\" src=\"https:\/\/southbaltic-tourist.eu\/wp-content\/uploads\/2018\/11\/4.1.png\" alt=\"\" width=\"374\" height=\"247\" srcset=\"https:\/\/sbt.ug.edu.pl\/wp-content\/uploads\/2018\/11\/4.1.png 618w, https:\/\/sbt.ug.edu.pl\/wp-content\/uploads\/2018\/11\/4.1-300x198.png 300w\" sizes=\"(max-width: 374px) 100vw, 374px\" \/><\/p>\n<p style=\"text-align: justify;\"><img decoding=\"async\" loading=\"lazy\" class=\"wp-image-290 alignleft\" src=\"https:\/\/southbaltic-tourist.eu\/wp-content\/uploads\/2018\/11\/4.2.png\" alt=\"\" width=\"434\" height=\"239\" srcset=\"https:\/\/sbt.ug.edu.pl\/wp-content\/uploads\/2018\/11\/4.2.png 724w, https:\/\/sbt.ug.edu.pl\/wp-content\/uploads\/2018\/11\/4.2-300x166.png 300w\" sizes=\"(max-width: 434px) 100vw, 434px\" \/><\/p>\n<p style=\"text-align: justify;\"><strong>ZWIEDZANIE PRZYRODY<\/strong><\/p>\n<p style=\"text-align: justify;\">W 2018 r. strona internetowa parku by\u0142a dost\u0119pna jedynie w j\u0119zyku niemieckim. R\u00f3wnie\u017c liczba \u017ar\u00f3de\u0142 internetowych na temat parku w j\u0119zyku angielskim (i innych j\u0119zykach) jest do\u015b\u0107 ograniczona. Niemcy maj\u0105 pow\u00f3d by utrzymywa\u0107 ten park narodowy w tajemnicy. Park to nieko\u0144cz\u0105ce si\u0119 pla\u017ce, piaszczyste laguny, liczne wyspy, na kt\u00f3rych zaobserwowa\u0107 mo\u017cna stada byd\u0142a, lasy, trawiaste wydmy i bia\u0142e klify z setkami kilometr\u00f3w tras rowerowych i wiele mo\u017cliwo\u015bci kajakarstwa i \u017ceglarstwa. Miejsce to jest domem dla ponad 30 000 bocian\u00f3w bia\u0142ych zimuj\u0105cych w lagunach ka\u017cdego roku. Najskuteczniejszym sposobem na zwiedzanie parku jest jazda na rowerze, kt\u00f3ra zapewnia panoramiczne widoki. Park oferuje w\u0119dkarstwo, rolnictwo i le\u015bnictwo. Trzymanie byd\u0142a na lagunie pomaga zachowa\u0107 jego rzadk\u0105 ro\u015blinno\u015b\u0107 (torf o wysokiej zawarto\u015bci soli)! Krowy s\u0105 zatem w tym\u017ce regionie stra\u017cnikami unikatowych odmian ro\u015blin.<\/p>\n<p style=\"text-align: justify;\"><strong>ATRAKCJE <\/strong><\/p>\n<p style=\"text-align: justify;\">Park organizuje liczne zaj\u0119cia dla grup, rodzin i turyst\u00f3w indywidualnych. Aby sprawdzi\u0107 ofert\u0119 parku nale\u017cy wej\u015b\u0107 na jego stron\u0119 internetow\u0105 (dost\u0119pn\u0105 jedynie w j\u0119zyku niemieckim) i wybra\u0107 dowoln\u0105 sekcj\u0119 aktywno\u015bci z menu. W celu przet\u0142umaczenia oferty mo\u017cna oczywi\u015bcie skorzysta\u0107 z t\u0142umaczy internetowych. Przyk\u0142adowe wycieczki z przewodnikiem po parku: spacer po lesie dla rodzin z dzie\u0107mi od 5 lat; wysokie niebo, szeroki kraj &#8211; mi\u0119dzy surfowaniem a s\u0142onymi \u0142\u0105kami &#8211; wycieczka rowerowa do Pramort; mi\u0119dzy brzegami &#8211; w\u0119dr\u00f3wka po klifach, ze \u015bpiewem ptak\u00f3w i panoramicznymi widokami; lokalny przewodnik &#8211; spacer po Wiecku z histori\u0105 i tradycj\u0105 w tle.<\/p>\n<h2 style=\"text-align: justify;\"><\/h2>\n<h2 style=\"text-align: justify;\"><strong>Move to Attractions bellow or -&gt;<a href=\"https:\/\/southbaltic-tourist.eu\/routes\/windsurfing-exploration\/5-warnemunde-surfhotspot\/\">Move to Attraction No. 5 <\/a><\/strong><\/h2>\n<p><code><div class=\"rl-gallery-container rl-loading\" id=\"rl-gallery-container-2\" data-gallery_id=\"1183\"> <div class=\"rl-gallery rl-basicgrid-gallery \" id=\"rl-gallery-2\" data-gallery_no=\"2\"> <div class=\"rl-gallery-item\"><a href=\"https:\/\/sbt.ug.edu.pl\/wp-content\/uploads\/2019\/07\/1.-National-Park-lighthouse-panorama-R2.A4..jpg\" title=\"1. National Park lighthouse panorama, author: Przemyslaw Kulawczuk \/ BHR\" data-rl_title=\"1. National Park lighthouse panorama, author: Przemyslaw Kulawczuk \/ BHR\" class=\"rl-gallery-link\" data-rl_caption=\"\" data-rel=\"lightbox-gallery-2\"><img src=\"https:\/\/sbt.ug.edu.pl\/wp-content\/uploads\/2019\/07\/1.-National-Park-lighthouse-panorama-R2.A4.-768x512.jpg\" width=\"640\" height=\"427\" alt=\"\" \/><\/a><\/div><div class=\"rl-gallery-item\"><a href=\"https:\/\/sbt.ug.edu.pl\/wp-content\/uploads\/2019\/07\/2.-National-park-general-outlook-R2.A4..jpg\" title=\"2. National park general outlook, author: Przemyslaw Kulawczuk \/ BHR\" data-rl_title=\"2. National park general outlook, author: Przemyslaw Kulawczuk \/ BHR\" class=\"rl-gallery-link\" data-rl_caption=\"\" data-rel=\"lightbox-gallery-2\"><img src=\"https:\/\/sbt.ug.edu.pl\/wp-content\/uploads\/2019\/07\/2.-National-park-general-outlook-R2.A4.-768x512.jpg\" width=\"640\" height=\"427\" alt=\"\" \/><\/a><\/div><div class=\"rl-gallery-item\"><a href=\"https:\/\/sbt.ug.edu.pl\/wp-content\/uploads\/2019\/07\/3.-Park-museum-and-lighthouse-R2.A4..jpg\" title=\"3. Park museum and lighthouse, author: Przemyslaw Kulawczuk \/ BHR\" data-rl_title=\"3. Park museum and lighthouse, author: Przemyslaw Kulawczuk \/ BHR\" class=\"rl-gallery-link\" data-rl_caption=\"\" data-rel=\"lightbox-gallery-2\"><img src=\"https:\/\/sbt.ug.edu.pl\/wp-content\/uploads\/2019\/07\/3.-Park-museum-and-lighthouse-R2.A4.-768x512.jpg\" width=\"640\" height=\"427\" alt=\"\" \/><\/a><\/div><div class=\"rl-gallery-item\"><a href=\"https:\/\/sbt.ug.edu.pl\/wp-content\/uploads\/2019\/07\/4.-National-Park-meteo-station-R2A4..jpg\" title=\"4. National Park meteo station, author: Przemyslaw Kulawczuk \/ BHR\" data-rl_title=\"4. National Park meteo station, author: Przemyslaw Kulawczuk \/ BHR\" class=\"rl-gallery-link\" data-rl_caption=\"\" data-rel=\"lightbox-gallery-2\"><img src=\"https:\/\/sbt.ug.edu.pl\/wp-content\/uploads\/2019\/07\/4.-National-Park-meteo-station-R2A4.-768x512.jpg\" width=\"640\" height=\"427\" alt=\"\" \/><\/a><\/div><div class=\"rl-gallery-item\"><a href=\"https:\/\/sbt.ug.edu.pl\/wp-content\/uploads\/2019\/07\/5.-National-Park-view-on-the-beach-R2.A4..jpg\" title=\"5. National Park view on the beach, author: Przemyslaw Kulawczuk \/ BHR\" data-rl_title=\"5. National Park view on the beach, author: Przemyslaw Kulawczuk \/ BHR\" class=\"rl-gallery-link\" data-rl_caption=\"\" data-rel=\"lightbox-gallery-2\"><img src=\"https:\/\/sbt.ug.edu.pl\/wp-content\/uploads\/2019\/07\/5.-National-Park-view-on-the-beach-R2.A4.-768x512.jpg\" width=\"640\" height=\"427\" alt=\"\" \/><\/a><\/div><div class=\"rl-gallery-item\"><a href=\"https:\/\/sbt.ug.edu.pl\/wp-content\/uploads\/2019\/07\/6.-Bikes-parking-R2.A4..jpg\" title=\"6. Bikes parking, author: Przemyslaw Kulawczuk \/ BHR\" data-rl_title=\"6. Bikes parking, author: Przemyslaw Kulawczuk \/ BHR\" class=\"rl-gallery-link\" data-rl_caption=\"\" data-rel=\"lightbox-gallery-2\"><img src=\"https:\/\/sbt.ug.edu.pl\/wp-content\/uploads\/2019\/07\/6.-Bikes-parking-R2.A4.-768x512.jpg\" width=\"640\" height=\"427\" alt=\"\" \/><\/a><\/div><div class=\"rl-gallery-item\"><a href=\"https:\/\/sbt.ug.edu.pl\/wp-content\/uploads\/2019\/07\/7.-National-park-wild-plants-R2.A4..jpg\" title=\"7. National park wild plants, author: Przemyslaw Kulawczuk \/ BHR\" data-rl_title=\"7. National park wild plants, author: Przemyslaw Kulawczuk \/ BHR\" class=\"rl-gallery-link\" data-rl_caption=\"\" data-rel=\"lightbox-gallery-2\"><img src=\"https:\/\/sbt.ug.edu.pl\/wp-content\/uploads\/2019\/07\/7.-National-park-wild-plants-R2.A4.-768x512.jpg\" width=\"640\" height=\"427\" alt=\"\" \/><\/a><\/div><div class=\"rl-gallery-item\"><a href=\"https:\/\/sbt.ug.edu.pl\/wp-content\/uploads\/2019\/07\/8.-National-Park-wild-plants-R2.A4..jpg\" title=\"8. National Park wild plants, author: Przemyslaw Kulawczuk \/ BHR\" data-rl_title=\"8. National Park wild plants, author: Przemyslaw Kulawczuk \/ BHR\" class=\"rl-gallery-link\" data-rl_caption=\"\" data-rel=\"lightbox-gallery-2\"><img src=\"https:\/\/sbt.ug.edu.pl\/wp-content\/uploads\/2019\/07\/8.-National-Park-wild-plants-R2.A4.-768x512.jpg\" width=\"640\" height=\"427\" alt=\"\" \/><\/a><\/div><div class=\"rl-gallery-item\"><a href=\"https:\/\/sbt.ug.edu.pl\/wp-content\/uploads\/2019\/07\/9.-Dunes-alongside-the-coast-R2.A4..jpg\" title=\"9. Dunes alongside the coast, author: Przemyslaw Kulawczuk \/ BHR\" data-rl_title=\"9. Dunes alongside the coast, author: Przemyslaw Kulawczuk \/ BHR\" class=\"rl-gallery-link\" data-rl_caption=\"\" data-rel=\"lightbox-gallery-2\"><img src=\"https:\/\/sbt.ug.edu.pl\/wp-content\/uploads\/2019\/07\/9.-Dunes-alongside-the-coast-R2.A4.-768x512.jpg\" width=\"640\" height=\"427\" alt=\"\" \/><\/a><\/div><div class=\"rl-gallery-item\"><a href=\"https:\/\/sbt.ug.edu.pl\/wp-content\/uploads\/2019\/07\/10.-Biking-in-Born-R2.A4..jpg\" title=\"10. Biking in Born, author: Przemyslaw Kulawczuk \/ BHR\" data-rl_title=\"10. Biking in Born, author: Przemyslaw Kulawczuk \/ BHR\" class=\"rl-gallery-link\" data-rl_caption=\"\" data-rel=\"lightbox-gallery-2\"><img src=\"https:\/\/sbt.ug.edu.pl\/wp-content\/uploads\/2019\/07\/10.-Biking-in-Born-R2.A4.-768x512.jpg\" width=\"640\" height=\"427\" alt=\"\" \/><\/a><\/div><div class=\"rl-gallery-item\"><a href=\"https:\/\/sbt.ug.edu.pl\/wp-content\/uploads\/2019\/07\/11.-Biking-in-Born-R2.A4..jpg\" title=\"11. Biking in Born, author: Przemyslaw Kulawczuk \/ BHR\" data-rl_title=\"11. Biking in Born, author: Przemyslaw Kulawczuk \/ BHR\" class=\"rl-gallery-link\" data-rl_caption=\"\" data-rel=\"lightbox-gallery-2\"><img src=\"https:\/\/sbt.ug.edu.pl\/wp-content\/uploads\/2019\/07\/11.-Biking-in-Born-R2.A4.-768x512.jpg\" width=\"640\" height=\"427\" alt=\"\" \/><\/a><\/div><div class=\"rl-gallery-item\"><a href=\"https:\/\/sbt.ug.edu.pl\/wp-content\/uploads\/2019\/07\/12.-Born-Village-R2.A4..jpg\" title=\"12. Born Village, author: Przemyslaw Kulawczuk \/ BHR\" data-rl_title=\"12. Born Village, author: Przemyslaw Kulawczuk \/ BHR\" class=\"rl-gallery-link\" data-rl_caption=\"\" data-rel=\"lightbox-gallery-2\"><img src=\"https:\/\/sbt.ug.edu.pl\/wp-content\/uploads\/2019\/07\/12.-Born-Village-R2.A4.-768x512.jpg\" width=\"640\" height=\"427\" alt=\"\" \/><\/a><\/div><div class=\"rl-gallery-item\"><a href=\"https:\/\/sbt.ug.edu.pl\/wp-content\/uploads\/2019\/07\/13.-Born-Village-Traditional-House-R2.A4..jpg\" title=\"13. Born Village Traditional House, author: Przemyslaw Kulawczuk \/ BHR\" data-rl_title=\"13. Born Village Traditional House, author: Przemyslaw Kulawczuk \/ BHR\" class=\"rl-gallery-link\" data-rl_caption=\"\" data-rel=\"lightbox-gallery-2\"><img src=\"https:\/\/sbt.ug.edu.pl\/wp-content\/uploads\/2019\/07\/13.-Born-Village-Traditional-House-R2.A4.-768x512.jpg\" width=\"640\" height=\"427\" alt=\"\" \/><\/a><\/div><div class=\"rl-gallery-item\"><a href=\"https:\/\/sbt.ug.edu.pl\/wp-content\/uploads\/2019\/07\/14.-Biking-in-Born-R2.A4..jpg\" title=\"14. Biking in Born, author: Przemyslaw Kulawczuk \/ BHR\" data-rl_title=\"14. Biking in Born, author: Przemyslaw Kulawczuk \/ BHR\" class=\"rl-gallery-link\" data-rl_caption=\"\" data-rel=\"lightbox-gallery-2\"><img src=\"https:\/\/sbt.ug.edu.pl\/wp-content\/uploads\/2019\/07\/14.-Biking-in-Born-R2.A4.-768x512.jpg\" width=\"640\" height=\"427\" alt=\"\" \/><\/a><\/div><div class=\"rl-gallery-item\"><a href=\"https:\/\/sbt.ug.edu.pl\/wp-content\/uploads\/2019\/07\/15.-House-in-Born-R2.A4..jpg\" title=\"15. House in Born, author: Przemyslaw Kulawczuk \/ BHR\" data-rl_title=\"15. House in Born, author: Przemyslaw Kulawczuk \/ BHR\" class=\"rl-gallery-link\" data-rl_caption=\"\" data-rel=\"lightbox-gallery-2\"><img src=\"https:\/\/sbt.ug.edu.pl\/wp-content\/uploads\/2019\/07\/15.-House-in-Born-R2.A4.-768x512.jpg\" width=\"640\" height=\"427\" alt=\"\" \/><\/a><\/div><div class=\"rl-gallery-item\"><a href=\"https:\/\/sbt.ug.edu.pl\/wp-content\/uploads\/2019\/07\/16.-House-in-Born-R2.A4..jpg\" title=\"16. House in Born, author: Przemyslaw Kulawczuk \/ BHR\" data-rl_title=\"16. House in Born, author: Przemyslaw Kulawczuk \/ BHR\" class=\"rl-gallery-link\" data-rl_caption=\"\" data-rel=\"lightbox-gallery-2\"><img src=\"https:\/\/sbt.ug.edu.pl\/wp-content\/uploads\/2019\/07\/16.-House-in-Born-R2.A4.-768x512.jpg\" width=\"640\" height=\"427\" alt=\"\" \/><\/a><\/div><div class=\"rl-gallery-item\"><a href=\"https:\/\/sbt.ug.edu.pl\/wp-content\/uploads\/2019\/07\/17.-House-in-Born-R2.A4..jpg\" title=\"17. House in Born, author: Przemyslaw Kulawczuk \/ BHR\" data-rl_title=\"17. House in Born, author: Przemyslaw Kulawczuk \/ BHR\" class=\"rl-gallery-link\" data-rl_caption=\"\" data-rel=\"lightbox-gallery-2\"><img src=\"https:\/\/sbt.ug.edu.pl\/wp-content\/uploads\/2019\/07\/17.-House-in-Born-R2.A4.-768x512.jpg\" width=\"640\" height=\"427\" alt=\"\" \/><\/a><\/div><div class=\"rl-gallery-item\"><a href=\"https:\/\/sbt.ug.edu.pl\/wp-content\/uploads\/2019\/07\/18.-Home-garden-in-Born-R2.A4..jpg\" title=\"18. Home garden in Born, author: Przemyslaw Kulawczuk \/ BHR\" data-rl_title=\"18. Home garden in Born, author: Przemyslaw Kulawczuk \/ BHR\" class=\"rl-gallery-link\" data-rl_caption=\"\" data-rel=\"lightbox-gallery-2\"><img src=\"https:\/\/sbt.ug.edu.pl\/wp-content\/uploads\/2019\/07\/18.-Home-garden-in-Born-R2.A4.-768x512.jpg\" width=\"640\" height=\"427\" alt=\"\" \/><\/a><\/div><div class=\"rl-gallery-item\"><a href=\"https:\/\/sbt.ug.edu.pl\/wp-content\/uploads\/2019\/07\/19.-Born-Village-Traditional-House-R2.A4..jpg\" title=\"19. Born Village Traditional House, author: Przemyslaw Kulawczuk \/ BHR\" data-rl_title=\"19. Born Village Traditional House, author: Przemyslaw Kulawczuk \/ BHR\" class=\"rl-gallery-link\" data-rl_caption=\"\" data-rel=\"lightbox-gallery-2\"><img src=\"https:\/\/sbt.ug.edu.pl\/wp-content\/uploads\/2019\/07\/19.-Born-Village-Traditional-House-R2.A4.-768x512.jpg\" width=\"640\" height=\"427\" alt=\"\" \/><\/a><\/div><div class=\"rl-gallery-item\"><a href=\"https:\/\/sbt.ug.edu.pl\/wp-content\/uploads\/2019\/07\/20.-House-in-Born-R2.A4..jpg\" title=\"20. House in Born, author: Przemyslaw Kulawczuk \/ BHR\" data-rl_title=\"20. House in Born, author: Przemyslaw Kulawczuk \/ BHR\" class=\"rl-gallery-link\" data-rl_caption=\"\" data-rel=\"lightbox-gallery-2\"><img src=\"https:\/\/sbt.ug.edu.pl\/wp-content\/uploads\/2019\/07\/20.-House-in-Born-R2.A4.-768x512.jpg\" width=\"640\" height=\"427\" alt=\"\" \/><\/a><\/div> <\/div> <\/div><\/code><\/p>\n<h1 style=\"text-align: justify;\"><strong>\u00a0<\/strong><\/h1>\n<p style=\"text-align: justify;\">\n<p><\/p>","protected":false},"excerpt":{"rendered":"<p>LOKALIZACJA Park Narodowy Vorpommersche Boddenlandschaft znajduje si\u0119 na zach\u00f3d od wyspy Rugia, wzd\u0142u\u017c wybrze\u017ca Meklemburgii &#8211; Pomorza Przedniego. Park sk\u0142ada si\u0119 g\u0142\u00f3wnie z obszar\u00f3w przybrze\u017cnych: dw\u00f3ch ma\u0142ych wysp Hiddensee i Umsatz, zachodniego wybrze\u017ca wyspy Rugia, p\u00f3\u0142wyspu Darss i Zingst oraz licznych, piaszczystych i p\u0142ytkich lagun. Do parku mo\u017cna dotrze\u0107 drog\u0105 l\u0105dow\u0105 (pieszo lub rowerem) oraz [&hellip;]<\/p>\n","protected":false},"author":1,"featured_media":0,"parent":174,"menu_order":0,"comment_status":"closed","ping_status":"closed","template":"","meta":[],"categories":[34,15,9],"tags":[],"_links":{"self":[{"href":"https:\/\/sbt.ug.edu.pl\/pl\/wp-json\/wp\/v2\/pages\/288"}],"collection":[{"href":"https:\/\/sbt.ug.edu.pl\/pl\/wp-json\/wp\/v2\/pages"}],"about":[{"href":"https:\/\/sbt.ug.edu.pl\/pl\/wp-json\/wp\/v2\/types\/page"}],"author":[{"embeddable":true,"href":"https:\/\/sbt.ug.edu.pl\/pl\/wp-json\/wp\/v2\/users\/1"}],"replies":[{"embeddable":true,"href":"https:\/\/sbt.ug.edu.pl\/pl\/wp-json\/wp\/v2\/comments?post=288"}],"version-history":[{"count":18,"href":"https:\/\/sbt.ug.edu.pl\/pl\/wp-json\/wp\/v2\/pages\/288\/revisions"}],"predecessor-version":[{"id":5805,"href":"https:\/\/sbt.ug.edu.pl\/pl\/wp-json\/wp\/v2\/pages\/288\/revisions\/5805"}],"up":[{"embeddable":true,"href":"https:\/\/sbt.ug.edu.pl\/pl\/wp-json\/wp\/v2\/pages\/174"}],"wp:attachment":[{"href":"https:\/\/sbt.ug.edu.pl\/pl\/wp-json\/wp\/v2\/media?parent=288"}],"wp:term":[{"taxonomy":"category","embeddable":true,"href":"https:\/\/sbt.ug.edu.pl\/pl\/wp-json\/wp\/v2\/categories?post=288"},{"taxonomy":"post_tag","embeddable":true,"href":"https:\/\/sbt.ug.edu.pl\/pl\/wp-json\/wp\/v2\/tags?post=288"}],"curies":[{"name":"wp","href":"https:\/\/api.w.org\/{rel}","templated":true}]}}