{"id":297,"date":"2018-11-19T19:41:28","date_gmt":"2018-11-19T18:41:28","guid":{"rendered":"http:\/\/southbaltic-tourist.eu\/?page_id=297"},"modified":"2021-06-10T15:45:33","modified_gmt":"2021-06-10T14:45:33","slug":"5-warnemunde-surfhotspot","status":"publish","type":"page","link":"https:\/\/sbt.ug.edu.pl\/pl\/routes\/windsurfing-exploration\/5-warnemunde-surfhotspot\/","title":{"rendered":"5. WARNEM\u00dcNDE- MIEJSCE SURFINGOWE"},"content":{"rendered":"<p><\/p>\n<p style=\"text-align: justify;\"><strong>LOKALIZACJA <\/strong><\/p>\n<p style=\"text-align: justify;\">Warnem\u00fcnde to p\u00f3\u0142nocna dzielnica miasta Rostock. To typowy port o rybackich tradycjach, po\u0142o\u017cony u uj\u015bcia rzeki Warnow. Spot surfingowy znajduje si\u0119 na zachodniej pla\u017cy Warnem\u00fcnde i posiada dogodne po\u0142\u0105czenia z miastem Rostock &#8211; kolej\u0105 b\u0105d\u017a samochodem. Historyczna dzielnica Warnem\u00fcnde posiada ograniczenia dla ruchu samochodowego, dlatego te\u017c zalecane jest zaparkowanie auta na centralnym parkingu znajduj\u0105cym si\u0119 w pobli\u017cu dworca kolejowego. Dost\u0119p do pla\u017cy jest stosunkowo dobry. Warnem\u00fcnde znajduje si\u0119 w Meklemburgii &#8211; Pomorzu Przednim w Niemczech: 54\u00b010\u2032N 12\u00b005\u2032E.<\/p>\n<p style=\"text-align: justify;\"><img decoding=\"async\" loading=\"lazy\" class=\"alignleft wp-image-298\" src=\"https:\/\/southbaltic-tourist.eu\/wp-content\/uploads\/2018\/11\/5.1.png\" alt=\"\" width=\"549\" height=\"300\" srcset=\"https:\/\/sbt.ug.edu.pl\/wp-content\/uploads\/2018\/11\/5.1.png 703w, https:\/\/sbt.ug.edu.pl\/wp-content\/uploads\/2018\/11\/5.1-300x164.png 300w\" sizes=\"(max-width: 549px) 100vw, 549px\" \/><\/p>\n<p style=\"text-align: justify;\"><a href=\"https:\/\/southbaltic-tourist.eu\/wp-content\/uploads\/2020\/01\/r1a5_Warnemunde_Surfing_slim.png\" data-rel=\"lightbox-gallery-Ef7yGO6F\" data-rl_title=\"\" data-rl_caption=\"\" title=\"\"><img decoding=\"async\" loading=\"lazy\" class=\"alignnone wp-image-5112\" src=\"https:\/\/southbaltic-tourist.eu\/wp-content\/uploads\/2020\/01\/r1a5_Warnemunde_Surfing_slim-300x174.png\" alt=\"\" width=\"517\" height=\"300\" srcset=\"https:\/\/sbt.ug.edu.pl\/wp-content\/uploads\/2020\/01\/r1a5_Warnemunde_Surfing_slim-300x174.png 300w, https:\/\/sbt.ug.edu.pl\/wp-content\/uploads\/2020\/01\/r1a5_Warnemunde_Surfing_slim-1024x594.png 1024w, https:\/\/sbt.ug.edu.pl\/wp-content\/uploads\/2020\/01\/r1a5_Warnemunde_Surfing_slim-768x445.png 768w, https:\/\/sbt.ug.edu.pl\/wp-content\/uploads\/2020\/01\/r1a5_Warnemunde_Surfing_slim-1536x891.png 1536w, https:\/\/sbt.ug.edu.pl\/wp-content\/uploads\/2020\/01\/r1a5_Warnemunde_Surfing_slim-150x87.png 150w, https:\/\/sbt.ug.edu.pl\/wp-content\/uploads\/2020\/01\/r1a5_Warnemunde_Surfing_slim.png 1600w\" sizes=\"(max-width: 517px) 100vw, 517px\" \/><\/a><\/p>\n<p style=\"text-align: justify;\"><a href=\"https:\/\/www.google.pl\/maps\/place\/Warnem%C3%BCnde,+Rostock,+Niemcy\/@54.1701254,12.057784,14z\/data=!3m1!4b1!4m5!3m4!1s0x47ac5620523f71ab:0x9e121083fbc6b25c!8m2!3d54.170342!4d12.0784438\" target=\"_blank\" rel=\"noopener noreferrer\">View on Google<\/a><\/p>\n<p style=\"text-align: justify;\"><strong>WARNEM\u00dcNDE MIEJSCE SURFINGOWE<\/strong><\/p>\n<p style=\"text-align: justify;\">Spot surfingowy znajduje si\u0119 na wsch\u00f3d od uj\u015bcia rzeki Warnow i na p\u00f3\u0142noc od szerokiej, bia\u0142ej pla\u017cy, w pobli\u017cu terminala promowego. Co dwie godziny przep\u0142ywaj\u0105cy prom tworzy fale zapewniaj\u0105ce wyj\u0105tkowe doznania surfingowe na typowo p\u0142askim Ba\u0142tyku. Fale te maj\u0105 wysoko\u015b\u0107 od 0,5 do 1,5 m.<\/p>\n<p style=\"text-align: justify;\">Pla\u017ca w Warnem\u00fcnde jest cz\u0119sto wykorzystywana przez szko\u0142y surfingowe organizuj\u0105ce kursy dla m\u0142odzie\u017cy i doros\u0142ych. Latem surfing staje si\u0119 trudniejszy ze wzgl\u0119du na wzmo\u017cony ruch turystyczny. Morze wykorzystywane jest w\u00f3wczas tak\u017ce jako k\u0105pielisko. Jednocze\u015bnie treningi surfer\u00f3w przyci\u0105gaj\u0105 du\u017c\u0105 widowni\u0119, g\u0142\u00f3wnie m\u0142odych ludzi, kt\u00f3rzy cz\u0119sto sp\u0119dzaj\u0105 czas na pla\u017cy. W okolicy spotu znajduje si\u0119 wiele restauracji i miejsc noclegowych.<\/p>\n<p style=\"text-align: justify;\"><strong>ATRAKCJE<\/strong><\/p>\n<p style=\"text-align: justify;\">Rybacka cz\u0119\u015b\u0107 miasta znajduje si\u0119 nad brzegiem rzeki Warnow i przyci\u0105ga turyst\u00f3w swoim uroczym charakterem. Pe\u0142na rybackich domk\u00f3w ulica Alter Strom zapewnia przyjemne spacery wzd\u0142u\u017c rzeki. Wiele z tych dom\u00f3w jest obecnie wykorzystywanych jako sklepy i galerie sztuki. W nocy ulica staje si\u0119 romantycznym miejscem pe\u0142nym jasnego \u015bwiat\u0142a p\u0142yn\u0105cego ze staromodnych lampion\u00f3w mieni\u0105cych si\u0119 w odbiciu rzeki. Jednocze\u015bnie Warnem\u00fcnde pe\u0142ne jest miejsc, w kt\u00f3rych mo\u017cna cieszy\u0107 si\u0119 typowym \u017cyciem nocnym. Ca\u0142y obszar ma osobliw\u0105 architektur\u0119. W okolicy znajduje si\u0119 wiele bar\u00f3w, kawiarni, restauracji i sklep\u00f3w. Pomimo wzrostu liczby turyst\u00f3w odwiedzaj\u0105cych Warnem\u00fcnde, w dalszym ci\u0105gu na nabrze\u017cu spotka\u0107 mo\u017cna wiele rybackich statk\u00f3w.<\/p>\n<h2 style=\"text-align: justify;\"><strong>Move to Attractions bellow or -&gt;<a href=\"https:\/\/southbaltic-tourist.eu\/routes\/windsurfing-exploration\/6-rodvik-surfhorspot\/\">Move to Attraction No. 6<\/a><\/strong><\/h2>\n<p><code><div class=\"rl-gallery-container rl-loading\" id=\"rl-gallery-container-2\" data-gallery_id=\"1184\"> <div class=\"rl-gallery rl-basicgrid-gallery \" id=\"rl-gallery-2\" data-gallery_no=\"2\"> <div class=\"rl-gallery-item\"><a href=\"https:\/\/sbt.ug.edu.pl\/wp-content\/uploads\/2019\/07\/1.Rostock-Warnemunde-watersports-area-R2.A5..jpg\" title=\"1.Rostock-Warnemunde watersports area, author: Przemyslaw Kulawczuk \/ BHR\" data-rl_title=\"1.Rostock-Warnemunde watersports area, author: Przemyslaw Kulawczuk \/ BHR\" class=\"rl-gallery-link\" data-rl_caption=\"\" data-rel=\"lightbox-gallery-2\"><img src=\"https:\/\/sbt.ug.edu.pl\/wp-content\/uploads\/2019\/07\/1.Rostock-Warnemunde-watersports-area-R2.A5.-768x509.jpg\" width=\"640\" height=\"424\" alt=\"\" \/><\/a><\/div><div class=\"rl-gallery-item\"><a href=\"https:\/\/sbt.ug.edu.pl\/wp-content\/uploads\/2019\/07\/2.Rostock-Warnemunde-watersports-area-R2.A5..jpg\" title=\"2.Rostock-Warnemunde watersports area, author: Przemyslaw Kulawczuk \/ BHR\" data-rl_title=\"2.Rostock-Warnemunde watersports area, author: Przemyslaw Kulawczuk \/ BHR\" class=\"rl-gallery-link\" data-rl_caption=\"\" data-rel=\"lightbox-gallery-2\"><img src=\"https:\/\/sbt.ug.edu.pl\/wp-content\/uploads\/2019\/07\/2.Rostock-Warnemunde-watersports-area-R2.A5.-768x509.jpg\" width=\"640\" height=\"424\" alt=\"\" \/><\/a><\/div><div class=\"rl-gallery-item\"><a href=\"https:\/\/sbt.ug.edu.pl\/wp-content\/uploads\/2019\/07\/3.-Rostock-Warnemunde-watersports-area-R2A5..jpg\" title=\"3. Rostock-Warnemunde watersports area, author: Przemyslaw Kulawczuk \/ BHR\" data-rl_title=\"3. Rostock-Warnemunde watersports area, author: Przemyslaw Kulawczuk \/ BHR\" class=\"rl-gallery-link\" data-rl_caption=\"\" data-rel=\"lightbox-gallery-2\"><img src=\"https:\/\/sbt.ug.edu.pl\/wp-content\/uploads\/2019\/07\/3.-Rostock-Warnemunde-watersports-area-R2A5.-768x509.jpg\" width=\"640\" height=\"424\" alt=\"\" \/><\/a><\/div><div class=\"rl-gallery-item\"><a href=\"https:\/\/sbt.ug.edu.pl\/wp-content\/uploads\/2019\/07\/4.-Rostock-Warnemunde-watersports-area-R2.A5..jpg\" title=\"4. Rostock-Warnemunde watersports area, author: Przemyslaw Kulawczuk \/ BHR\" data-rl_title=\"4. Rostock-Warnemunde watersports area, author: Przemyslaw Kulawczuk \/ BHR\" class=\"rl-gallery-link\" data-rl_caption=\"\" data-rel=\"lightbox-gallery-2\"><img src=\"https:\/\/sbt.ug.edu.pl\/wp-content\/uploads\/2019\/07\/4.-Rostock-Warnemunde-watersports-area-R2.A5.-768x509.jpg\" width=\"640\" height=\"424\" alt=\"\" \/><\/a><\/div><div class=\"rl-gallery-item\"><a href=\"https:\/\/sbt.ug.edu.pl\/wp-content\/uploads\/2019\/07\/5.-Lighthouse-in-Warnemunde-R2.A5..jpg\" title=\"5. Lighthouse in Warnemunde, author: Przemyslaw Kulawczuk \/ BHR\" data-rl_title=\"5. Lighthouse in Warnemunde, author: Przemyslaw Kulawczuk \/ BHR\" class=\"rl-gallery-link\" data-rl_caption=\"\" data-rel=\"lightbox-gallery-2\"><img src=\"https:\/\/sbt.ug.edu.pl\/wp-content\/uploads\/2019\/07\/5.-Lighthouse-in-Warnemunde-R2.A5.-768x509.jpg\" width=\"640\" height=\"424\" alt=\"\" \/><\/a><\/div><div class=\"rl-gallery-item\"><a href=\"https:\/\/sbt.ug.edu.pl\/wp-content\/uploads\/2019\/07\/6.-Coastal-waters-in-Warnemunde-R2.A5..jpg\" title=\"6. Coastal waters in Warnemunde, author: Przemyslaw Kulawczuk \/ BHR\" data-rl_title=\"6. Coastal waters in Warnemunde, author: Przemyslaw Kulawczuk \/ BHR\" class=\"rl-gallery-link\" data-rl_caption=\"\" data-rel=\"lightbox-gallery-2\"><img src=\"https:\/\/sbt.ug.edu.pl\/wp-content\/uploads\/2019\/07\/6.-Coastal-waters-in-Warnemunde-R2.A5.-768x509.jpg\" width=\"640\" height=\"424\" alt=\"\" \/><\/a><\/div><div class=\"rl-gallery-item\"><a href=\"https:\/\/sbt.ug.edu.pl\/wp-content\/uploads\/2019\/07\/7.-Warner-River-mouth-R2.A5..jpg\" title=\"7. Warner River mouth, author: Przemyslaw Kulawczuk \/ BHR\" data-rl_title=\"7. Warner River mouth, author: Przemyslaw Kulawczuk \/ BHR\" class=\"rl-gallery-link\" data-rl_caption=\"\" data-rel=\"lightbox-gallery-2\"><img src=\"https:\/\/sbt.ug.edu.pl\/wp-content\/uploads\/2019\/07\/7.-Warner-River-mouth-R2.A5.-768x509.jpg\" width=\"640\" height=\"424\" alt=\"\" \/><\/a><\/div><div class=\"rl-gallery-item\"><a href=\"https:\/\/sbt.ug.edu.pl\/wp-content\/uploads\/2019\/07\/8.-Warnemunde-beach-R2.A5..jpg\" title=\"8. Warnemunde beach, author: Przemyslaw Kulawczuk \/ BHR\" data-rl_title=\"8. Warnemunde beach, author: Przemyslaw Kulawczuk \/ BHR\" class=\"rl-gallery-link\" data-rl_caption=\"\" data-rel=\"lightbox-gallery-2\"><img src=\"https:\/\/sbt.ug.edu.pl\/wp-content\/uploads\/2019\/07\/8.-Warnemunde-beach-R2.A5.-768x509.jpg\" width=\"640\" height=\"424\" alt=\"\" \/><\/a><\/div><div class=\"rl-gallery-item\"><a href=\"https:\/\/sbt.ug.edu.pl\/wp-content\/uploads\/2019\/07\/9.-Warnemunde-beach-R2.A5..jpg\" title=\"9. Warnemunde beach, author: Przemyslaw Kulawczuk \/ BHR, University of Gdansk, R2.A5.\" data-rl_title=\"9. Warnemunde beach, author: Przemyslaw Kulawczuk \/ BHR, University of Gdansk, R2.A5.\" class=\"rl-gallery-link\" data-rl_caption=\"\" data-rel=\"lightbox-gallery-2\"><img src=\"https:\/\/sbt.ug.edu.pl\/wp-content\/uploads\/2019\/07\/9.-Warnemunde-beach-R2.A5.-768x509.jpg\" width=\"640\" height=\"424\" alt=\"\" \/><\/a><\/div><div class=\"rl-gallery-item\"><a href=\"https:\/\/sbt.ug.edu.pl\/wp-content\/uploads\/2019\/07\/10-Cruisers-and-yachts-in-Warnemunde-R2.-A5..jpg\" title=\"10 Cruisers and yachts in Warnemunde, author: Przemyslaw Kulawczuk \/ BHR\" data-rl_title=\"10 Cruisers and yachts in Warnemunde, author: Przemyslaw Kulawczuk \/ BHR\" class=\"rl-gallery-link\" data-rl_caption=\"\" data-rel=\"lightbox-gallery-2\"><img src=\"https:\/\/sbt.ug.edu.pl\/wp-content\/uploads\/2019\/07\/10-Cruisers-and-yachts-in-Warnemunde-R2.-A5.-768x509.jpg\" width=\"640\" height=\"424\" alt=\"\" \/><\/a><\/div><div class=\"rl-gallery-item\"><a href=\"https:\/\/sbt.ug.edu.pl\/wp-content\/uploads\/2019\/07\/11.-Rostock-Port-Terminal-R2.A5..jpg\" title=\"11. Rostock Port Terminal, author: Przemyslaw Kulawczuk \/ BHR\" data-rl_title=\"11. Rostock Port Terminal, author: Przemyslaw Kulawczuk \/ BHR\" class=\"rl-gallery-link\" data-rl_caption=\"\" data-rel=\"lightbox-gallery-2\"><img src=\"https:\/\/sbt.ug.edu.pl\/wp-content\/uploads\/2019\/07\/11.-Rostock-Port-Terminal-R2.A5.-768x509.jpg\" width=\"640\" height=\"424\" alt=\"\" \/><\/a><\/div><div class=\"rl-gallery-item\"><a href=\"https:\/\/sbt.ug.edu.pl\/wp-content\/uploads\/2019\/07\/12.-Rostock-Port-Terminal-R2.A5..jpg\" title=\"12. Rostock Port Terminal, author: Przemyslaw Kulawczuk \/ BHR\" data-rl_title=\"12. Rostock Port Terminal, author: Przemyslaw Kulawczuk \/ BHR\" class=\"rl-gallery-link\" data-rl_caption=\"\" data-rel=\"lightbox-gallery-2\"><img src=\"https:\/\/sbt.ug.edu.pl\/wp-content\/uploads\/2019\/07\/12.-Rostock-Port-Terminal-R2.A5.-768x509.jpg\" width=\"640\" height=\"424\" alt=\"\" \/><\/a><\/div><div class=\"rl-gallery-item\"><a href=\"https:\/\/sbt.ug.edu.pl\/wp-content\/uploads\/2019\/07\/13.-Rostock-Port-Terminal-R2.A5..jpg\" title=\"13. Rostock Port Terminal, author: Przemyslaw Kulawczuk \/ BHR\" data-rl_title=\"13. Rostock Port Terminal, author: Przemyslaw Kulawczuk \/ BHR\" class=\"rl-gallery-link\" data-rl_caption=\"\" data-rel=\"lightbox-gallery-2\"><img src=\"https:\/\/sbt.ug.edu.pl\/wp-content\/uploads\/2019\/07\/13.-Rostock-Port-Terminal-R2.A5.-768x509.jpg\" width=\"640\" height=\"424\" alt=\"\" \/><\/a><\/div><div class=\"rl-gallery-item\"><a href=\"https:\/\/sbt.ug.edu.pl\/wp-content\/uploads\/2019\/07\/14.-Rostock-Port-Terminal-R2.A5..jpg\" title=\"\" data-rl_title=\"\" class=\"rl-gallery-link\" data-rl_caption=\"\" data-rel=\"lightbox-gallery-2\"><img src=\"https:\/\/sbt.ug.edu.pl\/wp-content\/uploads\/2019\/07\/14.-Rostock-Port-Terminal-R2.A5.-768x509.jpg\" width=\"640\" height=\"424\" alt=\"\" \/><\/a><\/div> <\/div> <\/div><\/code><\/p>\n<p style=\"text-align: justify;\">\n<p><\/p>","protected":false},"excerpt":{"rendered":"<p>LOKALIZACJA Warnem\u00fcnde to p\u00f3\u0142nocna dzielnica miasta Rostock. To typowy port o rybackich tradycjach, po\u0142o\u017cony u uj\u015bcia rzeki Warnow. Spot surfingowy znajduje si\u0119 na zachodniej pla\u017cy Warnem\u00fcnde i posiada dogodne po\u0142\u0105czenia z miastem Rostock &#8211; kolej\u0105 b\u0105d\u017a samochodem. Historyczna dzielnica Warnem\u00fcnde posiada ograniczenia dla ruchu samochodowego, dlatego te\u017c zalecane jest zaparkowanie auta na centralnym parkingu znajduj\u0105cym [&hellip;]<\/p>\n","protected":false},"author":1,"featured_media":0,"parent":174,"menu_order":0,"comment_status":"closed","ping_status":"closed","template":"","meta":[],"categories":[34,12,9],"tags":[],"_links":{"self":[{"href":"https:\/\/sbt.ug.edu.pl\/pl\/wp-json\/wp\/v2\/pages\/297"}],"collection":[{"href":"https:\/\/sbt.ug.edu.pl\/pl\/wp-json\/wp\/v2\/pages"}],"about":[{"href":"https:\/\/sbt.ug.edu.pl\/pl\/wp-json\/wp\/v2\/types\/page"}],"author":[{"embeddable":true,"href":"https:\/\/sbt.ug.edu.pl\/pl\/wp-json\/wp\/v2\/users\/1"}],"replies":[{"embeddable":true,"href":"https:\/\/sbt.ug.edu.pl\/pl\/wp-json\/wp\/v2\/comments?post=297"}],"version-history":[{"count":21,"href":"https:\/\/sbt.ug.edu.pl\/pl\/wp-json\/wp\/v2\/pages\/297\/revisions"}],"predecessor-version":[{"id":5806,"href":"https:\/\/sbt.ug.edu.pl\/pl\/wp-json\/wp\/v2\/pages\/297\/revisions\/5806"}],"up":[{"embeddable":true,"href":"https:\/\/sbt.ug.edu.pl\/pl\/wp-json\/wp\/v2\/pages\/174"}],"wp:attachment":[{"href":"https:\/\/sbt.ug.edu.pl\/pl\/wp-json\/wp\/v2\/media?parent=297"}],"wp:term":[{"taxonomy":"category","embeddable":true,"href":"https:\/\/sbt.ug.edu.pl\/pl\/wp-json\/wp\/v2\/categories?post=297"},{"taxonomy":"post_tag","embeddable":true,"href":"https:\/\/sbt.ug.edu.pl\/pl\/wp-json\/wp\/v2\/tags?post=297"}],"curies":[{"name":"wp","href":"https:\/\/api.w.org\/{rel}","templated":true}]}}