{"id":305,"date":"2018-11-19T19:51:41","date_gmt":"2018-11-19T18:51:41","guid":{"rendered":"http:\/\/southbaltic-tourist.eu\/?page_id=305"},"modified":"2021-06-10T15:56:50","modified_gmt":"2021-06-10T14:56:50","slug":"6-rodvik-and-stevns-klint-zealand","status":"publish","type":"page","link":"https:\/\/sbt.ug.edu.pl\/pl\/routes\/windsurfing-exploration\/6-rodvik-and-stevns-klint-zealand\/","title":{"rendered":"6. R\u00d8DVIG I STEVNS KLINT (ZELANDIA)"},"content":{"rendered":"<p><\/p>\n<p style=\"text-align: justify;\"><strong>LOKALIZACJA <\/strong><\/p>\n<p style=\"text-align: justify;\">Du\u0144skie miasto R\u00f8dvig znajduje si\u0119 na wschodnim wybrze\u017cu wyspy Zelandia. To dobre miejsce do rozpocz\u0119cia zwiedzania klifu Stevns Klint. Na Zelandi\u0119 mo\u017cna dotrze\u0107 z Niemiec dwoma po\u0142\u0105czeniami promowymi &#8211; Gedser-Warnem\u00fcnde i R\u00f8dby-Puttgarten. Do R\u00f8dvig mo\u017cna tak\u017ce dojecha\u0107 poci\u0105giem b\u0105d\u017a autem z Kopenhagi, Malm\u00f6 i P\u00f3\u0142wyspu Jutlandzkiego. W przypadku podr\u00f3\u017cy z Polski i Litwy najlepiej najpierw dotrze\u0107 promem do Szwecji, a nast\u0119pnie przesi\u0105\u015b\u0107 si\u0119 w auto b\u0105d\u017a poci\u0105g. Miejsce surfingowe znajduje si\u0119 na p\u00f3\u0142nocny wsch\u00f3d od miasta. Po\u0142o\u017cenie geograficzne: 55\u00b015\u2032N 12\u00b023\u2032E (przysta\u0144).<\/p>\n<p style=\"text-align: justify;\"><img decoding=\"async\" loading=\"lazy\" class=\"alignleft wp-image-306\" src=\"https:\/\/southbaltic-tourist.eu\/wp-content\/uploads\/2018\/11\/6.1.png\" alt=\"\" width=\"459\" height=\"300\" srcset=\"https:\/\/sbt.ug.edu.pl\/wp-content\/uploads\/2018\/11\/6.1.png 717w, https:\/\/sbt.ug.edu.pl\/wp-content\/uploads\/2018\/11\/6.1-300x196.png 300w\" sizes=\"(max-width: 459px) 100vw, 459px\" \/><\/p>\n<p style=\"text-align: justify;\"><a href=\"https:\/\/southbaltic-tourist.eu\/wp-content\/uploads\/2020\/01\/r1a6_Rodvig_Surfing_slim.png\" data-rel=\"lightbox-gallery-zwId5yEo\" data-rl_title=\"\" data-rl_caption=\"\" title=\"\">\u00a0 \u00a0 \u00a0 \u00a0<\/a><a href=\"https:\/\/southbaltic-tourist.eu\/wp-content\/uploads\/2020\/01\/r1a6_Rodvig_Surfing_slim.png\" data-rel=\"lightbox-gallery-zwId5yEo\" data-rl_title=\"\" data-rl_caption=\"\" title=\"\"><img decoding=\"async\" loading=\"lazy\" class=\"alignnone wp-image-5117\" src=\"https:\/\/southbaltic-tourist.eu\/wp-content\/uploads\/2020\/01\/r1a6_Rodvig_Surfing_slim-300x174.png\" alt=\"\" width=\"517\" height=\"300\" srcset=\"https:\/\/sbt.ug.edu.pl\/wp-content\/uploads\/2020\/01\/r1a6_Rodvig_Surfing_slim-300x174.png 300w, https:\/\/sbt.ug.edu.pl\/wp-content\/uploads\/2020\/01\/r1a6_Rodvig_Surfing_slim-1024x594.png 1024w, https:\/\/sbt.ug.edu.pl\/wp-content\/uploads\/2020\/01\/r1a6_Rodvig_Surfing_slim-768x445.png 768w, https:\/\/sbt.ug.edu.pl\/wp-content\/uploads\/2020\/01\/r1a6_Rodvig_Surfing_slim-1536x891.png 1536w, https:\/\/sbt.ug.edu.pl\/wp-content\/uploads\/2020\/01\/r1a6_Rodvig_Surfing_slim-150x87.png 150w, https:\/\/sbt.ug.edu.pl\/wp-content\/uploads\/2020\/01\/r1a6_Rodvig_Surfing_slim.png 1600w\" sizes=\"(max-width: 517px) 100vw, 517px\" \/><\/a><\/p>\n<p style=\"text-align: justify;\"><a href=\"https:\/\/www.google.pl\/maps\/place\/4673+R%C3%B8dvig+Stevns,+Dania\/@55.2606438,12.324186,13z\/data=!3m1!4b1!4m5!3m4!1s0x4652e1076a242831:0x279a10cc7495bea4!8m2!3d55.2604623!4d12.3475555\" target=\"_blank\" rel=\"noopener noreferrer\">View on Google Maps<\/a><\/p>\n<p style=\"text-align: justify;\"><strong>R\u00d8DVIG SURFING HOTSPOT<\/strong><\/p>\n<p style=\"text-align: justify;\">Obszar przybrze\u017cny R\u00f8dvig uwa\u017cany jest za jedno z najbardziej wietrznych miejsc na du\u0144skim wybrze\u017cu Ba\u0142tyku. B\u0119d\u0105c t\u0119tni\u0105cym \u017cyciem o\u015brodkiem turystycznym i portem rybackim, miasto jest doskona\u0142ym punktem do rozpocz\u0119cia w\u0119dr\u00f3wki po 40 metrowych, przyci\u0105gaj\u0105cych wzrok klifach z erodowanej bia\u0142ej kredy. W 2014 r. Stevns Klint zosta\u0142 wpisany na list\u0119 \u015bwiatowego dziedzictwa UNESCO. Przez d\u0142ugi czas kreda pochodz\u0105ca z klif\u00f3w by\u0142a wykorzystywana przez lokaln\u0105 gospodark\u0119. Jednym ze sk\u0142adnik\u00f3w tworz\u0105cych klify jest kreda mszywio\u0142owa, kt\u00f3ra posiada szczeg\u00f3lne w\u0142a\u015bciwo\u015bci &#8211; jest odporna na wstrz\u0105sy zar\u00f3wno te pochodz\u0105ce z wybuchu broni j\u0105drowej, jak i konwencjonalnej \u2013 dlatego te\u017c w tym miejscu zlokalizowano Muzeum Zimnej Wojny.<\/p>\n<p style=\"text-align: justify;\">Innym interesuj\u0105cym miejscem w tym rejonie jest ko\u015bci\u00f3\u0142 H\u00f8jerup, kt\u00f3ry zosta\u0142 zbudowany oko\u0142o 1200 roku. W 1928 roku niestety cz\u0119\u015b\u0107 ko\u015bcio\u0142a oberwa\u0142a si\u0119 i run\u0119\u0142a do morza.<\/p>\n<p style=\"text-align: justify;\"><strong>ATRAKCJE<\/strong><\/p>\n<p style=\"text-align: justify;\">Miasto R\u00f8dvig znajduje si\u0119 w po\u0142udniowej Zelandii i jest punktem wyj\u015bcia do zwiedzania Stevns Klint. Region ten oferuje liczne atrakcje, w tym winiarnie i winnice, zabytkowe ko\u015bcio\u0142y, muzea, safari, zoo, park rozrywki i r\u00f3\u017cnego rodzaju zabytki, na przyk\u0142ad twierdz\u0119 z czas\u00f3w I wojny \u015bwiatowej. Na Zelandii jest kilka historycznych miast, znajduj\u0105 si\u0119 tak\u017ce malownicze porty, bia\u0142e klify wyspy M\u00f8n, liczne szlaki piesze i rowerowe. W regionie dominuje rolniczy krajobraz, ale mo\u017cna tak\u017ce znale\u017a\u0107 wiele bia\u0142ych piaszczystych pla\u017c z p\u0142ytkimi i bezpiecznymi wodami. Pod koniec aktywnego dnia region ten oferuje du\u017cy wyb\u00f3r miejsc zakwaterowania oraz restauracji.<\/p>\n<h2 style=\"text-align: justify;\"><strong>Move to Attractions bellow or -&gt;<a href=\"https:\/\/southbaltic-tourist.eu\/routes\/windsurfing-exploration\/7-mon-cliffs\/\">Move to Attraction No. 7<\/a><\/strong><\/h2>\n<p><code><div class=\"rl-gallery-container rl-loading\" id=\"rl-gallery-container-2\" data-gallery_id=\"1185\"> <div class=\"rl-gallery rl-basicgrid-gallery \" id=\"rl-gallery-2\" data-gallery_no=\"2\"> <div class=\"rl-gallery-item\"><a href=\"https:\/\/sbt.ug.edu.pl\/wp-content\/uploads\/2019\/07\/1.-Stevns-Cliff-R2.A6..jpg\" title=\"1. Stevns Cliff, author: Przemyslaw Kulawczuk \/ BHR\" data-rl_title=\"1. Stevns Cliff, author: Przemyslaw Kulawczuk \/ BHR\" class=\"rl-gallery-link\" data-rl_caption=\"\" data-rel=\"lightbox-gallery-2\"><img src=\"https:\/\/sbt.ug.edu.pl\/wp-content\/uploads\/2019\/07\/1.-Stevns-Cliff-R2.A6.-768x512.jpg\" width=\"640\" height=\"427\" alt=\"\" \/><\/a><\/div><div class=\"rl-gallery-item\"><a href=\"https:\/\/sbt.ug.edu.pl\/wp-content\/uploads\/2019\/07\/2.-Rodvik-marina-R2.A6..jpg\" title=\"2. Rodvik marina, author: Przemyslaw Kulawczuk \/ BHR\" data-rl_title=\"2. Rodvik marina, author: Przemyslaw Kulawczuk \/ BHR\" class=\"rl-gallery-link\" data-rl_caption=\"\" data-rel=\"lightbox-gallery-2\"><img src=\"https:\/\/sbt.ug.edu.pl\/wp-content\/uploads\/2019\/07\/2.-Rodvik-marina-R2.A6.-768x512.jpg\" width=\"640\" height=\"427\" alt=\"\" \/><\/a><\/div><div class=\"rl-gallery-item\"><a href=\"https:\/\/sbt.ug.edu.pl\/wp-content\/uploads\/2019\/07\/3.-Sea-waters-near-Stevns-Cliff-R2.A6..jpg\" title=\"3. Sea waters near Stevns Cliff, author: Przemyslaw Kulawczuk \/ BHR\" data-rl_title=\"3. Sea waters near Stevns Cliff, author: Przemyslaw Kulawczuk \/ BHR\" class=\"rl-gallery-link\" data-rl_caption=\"\" data-rel=\"lightbox-gallery-2\"><img src=\"https:\/\/sbt.ug.edu.pl\/wp-content\/uploads\/2019\/07\/3.-Sea-waters-near-Stevns-Cliff-R2.A6.-768x512.jpg\" width=\"640\" height=\"427\" alt=\"\" \/><\/a><\/div><div class=\"rl-gallery-item\"><a href=\"https:\/\/sbt.ug.edu.pl\/wp-content\/uploads\/2019\/07\/4.-Old-Church-on-the-Stevns-Cliff-R2.A6..jpg\" title=\"4. Old Church on the Stevns Cliff, author: Przemyslaw Kulawczuk \/ BHR\" data-rl_title=\"4. Old Church on the Stevns Cliff, author: Przemyslaw Kulawczuk \/ BHR\" class=\"rl-gallery-link\" data-rl_caption=\"\" data-rel=\"lightbox-gallery-2\"><img src=\"https:\/\/sbt.ug.edu.pl\/wp-content\/uploads\/2019\/07\/4.-Old-Church-on-the-Stevns-Cliff-R2.A6.-768x512.jpg\" width=\"640\" height=\"427\" alt=\"\" \/><\/a><\/div><div class=\"rl-gallery-item\"><a href=\"https:\/\/sbt.ug.edu.pl\/wp-content\/uploads\/2019\/07\/5.-Stevns-Cliff-view-R2.A6..jpg\" title=\"5. Stevns Cliff view, author: Przemyslaw Kulawczuk \/ BHR\" data-rl_title=\"5. Stevns Cliff view, author: Przemyslaw Kulawczuk \/ BHR\" class=\"rl-gallery-link\" data-rl_caption=\"\" data-rel=\"lightbox-gallery-2\"><img src=\"https:\/\/sbt.ug.edu.pl\/wp-content\/uploads\/2019\/07\/5.-Stevns-Cliff-view-R2.A6.-768x512.jpg\" width=\"640\" height=\"427\" alt=\"\" \/><\/a><\/div><div class=\"rl-gallery-item\"><a href=\"https:\/\/sbt.ug.edu.pl\/wp-content\/uploads\/2019\/07\/6.-Stevns-Cliff-view-R2.A6..jpg\" title=\"6. Stevns Cliff view, author: Przemyslaw Kulawczuk \/ BHR\" data-rl_title=\"6. Stevns Cliff view, author: Przemyslaw Kulawczuk \/ BHR\" class=\"rl-gallery-link\" data-rl_caption=\"\" data-rel=\"lightbox-gallery-2\"><img src=\"https:\/\/sbt.ug.edu.pl\/wp-content\/uploads\/2019\/07\/6.-Stevns-Cliff-view-R2.A6.-768x512.jpg\" width=\"640\" height=\"427\" alt=\"\" \/><\/a><\/div><div class=\"rl-gallery-item\"><a href=\"https:\/\/sbt.ug.edu.pl\/wp-content\/uploads\/2019\/07\/7.-Stevns-Cliff-view-R2A6..jpg\" title=\"7. Stevns Cliff view, author: Przemyslaw Kulawczuk \/ BHR\" data-rl_title=\"7. Stevns Cliff view, author: Przemyslaw Kulawczuk \/ BHR\" class=\"rl-gallery-link\" data-rl_caption=\"\" data-rel=\"lightbox-gallery-2\"><img src=\"https:\/\/sbt.ug.edu.pl\/wp-content\/uploads\/2019\/07\/7.-Stevns-Cliff-view-R2A6.-768x512.jpg\" width=\"640\" height=\"427\" alt=\"\" \/><\/a><\/div><div class=\"rl-gallery-item\"><a href=\"https:\/\/sbt.ug.edu.pl\/wp-content\/uploads\/2019\/07\/8.-Stevns-Cliff-view-R2.A6..jpg\" title=\"8. Stevns Cliff view, author: Przemyslaw Kulawczuk \/ BHR\" data-rl_title=\"8. Stevns Cliff view, author: Przemyslaw Kulawczuk \/ BHR\" class=\"rl-gallery-link\" data-rl_caption=\"\" data-rel=\"lightbox-gallery-2\"><img src=\"https:\/\/sbt.ug.edu.pl\/wp-content\/uploads\/2019\/07\/8.-Stevns-Cliff-view-R2.A6.-768x512.jpg\" width=\"640\" height=\"427\" alt=\"\" \/><\/a><\/div><div class=\"rl-gallery-item\"><a href=\"https:\/\/sbt.ug.edu.pl\/wp-content\/uploads\/2019\/07\/9.-Historic-Church-on-the-cliff-R2.A6..jpg\" title=\"9. Historic Church on the cliff, author: Przemyslaw Kulawczuk \/ BHR\" data-rl_title=\"9. Historic Church on the cliff, author: Przemyslaw Kulawczuk \/ BHR\" class=\"rl-gallery-link\" data-rl_caption=\"\" data-rel=\"lightbox-gallery-2\"><img src=\"https:\/\/sbt.ug.edu.pl\/wp-content\/uploads\/2019\/07\/9.-Historic-Church-on-the-cliff-R2.A6.-768x512.jpg\" width=\"640\" height=\"427\" alt=\"\" \/><\/a><\/div><div class=\"rl-gallery-item\"><a href=\"https:\/\/sbt.ug.edu.pl\/wp-content\/uploads\/2019\/07\/10.-Stevns-Cliff-view-R2.A6..jpg\" title=\"10. Stevns Cliff view, author: Przemyslaw Kulawczuk \/ BHR\" data-rl_title=\"10. Stevns Cliff view, author: Przemyslaw Kulawczuk \/ BHR\" class=\"rl-gallery-link\" data-rl_caption=\"\" data-rel=\"lightbox-gallery-2\"><img src=\"https:\/\/sbt.ug.edu.pl\/wp-content\/uploads\/2019\/07\/10.-Stevns-Cliff-view-R2.A6.-768x512.jpg\" width=\"640\" height=\"427\" alt=\"\" \/><\/a><\/div><div class=\"rl-gallery-item\"><a href=\"https:\/\/sbt.ug.edu.pl\/wp-content\/uploads\/2019\/07\/11.-Stevns-Cliff-stairs-to-the-beach-R2.A6..jpg\" title=\"11. Stevns Cliff, stairs to the beach, author: Przemyslaw Kulawczuk \/ BHR\" data-rl_title=\"11. Stevns Cliff, stairs to the beach, author: Przemyslaw Kulawczuk \/ BHR\" class=\"rl-gallery-link\" data-rl_caption=\"\" data-rel=\"lightbox-gallery-2\"><img src=\"https:\/\/sbt.ug.edu.pl\/wp-content\/uploads\/2019\/07\/11.-Stevns-Cliff-stairs-to-the-beach-R2.A6.-768x512.jpg\" width=\"640\" height=\"427\" alt=\"\" \/><\/a><\/div><div class=\"rl-gallery-item\"><a href=\"https:\/\/sbt.ug.edu.pl\/wp-content\/uploads\/2019\/07\/11.jpg\" title=\"\" data-rl_title=\"\" class=\"rl-gallery-link\" data-rl_caption=\"\" data-rel=\"lightbox-gallery-2\"><img src=\"https:\/\/sbt.ug.edu.pl\/wp-content\/uploads\/2019\/07\/11-768x512.jpg\" width=\"640\" height=\"427\" alt=\"\" \/><\/a><\/div><div class=\"rl-gallery-item\"><a href=\"https:\/\/sbt.ug.edu.pl\/wp-content\/uploads\/2019\/07\/12.-Fishing-in-the-sea-R2.A6..jpg\" title=\"12. Fishing in the sea, author: Przemyslaw Kulawczuk \/ BHR\" data-rl_title=\"12. Fishing in the sea, author: Przemyslaw Kulawczuk \/ BHR\" class=\"rl-gallery-link\" data-rl_caption=\"\" data-rel=\"lightbox-gallery-2\"><img src=\"https:\/\/sbt.ug.edu.pl\/wp-content\/uploads\/2019\/07\/12.-Fishing-in-the-sea-R2.A6.-768x512.jpg\" width=\"640\" height=\"427\" alt=\"\" \/><\/a><\/div><div class=\"rl-gallery-item\"><a href=\"https:\/\/sbt.ug.edu.pl\/wp-content\/uploads\/2019\/07\/13.-Stevns-Cliff-view-R2.A6..jpg\" title=\"13. Stevns Cliff view, author: Przemyslaw Kulawczuk \/ BHR\" data-rl_title=\"13. Stevns Cliff view, author: Przemyslaw Kulawczuk \/ BHR\" class=\"rl-gallery-link\" data-rl_caption=\"\" data-rel=\"lightbox-gallery-2\"><img src=\"https:\/\/sbt.ug.edu.pl\/wp-content\/uploads\/2019\/07\/13.-Stevns-Cliff-view-R2.A6.-768x512.jpg\" width=\"640\" height=\"427\" alt=\"\" \/><\/a><\/div><div class=\"rl-gallery-item\"><a href=\"https:\/\/sbt.ug.edu.pl\/wp-content\/uploads\/2019\/07\/14.-Sea-view-from-the-beach-R2.A6..jpg\" title=\"14. Sea view from the, beach, author: Przemyslaw Kulawczuk \/ BHR\" data-rl_title=\"14. Sea view from the, beach, author: Przemyslaw Kulawczuk \/ BHR\" class=\"rl-gallery-link\" data-rl_caption=\"\" data-rel=\"lightbox-gallery-2\"><img src=\"https:\/\/sbt.ug.edu.pl\/wp-content\/uploads\/2019\/07\/14.-Sea-view-from-the-beach-R2.A6.-768x512.jpg\" width=\"640\" height=\"427\" alt=\"\" \/><\/a><\/div><div class=\"rl-gallery-item\"><a href=\"https:\/\/sbt.ug.edu.pl\/wp-content\/uploads\/2019\/07\/15.-Flint-oven-in-Rodvik-R2.A6..jpg\" title=\"15. Flint oven in Rodvik, author: Przemyslaw Kulawczuk \/ BHR\" data-rl_title=\"15. Flint oven in Rodvik, author: Przemyslaw Kulawczuk \/ BHR\" class=\"rl-gallery-link\" data-rl_caption=\"\" data-rel=\"lightbox-gallery-2\"><img src=\"https:\/\/sbt.ug.edu.pl\/wp-content\/uploads\/2019\/07\/15.-Flint-oven-in-Rodvik-R2.A6.-768x512.jpg\" width=\"640\" height=\"427\" alt=\"\" \/><\/a><\/div><div class=\"rl-gallery-item\"><a href=\"https:\/\/sbt.ug.edu.pl\/wp-content\/uploads\/2019\/07\/16.-Marina-in-Rodvik-R2.A6..jpg\" title=\"16. Marina in Rodvik, author: Przemyslaw Kulawczuk \/ BHR\" data-rl_title=\"16. Marina in Rodvik, author: Przemyslaw Kulawczuk \/ BHR\" class=\"rl-gallery-link\" data-rl_caption=\"\" data-rel=\"lightbox-gallery-2\"><img src=\"https:\/\/sbt.ug.edu.pl\/wp-content\/uploads\/2019\/07\/16.-Marina-in-Rodvik-R2.A6.-768x512.jpg\" width=\"640\" height=\"427\" alt=\"\" \/><\/a><\/div><div class=\"rl-gallery-item\"><a href=\"https:\/\/sbt.ug.edu.pl\/wp-content\/uploads\/2019\/07\/17.-Marina-in-Rodvik-R2.A6..jpg\" title=\"17. Marina in Rodvik, author: Przemyslaw Kulawczuk \/ BHR\" data-rl_title=\"17. Marina in Rodvik, author: Przemyslaw Kulawczuk \/ BHR\" class=\"rl-gallery-link\" data-rl_caption=\"\" data-rel=\"lightbox-gallery-2\"><img src=\"https:\/\/sbt.ug.edu.pl\/wp-content\/uploads\/2019\/07\/17.-Marina-in-Rodvik-R2.A6.-768x512.jpg\" width=\"640\" height=\"427\" alt=\"\" \/><\/a><\/div><div class=\"rl-gallery-item\"><a href=\"https:\/\/sbt.ug.edu.pl\/wp-content\/uploads\/2019\/07\/18.-Marina-in-Rodvik-R2.A6..jpg\" title=\"18. Marina in Rodvik, author: Przemyslaw Kulawczuk \/ BHR\" data-rl_title=\"18. Marina in Rodvik, author: Przemyslaw Kulawczuk \/ BHR\" class=\"rl-gallery-link\" data-rl_caption=\"\" data-rel=\"lightbox-gallery-2\"><img src=\"https:\/\/sbt.ug.edu.pl\/wp-content\/uploads\/2019\/07\/18.-Marina-in-Rodvik-R2.A6.-768x512.jpg\" width=\"640\" height=\"427\" alt=\"\" \/><\/a><\/div><div class=\"rl-gallery-item\"><a href=\"https:\/\/sbt.ug.edu.pl\/wp-content\/uploads\/2019\/07\/19.-Rodvik-shipyard-R2.A6..jpg\" title=\"19. Rodvik shipyard, author: Przemyslaw Kulawczuk \/ BHR, University of Gdansk\" data-rl_title=\"19. Rodvik shipyard, author: Przemyslaw Kulawczuk \/ BHR, University of Gdansk\" class=\"rl-gallery-link\" data-rl_caption=\"\" data-rel=\"lightbox-gallery-2\"><img src=\"https:\/\/sbt.ug.edu.pl\/wp-content\/uploads\/2019\/07\/19.-Rodvik-shipyard-R2.A6.-768x512.jpg\" width=\"640\" height=\"427\" alt=\"\" \/><\/a><\/div><div class=\"rl-gallery-item\"><a href=\"https:\/\/sbt.ug.edu.pl\/wp-content\/uploads\/2019\/07\/20.-Marina-in-Rodvik-R2.A6.jpg\" title=\"20. Marina in Rodvik, author: Przemyslaw Kulawczuk \/ BHR, University of Gdansk\" data-rl_title=\"20. Marina in Rodvik, author: Przemyslaw Kulawczuk \/ BHR, University of Gdansk\" class=\"rl-gallery-link\" data-rl_caption=\"\" data-rel=\"lightbox-gallery-2\"><img src=\"https:\/\/sbt.ug.edu.pl\/wp-content\/uploads\/2019\/07\/20.-Marina-in-Rodvik-R2.A6-768x512.jpg\" width=\"640\" height=\"427\" alt=\"\" \/><\/a><\/div><div class=\"rl-gallery-item\"><a href=\"https:\/\/sbt.ug.edu.pl\/wp-content\/uploads\/2019\/07\/21.-Marina-in-Rodvik-R2.A6..jpg\" title=\"21. Marina in Rodvik, author: Przemyslaw Kulawczuk \/ BHR\" data-rl_title=\"21. Marina in Rodvik, author: Przemyslaw Kulawczuk \/ BHR\" class=\"rl-gallery-link\" data-rl_caption=\"\" data-rel=\"lightbox-gallery-2\"><img src=\"https:\/\/sbt.ug.edu.pl\/wp-content\/uploads\/2019\/07\/21.-Marina-in-Rodvik-R2.A6.-768x512.jpg\" width=\"640\" height=\"427\" alt=\"\" \/><\/a><\/div><div class=\"rl-gallery-item\"><a href=\"https:\/\/sbt.ug.edu.pl\/wp-content\/uploads\/2019\/07\/22.-Lunch-menu-in-Marina-cafe-R2.A6..jpg\" title=\"22. Lunch menu in Marina cafe, author: Przemyslaw Kulawczuk \/ BHR\" data-rl_title=\"22. Lunch menu in Marina cafe, author: Przemyslaw Kulawczuk \/ BHR\" class=\"rl-gallery-link\" data-rl_caption=\"\" data-rel=\"lightbox-gallery-2\"><img src=\"https:\/\/sbt.ug.edu.pl\/wp-content\/uploads\/2019\/07\/22.-Lunch-menu-in-Marina-cafe-R2.A6.-768x512.jpg\" width=\"640\" height=\"427\" alt=\"\" \/><\/a><\/div> <\/div> <\/div><\/code><\/p>\n<h1 style=\"text-align: justify;\"><strong>\u00a0<\/strong><\/h1>\n<p style=\"text-align: justify;\">\n<p><\/p>","protected":false},"excerpt":{"rendered":"<p>LOKALIZACJA Du\u0144skie miasto R\u00f8dvig znajduje si\u0119 na wschodnim wybrze\u017cu wyspy Zelandia. To dobre miejsce do rozpocz\u0119cia zwiedzania klifu Stevns Klint. Na Zelandi\u0119 mo\u017cna dotrze\u0107 z Niemiec dwoma po\u0142\u0105czeniami promowymi &#8211; Gedser-Warnem\u00fcnde i R\u00f8dby-Puttgarten. Do R\u00f8dvig mo\u017cna tak\u017ce dojecha\u0107 poci\u0105giem b\u0105d\u017a autem z Kopenhagi, Malm\u00f6 i P\u00f3\u0142wyspu Jutlandzkiego. W przypadku podr\u00f3\u017cy z Polski i Litwy najlepiej [&hellip;]<\/p>\n","protected":false},"author":1,"featured_media":0,"parent":174,"menu_order":0,"comment_status":"closed","ping_status":"closed","template":"","meta":[],"categories":[34,12,9],"tags":[],"_links":{"self":[{"href":"https:\/\/sbt.ug.edu.pl\/pl\/wp-json\/wp\/v2\/pages\/305"}],"collection":[{"href":"https:\/\/sbt.ug.edu.pl\/pl\/wp-json\/wp\/v2\/pages"}],"about":[{"href":"https:\/\/sbt.ug.edu.pl\/pl\/wp-json\/wp\/v2\/types\/page"}],"author":[{"embeddable":true,"href":"https:\/\/sbt.ug.edu.pl\/pl\/wp-json\/wp\/v2\/users\/1"}],"replies":[{"embeddable":true,"href":"https:\/\/sbt.ug.edu.pl\/pl\/wp-json\/wp\/v2\/comments?post=305"}],"version-history":[{"count":20,"href":"https:\/\/sbt.ug.edu.pl\/pl\/wp-json\/wp\/v2\/pages\/305\/revisions"}],"predecessor-version":[{"id":5807,"href":"https:\/\/sbt.ug.edu.pl\/pl\/wp-json\/wp\/v2\/pages\/305\/revisions\/5807"}],"up":[{"embeddable":true,"href":"https:\/\/sbt.ug.edu.pl\/pl\/wp-json\/wp\/v2\/pages\/174"}],"wp:attachment":[{"href":"https:\/\/sbt.ug.edu.pl\/pl\/wp-json\/wp\/v2\/media?parent=305"}],"wp:term":[{"taxonomy":"category","embeddable":true,"href":"https:\/\/sbt.ug.edu.pl\/pl\/wp-json\/wp\/v2\/categories?post=305"},{"taxonomy":"post_tag","embeddable":true,"href":"https:\/\/sbt.ug.edu.pl\/pl\/wp-json\/wp\/v2\/tags?post=305"}],"curies":[{"name":"wp","href":"https:\/\/api.w.org\/{rel}","templated":true}]}}