{"id":311,"date":"2018-11-19T19:58:00","date_gmt":"2018-11-19T18:58:00","guid":{"rendered":"http:\/\/southbaltic-tourist.eu\/?page_id=311"},"modified":"2021-06-10T15:58:35","modified_gmt":"2021-06-10T14:58:35","slug":"7-mon-cliffs","status":"publish","type":"page","link":"https:\/\/sbt.ug.edu.pl\/pl\/routes\/windsurfing-exploration\/7-mon-cliffs\/","title":{"rendered":"7. BIA\u0141E KLIFY NA WYSPIE M\u00d8N \u2013 ZWIEDZANIE NATURY"},"content":{"rendered":"<p><\/p>\n<p style=\"text-align: justify;\"><strong>LOKALIZACJA <\/strong><\/p>\n<p style=\"text-align: justify;\">Du\u0144ska wyspa M\u00f8n s\u0142ynie z bia\u0142ych kredowych klif\u00f3w, kt\u00f3re rozci\u0105gaj\u0105 si\u0119 wzd\u0142u\u017c Morza Ba\u0142tyckiego na wschodniej cz\u0119\u015bci wyspy. Klify i otaczaj\u0105ce je tereny s\u0105 chronione jako rezerwat przyrody. M\u00f8n znajduje si\u0119 na po\u0142udniowo-wschodnim kra\u0144cu Zelandii i na p\u00f3\u0142noc od wyspy Falster. Po\u0142\u0105czone jest z innymi wyspami dwoma mostami. Po\u0142o\u017cenie geograficzne wyspy i klif\u00f3w w M\u00f8n wynosi 54\u00b058\u2032N 12\u00b033\u2032E.<\/p>\n<p style=\"text-align: justify;\"><img decoding=\"async\" loading=\"lazy\" class=\" wp-image-312 alignleft\" src=\"https:\/\/southbaltic-tourist.eu\/wp-content\/uploads\/2018\/11\/7.1.png\" alt=\"\" width=\"358\" height=\"268\" srcset=\"https:\/\/sbt.ug.edu.pl\/wp-content\/uploads\/2018\/11\/7.1.png 499w, https:\/\/sbt.ug.edu.pl\/wp-content\/uploads\/2018\/11\/7.1-300x224.png 300w, https:\/\/sbt.ug.edu.pl\/wp-content\/uploads\/2018\/11\/7.1-136x102.png 136w\" sizes=\"(max-width: 358px) 100vw, 358px\" \/> <img decoding=\"async\" loading=\"lazy\" class=\" wp-image-313 alignleft\" src=\"https:\/\/southbaltic-tourist.eu\/wp-content\/uploads\/2018\/11\/7.2.png\" alt=\"\" width=\"357\" height=\"263\" srcset=\"https:\/\/sbt.ug.edu.pl\/wp-content\/uploads\/2018\/11\/7.2.png 510w, https:\/\/sbt.ug.edu.pl\/wp-content\/uploads\/2018\/11\/7.2-300x221.png 300w\" sizes=\"(max-width: 357px) 100vw, 357px\" \/> <img decoding=\"async\" loading=\"lazy\" class=\"wp-image-314 alignleft\" src=\"https:\/\/southbaltic-tourist.eu\/wp-content\/uploads\/2018\/11\/7.3.png\" alt=\"\" width=\"357\" height=\"289\" srcset=\"https:\/\/sbt.ug.edu.pl\/wp-content\/uploads\/2018\/11\/7.3.png 473w, https:\/\/sbt.ug.edu.pl\/wp-content\/uploads\/2018\/11\/7.3-300x242.png 300w\" sizes=\"(max-width: 357px) 100vw, 357px\" \/><\/p>\n<p style=\"text-align: justify;\"><strong>ZWIEDZANIE NATURY<\/strong><\/p>\n<p style=\"text-align: justify;\">Bogate w skamieliny klify kredowe w M\u00f8n rozci\u0105gaj\u0105 si\u0119 8 km wzd\u0142u\u017c wybrze\u017ca. Ich wysoko\u015b\u0107 wynosi od 102 do 128 m. Najlepszym sposobem na obejrzenie klif\u00f3w jest wycieczka na \u0142odzi rybackiej, kt\u00f3ra trwa 1,5-2 godziny. Klify s\u0105 bardzo zalesione i znajduj\u0105 si\u0119 na nich pi\u0119kne tereny parkowe (np. Park Liselund). Wa\u017cn\u0105 atrakcj\u0105 w okolicy jest GeoCenter &#8211; muzeum geologiczne, w kt\u00f3rym mo\u017cna dowiedzie\u0107 si\u0119 wi\u0119cej na temat historii powstawania klif\u00f3w. Region jest szczeg\u00f3lnie pi\u0119kny w wiosennych i letnich promieniach s\u0142onecznych. Ponadto na terenie klif\u00f3w mo\u017cna znale\u017a\u0107 wiele rzadkich gatunk\u00f3w ro\u015blin np. storczyka purpurowego, a tak\u017ce zwierz\u0119ta takie jak soko\u0142y w\u0119drowne i gatunek motyla Modraszek arion.<\/p>\n<p style=\"text-align: justify;\"><strong>ATRAKCJE<\/strong><\/p>\n<p style=\"text-align: justify;\">Region wyspy M\u00f8n oferuje liczne atrakcje, takie jak winiarnie i winnice, zabytkowe ko\u015bcio\u0142y, muzea, safari, zoo, park rozrywki i r\u00f3\u017cnego rodzaju zabytki, na przyk\u0142ad twierdz\u0119 z czas\u00f3w I wojny \u015bwiatowej. Na Zelandii jest kilka historycznych miast, znajduj\u0105 si\u0119 tak\u017ce malownicze porty, liczne szlaki piesze i rowerowe. W regionie dominuje rolniczy krajobraz, ale mo\u017cna tak\u017ce znale\u017a\u0107 wiele bia\u0142ych piaszczystych pla\u017c z p\u0142ytkimi i bezpiecznymi wodami. Pod koniec aktywnego dnia region ten oferuje du\u017cy wyb\u00f3r miejsc zakwaterowania oraz restauracji.<\/p>\n<h2 style=\"text-align: justify;\"><strong>Move to Attractions bellow or -&gt;<a href=\"https:\/\/southbaltic-tourist.eu\/routes\/windsurfing-exploration\/8-bornholm-surfhotspot\/\">Move to Attraction No. 8<\/a><\/strong><\/h2>\n<p style=\"text-align: justify;\"><code><div class=\"rl-gallery-container rl-loading\" id=\"rl-gallery-container-2\" data-gallery_id=\"1186\"> <div class=\"rl-gallery rl-basicgrid-gallery \" id=\"rl-gallery-2\" data-gallery_no=\"2\"> <div class=\"rl-gallery-item\"><a href=\"https:\/\/sbt.ug.edu.pl\/wp-content\/uploads\/2019\/07\/1.-Mons-Cliff-frontal-sea-view-R2.A7..jpg\" title=\"1. Mons Cliff frontal sea view, author: Przemyslaw Kulawczuk \/ BHR\" data-rl_title=\"1. Mons Cliff frontal sea view, author: Przemyslaw Kulawczuk \/ BHR\" class=\"rl-gallery-link\" data-rl_caption=\"\" data-rel=\"lightbox-gallery-2\"><img src=\"https:\/\/sbt.ug.edu.pl\/wp-content\/uploads\/2019\/07\/1.-Mons-Cliff-frontal-sea-view-R2.A7.-768x512.jpg\" width=\"640\" height=\"427\" alt=\"\" \/><\/a><\/div><div class=\"rl-gallery-item\"><a href=\"https:\/\/sbt.ug.edu.pl\/wp-content\/uploads\/2019\/07\/2.-Klintholm-Havn-R2.A7..jpg\" title=\"2. Klintholm Havn, author: Przemyslaw Kulawczuk \/ BHR\" data-rl_title=\"2. Klintholm Havn, author: Przemyslaw Kulawczuk \/ BHR\" class=\"rl-gallery-link\" data-rl_caption=\"\" data-rel=\"lightbox-gallery-2\"><img src=\"https:\/\/sbt.ug.edu.pl\/wp-content\/uploads\/2019\/07\/2.-Klintholm-Havn-R2.A7.-768x512.jpg\" width=\"640\" height=\"427\" alt=\"\" \/><\/a><\/div><div class=\"rl-gallery-item\"><a href=\"https:\/\/sbt.ug.edu.pl\/wp-content\/uploads\/2019\/07\/3.-Klintholm-Havn-R2A7..jpg\" title=\"3. Klintholm Havn, author: Przemyslaw Kulawczuk \/ BHR\" data-rl_title=\"3. Klintholm Havn, author: Przemyslaw Kulawczuk \/ BHR\" class=\"rl-gallery-link\" data-rl_caption=\"\" data-rel=\"lightbox-gallery-2\"><img src=\"https:\/\/sbt.ug.edu.pl\/wp-content\/uploads\/2019\/07\/3.-Klintholm-Havn-R2A7.-768x512.jpg\" width=\"640\" height=\"427\" alt=\"\" \/><\/a><\/div><div class=\"rl-gallery-item\"><a href=\"https:\/\/sbt.ug.edu.pl\/wp-content\/uploads\/2019\/07\/4.-Boat-for-Mons-Cliff-sightseeing-R2.A7..jpg\" title=\"4. Boat for Mons Cliff sightseeing, author: Przemyslaw Kulawczuk \/ BHR\" data-rl_title=\"4. Boat for Mons Cliff sightseeing, author: Przemyslaw Kulawczuk \/ BHR\" class=\"rl-gallery-link\" data-rl_caption=\"\" data-rel=\"lightbox-gallery-2\"><img src=\"https:\/\/sbt.ug.edu.pl\/wp-content\/uploads\/2019\/07\/4.-Boat-for-Mons-Cliff-sightseeing-R2.A7.-768x512.jpg\" width=\"640\" height=\"427\" alt=\"\" \/><\/a><\/div><div class=\"rl-gallery-item\"><a href=\"https:\/\/sbt.ug.edu.pl\/wp-content\/uploads\/2019\/07\/5.-Agricultural-landscape-of-the-Mons-Island-R2.A7..jpg\" title=\"5. Agricultural landscape of the Mons Island, author: Przemyslaw Kulawczuk \/ BHR\" data-rl_title=\"5. Agricultural landscape of the Mons Island, author: Przemyslaw Kulawczuk \/ BHR\" class=\"rl-gallery-link\" data-rl_caption=\"\" data-rel=\"lightbox-gallery-2\"><img src=\"https:\/\/sbt.ug.edu.pl\/wp-content\/uploads\/2019\/07\/5.-Agricultural-landscape-of-the-Mons-Island-R2.A7.-768x512.jpg\" width=\"640\" height=\"427\" alt=\"\" \/><\/a><\/div><div class=\"rl-gallery-item\"><a href=\"https:\/\/sbt.ug.edu.pl\/wp-content\/uploads\/2019\/07\/6.-Sailing-alongside-the-coast-R2.A7..jpg\" title=\"6. Sailing alongside the coast, author: Przemyslaw Kulawczuk \/ BHR\" data-rl_title=\"6. Sailing alongside the coast, author: Przemyslaw Kulawczuk \/ BHR\" class=\"rl-gallery-link\" data-rl_caption=\"\" data-rel=\"lightbox-gallery-2\"><img src=\"https:\/\/sbt.ug.edu.pl\/wp-content\/uploads\/2019\/07\/6.-Sailing-alongside-the-coast-R2.A7.-768x512.jpg\" width=\"640\" height=\"427\" alt=\"\" \/><\/a><\/div><div class=\"rl-gallery-item\"><a href=\"https:\/\/sbt.ug.edu.pl\/wp-content\/uploads\/2019\/07\/7.-Mons-Cliff-sea-view-R2.A7..jpg\" title=\"7. Mons Cliff sea view, author: Przemyslaw Kulawczuk \/ BHR\" data-rl_title=\"7. Mons Cliff sea view, author: Przemyslaw Kulawczuk \/ BHR\" class=\"rl-gallery-link\" data-rl_caption=\"\" data-rel=\"lightbox-gallery-2\"><img src=\"https:\/\/sbt.ug.edu.pl\/wp-content\/uploads\/2019\/07\/7.-Mons-Cliff-sea-view-R2.A7.-768x512.jpg\" width=\"640\" height=\"427\" alt=\"\" \/><\/a><\/div><div class=\"rl-gallery-item\"><a href=\"https:\/\/sbt.ug.edu.pl\/wp-content\/uploads\/2019\/07\/8.-Mons-Cliff-sea-view-R2.A7..jpg\" title=\"8. Mons Cliff sea view, author: Przemyslaw Kulawczuk \/ BHR\" data-rl_title=\"8. Mons Cliff sea view, author: Przemyslaw Kulawczuk \/ BHR\" class=\"rl-gallery-link\" data-rl_caption=\"\" data-rel=\"lightbox-gallery-2\"><img src=\"https:\/\/sbt.ug.edu.pl\/wp-content\/uploads\/2019\/07\/8.-Mons-Cliff-sea-view-R2.A7.-768x512.jpg\" width=\"640\" height=\"427\" alt=\"\" \/><\/a><\/div><div class=\"rl-gallery-item\"><a href=\"https:\/\/sbt.ug.edu.pl\/wp-content\/uploads\/2019\/07\/9.-Mons-Cliff-sea-view-R2.A7..jpg\" title=\"9. Mons Cliff sea view,author: Przemyslaw Kulawczuk \/ BHR\" data-rl_title=\"9. Mons Cliff sea view,author: Przemyslaw Kulawczuk \/ BHR\" class=\"rl-gallery-link\" data-rl_caption=\"\" data-rel=\"lightbox-gallery-2\"><img src=\"https:\/\/sbt.ug.edu.pl\/wp-content\/uploads\/2019\/07\/9.-Mons-Cliff-sea-view-R2.A7.-768x512.jpg\" width=\"640\" height=\"427\" alt=\"\" \/><\/a><\/div><div class=\"rl-gallery-item\"><a href=\"https:\/\/sbt.ug.edu.pl\/wp-content\/uploads\/2019\/07\/10.-Mons-Cliff-sea-view-R2.A7..jpg\" title=\"10. Mons Cliff sea view, author: Przemyslaw Kulawczuk \/ BHR\" data-rl_title=\"10. Mons Cliff sea view, author: Przemyslaw Kulawczuk \/ BHR\" class=\"rl-gallery-link\" data-rl_caption=\"\" data-rel=\"lightbox-gallery-2\"><img src=\"https:\/\/sbt.ug.edu.pl\/wp-content\/uploads\/2019\/07\/10.-Mons-Cliff-sea-view-R2.A7.-768x512.jpg\" width=\"640\" height=\"427\" alt=\"\" \/><\/a><\/div><div class=\"rl-gallery-item\"><a href=\"https:\/\/sbt.ug.edu.pl\/wp-content\/uploads\/2019\/07\/11.-Mons-Cliff-sea-view-R2.A7..jpg\" title=\"11. Mons Cliff sea view, author: Przemyslaw Kulawczuk \/ BHR\" data-rl_title=\"11. Mons Cliff sea view, author: Przemyslaw Kulawczuk \/ BHR\" class=\"rl-gallery-link\" data-rl_caption=\"\" data-rel=\"lightbox-gallery-2\"><img src=\"https:\/\/sbt.ug.edu.pl\/wp-content\/uploads\/2019\/07\/11.-Mons-Cliff-sea-view-R2.A7.-768x512.jpg\" width=\"640\" height=\"427\" alt=\"\" \/><\/a><\/div><div class=\"rl-gallery-item\"><a href=\"https:\/\/sbt.ug.edu.pl\/wp-content\/uploads\/2019\/07\/12.-Mons-Cliff-sea-view-R2.A7..jpg\" title=\"12. Mons Cliff sea view, author: Przemyslaw Kulawczuk \/ BHR\" data-rl_title=\"12. Mons Cliff sea view, author: Przemyslaw Kulawczuk \/ BHR\" class=\"rl-gallery-link\" data-rl_caption=\"\" data-rel=\"lightbox-gallery-2\"><img src=\"https:\/\/sbt.ug.edu.pl\/wp-content\/uploads\/2019\/07\/12.-Mons-Cliff-sea-view-R2.A7.-768x512.jpg\" width=\"640\" height=\"427\" alt=\"\" \/><\/a><\/div><div class=\"rl-gallery-item\"><a href=\"https:\/\/sbt.ug.edu.pl\/wp-content\/uploads\/2019\/07\/13.-Mons-Cliff-sea-view-R2.A7..jpg\" title=\"13. Mons Cliff sea view, author: Przemyslaw Kulawczuk \/ BHR\" data-rl_title=\"13. Mons Cliff sea view, author: Przemyslaw Kulawczuk \/ BHR\" class=\"rl-gallery-link\" data-rl_caption=\"\" data-rel=\"lightbox-gallery-2\"><img src=\"https:\/\/sbt.ug.edu.pl\/wp-content\/uploads\/2019\/07\/13.-Mons-Cliff-sea-view-R2.A7.-768x512.jpg\" width=\"640\" height=\"427\" alt=\"\" \/><\/a><\/div><div class=\"rl-gallery-item\"><a href=\"https:\/\/sbt.ug.edu.pl\/wp-content\/uploads\/2019\/07\/14.-Mons-Cliff-sea-view-R2.A7..jpg\" title=\"14. Mons Cliff sea view, author: Przemyslaw Kulawczuk \/ BHR\" data-rl_title=\"14. Mons Cliff sea view, author: Przemyslaw Kulawczuk \/ BHR\" class=\"rl-gallery-link\" data-rl_caption=\"\" data-rel=\"lightbox-gallery-2\"><img src=\"https:\/\/sbt.ug.edu.pl\/wp-content\/uploads\/2019\/07\/14.-Mons-Cliff-sea-view-R2.A7.-768x512.jpg\" width=\"640\" height=\"427\" alt=\"\" \/><\/a><\/div><div class=\"rl-gallery-item\"><a href=\"https:\/\/sbt.ug.edu.pl\/wp-content\/uploads\/2019\/07\/15.-Mons-Cliff-sea-view-R2.A7..jpg\" title=\"15. Mons Cliff sea view, author: Przemyslaw Kulawczuk \/ BHR\" data-rl_title=\"15. Mons Cliff sea view, author: Przemyslaw Kulawczuk \/ BHR\" class=\"rl-gallery-link\" data-rl_caption=\"\" data-rel=\"lightbox-gallery-2\"><img src=\"https:\/\/sbt.ug.edu.pl\/wp-content\/uploads\/2019\/07\/15.-Mons-Cliff-sea-view-R2.A7.-768x512.jpg\" width=\"640\" height=\"427\" alt=\"\" \/><\/a><\/div><div class=\"rl-gallery-item\"><a href=\"https:\/\/sbt.ug.edu.pl\/wp-content\/uploads\/2019\/07\/16.-Mons-Cliff-sea-view-R2.A7..jpg\" title=\"16. Mons Cliff sea view, author: Przemyslaw Kulawczuk \/ BHR\" data-rl_title=\"16. Mons Cliff sea view, author: Przemyslaw Kulawczuk \/ BHR\" class=\"rl-gallery-link\" data-rl_caption=\"\" data-rel=\"lightbox-gallery-2\"><img src=\"https:\/\/sbt.ug.edu.pl\/wp-content\/uploads\/2019\/07\/16.-Mons-Cliff-sea-view-R2.A7.-768x512.jpg\" width=\"640\" height=\"427\" alt=\"\" \/><\/a><\/div><div class=\"rl-gallery-item\"><a href=\"https:\/\/sbt.ug.edu.pl\/wp-content\/uploads\/2019\/07\/17.-Mons-Cliff-sea-view-R2.A7..jpg\" title=\"17. Mons Cliff sea view, author: Przemyslaw Kulawczuk \/ BHR\" data-rl_title=\"17. Mons Cliff sea view, author: Przemyslaw Kulawczuk \/ BHR\" class=\"rl-gallery-link\" data-rl_caption=\"\" data-rel=\"lightbox-gallery-2\"><img src=\"https:\/\/sbt.ug.edu.pl\/wp-content\/uploads\/2019\/07\/17.-Mons-Cliff-sea-view-R2.A7.-768x512.jpg\" width=\"640\" height=\"427\" alt=\"\" \/><\/a><\/div><div class=\"rl-gallery-item\"><a href=\"https:\/\/sbt.ug.edu.pl\/wp-content\/uploads\/2019\/07\/18.-Mons-Cliff-sea-view-R2.A7..jpg\" title=\"18. Mons Cliff sea view, author: Przemyslaw Kulawczuk \/ BHR\" data-rl_title=\"18. Mons Cliff sea view, author: Przemyslaw Kulawczuk \/ BHR\" class=\"rl-gallery-link\" data-rl_caption=\"\" data-rel=\"lightbox-gallery-2\"><img src=\"https:\/\/sbt.ug.edu.pl\/wp-content\/uploads\/2019\/07\/18.-Mons-Cliff-sea-view-R2.A7.-768x512.jpg\" width=\"640\" height=\"427\" alt=\"\" \/><\/a><\/div><div class=\"rl-gallery-item\"><a href=\"https:\/\/sbt.ug.edu.pl\/wp-content\/uploads\/2019\/07\/19.-Mons-Cliff-sea-view-R2.A7..jpg\" title=\"19. Mons Cliff sea view, author: Przemyslaw Kulawczuk \/ BHR\" data-rl_title=\"19. Mons Cliff sea view, author: Przemyslaw Kulawczuk \/ BHR\" class=\"rl-gallery-link\" data-rl_caption=\"\" data-rel=\"lightbox-gallery-2\"><img src=\"https:\/\/sbt.ug.edu.pl\/wp-content\/uploads\/2019\/07\/19.-Mons-Cliff-sea-view-R2.A7.-768x512.jpg\" width=\"640\" height=\"427\" alt=\"\" \/><\/a><\/div><div class=\"rl-gallery-item\"><a href=\"https:\/\/sbt.ug.edu.pl\/wp-content\/uploads\/2019\/07\/20.-Mons-Cliff-sea-view-R2.A7..jpg\" title=\"20. Mons Cliff sea view, author: Przemyslaw Kulawczuk \/ BHR\" data-rl_title=\"20. Mons Cliff sea view, author: Przemyslaw Kulawczuk \/ BHR\" class=\"rl-gallery-link\" data-rl_caption=\"\" data-rel=\"lightbox-gallery-2\"><img src=\"https:\/\/sbt.ug.edu.pl\/wp-content\/uploads\/2019\/07\/20.-Mons-Cliff-sea-view-R2.A7.-768x512.jpg\" width=\"640\" height=\"427\" alt=\"\" \/><\/a><\/div><div class=\"rl-gallery-item\"><a href=\"https:\/\/sbt.ug.edu.pl\/wp-content\/uploads\/2019\/07\/21.-Mons-Cliff-sea-view-R2.A7..jpg\" title=\"21. Mons Cliff sea view, author: Przemyslaw Kulawczuk \/ BHR\" data-rl_title=\"21. Mons Cliff sea view, author: Przemyslaw Kulawczuk \/ BHR\" class=\"rl-gallery-link\" data-rl_caption=\"\" data-rel=\"lightbox-gallery-2\"><img src=\"https:\/\/sbt.ug.edu.pl\/wp-content\/uploads\/2019\/07\/21.-Mons-Cliff-sea-view-R2.A7.-768x512.jpg\" width=\"640\" height=\"427\" alt=\"\" \/><\/a><\/div><div class=\"rl-gallery-item\"><a href=\"https:\/\/sbt.ug.edu.pl\/wp-content\/uploads\/2019\/07\/22.-Mons-Cliff-sea-view-R2.A7..jpg\" title=\"22. Mons Cliff sea view, author: Przemyslaw Kulawczuk \/ BHR\" data-rl_title=\"22. Mons Cliff sea view, author: Przemyslaw Kulawczuk \/ BHR\" class=\"rl-gallery-link\" data-rl_caption=\"\" data-rel=\"lightbox-gallery-2\"><img src=\"https:\/\/sbt.ug.edu.pl\/wp-content\/uploads\/2019\/07\/22.-Mons-Cliff-sea-view-R2.A7.-768x512.jpg\" width=\"640\" height=\"427\" alt=\"\" \/><\/a><\/div><div class=\"rl-gallery-item\"><a href=\"https:\/\/sbt.ug.edu.pl\/wp-content\/uploads\/2019\/07\/23.-Mons-Cliff-sea-view-R2.A7..jpg\" title=\"23. Mons Cliff sea view, author: Przemyslaw Kulawczuk \/ BHR\" data-rl_title=\"23. Mons Cliff sea view, author: Przemyslaw Kulawczuk \/ BHR\" class=\"rl-gallery-link\" data-rl_caption=\"\" data-rel=\"lightbox-gallery-2\"><img src=\"https:\/\/sbt.ug.edu.pl\/wp-content\/uploads\/2019\/07\/23.-Mons-Cliff-sea-view-R2.A7.-768x512.jpg\" width=\"640\" height=\"427\" alt=\"\" \/><\/a><\/div><div class=\"rl-gallery-item\"><a href=\"https:\/\/sbt.ug.edu.pl\/wp-content\/uploads\/2019\/07\/24.-Mons-Cliff-sea-view-R2.A7..jpg\" title=\"24. Mons Cliff sea view, author: Przemyslaw Kulawczuk \/ BHR\" data-rl_title=\"24. Mons Cliff sea view, author: Przemyslaw Kulawczuk \/ BHR\" class=\"rl-gallery-link\" data-rl_caption=\"\" data-rel=\"lightbox-gallery-2\"><img src=\"https:\/\/sbt.ug.edu.pl\/wp-content\/uploads\/2019\/07\/24.-Mons-Cliff-sea-view-R2.A7.-768x512.jpg\" width=\"640\" height=\"427\" alt=\"\" \/><\/a><\/div><div class=\"rl-gallery-item\"><a href=\"https:\/\/sbt.ug.edu.pl\/wp-content\/uploads\/2019\/07\/25.-Sightseeing-Mons-Cliff-from-the-boat-R2.A7..jpg\" title=\"25. Sightseeing Mons Cliff from the boat, author: Przemyslaw Kulawczuk \/ BHR\" data-rl_title=\"25. Sightseeing Mons Cliff from the boat, author: Przemyslaw Kulawczuk \/ BHR\" class=\"rl-gallery-link\" data-rl_caption=\"\" data-rel=\"lightbox-gallery-2\"><img src=\"https:\/\/sbt.ug.edu.pl\/wp-content\/uploads\/2019\/07\/25.-Sightseeing-Mons-Cliff-from-the-boat-R2.A7.-768x512.jpg\" width=\"640\" height=\"427\" alt=\"\" \/><\/a><\/div><div class=\"rl-gallery-item\"><a href=\"https:\/\/sbt.ug.edu.pl\/wp-content\/uploads\/2019\/07\/26.-Sightseeing-Mons-Cliff-from-the-boat-R2.A7..jpg\" title=\"26. Sightseeing Mons Cliff from the boat, author: Przemyslaw Kulawczuk \/ BHR\" data-rl_title=\"26. Sightseeing Mons Cliff from the boat, author: Przemyslaw Kulawczuk \/ BHR\" class=\"rl-gallery-link\" data-rl_caption=\"\" data-rel=\"lightbox-gallery-2\"><img src=\"https:\/\/sbt.ug.edu.pl\/wp-content\/uploads\/2019\/07\/26.-Sightseeing-Mons-Cliff-from-the-boat-R2.A7.-768x512.jpg\" width=\"640\" height=\"427\" alt=\"\" \/><\/a><\/div><div class=\"rl-gallery-item\"><a href=\"https:\/\/sbt.ug.edu.pl\/wp-content\/uploads\/2019\/07\/27.-Stege-town-in-Mons-Island-R2.A7..jpg\" title=\"27. Stege town, in Mons Island, author: Przemyslaw Kulawczuk \/ BHR\" data-rl_title=\"27. Stege town, in Mons Island, author: Przemyslaw Kulawczuk \/ BHR\" class=\"rl-gallery-link\" data-rl_caption=\"\" data-rel=\"lightbox-gallery-2\"><img src=\"https:\/\/sbt.ug.edu.pl\/wp-content\/uploads\/2019\/07\/27.-Stege-town-in-Mons-Island-R2.A7.-768x512.jpg\" width=\"640\" height=\"427\" alt=\"\" \/><\/a><\/div><div class=\"rl-gallery-item\"><a href=\"https:\/\/sbt.ug.edu.pl\/wp-content\/uploads\/2019\/07\/28.-Rural-BB-in-Zealand-R2.A7..jpg\" title=\"28. Rural B&amp;B in Zealand, author: Przemyslaw Kulawczuk \/ BHR\" data-rl_title=\"28. Rural B&amp;B in Zealand, author: Przemyslaw Kulawczuk \/ BHR\" class=\"rl-gallery-link\" data-rl_caption=\"\" data-rel=\"lightbox-gallery-2\"><img src=\"https:\/\/sbt.ug.edu.pl\/wp-content\/uploads\/2019\/07\/28.-Rural-BB-in-Zealand-R2.A7.-768x512.jpg\" width=\"640\" height=\"427\" alt=\"\" \/><\/a><\/div> <\/div> <\/div><\/code><\/p>\n<p><\/p>","protected":false},"excerpt":{"rendered":"<p>LOKALIZACJA Du\u0144ska wyspa M\u00f8n s\u0142ynie z bia\u0142ych kredowych klif\u00f3w, kt\u00f3re rozci\u0105gaj\u0105 si\u0119 wzd\u0142u\u017c Morza Ba\u0142tyckiego na wschodniej cz\u0119\u015bci wyspy. Klify i otaczaj\u0105ce je tereny s\u0105 chronione jako rezerwat przyrody. M\u00f8n znajduje si\u0119 na po\u0142udniowo-wschodnim kra\u0144cu Zelandii i na p\u00f3\u0142noc od wyspy Falster. Po\u0142\u0105czone jest z innymi wyspami dwoma mostami. Po\u0142o\u017cenie geograficzne wyspy i klif\u00f3w w [&hellip;]<\/p>\n","protected":false},"author":1,"featured_media":0,"parent":174,"menu_order":0,"comment_status":"closed","ping_status":"closed","template":"","meta":[],"categories":[34,15,9],"tags":[],"_links":{"self":[{"href":"https:\/\/sbt.ug.edu.pl\/pl\/wp-json\/wp\/v2\/pages\/311"}],"collection":[{"href":"https:\/\/sbt.ug.edu.pl\/pl\/wp-json\/wp\/v2\/pages"}],"about":[{"href":"https:\/\/sbt.ug.edu.pl\/pl\/wp-json\/wp\/v2\/types\/page"}],"author":[{"embeddable":true,"href":"https:\/\/sbt.ug.edu.pl\/pl\/wp-json\/wp\/v2\/users\/1"}],"replies":[{"embeddable":true,"href":"https:\/\/sbt.ug.edu.pl\/pl\/wp-json\/wp\/v2\/comments?post=311"}],"version-history":[{"count":19,"href":"https:\/\/sbt.ug.edu.pl\/pl\/wp-json\/wp\/v2\/pages\/311\/revisions"}],"predecessor-version":[{"id":5808,"href":"https:\/\/sbt.ug.edu.pl\/pl\/wp-json\/wp\/v2\/pages\/311\/revisions\/5808"}],"up":[{"embeddable":true,"href":"https:\/\/sbt.ug.edu.pl\/pl\/wp-json\/wp\/v2\/pages\/174"}],"wp:attachment":[{"href":"https:\/\/sbt.ug.edu.pl\/pl\/wp-json\/wp\/v2\/media?parent=311"}],"wp:term":[{"taxonomy":"category","embeddable":true,"href":"https:\/\/sbt.ug.edu.pl\/pl\/wp-json\/wp\/v2\/categories?post=311"},{"taxonomy":"post_tag","embeddable":true,"href":"https:\/\/sbt.ug.edu.pl\/pl\/wp-json\/wp\/v2\/tags?post=311"}],"curies":[{"name":"wp","href":"https:\/\/api.w.org\/{rel}","templated":true}]}}