{"id":324,"date":"2018-11-19T20:05:33","date_gmt":"2018-11-19T19:05:33","guid":{"rendered":"http:\/\/southbaltic-tourist.eu\/?page_id=324"},"modified":"2021-06-10T16:00:04","modified_gmt":"2021-06-10T15:00:04","slug":"8-bornholm-surfhotspot","status":"publish","type":"page","link":"https:\/\/sbt.ug.edu.pl\/pl\/routes\/windsurfing-exploration\/8-bornholm-surfhotspot\/","title":{"rendered":"8. Bornholm SurfHotspot"},"content":{"rendered":"<p><\/p>\n<p style=\"text-align: justify;\"><strong>LOKALIZACJA <\/strong><\/p>\n<p style=\"text-align: justify;\">Stolic\u0105 wyspy Bornholm jest R\u00f8nne. To w\u0142a\u015bnie z tego miejsca \u00a0tury\u015bci najcz\u0119\u015bciej rozpoczynaj\u0105 zwiedzanie wyspy. Jednak spoty surfingowe znajduj\u0105 si\u0119 we wschodniej cz\u0119\u015bci Bornholmu, w bazie \u201eEastwind watersport\u201d w Balce i na pla\u017cach Dueodde. Oba miejsca znajduj\u0105 si\u0119 oko\u0142o 30 km od stolicy wyspy. Do Bornholmu mo\u017cna dosta\u0107 si\u0119 promem z Ystad (Szwecja), K\u00f8ge (Zelandia, Dania) lub Sassnitz (wyspa Rugia, Niemcy). Latem kursuj\u0105 tak\u017ce promy ze \u015awinouj\u015bcia (Polska). W R\u00f8nne znajduje si\u0119 r\u00f3wnie\u017c ma\u0142e lotnisko obs\u0142uguj\u0105ce loty do Kopenhagi. Po\u0142o\u017cenie geograficzne stolicy wyspy Bornholm wynosi: 55\u00b006\u2032N 14\u00b042\u2032E.<\/p>\n<p style=\"text-align: justify;\"><img decoding=\"async\" loading=\"lazy\" class=\" wp-image-325 alignleft\" src=\"https:\/\/southbaltic-tourist.eu\/wp-content\/uploads\/2018\/11\/8.1.png\" alt=\"\" width=\"605\" height=\"397\" srcset=\"https:\/\/sbt.ug.edu.pl\/wp-content\/uploads\/2018\/11\/8.1.png 648w, https:\/\/sbt.ug.edu.pl\/wp-content\/uploads\/2018\/11\/8.1-300x197.png 300w\" sizes=\"(max-width: 605px) 100vw, 605px\" \/> <a href=\"https:\/\/southbaltic-tourist.eu\/wp-content\/uploads\/2020\/01\/r1a8_Bornholm_Surfing_slim.png\" data-rel=\"lightbox-gallery-9BNGWLuh\" data-rl_title=\"\" data-rl_caption=\"\" title=\"\"><img decoding=\"async\" loading=\"lazy\" class=\"alignnone wp-image-5122\" src=\"https:\/\/southbaltic-tourist.eu\/wp-content\/uploads\/2020\/01\/r1a8_Bornholm_Surfing_slim-300x256.png\" alt=\"\" width=\"465\" height=\"397\" srcset=\"https:\/\/sbt.ug.edu.pl\/wp-content\/uploads\/2020\/01\/r1a8_Bornholm_Surfing_slim-300x256.png 300w, https:\/\/sbt.ug.edu.pl\/wp-content\/uploads\/2020\/01\/r1a8_Bornholm_Surfing_slim-1024x874.png 1024w, https:\/\/sbt.ug.edu.pl\/wp-content\/uploads\/2020\/01\/r1a8_Bornholm_Surfing_slim-768x655.png 768w, https:\/\/sbt.ug.edu.pl\/wp-content\/uploads\/2020\/01\/r1a8_Bornholm_Surfing_slim-1536x1310.png 1536w, https:\/\/sbt.ug.edu.pl\/wp-content\/uploads\/2020\/01\/r1a8_Bornholm_Surfing_slim-150x128.png 150w, https:\/\/sbt.ug.edu.pl\/wp-content\/uploads\/2020\/01\/r1a8_Bornholm_Surfing_slim.png 1600w\" sizes=\"(max-width: 465px) 100vw, 465px\" \/><\/a><\/p>\n<p style=\"text-align: justify;\"><a href=\"https:\/\/www.google.pl\/maps\/search\/Balka+beach\/@55.0228726,15.0915295,12.25z\" target=\"_blank\" rel=\"noopener noreferrer\">View on Google Maps<\/a><\/p>\n<p style=\"text-align: justify;\"><strong>WYSPA BORNHOLM \u2013 MIEJSCA SURFINGOWE<\/strong><\/p>\n<p style=\"text-align: justify;\">Dwa g\u0142\u00f3wne miejsca surfingowe znajduj\u0105 si\u0119 w po\u0142udniowo-wschodniej cz\u0119\u015bci wyspy Bornholm, oko\u0142o p\u00f3\u0142 godziny jazdy od R\u00f8nne. Oba miejsca maj\u0105 szerokie, bia\u0142e, piaszczyste pla\u017ce, a ich p\u0142ytkie wody s\u0105 idealne dla os\u00f3b pocz\u0105tkuj\u0105cych. Wyst\u0119puj\u0105 tam niskie fale, ale energiczne wiatry. Baza \u201eEastwind watersport\u201d w Balce znajduje si\u0119 w pobli\u017cu uroczej, starej wioski rybackiej Snogeb\u00e6k. Z kolei Dueodde to najs\u0142ynniejsza pla\u017ca na Bornholmie. Wed\u0142ug oficjalnego przewodnika turystycznego po Danii piasek w Dueodde jest bardzo delikatny a woda jest prze\u017aroczysta &#8211; z du\u017c\u0105 ilo\u015bci\u0105 \u0142awic, kt\u00f3re powoduj\u0105 wyst\u0119powanie zar\u00f3wno p\u0142ytkich w\u00f3d, jak i tych g\u0142\u0119bokich. Pla\u017ca rozci\u0105ga si\u0119 na kilka kilometr\u00f3w po obu stronach po\u0142udniowego kra\u0144ca wyspy.<\/p>\n<p style=\"text-align: justify;\"><strong>ATRAKCJE<\/strong><\/p>\n<p style=\"text-align: justify;\">Wyspa Bornholm oferuje wiele atrakcji, kt\u00f3re mog\u0105 wzbogaci\u0107 wakacje surfingowe. Mo\u017ce to by\u0107 jazda na rowerze, sp\u0142ywy kajakowe, piesze wycieczki, obserwowanie ptak\u00f3w i zwiedzanie rezerwat\u00f3w przyrody. Na wyspie znajduje si\u0119 kilka interesuj\u0105cych muze\u00f3w, zabytkowych ruin, ko\u015bcio\u0142\u00f3w i wiatrak\u00f3w. Bornholm kojarzony jest zazwyczaj z malowniczymi miasteczkami i wioskami zar\u00f3wno rybackimi, jak i portowymi. Wyspa pe\u0142na jest tak\u017ce pozosta\u0142o\u015bci po czasach \u015bredniowiecza. Brak uprzemys\u0142owienia wyspy dodatkowo stwarza idealn\u0105 atmosfer\u0119 do spokojnego, relaksuj\u0105cego wypoczynku. Bornholm posiada ponadto r\u00f3\u017cnorodne wybrze\u017ca, zar\u00f3wno takie z szerokimi pla\u017cami na wschodzie, jak i bardziej stromymi na zachodzie i p\u00f3\u0142nocy.<\/p>\n<h2 style=\"text-align: justify;\"><strong>Move to Attractions bellow or -&gt;<a href=\"https:\/\/southbaltic-tourist.eu\/routes\/windsurfing-exploration\/9-bornholm-biking\/\">Move to Attraction No. 9<\/a><\/strong><\/h2>\n<p style=\"text-align: justify;\"><code><div class=\"rl-gallery-container rl-loading\" id=\"rl-gallery-container-2\" data-gallery_id=\"1187\"> <div class=\"rl-gallery rl-basicgrid-gallery \" id=\"rl-gallery-2\" data-gallery_no=\"2\"> <div class=\"rl-gallery-item\"><a href=\"https:\/\/sbt.ug.edu.pl\/wp-content\/uploads\/2019\/07\/1.-Windsurfing-on-the-sea-R2.A8..jpg\" title=\"1. Windsurfing on the sea, author: Przemyslaw Kulawczuk \/ BHR\" data-rl_title=\"1. Windsurfing on the sea, author: Przemyslaw Kulawczuk \/ BHR\" class=\"rl-gallery-link\" data-rl_caption=\"\" data-rel=\"lightbox-gallery-2\"><img src=\"https:\/\/sbt.ug.edu.pl\/wp-content\/uploads\/2019\/07\/1.-Windsurfing-on-the-sea-R2.A8.-768x512.jpg\" width=\"640\" height=\"427\" alt=\"\" \/><\/a><\/div><div class=\"rl-gallery-item\"><a href=\"https:\/\/sbt.ug.edu.pl\/wp-content\/uploads\/2019\/07\/2.-Sunrise-in-Dueodde-Bornholm-R2.A8..jpg\" title=\"2. Sunrise in Dueodde, Bornholm, author: 7alaskan, https:\/\/www.panoramio.com\/photo\/7582040; Creative Commons Attribution-Share Alike 3.0 Unported\" data-rl_title=\"2. Sunrise in Dueodde, Bornholm, author: 7alaskan, https:\/\/www.panoramio.com\/photo\/7582040; Creative Commons Attribution-Share Alike 3.0 Unported\" class=\"rl-gallery-link\" data-rl_caption=\"\" data-rel=\"lightbox-gallery-2\"><img src=\"https:\/\/sbt.ug.edu.pl\/wp-content\/uploads\/2019\/07\/2.-Sunrise-in-Dueodde-Bornholm-R2.A8.-768x576.jpg\" width=\"640\" height=\"480\" alt=\"\" \/><\/a><\/div><div class=\"rl-gallery-item\"><a href=\"https:\/\/sbt.ug.edu.pl\/wp-content\/uploads\/2019\/07\/3.-Dueodde_Bornholm-R2.A8..jpg\" title=\"3. Dueodde, Bornholm, author: Klugschnacker, source: https:\/\/en.m.wikipedia.org\/wiki\/File:Dueodde,_Bornholm_(2012-07-09),_by_Klugschnacker_in_Wikipedia_(1).JPG, 09.07.2012, Creative Commons Attribution-Share Alike 3.0 Unported\" data-rl_title=\"3. Dueodde, Bornholm, author: Klugschnacker, source: https:\/\/en.m.wikipedia.org\/wiki\/File:Dueodde,_Bornholm_(2012-07-09),_by_Klugschnacker_in_Wikipedia_(1).JPG, 09.07.2012, Creative Commons Attribution-Share Alike 3.0 Unported\" class=\"rl-gallery-link\" data-rl_caption=\"\" data-rel=\"lightbox-gallery-2\"><img src=\"https:\/\/sbt.ug.edu.pl\/wp-content\/uploads\/2019\/07\/3.-Dueodde_Bornholm-R2.A8.-768x512.jpg\" width=\"640\" height=\"427\" alt=\"\" \/><\/a><\/div><div class=\"rl-gallery-item\"><a href=\"https:\/\/sbt.ug.edu.pl\/wp-content\/uploads\/2019\/07\/4.-Balka-Bornholm-R2.A8..jpg\" title=\"4. Balka, Bornholm, author: Hans-Peter Balfanz; source: https:\/\/commons.wikimedia.org\/wiki\/File:Balka_2011-09.JPG; Creative Commons Attribution-Share Alike 3.0 Unported.\" data-rl_title=\"4. Balka, Bornholm, author: Hans-Peter Balfanz; source: https:\/\/commons.wikimedia.org\/wiki\/File:Balka_2011-09.JPG; Creative Commons Attribution-Share Alike 3.0 Unported.\" class=\"rl-gallery-link\" data-rl_caption=\"\" data-rel=\"lightbox-gallery-2\"><img src=\"https:\/\/sbt.ug.edu.pl\/wp-content\/uploads\/2019\/07\/4.-Balka-Bornholm-R2.A8.-768x576.jpg\" width=\"640\" height=\"480\" alt=\"\" \/><\/a><\/div><div class=\"rl-gallery-item\"><a href=\"https:\/\/sbt.ug.edu.pl\/wp-content\/uploads\/2019\/07\/5.-Aakirkeby-R2.A8..jpg\" title=\"5. Aakirkeby, author: T.Przechlewski; source: https:\/\/www.panoramio.com\/photo\/56531753; 25.07.2011, Creative Commons Attribution-Share Alike 3.0 Unported.\" data-rl_title=\"5. Aakirkeby, author: T.Przechlewski; source: https:\/\/www.panoramio.com\/photo\/56531753; 25.07.2011, Creative Commons Attribution-Share Alike 3.0 Unported.\" class=\"rl-gallery-link\" data-rl_caption=\"\" data-rel=\"lightbox-gallery-2\"><img src=\"https:\/\/sbt.ug.edu.pl\/wp-content\/uploads\/2019\/07\/5.-Aakirkeby-R2.A8.-768x576.jpg\" width=\"640\" height=\"480\" alt=\"\" \/><\/a><\/div><div class=\"rl-gallery-item\"><a href=\"https:\/\/sbt.ug.edu.pl\/wp-content\/uploads\/2019\/07\/6.-Aakirkeby-R2.A8..jpg\" title=\"6. Aakirkeby, author: T. Przechlewski; source: https:\/\/www.panoramio.com\/photo\/56531602; 25.07.2011; Creative Commons Attribution-Share Alike 3.0 Unported.\" data-rl_title=\"6. Aakirkeby, author: T. Przechlewski; source: https:\/\/www.panoramio.com\/photo\/56531602; 25.07.2011; Creative Commons Attribution-Share Alike 3.0 Unported.\" class=\"rl-gallery-link\" data-rl_caption=\"\" data-rel=\"lightbox-gallery-2\"><img src=\"https:\/\/sbt.ug.edu.pl\/wp-content\/uploads\/2019\/07\/6.-Aakirkeby-R2.A8.-768x576.jpg\" width=\"640\" height=\"480\" alt=\"\" \/><\/a><\/div><div class=\"rl-gallery-item\"><a href=\"https:\/\/sbt.ug.edu.pl\/wp-content\/uploads\/2019\/07\/7.-Aakirkeby-market-day-R2.A8.jpg\" title=\"7. Aakirkeby market day, author: Hubertus, source: https:\/\/commons.wikimedia.org\/wiki\/File:Bornholm_-_Aakirkeby_-_markedsdag2.jpg; 10.08.2010; Creative Commons Attribution-Share Alike 3.0 Unported\" data-rl_title=\"7. Aakirkeby market day, author: Hubertus, source: https:\/\/commons.wikimedia.org\/wiki\/File:Bornholm_-_Aakirkeby_-_markedsdag2.jpg; 10.08.2010; Creative Commons Attribution-Share Alike 3.0 Unported\" class=\"rl-gallery-link\" data-rl_caption=\"\" data-rel=\"lightbox-gallery-2\"><img src=\"https:\/\/sbt.ug.edu.pl\/wp-content\/uploads\/2019\/07\/7.-Aakirkeby-market-day-R2.A8-768x576.jpg\" width=\"640\" height=\"480\" alt=\"\" \/><\/a><\/div><div class=\"rl-gallery-item\"><a href=\"https:\/\/sbt.ug.edu.pl\/wp-content\/uploads\/2019\/07\/8.-Bornholm-coast-R2A8..jpg\" title=\"8. Bornholm coast, author: Ma\u0142gorzata Mi\u0142aszewska; source: https:\/\/upload.wikimedia.org\/wikipedia\/commons\/0\/0c\/Wybrze\u017ce_Bornholmu.JPG; 07.2007; Creative Commons Attribution-Share Alike 3.0 Unported.\" data-rl_title=\"8. Bornholm coast, author: Ma\u0142gorzata Mi\u0142aszewska; source: https:\/\/upload.wikimedia.org\/wikipedia\/commons\/0\/0c\/Wybrze\u017ce_Bornholmu.JPG; 07.2007; Creative Commons Attribution-Share Alike 3.0 Unported.\" class=\"rl-gallery-link\" data-rl_caption=\"\" data-rel=\"lightbox-gallery-2\"><img src=\"https:\/\/sbt.ug.edu.pl\/wp-content\/uploads\/2019\/07\/8.-Bornholm-coast-R2A8.-768x514.jpg\" width=\"640\" height=\"428\" alt=\"\" \/><\/a><\/div> <\/div> <\/div><\/code><\/p>\n<p style=\"text-align: justify;\">\n<p><\/p>","protected":false},"excerpt":{"rendered":"<p>LOKALIZACJA Stolic\u0105 wyspy Bornholm jest R\u00f8nne. To w\u0142a\u015bnie z tego miejsca \u00a0tury\u015bci najcz\u0119\u015bciej rozpoczynaj\u0105 zwiedzanie wyspy. Jednak spoty surfingowe znajduj\u0105 si\u0119 we wschodniej cz\u0119\u015bci Bornholmu, w bazie \u201eEastwind watersport\u201d w Balce i na pla\u017cach Dueodde. Oba miejsca znajduj\u0105 si\u0119 oko\u0142o 30 km od stolicy wyspy. Do Bornholmu mo\u017cna dosta\u0107 si\u0119 promem z Ystad (Szwecja), K\u00f8ge [&hellip;]<\/p>\n","protected":false},"author":1,"featured_media":0,"parent":174,"menu_order":0,"comment_status":"closed","ping_status":"closed","template":"","meta":[],"categories":[34,12,9],"tags":[],"_links":{"self":[{"href":"https:\/\/sbt.ug.edu.pl\/pl\/wp-json\/wp\/v2\/pages\/324"}],"collection":[{"href":"https:\/\/sbt.ug.edu.pl\/pl\/wp-json\/wp\/v2\/pages"}],"about":[{"href":"https:\/\/sbt.ug.edu.pl\/pl\/wp-json\/wp\/v2\/types\/page"}],"author":[{"embeddable":true,"href":"https:\/\/sbt.ug.edu.pl\/pl\/wp-json\/wp\/v2\/users\/1"}],"replies":[{"embeddable":true,"href":"https:\/\/sbt.ug.edu.pl\/pl\/wp-json\/wp\/v2\/comments?post=324"}],"version-history":[{"count":14,"href":"https:\/\/sbt.ug.edu.pl\/pl\/wp-json\/wp\/v2\/pages\/324\/revisions"}],"predecessor-version":[{"id":5809,"href":"https:\/\/sbt.ug.edu.pl\/pl\/wp-json\/wp\/v2\/pages\/324\/revisions\/5809"}],"up":[{"embeddable":true,"href":"https:\/\/sbt.ug.edu.pl\/pl\/wp-json\/wp\/v2\/pages\/174"}],"wp:attachment":[{"href":"https:\/\/sbt.ug.edu.pl\/pl\/wp-json\/wp\/v2\/media?parent=324"}],"wp:term":[{"taxonomy":"category","embeddable":true,"href":"https:\/\/sbt.ug.edu.pl\/pl\/wp-json\/wp\/v2\/categories?post=324"},{"taxonomy":"post_tag","embeddable":true,"href":"https:\/\/sbt.ug.edu.pl\/pl\/wp-json\/wp\/v2\/tags?post=324"}],"curies":[{"name":"wp","href":"https:\/\/api.w.org\/{rel}","templated":true}]}}