{"id":3276,"date":"2019-07-19T11:35:21","date_gmt":"2019-07-19T09:35:21","guid":{"rendered":"https:\/\/southbaltic-tourist.eu\/?page_id=3276"},"modified":"2021-07-02T12:26:32","modified_gmt":"2021-07-02T11:26:32","slug":"10-west-pomerania-lagun-national-park","status":"publish","type":"page","link":"https:\/\/sbt.ug.edu.pl\/pl\/routes\/national-parks-exploration\/10-west-pomerania-lagun-national-park\/","title":{"rendered":"10. PARK NARODOWY MIERZEI POMORZA PRZEDNIEGO"},"content":{"rendered":"<p><\/p>\n<h2 style=\"text-align: justify;\">LOKALIZACJA<\/h2>\n<p style=\"text-align: justify;\">Park po\u0142o\u017cony jest na wybrze\u017cu Morza Ba\u0142tyckiego, w Meklemburgii-Pomorzu Przednim, w p\u00f3\u0142nocno-wschodniej cz\u0119\u015bci Niemiec i ma powierzchni\u0119 805 km\u00b2.<\/p>\n<p><img decoding=\"async\" loading=\"lazy\" class=\"alignnone wp-image-3440 size-full\" src=\"https:\/\/southbaltic-tourist.eu\/wp-content\/uploads\/2019\/07\/10-5.jpg\" alt=\"\" width=\"656\" height=\"305\" srcset=\"https:\/\/sbt.ug.edu.pl\/wp-content\/uploads\/2019\/07\/10-5.jpg 656w, https:\/\/sbt.ug.edu.pl\/wp-content\/uploads\/2019\/07\/10-5-300x139.jpg 300w, https:\/\/sbt.ug.edu.pl\/wp-content\/uploads\/2019\/07\/10-5-150x70.jpg 150w\" sizes=\"(max-width: 656px) 100vw, 656px\" \/><\/p>\n<h2 style=\"text-align: justify;\">MALOWNICZY KRAJOBRAZ<\/h2>\n<p style=\"text-align: justify;\">Park Narodowy Mierzei Pomorza Przedniego jest najwi\u0119kszym obszarem chronionej przyrody na wybrze\u017cu Ba\u0142tyku. Krajobraz klif\u00f3w i wydm, mierzei i lagun rozci\u0105gaj\u0105cy si\u0119 od p\u00f3\u0142wyspu Darss-Zingst a\u017c do zachodniego wybrze\u017ca wyspy Rugii, stanowi idealne miejsce dla mi\u0142o\u015bnik\u00f3w pla\u017c i las\u00f3w. Niemiecka nazwa parku (Nationalpark Vorpommersche Boddenlandschaft) pochodzi od s\u0142owa \u201ebodden\u201d, oznaczaj\u0105cego p\u0142ytk\u0105 zatok\u0119, odci\u0119t\u0105 od morza, o wodach b\u0119d\u0105cych mieszanin\u0105 wody s\u0142onej i s\u0142odkiej. Takimi w\u0142a\u015bnie zatokami usiane jest tu wybrze\u017ce. Warto wi\u0119c wybra\u0107 si\u0119 na rejs statkiem wzd\u0142u\u017c linii brzegowej, aby w pe\u0142ni ujrze\u0107 jej kras\u0119. Niezwyk\u0142y krajobraz wybrze\u017ca i las\u00f3w parku odkrywa\u0107 mo\u017cna podczas wycieczek z przewodnikiem i samodzielnych. Swoim dziewiczym\u00a0 pi\u0119knem turyst\u00f3w przyci\u0105ga las Osterwald na p\u00f3\u0142wyspie Zingst i las Darss \u2013 najwi\u0119kszy sp\u00f3jny obszar le\u015bny w parku. Jesieni\u0105 w parku zatrzymuj\u0105 si\u0119 przelatuj\u0105ce na po\u0142udnie \u017burawie, za\u015b przez ca\u0142y rok \u017cyj\u0105 tu 163 gatunki ptak\u00f3w. W Morzu Ba\u0142tyckim, przy wybrze\u017cach parku \u017cyj\u0105 tak\u017ce foki i mor\u015bwiny. Najlepsze punkty widokowe znajduj\u0105 si\u0119 na wzg\u00f3rzach \u2013 w Pramort (Zingst) i Hohe Dune (ko\u0142o Rostocku).<\/p>\n<h2 style=\"text-align: justify;\">ATRAKCJE<\/h2>\n<p style=\"text-align: justify;\">Atrakcje regionu to mi\u0119dzy innymi: dawna kolonia artyst\u00f3w Ahrenshoop, latarnia i muzeum morskie Darsser Ort,\u00a0 centrum parku narodowego na wyspie Hiddensee \u2013 najwi\u0119kszej wyspie w parku \u2013 oraz oceanarium i muzeum morza w Stralsund. Warte zobaczenia s\u0105 r\u00f3wnie\u017c wrzosowiska na wydmach\u00a0 i obszar Dornbusch z malowniczym przyl\u0105dkiem. Park i jego okolica maj\u0105 te\u017c do zaoferowania cenne zabytki, takie jak ratusz w Stralsundzie \u2013 pi\u0119kna ceglana gotycka budowla z 1278 roku, kt\u00f3ra jako siedziba ratusza funkcjonuje do dzi\u015b. Przechadzaj\u0105c si\u0119 jej arkadowymi podcieniami mo\u017cna poczu\u0107 dawn\u0105 pot\u0119g\u0119 tego wa\u017cnego miasta portowego. Ciekawym miejscem jest r\u00f3wnie\u017c muzeum le\u015bnictwa i \u0142owiectwa Ferdinanda von Raesfelda.<\/p>\n<p><\/p>","protected":false},"excerpt":{"rendered":"<p>LOKALIZACJA Park po\u0142o\u017cony jest na wybrze\u017cu Morza Ba\u0142tyckiego, w Meklemburgii-Pomorzu Przednim, w p\u00f3\u0142nocno-wschodniej cz\u0119\u015bci Niemiec i ma powierzchni\u0119 805 km\u00b2. MALOWNICZY KRAJOBRAZ Park Narodowy Mierzei Pomorza Przedniego jest najwi\u0119kszym obszarem chronionej przyrody na wybrze\u017cu Ba\u0142tyku. Krajobraz klif\u00f3w i wydm, mierzei i lagun rozci\u0105gaj\u0105cy si\u0119 od p\u00f3\u0142wyspu Darss-Zingst a\u017c do zachodniego wybrze\u017ca wyspy Rugii, stanowi idealne [&hellip;]<\/p>\n","protected":false},"author":3,"featured_media":0,"parent":457,"menu_order":0,"comment_status":"closed","ping_status":"closed","template":"","meta":[],"categories":[34,15,26,19],"tags":[],"_links":{"self":[{"href":"https:\/\/sbt.ug.edu.pl\/pl\/wp-json\/wp\/v2\/pages\/3276"}],"collection":[{"href":"https:\/\/sbt.ug.edu.pl\/pl\/wp-json\/wp\/v2\/pages"}],"about":[{"href":"https:\/\/sbt.ug.edu.pl\/pl\/wp-json\/wp\/v2\/types\/page"}],"author":[{"embeddable":true,"href":"https:\/\/sbt.ug.edu.pl\/pl\/wp-json\/wp\/v2\/users\/3"}],"replies":[{"embeddable":true,"href":"https:\/\/sbt.ug.edu.pl\/pl\/wp-json\/wp\/v2\/comments?post=3276"}],"version-history":[{"count":4,"href":"https:\/\/sbt.ug.edu.pl\/pl\/wp-json\/wp\/v2\/pages\/3276\/revisions"}],"predecessor-version":[{"id":5866,"href":"https:\/\/sbt.ug.edu.pl\/pl\/wp-json\/wp\/v2\/pages\/3276\/revisions\/5866"}],"up":[{"embeddable":true,"href":"https:\/\/sbt.ug.edu.pl\/pl\/wp-json\/wp\/v2\/pages\/457"}],"wp:attachment":[{"href":"https:\/\/sbt.ug.edu.pl\/pl\/wp-json\/wp\/v2\/media?parent=3276"}],"wp:term":[{"taxonomy":"category","embeddable":true,"href":"https:\/\/sbt.ug.edu.pl\/pl\/wp-json\/wp\/v2\/categories?post=3276"},{"taxonomy":"post_tag","embeddable":true,"href":"https:\/\/sbt.ug.edu.pl\/pl\/wp-json\/wp\/v2\/tags?post=3276"}],"curies":[{"name":"wp","href":"https:\/\/api.w.org\/{rel}","templated":true}]}}