{"id":3278,"date":"2019-07-19T11:36:23","date_gmt":"2019-07-19T09:36:23","guid":{"rendered":"https:\/\/southbaltic-tourist.eu\/?page_id=3278"},"modified":"2021-07-02T12:31:37","modified_gmt":"2021-07-02T11:31:37","slug":"11-muritz-national-park","status":"publish","type":"page","link":"https:\/\/sbt.ug.edu.pl\/pl\/routes\/national-parks-exploration\/11-muritz-national-park\/","title":{"rendered":"11. PARK NARODOWY M\u00dcRITZ"},"content":{"rendered":"<p><\/p>\n<h2 style=\"text-align: justify;\">LOKALIZACJA<\/h2>\n<p style=\"text-align: justify;\">Park po\u0142o\u017cony jest mniej wi\u0119cej po\u015brodku mi\u0119dzy Berlinem a Rostockiem, na po\u0142udniu kraju zwi\u0105zkowego Niemiec Meklemburgia-Pomorze Przednie. Ca\u0142kowita powierzchnia parku wynosi 318 km<sup>2<\/sup>.<\/p>\n<p><img decoding=\"async\" loading=\"lazy\" class=\"alignnone wp-image-3442 size-full\" src=\"https:\/\/southbaltic-tourist.eu\/wp-content\/uploads\/2019\/07\/11-6.jpg\" alt=\"\" width=\"1200\" height=\"800\" srcset=\"https:\/\/sbt.ug.edu.pl\/wp-content\/uploads\/2019\/07\/11-6.jpg 1200w, https:\/\/sbt.ug.edu.pl\/wp-content\/uploads\/2019\/07\/11-6-300x200.jpg 300w, https:\/\/sbt.ug.edu.pl\/wp-content\/uploads\/2019\/07\/11-6-768x512.jpg 768w, https:\/\/sbt.ug.edu.pl\/wp-content\/uploads\/2019\/07\/11-6-1024x683.jpg 1024w, https:\/\/sbt.ug.edu.pl\/wp-content\/uploads\/2019\/07\/11-6-150x100.jpg 150w\" sizes=\"(max-width: 1200px) 100vw, 1200px\" \/><\/p>\n<h2 style=\"text-align: justify;\">MALOWNICZY KRAJOBRAZ<\/h2>\n<p style=\"text-align: justify;\">Za\u0142o\u017cony w 1990 roku Park Narodowy M\u00fcritz to prawdziwa kraina tysi\u0105ca jezior. Podzielony jest na dwa odr\u0119bne obszary: M\u00fcritz i Serrahn. Pierwszy z nich rozci\u0105ga si\u0119 od wschodniego brzegu jeziora M\u00fcritz do miasta Neustrelitz. Drugi, mniejszy obszar le\u017cy na wsch\u00f3d od Neustrelitz. Krajobraz parku wyr\u00f3\u017cnia wyst\u0119powanie moreny czo\u0142owej i sandru. 65% obszaru parku stanowi\u0105 lasy, a 12% \u2013 jeziora. Reszta to mokrad\u0142a i \u0142\u0105ki. W Parku Narodowym M\u00fcritz znajduje si\u0119 oko\u0142o 100 jezior, w tym jezioro Bullowsee i wiele mniejszych akwen\u00f3w wodnych, potok\u00f3w i kana\u0142\u00f3w. Na obszarze M\u00fcritz, w pobli\u017cu granicy zlewiska Ba\u0142tyku i Morza P\u00f3\u0142nocnego, swoje \u017ar\u00f3d\u0142a ma rzeka Hawela. Mi\u0119dzy setkami malowniczych jezior, przez stare lasy bukowe i rozleg\u0142e bagna prowadzi 660-kilometrowa sie\u0107 szlak\u00f3w turystycznych. Wyj\u0105tkowo\u015b\u0107 las\u00f3w tego obszaru zosta\u0142a wyr\u00f3\u017cniona w czerwcu 2011 r., kiedy zosta\u0142y one wpisane na list\u0119 \u015awiatowego Dziedzictwa Naturalnego UNESCO. Mo\u017cna tu spotka\u0107 zwierz\u0119ta, takie jak jele\u0144 szlachetny, \u017curaw, bielik czy rybo\u0142\u00f3w. \u017byj\u0105 tu te\u017c: b\u0105k, trzcinniczek, krwawodzi\u00f3b, kwokacz, bocian czarny, \u017curaw, cyraneczka, cyranka i biegus malutki. Warto wybra\u0107 si\u0119 na wycieczk\u0119 na rozleg\u0142e \u0142\u0105ki w pobli\u017cu Mueritzhof. Odpowiedzialne wypasanie byd\u0142a i owiec pozwoli\u0142o zachowa\u0107 zagro\u017cone gatunki ro\u015blin, takie jak storczyk, goryczka i mydlnica.<\/p>\n<h2 style=\"text-align: justify;\">ATRAKCJE<\/h2>\n<p style=\"text-align: justify;\">Dzi\u0119ki dobrze przygotowanej infrastrukturze, park i jego okolice \u015bwietnie zwiedza si\u0119 na rowerze lub podczas prowadzonych przez pracownik\u00f3w parku spacer\u00f3w edukacyjnych. Mo\u017cliwo\u015bci jest jednak o wiele wi\u0119cej. Z \u0142atwo\u015bci\u0105 mo\u017cna tu wypo\u017cyczy\u0107 kajaki lub \u0142odzie i pozna\u0107 niezwyk\u0142\u0105 przyrod\u0119 tego regionu z zupe\u0142nie innej perspektywy. Dost\u0119pne s\u0105 nawet \u0142odzie rekreacyjne, kt\u00f3re s\u0105 w stanie pomie\u015bci\u0107 na pok\u0142adzie rowery. Za tras\u0119 wycieczki kajakowej warto obra\u0107 rzek\u0119 Hawel\u0119 i okr\u0119\u017cny szlak wodny \u201eAlte Fahrt\u201d. Odwiedzaj\u0105c Park Narodowy M\u00fcritz, nie mo\u017cna pomin\u0105\u0107 miasta uzdrowiskowego Waren. Niezwyk\u0142y klimat tego miasteczka mo\u017cna ch\u0142on\u0105\u0107 spaceruj\u0105c po starym mie\u015bcie lub udaj\u0105c si\u0119 w rejs statkiem po jeziorze M\u00fcritz. W pobliskim Ankershagen znajdziemy muzeum s\u0142ynnego archeologa Heinricha Schliemanna, po\u015bwi\u0119cone jego \u017cyciu i dokonaniom.<\/p>\n<p><\/p>","protected":false},"excerpt":{"rendered":"<p>LOKALIZACJA Park po\u0142o\u017cony jest mniej wi\u0119cej po\u015brodku mi\u0119dzy Berlinem a Rostockiem, na po\u0142udniu kraju zwi\u0105zkowego Niemiec Meklemburgia-Pomorze Przednie. Ca\u0142kowita powierzchnia parku wynosi 318 km2. MALOWNICZY KRAJOBRAZ Za\u0142o\u017cony w 1990 roku Park Narodowy M\u00fcritz to prawdziwa kraina tysi\u0105ca jezior. Podzielony jest na dwa odr\u0119bne obszary: M\u00fcritz i Serrahn. Pierwszy z nich rozci\u0105ga si\u0119 od wschodniego brzegu [&hellip;]<\/p>\n","protected":false},"author":3,"featured_media":0,"parent":457,"menu_order":0,"comment_status":"closed","ping_status":"closed","template":"","meta":[],"categories":[34,15,26,19],"tags":[],"_links":{"self":[{"href":"https:\/\/sbt.ug.edu.pl\/pl\/wp-json\/wp\/v2\/pages\/3278"}],"collection":[{"href":"https:\/\/sbt.ug.edu.pl\/pl\/wp-json\/wp\/v2\/pages"}],"about":[{"href":"https:\/\/sbt.ug.edu.pl\/pl\/wp-json\/wp\/v2\/types\/page"}],"author":[{"embeddable":true,"href":"https:\/\/sbt.ug.edu.pl\/pl\/wp-json\/wp\/v2\/users\/3"}],"replies":[{"embeddable":true,"href":"https:\/\/sbt.ug.edu.pl\/pl\/wp-json\/wp\/v2\/comments?post=3278"}],"version-history":[{"count":4,"href":"https:\/\/sbt.ug.edu.pl\/pl\/wp-json\/wp\/v2\/pages\/3278\/revisions"}],"predecessor-version":[{"id":5867,"href":"https:\/\/sbt.ug.edu.pl\/pl\/wp-json\/wp\/v2\/pages\/3278\/revisions\/5867"}],"up":[{"embeddable":true,"href":"https:\/\/sbt.ug.edu.pl\/pl\/wp-json\/wp\/v2\/pages\/457"}],"wp:attachment":[{"href":"https:\/\/sbt.ug.edu.pl\/pl\/wp-json\/wp\/v2\/media?parent=3278"}],"wp:term":[{"taxonomy":"category","embeddable":true,"href":"https:\/\/sbt.ug.edu.pl\/pl\/wp-json\/wp\/v2\/categories?post=3278"},{"taxonomy":"post_tag","embeddable":true,"href":"https:\/\/sbt.ug.edu.pl\/pl\/wp-json\/wp\/v2\/tags?post=3278"}],"curies":[{"name":"wp","href":"https:\/\/api.w.org\/{rel}","templated":true}]}}