{"id":3280,"date":"2019-07-19T11:38:25","date_gmt":"2019-07-19T09:38:25","guid":{"rendered":"https:\/\/southbaltic-tourist.eu\/?page_id=3280"},"modified":"2021-07-02T12:32:56","modified_gmt":"2021-07-02T11:32:56","slug":"12-wolin-national-park","status":"publish","type":"page","link":"https:\/\/sbt.ug.edu.pl\/pl\/routes\/national-parks-exploration\/12-wolin-national-park\/","title":{"rendered":"12. WOLI\u0143SKI PARK NARODOWY"},"content":{"rendered":"<p><\/p>\n<h2 style=\"text-align: justify;\">LOKALIZACJA<\/h2>\n<p style=\"text-align: justify;\">Woli\u0144ski Park Narodowy po\u0142o\u017cony jest w p\u00f3\u0142nocno-zachodniej cz\u0119\u015bci Polski (wojew\u00f3dztwo zachodniopomorskie) na wyspie Wolin, kt\u00f3ra le\u017cy pomi\u0119dzy Zatok\u0105 Pomorsk\u0105 a Zalewem Szczeci\u0144skim, w pobli\u017cu granicy polsko-niemieckiej. Wsp\u00f3\u0142rz\u0119dne geograficzne parku to: 53\u00b057\u203215\u2033 N 14\u00b029\u203220\u2033E.<\/p>\n<p><img decoding=\"async\" loading=\"lazy\" class=\"alignnone wp-image-3444 size-full\" src=\"https:\/\/southbaltic-tourist.eu\/wp-content\/uploads\/2019\/07\/12-4.jpg\" alt=\"\" width=\"800\" height=\"589\" srcset=\"https:\/\/sbt.ug.edu.pl\/wp-content\/uploads\/2019\/07\/12-4.jpg 800w, https:\/\/sbt.ug.edu.pl\/wp-content\/uploads\/2019\/07\/12-4-300x221.jpg 300w, https:\/\/sbt.ug.edu.pl\/wp-content\/uploads\/2019\/07\/12-4-768x565.jpg 768w, https:\/\/sbt.ug.edu.pl\/wp-content\/uploads\/2019\/07\/12-4-150x110.jpg 150w\" sizes=\"(max-width: 800px) 100vw, 800px\" \/><\/p>\n<p><img decoding=\"async\" loading=\"lazy\" class=\"alignnone wp-image-3445 size-full\" src=\"https:\/\/southbaltic-tourist.eu\/wp-content\/uploads\/2019\/07\/1212.jpg\" alt=\"\" width=\"640\" height=\"427\" srcset=\"https:\/\/sbt.ug.edu.pl\/wp-content\/uploads\/2019\/07\/1212.jpg 640w, https:\/\/sbt.ug.edu.pl\/wp-content\/uploads\/2019\/07\/1212-300x200.jpg 300w, https:\/\/sbt.ug.edu.pl\/wp-content\/uploads\/2019\/07\/1212-150x100.jpg 150w\" sizes=\"(max-width: 640px) 100vw, 640px\" \/><\/p>\n<h2 style=\"text-align: justify;\">MALOWNICZY KRAJOBRAZ<\/h2>\n<p style=\"text-align: justify;\">Za\u0142o\u017cony w 1960 roku, Woli\u0144ski Park Narodowy by\u0142 pierwszym morskim parkiem w Polsce. Obecnie jego \u0142\u0105czna powierzchnia wynosi 10 937 ha. Krajobraz tego obszaru s\u0142ynie z wysokich klif\u00f3w, licznych jezior (Czajcze, Domys\u0142awskie, Warnowskie) i ciekawej rze\u017aby terenu. Poro\u015bni\u0119te g\u0119stym lasem wzg\u00f3rza Woli\u0144skiego Parku Narodowego si\u0119gaj\u0105 ponad stu metr\u00f3w, a najwy\u017csze z nich (116 metr\u00f3w n.p.m.) nosi nazw\u0119 Grzywacz. Znajduje si\u0119 tu najwy\u017cszy klif w Polsce (95 metr\u00f3w) \u2013 Gosa\u0144, kt\u00f3ry jest te\u017c wspania\u0142ym punktem widokowym. Wybrze\u017ce Morza Ba\u0142tyckiego oferuje czyste, szerokie, piaszczyste pla\u017ce i k\u0105pieliska. Najs\u0142ynniejsze k\u0105pielisko znajduje si\u0119 w miasteczku uzdrowiskowym Mi\u0119dzyzdroje. W parku nie brakuje \u015bcie\u017cek rowerowych. Podczas przeja\u017cd\u017cki zaobserwowa\u0107 mo\u017cna wiele ciekawych gatunk\u00f3w ptak\u00f3w, kt\u00f3rych w parku \u017cyje ponad 200 (wodniczka, biegus zmienny, bielik i mucho\u0142\u00f3wka ma\u0142a). Park jest cz\u0119\u015bci\u0105 Europejskiej Sieci Ekologicznej Natura 2000.<\/p>\n<h2 style=\"text-align: justify;\">ATRAKCJE<\/h2>\n<p style=\"text-align: justify;\">Woli\u0144ski Park Narodowy s\u0142ynie z pi\u0119knych szlak\u00f3w turystycznych. Szlak czerwony prowadzi nad jedno z najpi\u0119kniejszych jezior wyspy \u2013 jezioro Czajcze, kt\u00f3re kszta\u0142tem przypomina podkow\u0119. W\u0119druj\u0105c szlakiem niebieskim, trafimy nad inne, cz\u0119sto odwiedzane przez turyst\u00f3w jezioro \u2013 Jezioro Turkusowe, le\u017c\u0105ce w samym \u015brodku parku. Jego nazwa pochodzi od wyj\u0105tkowego koloru wody. Piesze w\u0119dr\u00f3wki s\u0105 najlepszym sposobem na odkrywanie tutejszej przyrody. Biegn\u0105ce przez park piesze szlaki turystyczne maj\u0105 \u0142\u0105cznie ponad 50 kilometr\u00f3w d\u0142ugo\u015bci. Warto odwiedzi\u0107 te\u017c Zagrod\u0119 Pokazow\u0105 \u017bubr\u00f3w, a tak\u017ce punkty widokowe Zielonka, Gosa\u0144 i Kawcza G\u00f3ra. Du\u017c\u0105 popularno\u015bci\u0105 cieszy si\u0119 Centrum S\u0142owian i Wiking\u00f3w \u2013 skansen b\u0119d\u0105cy rekonstrukcj\u0105 wczesno\u015bredniowiecznego Wolina. Na prze\u0142omie lipca i sierpnia odbywa si\u0119 tu s\u0142ynny w ca\u0142ej Europie festiwal odtw\u00f3rc\u00f3w historii, podczas kt\u00f3rego zobaczy\u0107 mo\u017cna inscenizacje \u015bredniowiecznych bitew, wzi\u0105\u0107 udzia\u0142 w warsztatach rzemios\u0142a i pos\u0142ucha\u0107 \u015bredniowiecznej muzyki. Ca\u0142y skansen zamienia si\u0119 w t\u0119tni\u0105c\u0105 \u017cyciem \u015bredniowieczn\u0105 osad\u0119.<\/p>\n<p><\/p>","protected":false},"excerpt":{"rendered":"<p>LOKALIZACJA Woli\u0144ski Park Narodowy po\u0142o\u017cony jest w p\u00f3\u0142nocno-zachodniej cz\u0119\u015bci Polski (wojew\u00f3dztwo zachodniopomorskie) na wyspie Wolin, kt\u00f3ra le\u017cy pomi\u0119dzy Zatok\u0105 Pomorsk\u0105 a Zalewem Szczeci\u0144skim, w pobli\u017cu granicy polsko-niemieckiej. Wsp\u00f3\u0142rz\u0119dne geograficzne parku to: 53\u00b057\u203215\u2033 N 14\u00b029\u203220\u2033E. MALOWNICZY KRAJOBRAZ Za\u0142o\u017cony w 1960 roku, Woli\u0144ski Park Narodowy by\u0142 pierwszym morskim parkiem w Polsce. Obecnie jego \u0142\u0105czna powierzchnia wynosi 10 [&hellip;]<\/p>\n","protected":false},"author":3,"featured_media":0,"parent":457,"menu_order":0,"comment_status":"closed","ping_status":"closed","template":"","meta":[],"categories":[34,15,26,19],"tags":[],"_links":{"self":[{"href":"https:\/\/sbt.ug.edu.pl\/pl\/wp-json\/wp\/v2\/pages\/3280"}],"collection":[{"href":"https:\/\/sbt.ug.edu.pl\/pl\/wp-json\/wp\/v2\/pages"}],"about":[{"href":"https:\/\/sbt.ug.edu.pl\/pl\/wp-json\/wp\/v2\/types\/page"}],"author":[{"embeddable":true,"href":"https:\/\/sbt.ug.edu.pl\/pl\/wp-json\/wp\/v2\/users\/3"}],"replies":[{"embeddable":true,"href":"https:\/\/sbt.ug.edu.pl\/pl\/wp-json\/wp\/v2\/comments?post=3280"}],"version-history":[{"count":4,"href":"https:\/\/sbt.ug.edu.pl\/pl\/wp-json\/wp\/v2\/pages\/3280\/revisions"}],"predecessor-version":[{"id":5868,"href":"https:\/\/sbt.ug.edu.pl\/pl\/wp-json\/wp\/v2\/pages\/3280\/revisions\/5868"}],"up":[{"embeddable":true,"href":"https:\/\/sbt.ug.edu.pl\/pl\/wp-json\/wp\/v2\/pages\/457"}],"wp:attachment":[{"href":"https:\/\/sbt.ug.edu.pl\/pl\/wp-json\/wp\/v2\/media?parent=3280"}],"wp:term":[{"taxonomy":"category","embeddable":true,"href":"https:\/\/sbt.ug.edu.pl\/pl\/wp-json\/wp\/v2\/categories?post=3280"},{"taxonomy":"post_tag","embeddable":true,"href":"https:\/\/sbt.ug.edu.pl\/pl\/wp-json\/wp\/v2\/tags?post=3280"}],"curies":[{"name":"wp","href":"https:\/\/api.w.org\/{rel}","templated":true}]}}