{"id":3284,"date":"2019-07-19T11:40:18","date_gmt":"2019-07-19T09:40:18","guid":{"rendered":"https:\/\/southbaltic-tourist.eu\/?page_id=3284"},"modified":"2021-07-02T12:35:13","modified_gmt":"2021-07-02T11:35:13","slug":"14-slovinski-national-park","status":"publish","type":"page","link":"https:\/\/sbt.ug.edu.pl\/pl\/routes\/national-parks-exploration\/14-slovinski-national-park\/","title":{"rendered":"14. S\u0141OWI\u0143SKI PARK NARODOWY"},"content":{"rendered":"<p><\/p>\n<h2 style=\"text-align: justify;\">LOKALIZACJA<\/h2>\n<p style=\"text-align: justify;\">S\u0142owi\u0144ski Park Narodowy po\u0142o\u017cony jest w wojew\u00f3dztwie pomorskim, na wybrze\u017cu Ba\u0142tyku, pomi\u0119dzy nadmorsk\u0105 miejscowo\u015bci\u0105 Rowy a \u0141eb\u0105, 115 km na p\u00f3\u0142nocny zach\u00f3d od Gda\u0144ska. P\u00f3\u0142nocn\u0105 granic\u0119 parku stanowi linia brzegowa o d\u0142ugo\u015bci 32,5 km. Wsp\u00f3\u0142rz\u0119dne geograficzne parku to: 54\u00b042\u203212\u2033N 17\u00b018\u203225\u2033 E.<\/p>\n<p><img decoding=\"async\" loading=\"lazy\" class=\"alignnone wp-image-3449 size-full\" src=\"https:\/\/southbaltic-tourist.eu\/wp-content\/uploads\/2019\/07\/14-4.jpg\" alt=\"\" width=\"800\" height=\"533\" srcset=\"https:\/\/sbt.ug.edu.pl\/wp-content\/uploads\/2019\/07\/14-4.jpg 800w, https:\/\/sbt.ug.edu.pl\/wp-content\/uploads\/2019\/07\/14-4-300x200.jpg 300w, https:\/\/sbt.ug.edu.pl\/wp-content\/uploads\/2019\/07\/14-4-768x512.jpg 768w, https:\/\/sbt.ug.edu.pl\/wp-content\/uploads\/2019\/07\/14-4-150x100.jpg 150w\" sizes=\"(max-width: 800px) 100vw, 800px\" \/><\/p>\n<h2 style=\"text-align: justify;\">MALOWNICZY KRAJOBRAZ<\/h2>\n<p style=\"text-align: justify;\">S\u0142owi\u0144ski Park Narodowy jest jednym z dw\u00f3ch nadmorskich park\u00f3w w Polsce. Powsta\u0142 w 1967 roku i zajmuje obecnie powierzchni\u0119 oko\u0142o 32 tys. ha. Celem jego za\u0142o\u017cenia by\u0142a ochrona systemu nadmorskich jezior, torfowisk, \u0142\u0105k, las\u00f3w i, co najwa\u017cniejsze, wydm. Wizyt\u00f3wk\u0105 parku jest bowiem najd\u0142u\u017cszy w Europie pas ruchomych wydm, ci\u0105gn\u0105cy si\u0119 wzd\u0142u\u017c w\u0105skiej mierzei pomi\u0119dzy Morzem Ba\u0142tyckim a Jeziorem \u0141ebsko. Oko\u0142o po\u0142owy powierzchni parku stanowi\u0105 jeziora i rzeki. Jeziora \u0141ebsko i Gardno (dawne zatoki morskie) s\u0105 wa\u017cnym schronieniem dla ptactwa wodnego. Na tych terenach \u017cyje ponad 270 gatunk\u00f3w ptak\u00f3w, takich jak \u017curawie, czaple, rybo\u0142owy czy bieliki. Mo\u017cna tu r\u00f3wnie\u017c zaobserwowa\u0107 wiele ptak\u00f3w, kt\u00f3re zatrzymuj\u0105 si\u0119 w parku podczas migracji. Ponadto w parku wyst\u0119puj\u0105:\u00a0 foki szare, rz\u0119sorki, mroczaki posrebrzane, mor\u015bwiny, nietoperze i lisy. W 1995 r. S\u0142owi\u0144ski Park Narodowy zosta\u0142 w\u0142\u0105czony do \u015awiatowej Sieci Rezerwat\u00f3w Biosfery UNESCO.<\/p>\n<h2 style=\"text-align: justify;\">ATRAKCJE<\/h2>\n<p style=\"text-align: justify;\">Ruchome wydmy S\u0142owi\u0144skiego Parku Narodowego ciesz\u0105 si\u0119 ogromn\u0105 popularno\u015bci\u0105 w\u015br\u00f3d turyst\u00f3w z ca\u0142ej Europy. Mo\u017cna tu poczu\u0107 si\u0119 jak na prawdziwej pustyni. Pod wp\u0142ywem wiatru, wydmy stale przemieszczaj\u0105 si\u0119 i zmieniaj\u0105. Warto wdrapa\u0107 si\u0119 na najwy\u017csz\u0105 z nich \u2013 wznosz\u0105c\u0105 si\u0119 na 30 m n.p.m \u0141\u0105czk\u0119. Kolejn\u0105 atrakcj\u0105 parku jest Latarnia Morska Czo\u0142pino, z kt\u00f3rej rozpo\u015bciera si\u0119 pi\u0119kny widok na jezioro \u0141ebsko i wybrze\u017ce Morza Ba\u0142tyckiego. Na mi\u0142o\u015bnik\u00f3w malowniczych widok\u00f3w czekaj\u0105 te\u017c platformy widokowe, a tak\u017ce najwy\u017cszy szczyt parku \u2013 Rowok\u00f3\u0142 (115 m). Nietypowe pi\u0119kno S\u0142owi\u0144skiego Parku Narodowego odkrywa\u0107 mo\u017cna dzi\u0119ki szlakom pieszym, kt\u00f3rych \u0142\u0105czna d\u0142ugo\u015b\u0107 to ponad 140 kilometr\u00f3w. Aby odwiedzi\u0107 wszystkie atrakcje, mo\u017cna wypo\u017cyczy\u0107 rower, rower elektryczny lub elektryczn\u0105 hulajnog\u0119. W Smo\u0142dzinie znajduje si\u0119 Muzeum Przyrodnicze S\u0142owi\u0144skiego Parku Narodowego, gdzie mo\u017cna dowiedzie\u0107 si\u0119 wi\u0119cej o jego najciekawszych ekosystemach. Niezwykle ciekawym miejscem jest te\u017c skansen w wiosce Kluki, ukazuj\u0105cy histori\u0119 regionu i \u017cycie jego dawnych mieszka\u0144c\u00f3w \u2013 S\u0142owi\u0144c\u00f3w.<\/p>\n<p><\/p>","protected":false},"excerpt":{"rendered":"<p>LOKALIZACJA S\u0142owi\u0144ski Park Narodowy po\u0142o\u017cony jest w wojew\u00f3dztwie pomorskim, na wybrze\u017cu Ba\u0142tyku, pomi\u0119dzy nadmorsk\u0105 miejscowo\u015bci\u0105 Rowy a \u0141eb\u0105, 115 km na p\u00f3\u0142nocny zach\u00f3d od Gda\u0144ska. P\u00f3\u0142nocn\u0105 granic\u0119 parku stanowi linia brzegowa o d\u0142ugo\u015bci 32,5 km. Wsp\u00f3\u0142rz\u0119dne geograficzne parku to: 54\u00b042\u203212\u2033N 17\u00b018\u203225\u2033 E. MALOWNICZY KRAJOBRAZ S\u0142owi\u0144ski Park Narodowy jest jednym z dw\u00f3ch nadmorskich park\u00f3w w Polsce. [&hellip;]<\/p>\n","protected":false},"author":3,"featured_media":0,"parent":457,"menu_order":0,"comment_status":"closed","ping_status":"closed","template":"","meta":[],"categories":[34,15,26,19],"tags":[],"_links":{"self":[{"href":"https:\/\/sbt.ug.edu.pl\/pl\/wp-json\/wp\/v2\/pages\/3284"}],"collection":[{"href":"https:\/\/sbt.ug.edu.pl\/pl\/wp-json\/wp\/v2\/pages"}],"about":[{"href":"https:\/\/sbt.ug.edu.pl\/pl\/wp-json\/wp\/v2\/types\/page"}],"author":[{"embeddable":true,"href":"https:\/\/sbt.ug.edu.pl\/pl\/wp-json\/wp\/v2\/users\/3"}],"replies":[{"embeddable":true,"href":"https:\/\/sbt.ug.edu.pl\/pl\/wp-json\/wp\/v2\/comments?post=3284"}],"version-history":[{"count":5,"href":"https:\/\/sbt.ug.edu.pl\/pl\/wp-json\/wp\/v2\/pages\/3284\/revisions"}],"predecessor-version":[{"id":5869,"href":"https:\/\/sbt.ug.edu.pl\/pl\/wp-json\/wp\/v2\/pages\/3284\/revisions\/5869"}],"up":[{"embeddable":true,"href":"https:\/\/sbt.ug.edu.pl\/pl\/wp-json\/wp\/v2\/pages\/457"}],"wp:attachment":[{"href":"https:\/\/sbt.ug.edu.pl\/pl\/wp-json\/wp\/v2\/media?parent=3284"}],"wp:term":[{"taxonomy":"category","embeddable":true,"href":"https:\/\/sbt.ug.edu.pl\/pl\/wp-json\/wp\/v2\/categories?post=3284"},{"taxonomy":"post_tag","embeddable":true,"href":"https:\/\/sbt.ug.edu.pl\/pl\/wp-json\/wp\/v2\/tags?post=3284"}],"curies":[{"name":"wp","href":"https:\/\/api.w.org\/{rel}","templated":true}]}}