{"id":3286,"date":"2019-07-19T11:41:25","date_gmt":"2019-07-19T09:41:25","guid":{"rendered":"https:\/\/southbaltic-tourist.eu\/?page_id=3286"},"modified":"2021-07-02T12:37:22","modified_gmt":"2021-07-02T11:37:22","slug":"15-biking-route-in-masurian-region","status":"publish","type":"page","link":"https:\/\/sbt.ug.edu.pl\/pl\/routes\/national-parks-exploration\/15-biking-route-in-masurian-region\/","title":{"rendered":"15. TRASA ROWEROWA PO MAZURACH"},"content":{"rendered":"<p><\/p>\n<h2 style=\"text-align: justify;\">LOKALIZACJA<\/h2>\n<p style=\"text-align: justify;\">Mazury to obszar o powierzchni oko\u0142o 52 tys. km2, le\u017c\u0105cy na po\u0142udnie od pasa pobrze\u017cy Morza Ba\u0142tyckiego i rozci\u0105gaj\u0105cy si\u0119 na odleg\u0142o\u015b\u0107 290 km na wsch\u00f3d od dolnej Wis\u0142y, a\u017c do \u200b\u200bgranic z Litw\u0105 i Bia\u0142orusi\u0105. Le\u017cy na terenie wojew\u00f3dztw warmi\u0144sko-mazurskiego i podlaskiego.<\/p>\n<p><img decoding=\"async\" loading=\"lazy\" class=\"alignnone wp-image-3452 size-full\" src=\"https:\/\/southbaltic-tourist.eu\/wp-content\/uploads\/2019\/07\/15-5.jpg\" alt=\"\" width=\"400\" height=\"300\" srcset=\"https:\/\/sbt.ug.edu.pl\/wp-content\/uploads\/2019\/07\/15-5.jpg 400w, https:\/\/sbt.ug.edu.pl\/wp-content\/uploads\/2019\/07\/15-5-300x225.jpg 300w, https:\/\/sbt.ug.edu.pl\/wp-content\/uploads\/2019\/07\/15-5-150x113.jpg 150w, https:\/\/sbt.ug.edu.pl\/wp-content\/uploads\/2019\/07\/15-5-136x102.jpg 136w\" sizes=\"(max-width: 400px) 100vw, 400px\" \/><\/p>\n<h2 style=\"text-align: justify;\">MALOWNICZY KRAJOBRAZ<\/h2>\n<p style=\"text-align: justify;\">Pojezierze Mazurskie to region w p\u00f3\u0142nocno-wschodniej cz\u0119\u015bci Polski, na kt\u00f3rego terenie znajduj\u0105 si\u0119 ponad dwa tysi\u0105ce jezior. P\u0142aski teren i pi\u0119kny krajobraz tego regionu w po\u0142\u0105czeniu z ciep\u0142ym i suchym polskim latem daje doskona\u0142e warunki do jazdy na rowerze. Na rowerzyst\u00f3w czeka tu ponad dwadzie\u015bcia oznakowanych tras. Biegn\u0105 one po\u015br\u00f3d las\u00f3w, wzg\u00f3rz i tysi\u0119cy jezior, a tak\u017ce przez lekko pofa\u0142dowany wiejski teren, usiany ma\u0142ymi domkami, farmami, ko\u015bcio\u0142ami i zabytkami. Wiele przebiegaj\u0105cych przez ten obszar dr\u00f3g obsadzonych jest lipami, kt\u00f3re latem zakwitaj\u0105 pachn\u0105cym kwiatem. W niskiej ro\u015blinno\u015bci lub w p\u0142ytkiej wodzie dostrzec mo\u017cna bociany. Cz\u0119sto buduj\u0105 one gniazda na dachach dom\u00f3w mieszka\u0144c\u00f3w. Na Mazurach znajduje si\u0119 jeden z najwa\u017cniejszych polskich zabytk\u00f3w hydrotechniki \u2013 Kana\u0142 Elbl\u0105ski, kt\u00f3ry wpisany zosta\u0142 na List\u0119 \u015awiatowego Dziedzictwa UNESCO. Do najpi\u0119kniejszych tras turystycznych tego regionu nale\u017c\u0105: trasa wok\u00f3\u0142 jezior Mamry i Niegocin oraz trasa przez Puszcz\u0119 Boreck\u0105. Podr\u00f3\u017ce po mazurskich jeziorach u\u0142atwiaj\u0105 regularne i niedrogie przeprawy promowe. Na rzekach i kana\u0142ach znajduje si\u0119 wiele k\u0142adek pieszych, kt\u00f3rych du\u017ca cz\u0119\u015b\u0107 ma osobny pas dla rowerzyst\u00f3w. Rower mo\u017cna wypo\u017cyczy\u0107 w g\u0142\u00f3wnych miejscowo\u015bciach turystycznych, takich jak Ostr\u00f3da, Elbl\u0105g, W\u0119gorzewo, E\u0142k lub Gi\u017cycko.<\/p>\n<h2 style=\"text-align: justify;\">ATRAKCJE<\/h2>\n<p style=\"text-align: justify;\">Sposob\u00f3w na sp\u0119dzanie urlopu na Pojezierzu Mazurskim nie brakuje. Wielu atrakcji dostarcza ogromna sie\u0107 jezior i kana\u0142\u00f3w, kt\u00f3ra tworzy idealne warunki do uprawiania sport\u00f3w wodnych. Rozci\u0105ga si\u0119 od miejscowo\u015bci W\u0119gorzewo na p\u00f3\u0142nocy regionu, przez Gi\u017cycko i Miko\u0142ajki, a\u017c do Rucianego Nidy na po\u0142udniu. To idealne miejsce dla mi\u0142o\u015bnik\u00f3w kajakarstwa, windsurfingu i oczywi\u015bcie \u017ceglarstwa. Ka\u017cdego lata na najwi\u0119kszych jeziorach odbywaj\u0105 si\u0119 mi\u0119dzynarodowe regaty. Na wycieczk\u0119 kajakiem mo\u017cna wybra\u0107 si\u0119 na rzek\u0119 Krutyni\u0119. Mazury mo\u017cna te\u017c odkrywa\u0107 na rowerze, a nawet konno. Dziewicza przyroda, czyste i \u015bwie\u017ce powietrze oraz przyja\u017ani ludzie \u2013 wszystko to sprawia, \u017ce \u200b\u200bPojezierze Mazurskie jest jednym z najlepszych miejsc na wakacyjny wyjazd w tej cz\u0119\u015bci Europy.<\/p>\n<p style=\"text-align: justify;\">Warto zwiedzi\u0107 Zamek Ostr\u00f3dzki i Muzeum Archeologiczne i Historyczne w Elbl\u0105gu. Po w\u0119dr\u00f3wce tury\u015bci mog\u0105 zrelaksowa\u0107 si\u0119 p\u0142ywaj\u0105c w jeziorze, ciesz\u0105c si\u0119 czyst\u0105 wod\u0105 i pi\u0119knym krajobrazem. Mazury znane s\u0105 jako \u201ekraina tysi\u0105ca jezior\u201d. Turyst\u00f3w przyci\u0105gaj\u0105 tu niezwyk\u0142e okoliczno\u015bci przyrody \u2013 malownicze wzg\u00f3rza poro\u015bni\u0119te lasem i bogate we flor\u0119 i faun\u0119 mokrad\u0142a.<\/p>\n<p><\/p>","protected":false},"excerpt":{"rendered":"<p>LOKALIZACJA Mazury to obszar o powierzchni oko\u0142o 52 tys. km2, le\u017c\u0105cy na po\u0142udnie od pasa pobrze\u017cy Morza Ba\u0142tyckiego i rozci\u0105gaj\u0105cy si\u0119 na odleg\u0142o\u015b\u0107 290 km na wsch\u00f3d od dolnej Wis\u0142y, a\u017c do \u200b\u200bgranic z Litw\u0105 i Bia\u0142orusi\u0105. Le\u017cy na terenie wojew\u00f3dztw warmi\u0144sko-mazurskiego i podlaskiego. MALOWNICZY KRAJOBRAZ Pojezierze Mazurskie to region w p\u00f3\u0142nocno-wschodniej cz\u0119\u015bci Polski, na [&hellip;]<\/p>\n","protected":false},"author":3,"featured_media":0,"parent":457,"menu_order":0,"comment_status":"closed","ping_status":"closed","template":"","meta":[],"categories":[34,15,26,19],"tags":[],"_links":{"self":[{"href":"https:\/\/sbt.ug.edu.pl\/pl\/wp-json\/wp\/v2\/pages\/3286"}],"collection":[{"href":"https:\/\/sbt.ug.edu.pl\/pl\/wp-json\/wp\/v2\/pages"}],"about":[{"href":"https:\/\/sbt.ug.edu.pl\/pl\/wp-json\/wp\/v2\/types\/page"}],"author":[{"embeddable":true,"href":"https:\/\/sbt.ug.edu.pl\/pl\/wp-json\/wp\/v2\/users\/3"}],"replies":[{"embeddable":true,"href":"https:\/\/sbt.ug.edu.pl\/pl\/wp-json\/wp\/v2\/comments?post=3286"}],"version-history":[{"count":4,"href":"https:\/\/sbt.ug.edu.pl\/pl\/wp-json\/wp\/v2\/pages\/3286\/revisions"}],"predecessor-version":[{"id":5870,"href":"https:\/\/sbt.ug.edu.pl\/pl\/wp-json\/wp\/v2\/pages\/3286\/revisions\/5870"}],"up":[{"embeddable":true,"href":"https:\/\/sbt.ug.edu.pl\/pl\/wp-json\/wp\/v2\/pages\/457"}],"wp:attachment":[{"href":"https:\/\/sbt.ug.edu.pl\/pl\/wp-json\/wp\/v2\/media?parent=3286"}],"wp:term":[{"taxonomy":"category","embeddable":true,"href":"https:\/\/sbt.ug.edu.pl\/pl\/wp-json\/wp\/v2\/categories?post=3286"},{"taxonomy":"post_tag","embeddable":true,"href":"https:\/\/sbt.ug.edu.pl\/pl\/wp-json\/wp\/v2\/tags?post=3286"}],"curies":[{"name":"wp","href":"https:\/\/api.w.org\/{rel}","templated":true}]}}