{"id":330,"date":"2018-11-19T20:10:28","date_gmt":"2018-11-19T19:10:28","guid":{"rendered":"http:\/\/southbaltic-tourist.eu\/?page_id=330"},"modified":"2021-06-10T16:02:42","modified_gmt":"2021-06-10T15:02:42","slug":"9-bornholm-biking","status":"publish","type":"page","link":"https:\/\/sbt.ug.edu.pl\/pl\/routes\/windsurfing-exploration\/9-bornholm-biking\/","title":{"rendered":"9. WYSPA BORNHOLM \u2013 ROWEROWA WYSPA"},"content":{"rendered":"<p><\/p>\n<p style=\"text-align: justify;\"><strong>LOKALIZACJA <\/strong><\/p>\n<p style=\"text-align: justify;\">Na wyspie Bornholm dost\u0119pna jest rozleg\u0142a sie\u0107 tras rowerowych, zar\u00f3wno przybrze\u017cnych, \u015br\u00f3dl\u0105dowych, jak i g\u00f3rskich. Tury\u015bci pod\u0105\u017caj\u0105cy niniejszym szlakiem powinni koniecznie wypr\u00f3bowa\u0107 szlaku rowerowego we wschodniej i p\u00f3\u0142nocnej cz\u0119\u015bci wyspy, w pobli\u017cu miejsc do surfowania (takich jak pla\u017ca w Balce). Do wyspy Bornholm mo\u017cna dosta\u0107 si\u0119 promem z Ystad (Szwecja), K\u00f8ge (Zelandia, Dania) lub Sassnitz (wyspa Rugia, Niemcy). Latem kursuj\u0105 tak\u017ce promy ze \u015awinouj\u015bcia (Polska). W R\u00f8nne znajduje si\u0119 r\u00f3wnie\u017c ma\u0142e lotnisko obs\u0142uguj\u0105ce loty do Kopenhagi. Po\u0142o\u017cenie geograficzne stolicy wyspy Bornholm &#8211; R\u00f8nne: 55\u00b006\u2032N 14\u00b042\u2032E.<\/p>\n<p style=\"text-align: justify;\"><img decoding=\"async\" loading=\"lazy\" class=\"alignleft wp-image-331\" src=\"https:\/\/southbaltic-tourist.eu\/wp-content\/uploads\/2018\/11\/9.1.png\" alt=\"\" width=\"627\" height=\"350\" srcset=\"https:\/\/sbt.ug.edu.pl\/wp-content\/uploads\/2018\/11\/9.1.png 666w, https:\/\/sbt.ug.edu.pl\/wp-content\/uploads\/2018\/11\/9.1-300x168.png 300w\" sizes=\"(max-width: 627px) 100vw, 627px\" \/> <a href=\"https:\/\/southbaltic-tourist.eu\/wp-content\/uploads\/2020\/01\/r1a9_Bornholm_Biking_slim.png\" data-rel=\"lightbox-gallery-hJjq2yNF\" data-rl_title=\"\" data-rl_caption=\"\" title=\"\"><img decoding=\"async\" loading=\"lazy\" class=\"alignnone wp-image-5127\" src=\"https:\/\/southbaltic-tourist.eu\/wp-content\/uploads\/2020\/01\/r1a9_Bornholm_Biking_slim-300x256.png\" alt=\"\" width=\"410\" height=\"350\" srcset=\"https:\/\/sbt.ug.edu.pl\/wp-content\/uploads\/2020\/01\/r1a9_Bornholm_Biking_slim-300x256.png 300w, https:\/\/sbt.ug.edu.pl\/wp-content\/uploads\/2020\/01\/r1a9_Bornholm_Biking_slim-1024x874.png 1024w, https:\/\/sbt.ug.edu.pl\/wp-content\/uploads\/2020\/01\/r1a9_Bornholm_Biking_slim-768x655.png 768w, https:\/\/sbt.ug.edu.pl\/wp-content\/uploads\/2020\/01\/r1a9_Bornholm_Biking_slim-1536x1310.png 1536w, https:\/\/sbt.ug.edu.pl\/wp-content\/uploads\/2020\/01\/r1a9_Bornholm_Biking_slim-150x128.png 150w, https:\/\/sbt.ug.edu.pl\/wp-content\/uploads\/2020\/01\/r1a9_Bornholm_Biking_slim.png 1600w\" sizes=\"(max-width: 410px) 100vw, 410px\" \/><\/a><\/p>\n<p style=\"text-align: justify;\"><a href=\"https:\/\/www.google.pl\/maps\/place\/Bornholm\/@55.1432859,14.6388919,10z\/data=!4m5!3m4!1s0x46550e79e64f7b07:0xf84b68b18fbadf12!8m2!3d55.160428!4d14.8668836\" target=\"_blank\" rel=\"noopener noreferrer\">View on Google Maps<\/a><\/p>\n<p style=\"text-align: justify;\"><strong>PRZYGODA Z ROWEREM<\/strong><\/p>\n<p style=\"text-align: justify;\">Na bornholmskich drogach nie ma zbyt du\u017cego nat\u0119\u017cenia ruchu, dlatego te\u017c wycieczki rowerowe po tym\u017ce regionie s\u0105 stosukowo przyjemne i bezpieczne. Proponowana jednodniowa trasa rowerowa rozpoczyna si\u0119 w Dueodde, prowadzi przez Snogeb\u00e6k (port i wiosk\u0119 ryback\u0105), Balk\u0119, Nex\u00f8 (miasto portowe), nast\u0119pnie \u00c5rsdale (wiosk\u0119 wiatrak\u00f3w) i ko\u0144czy si\u0119 w Svaneke (mie\u015bcie z historyczn\u0105 dzielnic\u0105). Droga powrotna z kolei biegnie przez naturalne obszary Bornholmu do Almindingen, \u00c5kirkeby, S\u00f8marken, a\u017c do punktu rozpocz\u0119cia trasy &#8211; Dueodde. Podr\u00f3\u017c w obie strony wynosi 50\u201360 km, w zale\u017cno\u015bci od wybranej trasy i umo\u017cliwia eksploracj\u0119 zar\u00f3wno l\u0105dowych, jak i przybrze\u017cnych obszar\u00f3w wschodniego Bornholmu. Ruch na drogach w Borholmie jest tak ma\u0142y, \u017ce przez wiele kilometr\u00f3w mo\u017cna by\u0107 jedynym rowerzyst\u0105 na trasie.<\/p>\n<p style=\"text-align: justify;\"><strong>ATRAKCJE<\/strong><\/p>\n<p style=\"text-align: justify;\">Wyspa Bornholm oferuje wiele atrakcji, kt\u00f3re mog\u0105 wzbogaci\u0107 wakacje surfingowe. Mo\u017ce to by\u0107 jazda na rowerze, sp\u0142ywy kajakowe, piesze wycieczki, obserwowanie ptak\u00f3w i zwiedzanie rezerwat\u00f3w przyrody. Na wyspie znajduje si\u0119 kilka interesuj\u0105cych muze\u00f3w, zabytkowych ruin, ko\u015bcio\u0142\u00f3w i wiatrak\u00f3w. Bornholm kojarzony jest zazwyczaj z malowniczymi miasteczkami i wioskami zar\u00f3wno rybackimi, jak i portowymi. Wyspa pe\u0142na jest tak\u017ce pozosta\u0142o\u015bci po czasach \u015bredniowiecza. Brak uprzemys\u0142owienia wyspy dodatkowo stwarza idealn\u0105 atmosfer\u0119 do spokojnego, relaksuj\u0105cego wypoczynku. Bornholm posiada ponadto r\u00f3\u017cnorodne wybrze\u017ca, zar\u00f3wno takie z szerokimi pla\u017cami na wschodzie, jak i bardziej stromymi na zachodzie i p\u00f3\u0142nocy.<\/p>\n<h2 style=\"text-align: justify;\"><strong>Move to Attractions bellow or -&gt;<a href=\"https:\/\/southbaltic-tourist.eu\/routes\/windsurfing-exploration\/10-malmo-surfhotspots\/\">Move to Attraction No. 10<\/a><\/strong><\/h2>\n<p style=\"text-align: justify;\">[post_grid id=&#8221;229&#8243;]<\/p>\n<p><code><div class=\"rl-gallery-container rl-loading\" id=\"rl-gallery-container-2\" data-gallery_id=\"1188\"> <div class=\"rl-gallery rl-basicgrid-gallery \" id=\"rl-gallery-2\" data-gallery_no=\"2\"> <div class=\"rl-gallery-item\"><a href=\"https:\/\/sbt.ug.edu.pl\/wp-content\/uploads\/2019\/07\/1.-Bornholm-cyclists-R2.A9..jpg\" title=\"1. Bornholm cyclists, author: Szymon Nitka, source: https:\/\/commons.wikimedia.org\/wiki\/File:Bornholm_-_cyclists.jpg#mw-head; 25.09.2010, Creative Commons Attribution-Share Alike 2.0 Generic.\" data-rl_title=\"1. Bornholm cyclists, author: Szymon Nitka, source: https:\/\/commons.wikimedia.org\/wiki\/File:Bornholm_-_cyclists.jpg#mw-head; 25.09.2010, Creative Commons Attribution-Share Alike 2.0 Generic.\" class=\"rl-gallery-link\" data-rl_caption=\"\" data-rel=\"lightbox-gallery-2\"><img src=\"https:\/\/sbt.ug.edu.pl\/wp-content\/uploads\/2019\/07\/1.-Bornholm-cyclists-R2.A9.-768x512.jpg\" width=\"640\" height=\"427\" alt=\"\" \/><\/a><\/div><div class=\"rl-gallery-item\"><a href=\"https:\/\/sbt.ug.edu.pl\/wp-content\/uploads\/2019\/07\/2.-Bornholm-coastal-trail-R2.A9..jpg\" title=\"2. Bornholm coastal trail, author: Szymon Nitka, source: https:\/\/commons.wikimedia.org\/wiki\/File:Bornholm_coastal_trail.jpg#mw-head, 25.09.2010, Creative Commons Attribution-Share Alike 2.0 Generic.\" data-rl_title=\"2. Bornholm coastal trail, author: Szymon Nitka, source: https:\/\/commons.wikimedia.org\/wiki\/File:Bornholm_coastal_trail.jpg#mw-head, 25.09.2010, Creative Commons Attribution-Share Alike 2.0 Generic.\" class=\"rl-gallery-link\" data-rl_caption=\"\" data-rel=\"lightbox-gallery-2\"><img src=\"https:\/\/sbt.ug.edu.pl\/wp-content\/uploads\/2019\/07\/2.-Bornholm-coastal-trail-R2.A9.-768x512.jpg\" width=\"640\" height=\"427\" alt=\"\" \/><\/a><\/div><div class=\"rl-gallery-item\"><a href=\"https:\/\/sbt.ug.edu.pl\/wp-content\/uploads\/2019\/07\/3.-Waterfall-Stavehol-Bornholm-R2.A9..jpg\" title=\"3. Waterfall Stavehol, Bornholm, author: 7alaskan; source: https:\/\/commons.wikimedia.org\/wiki\/File:Wodospad_Stavehol,_Bornholm_-_panoramio.jpg; 02.06.2014, reative Commons\u00a0Attribution-Share Alike 3.0 Unported.\" data-rl_title=\"3. Waterfall Stavehol, Bornholm, author: 7alaskan; source: https:\/\/commons.wikimedia.org\/wiki\/File:Wodospad_Stavehol,_Bornholm_-_panoramio.jpg; 02.06.2014, reative Commons\u00a0Attribution-Share Alike 3.0 Unported.\" class=\"rl-gallery-link\" data-rl_caption=\"\" data-rel=\"lightbox-gallery-2\"><img src=\"https:\/\/sbt.ug.edu.pl\/wp-content\/uploads\/2019\/07\/3.-Waterfall-Stavehol-Bornholm-R2.A9.-768x577.jpg\" width=\"640\" height=\"481\" alt=\"\" \/><\/a><\/div><div class=\"rl-gallery-item\"><a href=\"https:\/\/sbt.ug.edu.pl\/wp-content\/uploads\/2019\/07\/4.-Allinge-view-from-ship-Bornholm-Express-R2.A9..jpg\" title=\"4. Allinge, view from ship Bornholm Express, author: 7alaskan, source: https:\/\/www.panoramio.com\/photo\/12284019, 12.06.2008, reative Commons\u00a0Attribution-Share Alike 3.0 Unported.\" data-rl_title=\"4. Allinge, view from ship Bornholm Express, author: 7alaskan, source: https:\/\/www.panoramio.com\/photo\/12284019, 12.06.2008, reative Commons\u00a0Attribution-Share Alike 3.0 Unported.\" class=\"rl-gallery-link\" data-rl_caption=\"\" data-rel=\"lightbox-gallery-2\"><img src=\"https:\/\/sbt.ug.edu.pl\/wp-content\/uploads\/2019\/07\/4.-Allinge-view-from-ship-Bornholm-Express-R2.A9.-768x577.jpg\" width=\"640\" height=\"481\" alt=\"\" \/><\/a><\/div><div class=\"rl-gallery-item\"><a href=\"https:\/\/sbt.ug.edu.pl\/wp-content\/uploads\/2019\/07\/5.-MS-Povl-Anker-Roenne.-Bornholm-R2.A9..jpg\" title=\"5. MS Povl Anker Roenne. Bornholm, author: Politikaner; source: https:\/\/commons.wikimedia.org\/wiki\/File:20090817_MS_Povl_Anker_Roenne_bornholm_01.JPG; 08.2009, GNU Free Documentation License.\" data-rl_title=\"5. MS Povl Anker Roenne. Bornholm, author: Politikaner; source: https:\/\/commons.wikimedia.org\/wiki\/File:20090817_MS_Povl_Anker_Roenne_bornholm_01.JPG; 08.2009, GNU Free Documentation License.\" class=\"rl-gallery-link\" data-rl_caption=\"\" data-rel=\"lightbox-gallery-2\"><img src=\"https:\/\/sbt.ug.edu.pl\/wp-content\/uploads\/2019\/07\/5.-MS-Povl-Anker-Roenne.-Bornholm-R2.A9.-768x512.jpg\" width=\"640\" height=\"427\" alt=\"\" \/><\/a><\/div><div class=\"rl-gallery-item\"><a href=\"https:\/\/sbt.ug.edu.pl\/wp-content\/uploads\/2019\/07\/6.-Bornholm-Museum-DBJ-Nexo-R2.A9..jpg\" title=\"6. Bornholm Museum, DBJ Nexo, author: Ma\u0142gorzata Mi\u0142aszewska; source: https:\/\/commons.wikimedia.org\/wiki\/File:Bornholm_museum_DBJ_Nexo.jpg; 08.2007, R2.A9.\" data-rl_title=\"6. Bornholm Museum, DBJ Nexo, author: Ma\u0142gorzata Mi\u0142aszewska; source: https:\/\/commons.wikimedia.org\/wiki\/File:Bornholm_museum_DBJ_Nexo.jpg; 08.2007, R2.A9.\" class=\"rl-gallery-link\" data-rl_caption=\"\" data-rel=\"lightbox-gallery-2\"><img src=\"https:\/\/sbt.ug.edu.pl\/wp-content\/uploads\/2019\/07\/6.-Bornholm-Museum-DBJ-Nexo-R2.A9.-768x514.jpg\" width=\"640\" height=\"428\" alt=\"\" \/><\/a><\/div><div class=\"rl-gallery-item\"><a href=\"https:\/\/sbt.ug.edu.pl\/wp-content\/uploads\/2019\/07\/7.-DNK-Christianso-Bornholm-R2.A9..jpg\" title=\"7. DNK Christianso, Bornholm, author: Jens Bludau; source: https:\/\/commons.wikimedia.org\/wiki\/File:DNK_-_Christians%C3%B8_-_Bornholm_001.jpg; 09.1978; reative Commons\u00a0Attribution-Share Alike 3.0 Unported.\" data-rl_title=\"7. DNK Christianso, Bornholm, author: Jens Bludau; source: https:\/\/commons.wikimedia.org\/wiki\/File:DNK_-_Christians%C3%B8_-_Bornholm_001.jpg; 09.1978; reative Commons\u00a0Attribution-Share Alike 3.0 Unported.\" class=\"rl-gallery-link\" data-rl_caption=\"\" data-rel=\"lightbox-gallery-2\"><img src=\"https:\/\/sbt.ug.edu.pl\/wp-content\/uploads\/2019\/07\/7.-DNK-Christianso-Bornholm-R2.A9.-768x512.jpg\" width=\"640\" height=\"427\" alt=\"\" \/><\/a><\/div><div class=\"rl-gallery-item\"><a href=\"https:\/\/sbt.ug.edu.pl\/wp-content\/uploads\/2019\/07\/8.-Dueodde-Beach-R2.A9..jpg\" title=\"8. Dueodde Beach, author: Danielle Keller, source: https:\/\/da.wikipedia.org\/wiki\/Dueodde; 24.07.2006, Public domain.\" data-rl_title=\"8. Dueodde Beach, author: Danielle Keller, source: https:\/\/da.wikipedia.org\/wiki\/Dueodde; 24.07.2006, Public domain.\" class=\"rl-gallery-link\" data-rl_caption=\"\" data-rel=\"lightbox-gallery-2\"><img src=\"https:\/\/sbt.ug.edu.pl\/wp-content\/uploads\/2019\/07\/8.-Dueodde-Beach-R2.A9.-768x576.jpg\" width=\"640\" height=\"480\" alt=\"\" \/><\/a><\/div><div class=\"rl-gallery-item\"><a href=\"https:\/\/sbt.ug.edu.pl\/wp-content\/uploads\/2019\/07\/9.-Roenne-Harbour-Bornholm-R2.A9..jpg\" title=\"9. Roenne Harbour, Bornholm, author: Mstyslav Chernov; source: https:\/\/commons.wikimedia.org\/wiki\/File:R%C3%B8nne_harbour,_Bornholm,_Denmark,_Northern_Europe.jpg; 29.07.2008, reative Commons\u00a0Attribution-Share Alike 3.0 Unported.\" data-rl_title=\"9. Roenne Harbour, Bornholm, author: Mstyslav Chernov; source: https:\/\/commons.wikimedia.org\/wiki\/File:R%C3%B8nne_harbour,_Bornholm,_Denmark,_Northern_Europe.jpg; 29.07.2008, reative Commons\u00a0Attribution-Share Alike 3.0 Unported.\" class=\"rl-gallery-link\" data-rl_caption=\"\" data-rel=\"lightbox-gallery-2\"><img src=\"https:\/\/sbt.ug.edu.pl\/wp-content\/uploads\/2019\/07\/9.-Roenne-Harbour-Bornholm-R2.A9.-768x384.jpg\" width=\"640\" height=\"320\" alt=\"\" \/><\/a><\/div><div class=\"rl-gallery-item\"><a href=\"https:\/\/sbt.ug.edu.pl\/wp-content\/uploads\/2019\/07\/10.-Hammershus-Bornholm-R2.A9..jpg\" title=\"10. Hammershus, Bornholm, author: aconcagua (talk); source: https:\/\/commons.wikimedia.org\/w\/index.php?curid=34914497; 20.08.2014; GNU Free Documentation License.\" data-rl_title=\"10. Hammershus, Bornholm, author: aconcagua (talk); source: https:\/\/commons.wikimedia.org\/w\/index.php?curid=34914497; 20.08.2014; GNU Free Documentation License.\" class=\"rl-gallery-link\" data-rl_caption=\"\" data-rel=\"lightbox-gallery-2\"><img src=\"https:\/\/sbt.ug.edu.pl\/wp-content\/uploads\/2019\/07\/10.-Hammershus-Bornholm-R2.A9.-768x512.jpg\" width=\"640\" height=\"427\" alt=\"\" \/><\/a><\/div> <\/div> <\/div><\/code><\/p>\n<p style=\"text-align: justify;\">\n<p><\/p>","protected":false},"excerpt":{"rendered":"<p>LOKALIZACJA Na wyspie Bornholm dost\u0119pna jest rozleg\u0142a sie\u0107 tras rowerowych, zar\u00f3wno przybrze\u017cnych, \u015br\u00f3dl\u0105dowych, jak i g\u00f3rskich. Tury\u015bci pod\u0105\u017caj\u0105cy niniejszym szlakiem powinni koniecznie wypr\u00f3bowa\u0107 szlaku rowerowego we wschodniej i p\u00f3\u0142nocnej cz\u0119\u015bci wyspy, w pobli\u017cu miejsc do surfowania (takich jak pla\u017ca w Balce). Do wyspy Bornholm mo\u017cna dosta\u0107 si\u0119 promem z Ystad (Szwecja), K\u00f8ge (Zelandia, Dania) lub [&hellip;]<\/p>\n","protected":false},"author":1,"featured_media":0,"parent":174,"menu_order":0,"comment_status":"closed","ping_status":"closed","template":"","meta":[],"categories":[34,13,9],"tags":[],"_links":{"self":[{"href":"https:\/\/sbt.ug.edu.pl\/pl\/wp-json\/wp\/v2\/pages\/330"}],"collection":[{"href":"https:\/\/sbt.ug.edu.pl\/pl\/wp-json\/wp\/v2\/pages"}],"about":[{"href":"https:\/\/sbt.ug.edu.pl\/pl\/wp-json\/wp\/v2\/types\/page"}],"author":[{"embeddable":true,"href":"https:\/\/sbt.ug.edu.pl\/pl\/wp-json\/wp\/v2\/users\/1"}],"replies":[{"embeddable":true,"href":"https:\/\/sbt.ug.edu.pl\/pl\/wp-json\/wp\/v2\/comments?post=330"}],"version-history":[{"count":19,"href":"https:\/\/sbt.ug.edu.pl\/pl\/wp-json\/wp\/v2\/pages\/330\/revisions"}],"predecessor-version":[{"id":5810,"href":"https:\/\/sbt.ug.edu.pl\/pl\/wp-json\/wp\/v2\/pages\/330\/revisions\/5810"}],"up":[{"embeddable":true,"href":"https:\/\/sbt.ug.edu.pl\/pl\/wp-json\/wp\/v2\/pages\/174"}],"wp:attachment":[{"href":"https:\/\/sbt.ug.edu.pl\/pl\/wp-json\/wp\/v2\/media?parent=330"}],"wp:term":[{"taxonomy":"category","embeddable":true,"href":"https:\/\/sbt.ug.edu.pl\/pl\/wp-json\/wp\/v2\/categories?post=330"},{"taxonomy":"post_tag","embeddable":true,"href":"https:\/\/sbt.ug.edu.pl\/pl\/wp-json\/wp\/v2\/tags?post=330"}],"curies":[{"name":"wp","href":"https:\/\/api.w.org\/{rel}","templated":true}]}}