{"id":336,"date":"2018-11-19T20:15:18","date_gmt":"2018-11-19T19:15:18","guid":{"rendered":"http:\/\/southbaltic-tourist.eu\/?page_id=336"},"modified":"2021-06-10T16:07:21","modified_gmt":"2021-06-10T15:07:21","slug":"10-malmo-surfhotspots","status":"publish","type":"page","link":"https:\/\/sbt.ug.edu.pl\/pl\/routes\/windsurfing-exploration\/10-malmo-surfhotspots\/","title":{"rendered":"10. MIEJSCA SURFINGOWE W MALM\u00d6"},"content":{"rendered":"<p><\/p>\n<p style=\"text-align: justify;\"><strong>LOKALIZACJA <\/strong><\/p>\n<p style=\"text-align: justify;\">Spoty surfingowe w Malm\u00f6 znajduj\u0105 si\u0119 tu\u017c przy centrum miasta (V\u00e4stra Hamnen), ale tak\u017ce niedaleko na p\u00f3\u0142noc od miasta (Lomma, Habo Ljung) oraz na po\u0142udnie i s\u0105 \u0142atwo dost\u0119pne samochodem. Malm\u00f6 jest stolic\u0105 Skanii, najbardziej wysuni\u0119tego na po\u0142udnie regionu Szwecji. Do miasta mo\u017cna dotrze\u0107 samolotem. Dogodny dojazd jest tak\u017ce z Kopenhagi, z kt\u00f3r\u0105 Malm\u00f6 jest po\u0142\u0105czony mostem morskim. Do Szwecji mo\u017cna r\u00f3wnie\u017c dop\u0142yn\u0105\u0107 promami z Niemiec (naj\u0142atwiejsz\u0105 lini\u0105 promow\u0105 jest Sassnitz &#8211; Trelleborg), z Polski (linia promowa: \u015awinouj\u015bcie-Ystad) i z Litwy (linia promowa: K\u0142ajpeda- Karlshamn). Wsp\u00f3\u0142rz\u0119dne geograficzne miasta Malm\u00f6: 55\u00b036\u2032N 13\u00b000\u2032E.<\/p>\n<p style=\"text-align: justify;\"><img decoding=\"async\" loading=\"lazy\" class=\"alignleft wp-image-338\" src=\"https:\/\/southbaltic-tourist.eu\/wp-content\/uploads\/2018\/11\/10.1.png\" alt=\"\" width=\"497\" height=\"300\" srcset=\"https:\/\/sbt.ug.edu.pl\/wp-content\/uploads\/2018\/11\/10.1.png 610w, https:\/\/sbt.ug.edu.pl\/wp-content\/uploads\/2018\/11\/10.1-300x181.png 300w\" sizes=\"(max-width: 497px) 100vw, 497px\" \/><\/p>\n<p style=\"text-align: justify;\"><a href=\"https:\/\/southbaltic-tourist.eu\/wp-content\/uploads\/2020\/01\/r1a10_Malmo_Surfing_slim.png\" data-rel=\"lightbox-gallery-qmKmn6eN\" data-rl_title=\"\" data-rl_caption=\"\" title=\"\"><img decoding=\"async\" loading=\"lazy\" class=\"alignnone wp-image-5134\" src=\"https:\/\/southbaltic-tourist.eu\/wp-content\/uploads\/2020\/01\/r1a10_Malmo_Surfing_slim-300x174.png\" alt=\"\" width=\"517\" height=\"300\" srcset=\"https:\/\/sbt.ug.edu.pl\/wp-content\/uploads\/2020\/01\/r1a10_Malmo_Surfing_slim-300x174.png 300w, https:\/\/sbt.ug.edu.pl\/wp-content\/uploads\/2020\/01\/r1a10_Malmo_Surfing_slim-1024x594.png 1024w, https:\/\/sbt.ug.edu.pl\/wp-content\/uploads\/2020\/01\/r1a10_Malmo_Surfing_slim-768x445.png 768w, https:\/\/sbt.ug.edu.pl\/wp-content\/uploads\/2020\/01\/r1a10_Malmo_Surfing_slim-1536x891.png 1536w, https:\/\/sbt.ug.edu.pl\/wp-content\/uploads\/2020\/01\/r1a10_Malmo_Surfing_slim-150x87.png 150w, https:\/\/sbt.ug.edu.pl\/wp-content\/uploads\/2020\/01\/r1a10_Malmo_Surfing_slim.png 1600w\" sizes=\"(max-width: 517px) 100vw, 517px\" \/><\/a><\/p>\n<p style=\"text-align: justify;\"><a href=\"https:\/\/www.google.com\/maps\/place\/Malmo,+Szwecja\/@55.6143217,12.9074763,11z\/data=!4m5!3m4!1s0x465305a574c491ff:0xd3a905dfbd4888e5!8m2!3d55.604981!4d13.003822\" target=\"_blank\" rel=\"noopener noreferrer\">View on Google Maps<\/a><\/p>\n<p style=\"text-align: justify;\"><strong>SPOTY SURFINGOWE W MALM\u00d6<\/strong><\/p>\n<p style=\"text-align: justify;\">Wszystkie miejsca surfingowe w Malm\u00f6 znajduj\u0105 si\u0119 na zachodnim brzegu Skanii, wzd\u0142u\u017c cie\u015bniny \u00d6resund &#8211; miejsca, gdzie s\u0142one wody Morza P\u00f3\u0142nocnego mieszaj\u0105 si\u0119 z wodami Ba\u0142tyku. Ekspozycja na zach\u00f3d stwarza idealne warunki wiatrowe, jednak przez wi\u0119kszo\u015b\u0107 roku fale s\u0105 niskie lub umiarkowane (zazwyczaj p\u0142askie). Ma\u0142e pla\u017ce i trawiaste tereny otaczaj\u0105ce spoty zapewniaj\u0105 \u0142atwy dost\u0119p do morza. Malm\u00f6 to bardzo atrakcyjne miejsce odbywania kurs\u00f3w windsurfingu i kitesurfingu. R\u00f3\u017cnorodno\u015b\u0107 wybrze\u017cy wok\u00f3\u0142 miasta oferuje zar\u00f3wno p\u0142ytkie, jak i g\u0142\u0119bsze wody, kt\u00f3re umo\u017cliwiaj\u0105 korzystanie z kilku form surfingu.<\/p>\n<p style=\"text-align: justify;\"><strong>ATRAKCJE<\/strong><\/p>\n<p style=\"text-align: justify;\">Skania jako region jest bardzo pi\u0119kn\u0105 cz\u0119\u015bci\u0105 Szwecji. Oferuje r\u00f3\u017cne atrakcje, pocz\u0105wszy od miejsc dziedzictwa kulturowego (stare zamki, katedry, ko\u015bcio\u0142y, historyczne miasta, malownicze miasteczka i wioski), po obiekty dziedzictwa naturalnego (tereny rolnicze, parki narodowe i rezerwaty przyrody). Region charakteryzuje si\u0119 r\u00f3wnie\u017c rozleg\u0142\u0105 sieci\u0105 tras rowerowych, kt\u00f3re umo\u017cliwiaj\u0105 aktywne odkrywanie kulturowego i naturalnego pi\u0119kna regionu, pe\u0142nego ma\u0142ych wysp. Najbardziej znan\u0105 jest wyspa Ven. Skania po\u0142o\u017cona jest bardzo blisko Kopenhagi. Wa\u017cnym zabytkiem w okolicy jest Most \u00d6resund \u0142\u0105cz\u0105cy Szwecj\u0119 z Dani\u0105.<\/p>\n<p style=\"text-align: justify;\">\n<h2 style=\"text-align: justify;\"><strong>Move to Attractions bellow or -&gt;<a href=\"https:\/\/southbaltic-tourist.eu\/routes\/windsurfing-exploration\/1-ru%cc%88gen-surfhotspot\/\">Move to Attraction No. 1<\/a><\/strong><\/h2>\n<p style=\"text-align: justify;\">[post_grid id=&#8221;229&#8243;]<\/p>\n<p style=\"text-align: justify;\"><code><div class=\"rl-gallery-container rl-loading\" id=\"rl-gallery-container-2\" data-gallery_id=\"1189\"> <div class=\"rl-gallery rl-basicgrid-gallery \" id=\"rl-gallery-2\" data-gallery_no=\"2\"> <div class=\"rl-gallery-item\"><a href=\"https:\/\/sbt.ug.edu.pl\/wp-content\/uploads\/2019\/07\/2.-Lomma-Beach-kitesurfing-spot-R2.A10..jpg\" title=\"2. Lomma Beach kitesurfing spot, author: Przemyslaw Kulawczuk \/ BHR\" data-rl_title=\"2. Lomma Beach kitesurfing spot, author: Przemyslaw Kulawczuk \/ BHR\" class=\"rl-gallery-link\" data-rl_caption=\"\" data-rel=\"lightbox-gallery-2\"><img src=\"https:\/\/sbt.ug.edu.pl\/wp-content\/uploads\/2019\/07\/2.-Lomma-Beach-kitesurfing-spot-R2.A10.-768x512.jpg\" width=\"640\" height=\"427\" alt=\"\" \/><\/a><\/div><div class=\"rl-gallery-item\"><a href=\"https:\/\/sbt.ug.edu.pl\/wp-content\/uploads\/2019\/07\/3.-Lomma-Beach-kitsurfing-spot-R2.A10..jpg\" title=\"3. Lomma Beach kitesurfing spot, author: Przemyslaw Kulawczuk \/ BHR\" data-rl_title=\"3. Lomma Beach kitesurfing spot, author: Przemyslaw Kulawczuk \/ BHR\" class=\"rl-gallery-link\" data-rl_caption=\"\" data-rel=\"lightbox-gallery-2\"><img src=\"https:\/\/sbt.ug.edu.pl\/wp-content\/uploads\/2019\/07\/3.-Lomma-Beach-kitsurfing-spot-R2.A10.-768x512.jpg\" width=\"640\" height=\"427\" alt=\"\" \/><\/a><\/div><div class=\"rl-gallery-item\"><a href=\"https:\/\/sbt.ug.edu.pl\/wp-content\/uploads\/2019\/07\/4.-Lomma-Beach-kitsurfing-spot-R2.A10..jpg\" title=\"4. Lomma Beach kitesurfing spot, author: Przemyslaw Kulawczuk \/ BHR\" data-rl_title=\"4. Lomma Beach kitesurfing spot, author: Przemyslaw Kulawczuk \/ BHR\" class=\"rl-gallery-link\" data-rl_caption=\"\" data-rel=\"lightbox-gallery-2\"><img src=\"https:\/\/sbt.ug.edu.pl\/wp-content\/uploads\/2019\/07\/4.-Lomma-Beach-kitsurfing-spot-R2.A10.-768x512.jpg\" width=\"640\" height=\"427\" alt=\"\" \/><\/a><\/div><div class=\"rl-gallery-item\"><a href=\"https:\/\/sbt.ug.edu.pl\/wp-content\/uploads\/2019\/07\/5.-Lomma-Beach-kitsurfing-spot-R2.A10..jpg\" title=\"5. Lomma Beach kitesurfing spot, author: Przemyslaw Kulawczuk \/ BHR\" data-rl_title=\"5. Lomma Beach kitesurfing spot, author: Przemyslaw Kulawczuk \/ BHR\" class=\"rl-gallery-link\" data-rl_caption=\"\" data-rel=\"lightbox-gallery-2\"><img src=\"https:\/\/sbt.ug.edu.pl\/wp-content\/uploads\/2019\/07\/5.-Lomma-Beach-kitsurfing-spot-R2.A10.-768x512.jpg\" width=\"640\" height=\"427\" alt=\"\" \/><\/a><\/div><div class=\"rl-gallery-item\"><a href=\"https:\/\/sbt.ug.edu.pl\/wp-content\/uploads\/2019\/07\/6.-Lomma-Beach-kitsurfing-spot-R2.A10..jpg\" title=\"6. Lomma Beach kitesurfing spot, author: Przemyslaw Kulawczuk \/ BHR\" data-rl_title=\"6. Lomma Beach kitesurfing spot, author: Przemyslaw Kulawczuk \/ BHR\" class=\"rl-gallery-link\" data-rl_caption=\"\" data-rel=\"lightbox-gallery-2\"><img src=\"https:\/\/sbt.ug.edu.pl\/wp-content\/uploads\/2019\/07\/6.-Lomma-Beach-kitsurfing-spot-R2.A10.-768x512.jpg\" width=\"640\" height=\"427\" alt=\"\" \/><\/a><\/div><div class=\"rl-gallery-item\"><a href=\"https:\/\/sbt.ug.edu.pl\/wp-content\/uploads\/2019\/07\/7.-Lomma-Beach-kitsurfing-spot-R2.A10..jpg\" title=\"7. Lomma Beach kitesurfing spot, author: Przemyslaw Kulawczuk \/ BHR\" data-rl_title=\"7. Lomma Beach kitesurfing spot, author: Przemyslaw Kulawczuk \/ BHR\" class=\"rl-gallery-link\" data-rl_caption=\"\" data-rel=\"lightbox-gallery-2\"><img src=\"https:\/\/sbt.ug.edu.pl\/wp-content\/uploads\/2019\/07\/7.-Lomma-Beach-kitsurfing-spot-R2.A10.-768x512.jpg\" width=\"640\" height=\"427\" alt=\"\" \/><\/a><\/div><div class=\"rl-gallery-item\"><a href=\"https:\/\/sbt.ug.edu.pl\/wp-content\/uploads\/2019\/07\/8.-Lomma-Beach-kitsurfing-spot-R2.A10..jpg\" title=\"8. Lomma Beach kitesurfing spot, author: Przemyslaw Kulawczuk \/ BHR\" data-rl_title=\"8. Lomma Beach kitesurfing spot, author: Przemyslaw Kulawczuk \/ BHR\" class=\"rl-gallery-link\" data-rl_caption=\"\" data-rel=\"lightbox-gallery-2\"><img src=\"https:\/\/sbt.ug.edu.pl\/wp-content\/uploads\/2019\/07\/8.-Lomma-Beach-kitsurfing-spot-R2.A10.-768x512.jpg\" width=\"640\" height=\"427\" alt=\"\" \/><\/a><\/div><div class=\"rl-gallery-item\"><a href=\"https:\/\/sbt.ug.edu.pl\/wp-content\/uploads\/2019\/07\/9.-Lomma-Beach-kitsurfing-spot-R2.A10..jpg\" title=\"9. Lomma Beach kitesurfing spot, author: Przemyslaw Kulawczuk \/ BHR\" data-rl_title=\"9. Lomma Beach kitesurfing spot, author: Przemyslaw Kulawczuk \/ BHR\" class=\"rl-gallery-link\" data-rl_caption=\"\" data-rel=\"lightbox-gallery-2\"><img src=\"https:\/\/sbt.ug.edu.pl\/wp-content\/uploads\/2019\/07\/9.-Lomma-Beach-kitsurfing-spot-R2.A10.-768x512.jpg\" width=\"640\" height=\"427\" alt=\"\" \/><\/a><\/div><div class=\"rl-gallery-item\"><a href=\"https:\/\/sbt.ug.edu.pl\/wp-content\/uploads\/2019\/07\/10.-Lomma-Beach-kitsurfing-spot-R2.A10..jpg\" title=\"10. Lomma Beach kitesurfing spot, author: Przemyslaw Kulawczuk \/ BHR\" data-rl_title=\"10. Lomma Beach kitesurfing spot, author: Przemyslaw Kulawczuk \/ BHR\" class=\"rl-gallery-link\" data-rl_caption=\"\" data-rel=\"lightbox-gallery-2\"><img src=\"https:\/\/sbt.ug.edu.pl\/wp-content\/uploads\/2019\/07\/10.-Lomma-Beach-kitsurfing-spot-R2.A10.-768x512.jpg\" width=\"640\" height=\"427\" alt=\"\" \/><\/a><\/div><div class=\"rl-gallery-item\"><a href=\"https:\/\/sbt.ug.edu.pl\/wp-content\/uploads\/2019\/07\/11.-Lomma-Beach-kitsurfing-spot-R2.A10..jpg\" title=\"11. Lomma Beach kitesurfing spot, author: Przemyslaw Kulawczuk \/ BHR\" data-rl_title=\"11. Lomma Beach kitesurfing spot, author: Przemyslaw Kulawczuk \/ BHR\" class=\"rl-gallery-link\" data-rl_caption=\"\" data-rel=\"lightbox-gallery-2\"><img src=\"https:\/\/sbt.ug.edu.pl\/wp-content\/uploads\/2019\/07\/11.-Lomma-Beach-kitsurfing-spot-R2.A10.-768x509.jpg\" width=\"640\" height=\"424\" alt=\"\" \/><\/a><\/div><div class=\"rl-gallery-item\"><a href=\"https:\/\/sbt.ug.edu.pl\/wp-content\/uploads\/2019\/07\/12.-Lomma-Beach-kitsurfing-spot-R2.A10..jpg\" title=\"12. Lomma Beach kitesurfing spot, author: Przemyslaw Kulawczuk \/ BHR\" data-rl_title=\"12. Lomma Beach kitesurfing spot, author: Przemyslaw Kulawczuk \/ BHR\" class=\"rl-gallery-link\" data-rl_caption=\"\" data-rel=\"lightbox-gallery-2\"><img src=\"https:\/\/sbt.ug.edu.pl\/wp-content\/uploads\/2019\/07\/12.-Lomma-Beach-kitsurfing-spot-R2.A10.-768x509.jpg\" width=\"640\" height=\"424\" alt=\"\" \/><\/a><\/div><div class=\"rl-gallery-item\"><a href=\"https:\/\/sbt.ug.edu.pl\/wp-content\/uploads\/2019\/07\/13.-Lomma-Beach-kitsurfing-spot-R2.A10..jpg\" title=\"13. Lomma Beach kitesurfing spot, author: Przemyslaw Kulawczuk \/ BHR\" data-rl_title=\"13. Lomma Beach kitesurfing spot, author: Przemyslaw Kulawczuk \/ BHR\" class=\"rl-gallery-link\" data-rl_caption=\"\" data-rel=\"lightbox-gallery-2\"><img src=\"https:\/\/sbt.ug.edu.pl\/wp-content\/uploads\/2019\/07\/13.-Lomma-Beach-kitsurfing-spot-R2.A10.-768x509.jpg\" width=\"640\" height=\"424\" alt=\"\" \/><\/a><\/div><div class=\"rl-gallery-item\"><a href=\"https:\/\/sbt.ug.edu.pl\/wp-content\/uploads\/2019\/07\/14.-Lomma-Beach-kitsurfing-spot-R2.A10..jpg\" title=\"14. Lomma Beach kitesurfing spot, author: Przemyslaw Kulawczuk \/ BHR\" data-rl_title=\"14. Lomma Beach kitesurfing spot, author: Przemyslaw Kulawczuk \/ BHR\" class=\"rl-gallery-link\" data-rl_caption=\"\" data-rel=\"lightbox-gallery-2\"><img src=\"https:\/\/sbt.ug.edu.pl\/wp-content\/uploads\/2019\/07\/14.-Lomma-Beach-kitsurfing-spot-R2.A10.-768x509.jpg\" width=\"640\" height=\"424\" alt=\"\" \/><\/a><\/div><div class=\"rl-gallery-item\"><a href=\"https:\/\/sbt.ug.edu.pl\/wp-content\/uploads\/2019\/07\/15.-Lomma-Beach-kitsurfing-spot-R2.A10..jpg\" title=\"15. Lomma Beach kitesurfing spot, author: Przemyslaw Kulawczuk \/ BHR\" data-rl_title=\"15. Lomma Beach kitesurfing spot, author: Przemyslaw Kulawczuk \/ BHR\" class=\"rl-gallery-link\" data-rl_caption=\"\" data-rel=\"lightbox-gallery-2\"><img src=\"https:\/\/sbt.ug.edu.pl\/wp-content\/uploads\/2019\/07\/15.-Lomma-Beach-kitsurfing-spot-R2.A10.-768x509.jpg\" width=\"640\" height=\"424\" alt=\"\" \/><\/a><\/div><div class=\"rl-gallery-item\"><a href=\"https:\/\/sbt.ug.edu.pl\/wp-content\/uploads\/2019\/07\/16.-Lomma-Beach-kitsurfing-spot-R2.A10..jpg\" title=\"16. Lomma Beach kitesurfing spot, author: Przemyslaw Kulawczuk \/ BHR\" data-rl_title=\"16. Lomma Beach kitesurfing spot, author: Przemyslaw Kulawczuk \/ BHR\" class=\"rl-gallery-link\" data-rl_caption=\"\" data-rel=\"lightbox-gallery-2\"><img src=\"https:\/\/sbt.ug.edu.pl\/wp-content\/uploads\/2019\/07\/16.-Lomma-Beach-kitsurfing-spot-R2.A10.-768x509.jpg\" width=\"640\" height=\"424\" alt=\"\" \/><\/a><\/div><div class=\"rl-gallery-item\"><a href=\"https:\/\/sbt.ug.edu.pl\/wp-content\/uploads\/2019\/07\/17.-Lomma-Beach-kitsurfing-spot-R2.A10..jpg\" title=\"17. Lomma Beach kitesurfing spot, author: Przemyslaw Kulawczuk \/ BHR\" data-rl_title=\"17. Lomma Beach kitesurfing spot, author: Przemyslaw Kulawczuk \/ BHR\" class=\"rl-gallery-link\" data-rl_caption=\"\" data-rel=\"lightbox-gallery-2\"><img src=\"https:\/\/sbt.ug.edu.pl\/wp-content\/uploads\/2019\/07\/17.-Lomma-Beach-kitsurfing-spot-R2.A10.-768x512.jpg\" width=\"640\" height=\"427\" alt=\"\" \/><\/a><\/div><div class=\"rl-gallery-item\"><a href=\"https:\/\/sbt.ug.edu.pl\/wp-content\/uploads\/2019\/07\/18.-Lomma-Beach-kitsurfing-spot-R2.A10..jpg\" title=\"18. Lomma Beach kitesurfing spot, author: Przemyslaw Kulawczuk \/ BHR\" data-rl_title=\"18. Lomma Beach kitesurfing spot, author: Przemyslaw Kulawczuk \/ BHR\" class=\"rl-gallery-link\" data-rl_caption=\"\" data-rel=\"lightbox-gallery-2\"><img src=\"https:\/\/sbt.ug.edu.pl\/wp-content\/uploads\/2019\/07\/18.-Lomma-Beach-kitsurfing-spot-R2.A10.-768x512.jpg\" width=\"640\" height=\"427\" alt=\"\" \/><\/a><\/div><div class=\"rl-gallery-item\"><a href=\"https:\/\/sbt.ug.edu.pl\/wp-content\/uploads\/2019\/07\/19.-Lomma-Beach-kitsurfing-spot-R2.A10..jpg\" title=\"19. Lomma Beach kitesurfing spot, author: Przemyslaw Kulawczuk \/ BHR\" data-rl_title=\"19. Lomma Beach kitesurfing spot, author: Przemyslaw Kulawczuk \/ BHR\" class=\"rl-gallery-link\" data-rl_caption=\"\" data-rel=\"lightbox-gallery-2\"><img src=\"https:\/\/sbt.ug.edu.pl\/wp-content\/uploads\/2019\/07\/19.-Lomma-Beach-kitsurfing-spot-R2.A10.-768x512.jpg\" width=\"640\" height=\"427\" alt=\"\" \/><\/a><\/div><div class=\"rl-gallery-item\"><a href=\"https:\/\/sbt.ug.edu.pl\/wp-content\/uploads\/2019\/07\/20.-Lomma-Beach-kitsurfing-spot-R2.A10..jpg\" title=\"20. Lomma Beach kitesurfing spot, author: Przemyslaw Kulawczuk \/ BHR\" data-rl_title=\"20. Lomma Beach kitesurfing spot, author: Przemyslaw Kulawczuk \/ BHR\" class=\"rl-gallery-link\" data-rl_caption=\"\" data-rel=\"lightbox-gallery-2\"><img src=\"https:\/\/sbt.ug.edu.pl\/wp-content\/uploads\/2019\/07\/20.-Lomma-Beach-kitsurfing-spot-R2.A10.-768x512.jpg\" width=\"640\" height=\"427\" alt=\"\" \/><\/a><\/div><div class=\"rl-gallery-item\"><a href=\"https:\/\/sbt.ug.edu.pl\/wp-content\/uploads\/2019\/07\/21.-Lomma-Beach-windsurfing-spot-R2.A10..jpg\" title=\"21. Lomma Beach kitesurfing spot, author: Przemyslaw Kulawczuk \/ BHR\" data-rl_title=\"21. Lomma Beach kitesurfing spot, author: Przemyslaw Kulawczuk \/ BHR\" class=\"rl-gallery-link\" data-rl_caption=\"\" data-rel=\"lightbox-gallery-2\"><img src=\"https:\/\/sbt.ug.edu.pl\/wp-content\/uploads\/2019\/07\/21.-Lomma-Beach-windsurfing-spot-R2.A10.-768x509.jpg\" width=\"640\" height=\"424\" alt=\"\" \/><\/a><\/div><div class=\"rl-gallery-item\"><a href=\"https:\/\/sbt.ug.edu.pl\/wp-content\/uploads\/2019\/07\/22.-Lomma-Beach-windsurfing-spot-R2.A10..jpg\" title=\"22. Lomma Beach kitesurfing spot, author: Przemyslaw Kulawczuk \/ BHR\" data-rl_title=\"22. Lomma Beach kitesurfing spot, author: Przemyslaw Kulawczuk \/ BHR\" class=\"rl-gallery-link\" data-rl_caption=\"\" data-rel=\"lightbox-gallery-2\"><img src=\"https:\/\/sbt.ug.edu.pl\/wp-content\/uploads\/2019\/07\/22.-Lomma-Beach-windsurfing-spot-R2.A10.-768x509.jpg\" width=\"640\" height=\"424\" alt=\"\" \/><\/a><\/div><div class=\"rl-gallery-item\"><a href=\"https:\/\/sbt.ug.edu.pl\/wp-content\/uploads\/2019\/07\/23.-Lomma-Beach-windsurfing-spot-R2.A10..jpg\" title=\"23. Lomma Beach kitesurfing spot, author: Przemyslaw Kulawczuk \/ BHR\" data-rl_title=\"23. Lomma Beach kitesurfing spot, author: Przemyslaw Kulawczuk \/ BHR\" class=\"rl-gallery-link\" data-rl_caption=\"\" data-rel=\"lightbox-gallery-2\"><img src=\"https:\/\/sbt.ug.edu.pl\/wp-content\/uploads\/2019\/07\/23.-Lomma-Beach-windsurfing-spot-R2.A10.-768x509.jpg\" width=\"640\" height=\"424\" alt=\"\" \/><\/a><\/div><div class=\"rl-gallery-item\"><a href=\"https:\/\/sbt.ug.edu.pl\/wp-content\/uploads\/2019\/07\/24.-Lomma-Beach-windsurfing-spot-R2.A10..jpg\" title=\"24. Lomma Beach kitesurfing spot, author: Przemyslaw Kulawczuk \/ BHR\" data-rl_title=\"24. Lomma Beach kitesurfing spot, author: Przemyslaw Kulawczuk \/ BHR\" class=\"rl-gallery-link\" data-rl_caption=\"\" data-rel=\"lightbox-gallery-2\"><img src=\"https:\/\/sbt.ug.edu.pl\/wp-content\/uploads\/2019\/07\/24.-Lomma-Beach-windsurfing-spot-R2.A10.-768x509.jpg\" width=\"640\" height=\"424\" alt=\"\" \/><\/a><\/div><div class=\"rl-gallery-item\"><a href=\"https:\/\/sbt.ug.edu.pl\/wp-content\/uploads\/2019\/07\/25.-Lomma-Beach-windsurfing-spot-R2.A10..jpg\" title=\"25. Lomma Beach kitesurfing spot, author: Przemyslaw Kulawczuk \/ BHR\" data-rl_title=\"25. Lomma Beach kitesurfing spot, author: Przemyslaw Kulawczuk \/ BHR\" class=\"rl-gallery-link\" data-rl_caption=\"\" data-rel=\"lightbox-gallery-2\"><img src=\"https:\/\/sbt.ug.edu.pl\/wp-content\/uploads\/2019\/07\/25.-Lomma-Beach-windsurfing-spot-R2.A10.-768x509.jpg\" width=\"640\" height=\"424\" alt=\"\" \/><\/a><\/div><div class=\"rl-gallery-item\"><a href=\"https:\/\/sbt.ug.edu.pl\/wp-content\/uploads\/2019\/07\/1.-Lomma-Beach-kitsurfing-spot-R2.A10..jpg\" title=\"2. Lomma Beach, Przemyslaw Kulawczuk\" data-rl_title=\"2. Lomma Beach, Przemyslaw Kulawczuk\" class=\"rl-gallery-link\" data-rl_caption=\"\" data-rel=\"lightbox-gallery-2\"><img src=\"https:\/\/sbt.ug.edu.pl\/wp-content\/uploads\/2019\/07\/1.-Lomma-Beach-kitsurfing-spot-R2.A10.-768x512.jpg\" width=\"640\" height=\"427\" alt=\"\" \/><\/a><\/div> <\/div> <\/div><\/code><\/p>\n<p style=\"text-align: justify;\">\n<p><\/p>","protected":false},"excerpt":{"rendered":"<p>LOKALIZACJA Spoty surfingowe w Malm\u00f6 znajduj\u0105 si\u0119 tu\u017c przy centrum miasta (V\u00e4stra Hamnen), ale tak\u017ce niedaleko na p\u00f3\u0142noc od miasta (Lomma, Habo Ljung) oraz na po\u0142udnie i s\u0105 \u0142atwo dost\u0119pne samochodem. Malm\u00f6 jest stolic\u0105 Skanii, najbardziej wysuni\u0119tego na po\u0142udnie regionu Szwecji. Do miasta mo\u017cna dotrze\u0107 samolotem. Dogodny dojazd jest tak\u017ce z Kopenhagi, z kt\u00f3r\u0105 Malm\u00f6 [&hellip;]<\/p>\n","protected":false},"author":1,"featured_media":0,"parent":174,"menu_order":0,"comment_status":"closed","ping_status":"closed","template":"","meta":[],"categories":[34,12,9],"tags":[],"_links":{"self":[{"href":"https:\/\/sbt.ug.edu.pl\/pl\/wp-json\/wp\/v2\/pages\/336"}],"collection":[{"href":"https:\/\/sbt.ug.edu.pl\/pl\/wp-json\/wp\/v2\/pages"}],"about":[{"href":"https:\/\/sbt.ug.edu.pl\/pl\/wp-json\/wp\/v2\/types\/page"}],"author":[{"embeddable":true,"href":"https:\/\/sbt.ug.edu.pl\/pl\/wp-json\/wp\/v2\/users\/1"}],"replies":[{"embeddable":true,"href":"https:\/\/sbt.ug.edu.pl\/pl\/wp-json\/wp\/v2\/comments?post=336"}],"version-history":[{"count":17,"href":"https:\/\/sbt.ug.edu.pl\/pl\/wp-json\/wp\/v2\/pages\/336\/revisions"}],"predecessor-version":[{"id":5811,"href":"https:\/\/sbt.ug.edu.pl\/pl\/wp-json\/wp\/v2\/pages\/336\/revisions\/5811"}],"up":[{"embeddable":true,"href":"https:\/\/sbt.ug.edu.pl\/pl\/wp-json\/wp\/v2\/pages\/174"}],"wp:attachment":[{"href":"https:\/\/sbt.ug.edu.pl\/pl\/wp-json\/wp\/v2\/media?parent=336"}],"wp:term":[{"taxonomy":"category","embeddable":true,"href":"https:\/\/sbt.ug.edu.pl\/pl\/wp-json\/wp\/v2\/categories?post=336"},{"taxonomy":"post_tag","embeddable":true,"href":"https:\/\/sbt.ug.edu.pl\/pl\/wp-json\/wp\/v2\/tags?post=336"}],"curies":[{"name":"wp","href":"https:\/\/api.w.org\/{rel}","templated":true}]}}