{"id":3833,"date":"2019-07-30T14:55:23","date_gmt":"2019-07-30T12:55:23","guid":{"rendered":"https:\/\/southbaltic-tourist.eu\/?page_id=3833"},"modified":"2021-05-31T17:40:21","modified_gmt":"2021-05-31T16:40:21","slug":"r1-food-accommodation-1","status":"publish","type":"page","link":"https:\/\/sbt.ug.edu.pl\/pl\/routes\/kayaking-south-baltic\/r1-food-accommodation-1\/","title":{"rendered":"R1. WY\u017bYWIENIE I ZAKWATEROWANIE 1"},"content":{"rendered":"<p><img decoding=\"async\" loading=\"lazy\" class=\"alignnone size-medium wp-image-3834 alignleft\" src=\"https:\/\/southbaltic-tourist.eu\/wp-content\/uploads\/2019\/07\/1-6-300x200.jpg\" alt=\"\" width=\"300\" height=\"200\" srcset=\"https:\/\/sbt.ug.edu.pl\/wp-content\/uploads\/2019\/07\/1-6-300x200.jpg 300w, https:\/\/sbt.ug.edu.pl\/wp-content\/uploads\/2019\/07\/1-6-768x512.jpg 768w, https:\/\/sbt.ug.edu.pl\/wp-content\/uploads\/2019\/07\/1-6-1024x683.jpg 1024w, https:\/\/sbt.ug.edu.pl\/wp-content\/uploads\/2019\/07\/1-6-150x100.jpg 150w, https:\/\/sbt.ug.edu.pl\/wp-content\/uploads\/2019\/07\/1-6.jpg 1500w\" sizes=\"(max-width: 300px) 100vw, 300px\" \/><\/p>\n<p><img decoding=\"async\" loading=\"lazy\" class=\"alignnone wp-image-3835 alignleft\" src=\"https:\/\/southbaltic-tourist.eu\/wp-content\/uploads\/2019\/07\/11-7-300x169.jpg\" alt=\"\" width=\"353\" height=\"199\" srcset=\"https:\/\/sbt.ug.edu.pl\/wp-content\/uploads\/2019\/07\/11-7-300x169.jpg 300w, https:\/\/sbt.ug.edu.pl\/wp-content\/uploads\/2019\/07\/11-7-768x433.jpg 768w, https:\/\/sbt.ug.edu.pl\/wp-content\/uploads\/2019\/07\/11-7-150x85.jpg 150w, https:\/\/sbt.ug.edu.pl\/wp-content\/uploads\/2019\/07\/11-7.jpg 900w\" sizes=\"(max-width: 353px) 100vw, 353px\" \/><\/p>\n<p><img decoding=\"async\" loading=\"lazy\" class=\"alignnone wp-image-3836\" src=\"https:\/\/southbaltic-tourist.eu\/wp-content\/uploads\/2019\/07\/111-300x142.jpg\" alt=\"\" width=\"421\" height=\"199\" srcset=\"https:\/\/sbt.ug.edu.pl\/wp-content\/uploads\/2019\/07\/111-300x142.jpg 300w, https:\/\/sbt.ug.edu.pl\/wp-content\/uploads\/2019\/07\/111-150x71.jpg 150w, https:\/\/sbt.ug.edu.pl\/wp-content\/uploads\/2019\/07\/111.jpg 630w\" sizes=\"(max-width: 421px) 100vw, 421px\" \/><\/p>\n<p><strong>ZAKWATEROWANIE<\/strong><\/p>\n<ol>\n<li><strong>Wyj\u0105tkowe<\/strong><\/li>\n<\/ol>\n<p>&nbsp;<\/p>\n<ol>\n<li><strong>Klaip\u0117dos jachtklubas<\/strong>(zdj\u0119cie 1), Smiltyne Yacht Club jest jak oddzielny &#8222;\u015bwiat&#8221; Mierzei Kuro\u0144skiej na piaszczystej strefie pomi\u0119dzy dwoma wodami. Rano budz\u0105 was dzwonkowe odg\u0142osy lin jacht\u00f3w i gwar budz\u0105cego si\u0119 miasta na drugim brzegu. Dzie\u0144 sp\u0119dzisz w\u015br\u00f3d morza, s\u0142o\u0144ca i wydm, a wieczorem mo\u017cesz zje\u015b\u0107 romantyczn\u0105 kolacj\u0119 na brzegu laguny, o\u015bwietlon\u0105 \u015bwiat\u0142em ksi\u0119\u017cyca, lub skorzysta\u0107 z rozrywek w K\u0142ajpedzie: teatr\u00f3w, koncert\u00f3w, bar\u00f3w i restauracji.<\/li>\n<li><strong>Atostog<\/strong><strong>\u0173 parkas \u201eHoliday Park\u201c<\/strong>(zdj\u0119cie 2) \u2013 to miejsce z wieloma mo\u017cliwo\u015bciami pobytu: w hotelu lub w willach z bali. To najwi\u0119kszy kompleks rekreacyjno-zdrowotny na Litwie Zachodniej, w kt\u00f3rym znajduje si\u0119 15 basen\u00f3w do zdrowia i rekreacji. Kompleks zaprasza do korzystania z wodnych atrakcji, unikalnych program\u00f3w saun, zabieg\u00f3w SPA i uzdrowiskowych, pobytu w hotelowych lub drewnianych willach otoczonych lasem. Wille z bali znajduj\u0105 si\u0119 w pobli\u017cu malowniczego lasu, w otoczeniu spokojnej przyrody. Wille z bali posiadaj\u0105 pok\u00f3j wsp\u00f3lny z pojedynczymi \u0142\u00f3\u017ckami i wsp\u00f3lne zaplecze. Minimalna liczba go\u015bci to 6 os\u00f3b.<\/li>\n<li><strong>Barnakalla hostel<\/strong>(zdj\u0119cie 3) po\u0142o\u017cony jest na po\u0142udniu Szwecji, w pi\u0119knej, wiejskiej okolicy, oko\u0142o 10 minut jazdy od drogi E22.<\/li>\n<\/ol>\n<p>Rezerwacja miejsc:\u00a0<a href=\"http:\/\/www.barnakalla.se\/\">http:\/\/www.barnakalla.se\/<\/a><\/p>\n<ol start=\"4\">\n<li><strong>Humelgarden youth hostel<\/strong>\u2013<\/li>\n<\/ol>\n<p><a href=\"http:\/\/www.humletorkan.com\/\">http:\/\/www.humletorkan.com\/<\/a><\/p>\n<ol start=\"5\">\n<li><strong>Zakwaterowanie w pobli\u017cu jeziora Iv\u00f6sj\u00f6n<\/strong>, kt\u00f3re jest najwi\u0119kszym i najpi\u0119kniejszym jeziorem w Skanii, z r\u00f3\u017cnorodn\u0105 sceneri\u0105 i fantastycznymi widokami. Popularne miejsce dla tych, kt\u00f3rzy chc\u0105 do\u015bwiadczy\u0107 relaksuj\u0105cej i koj\u0105cej natury p\u00f3\u0142nocno-wschodniej Skanii. Tutaj mo\u017cesz uciec od codziennego stresu i prze\u017cy\u0107 w dzikiej przyrodzie. Wios\u0142uj kajakiem przez Holje\u00e5n na oddzieln\u0105 wysp\u0119 na Iv\u00f6sj\u00f6n i \u017cyj przez chwil\u0119 jak Robinson.<\/li>\n<\/ol>\n<p>Wygodne zakwaterowanie w hostelu w jedynej zachowanej suszarni chmielu w Szwecji. Odpowiedni dla par, przyjaci\u00f3\u0142, rodzin i r\u00f3\u017cnych grup, kt\u00f3re chc\u0105 pozna\u0107 jak najpe\u0142niej przyrod\u0119 i okolic\u0119.<\/p>\n<p>Rezerwacja miejsc:\u00a0<a href=\"http:\/\/wetlandi.se\/bokning\/\">http:\/\/wetlandi.se\/bokning\/<\/a><\/p>\n<ol start=\"6\">\n<li>Rostock<\/li>\n<li>Greifswald<\/li>\n<li><strong>Kemping kajakowy and rzek\u0105 Warnow<\/strong>\u2013 Wasserwanderrastplatz znajduje si\u0119 bezpo\u015brednio nad jeziorem B\u00fctzow. Tutaj znajd\u0105 Pa\u0144stwo wszystko, co jest potrzebne do sp\u0119dzenia idealnego urlopu na \u0142onie natury.<\/li>\n<\/ol>\n<p>&nbsp;<\/p>\n<p>Wasserwanderrastplatz z dost\u0119pem do Warnow, wypo\u017cyczalnia kajak\u00f3w z obs\u0142ug\u0105 przewozu, kemping z zapleczem sanitarnym, bungalowy i wiele innych udogodnie\u0144.\u00a0<a href=\"http:\/\/kanu-camping-warnow.de\/\">http:\/\/kanu-camping-warnow.de\/<\/a><\/p>\n<ol start=\"9\">\n<li>Kolobrzeg\u00a0<a href=\"https:\/\/www.kolobrzeg.com\/en\/obiekty_spa\/\">https:\/\/www.kolobrzeg.com\/en\/obiekty_spa\/<\/a><\/li>\n<li>Zakwaterowanie w Parku Narodowym \u201eBory Tucholskie\u201d:<\/li>\n<\/ol>\n<p>Pokoje z widokiem na jezioro, z \u0142azienk\u0105 oraz sprz\u0119tem RTV i AGD. Oddzielna kuchnia z jadalni\u0105 do samodzielnego przygotowywania posi\u0142k\u00f3w to elastyczny i bogaty wyb\u00f3r przy jednoczesnym zachowaniu cichej, intymnej atmosfery naszego o\u015brodka.\u00a0<a href=\"http:\/\/www.swornegaciekwatery.pl\/o-nas\/\">http:\/\/www.swornegaciekwatery.pl\/o-nas\/<\/a><\/p>\n<ol start=\"11\">\n<li><a href=\"http:\/\/www.agrokajaki.pl\/en_onas.php\">http:\/\/www.agrokajaki.pl\/en_onas.php<\/a>Urocze kempingi w\u015br\u00f3d dzikiej przyrody, k\u0105piele w jeziorach, zabawy w wodzie, ogniska to codzienno\u015b\u0107 kajakarstwa. Agroturystyka to co\u015b, co r\u00f3wnie\u017c mo\u017cemy Pa\u0144stwu zaoferowa\u0107.<\/li>\n<li><a href=\"https:\/\/www.lotzl.lebork.pl\/zaplanuj-pobyt\/gdzie-przenocowac\/lebork-5\/\">https:\/\/www.lotzl.lebork.pl\/zaplanuj-pobyt\/gdzie-przenocowac\/lebork-5\/<\/a><\/li>\n<\/ol>\n<p><strong>Hotel Baltic Palace,\u00a0Pobierowo<\/strong>\u00a0(zdj\u0119cie 1), Polska, po\u0142o\u017cony tu\u017c przy pla\u017cy. Mo\u017cesz cieszy\u0107 si\u0119 wyj\u0105tkow\u0105, futurystyczn\u0105 atmosfer\u0105 i poczu\u0107 si\u0119 jak w XXIII wieku. Dla mi\u0142o\u015bnik\u00f3w nowoczesnej architektury dobrze dopasowanej do otoczenia<\/p>\n<ol start=\"2\">\n<li><strong>Hotel Alter Speicher\u00a0<\/strong>(zdj\u0119cie 2), Greifswald, Niemcy, po\u0142o\u017cony tu\u017c naprzeciwko kana\u0142u portowego. Mo\u017cna tu poczu\u0107 atmosfer\u0119 Hansy i staromodn\u0105 elegancj\u0119. Dla mi\u0142o\u015bnik\u00f3w tradycyjnych miejsc zwi\u0105zanych z histori\u0105.<\/li>\n<li><strong>Agroturystyka\u00a0<\/strong>(zdj\u0119cie 3), litewskie wybrze\u017ce Ba\u0142tyku, po\u0142o\u017cona na obszarze wiejskim, gdzie panuje spok\u00f3j i doskona\u0142e powietrze. Mo\u017cesz cieszy\u0107 si\u0119 miejscow\u0105 go\u015bcinno\u015bci\u0105 i urokiem \u017cycia na wsi. Dla rado\u015bci z \u017cycia wiejskiego.<\/li>\n<li><strong>Hotel Memel<\/strong> w K\u0142ajpedzie na Litwie, w centrum historycznego starego miasta, w pobli\u017cu portu i teren\u00f3w spacerowych. Mo\u017cesz cieszy\u0107 si\u0119 najlepszym \u015bniadaniem nad Morzem Ba\u0142tyckim. Je\u015bli skorzystasz, nie b\u0119dziesz g\u0142odny przez ca\u0142y dzie\u0144.<\/li>\n<li><strong>Pensjonat Arcona<\/strong>na wyspie Rugen, Niemcy, w Sassnitz, po\u0142o\u017cony na promenadzie kurortu ze spektakularnym widokiem na morze. Z balkonu mo\u017cna obserwowa\u0107 ruch prom\u00f3w z portu promowego znajduj\u0105cego si\u0119 5 km dalej. Dla mi\u0142o\u015bnik\u00f3w pi\u0119knych widok\u00f3w na morze i nabrze\u017ce.<\/li>\n<li><strong>Domki rybak\u00f3w w Kivik<\/strong>, Skania, Szwecja. Kivik to urocza wioska rybacka po\u0142o\u017cona tu\u017c nad morzem. Tutaj mo\u017cna cieszy\u0107 si\u0119 \u017cyciem w tradycyjnych domach rybak\u00f3w, zmodernizowanych, aby zapewni\u0107 niezb\u0119dne wygody. Dla mi\u0142o\u015bnik\u00f3w tradycyjnego \u017cycia.<\/li>\n<\/ol>\n<p>&nbsp;<\/p>\n<ol>\n<li><strong> W przyst\u0119pnej cenie<\/strong><\/li>\n<li><strong>Pensjonat Irena<\/strong>, Sopot, 500 m od Placu Zdrojowego, komfortowe pokoje.<\/li>\n<li><strong>Hotel Posejdon<\/strong>, Gda\u0144sk, na skraju Starego Miasta, dobry punkt pocz\u0105tkowy dla wycieczek.<\/li>\n<li><strong>Hotel Neptun<\/strong>, Gdynia, 500 m od Skweru Ko\u015bciuszki, dobry stosunek ceny do jako\u015bci.<\/li>\n<li><strong> Mieszkanie u miejscowych<\/strong><\/li>\n<li>1<strong>. Agroturystyka Alina<\/strong>, blisko Ko\u0142obrzegu, \u015brodkowe wybrze\u017ce Morza Ba\u0142tyckiego, Polska, \u0142adna okolica.<\/li>\n<li><strong>Turystyka wiejska, Kretynga<\/strong>, Litwa, dobre pokoje i lokalne jedzenie. Pi\u0119kny krajobraz.<\/li>\n<li><strong>Turystyka wiejska blisko P\u0142ungian (Plunge)<\/strong>, Litwa<\/li>\n<\/ol>\n<p><\/p>","protected":false},"excerpt":{"rendered":"<p>ZAKWATEROWANIE Wyj\u0105tkowe &nbsp; Klaip\u0117dos jachtklubas(zdj\u0119cie 1), Smiltyne Yacht Club jest jak oddzielny &#8222;\u015bwiat&#8221; Mierzei Kuro\u0144skiej na piaszczystej strefie pomi\u0119dzy dwoma wodami. Rano budz\u0105 was dzwonkowe odg\u0142osy lin jacht\u00f3w i gwar budz\u0105cego si\u0119 miasta na drugim brzegu. Dzie\u0144 sp\u0119dzisz w\u015br\u00f3d morza, s\u0142o\u0144ca i wydm, a wieczorem mo\u017cesz zje\u015b\u0107 romantyczn\u0105 kolacj\u0119 na brzegu laguny, o\u015bwietlon\u0105 \u015bwiat\u0142em ksi\u0119\u017cyca, [&hellip;]<\/p>\n","protected":false},"author":3,"featured_media":0,"parent":455,"menu_order":0,"comment_status":"closed","ping_status":"closed","template":"","meta":[],"categories":[35,18],"tags":[],"_links":{"self":[{"href":"https:\/\/sbt.ug.edu.pl\/pl\/wp-json\/wp\/v2\/pages\/3833"}],"collection":[{"href":"https:\/\/sbt.ug.edu.pl\/pl\/wp-json\/wp\/v2\/pages"}],"about":[{"href":"https:\/\/sbt.ug.edu.pl\/pl\/wp-json\/wp\/v2\/types\/page"}],"author":[{"embeddable":true,"href":"https:\/\/sbt.ug.edu.pl\/pl\/wp-json\/wp\/v2\/users\/3"}],"replies":[{"embeddable":true,"href":"https:\/\/sbt.ug.edu.pl\/pl\/wp-json\/wp\/v2\/comments?post=3833"}],"version-history":[{"count":7,"href":"https:\/\/sbt.ug.edu.pl\/pl\/wp-json\/wp\/v2\/pages\/3833\/revisions"}],"predecessor-version":[{"id":5714,"href":"https:\/\/sbt.ug.edu.pl\/pl\/wp-json\/wp\/v2\/pages\/3833\/revisions\/5714"}],"up":[{"embeddable":true,"href":"https:\/\/sbt.ug.edu.pl\/pl\/wp-json\/wp\/v2\/pages\/455"}],"wp:attachment":[{"href":"https:\/\/sbt.ug.edu.pl\/pl\/wp-json\/wp\/v2\/media?parent=3833"}],"wp:term":[{"taxonomy":"category","embeddable":true,"href":"https:\/\/sbt.ug.edu.pl\/pl\/wp-json\/wp\/v2\/categories?post=3833"},{"taxonomy":"post_tag","embeddable":true,"href":"https:\/\/sbt.ug.edu.pl\/pl\/wp-json\/wp\/v2\/tags?post=3833"}],"curies":[{"name":"wp","href":"https:\/\/api.w.org\/{rel}","templated":true}]}}