{"id":3843,"date":"2019-07-30T15:34:14","date_gmt":"2019-07-30T13:34:14","guid":{"rendered":"https:\/\/southbaltic-tourist.eu\/?page_id=3843"},"modified":"2021-05-31T17:42:41","modified_gmt":"2021-05-31T16:42:41","slug":"r1-food-accommodation-2","status":"publish","type":"page","link":"https:\/\/sbt.ug.edu.pl\/pl\/routes\/kayaking-south-baltic\/r1-food-accommodation-2\/","title":{"rendered":"R1. WY\u017bYWIENIE I ZAKWATEROWANIE 2"},"content":{"rendered":"<p><img decoding=\"async\" loading=\"lazy\" class=\"alignnone wp-image-3844\" src=\"https:\/\/southbaltic-tourist.eu\/wp-content\/uploads\/2019\/07\/2-6-300x188.jpg\" alt=\"\" width=\"476\" height=\"298\" srcset=\"https:\/\/sbt.ug.edu.pl\/wp-content\/uploads\/2019\/07\/2-6-300x188.jpg 300w, https:\/\/sbt.ug.edu.pl\/wp-content\/uploads\/2019\/07\/2-6-768x481.jpg 768w, https:\/\/sbt.ug.edu.pl\/wp-content\/uploads\/2019\/07\/2-6-1024x641.jpg 1024w, https:\/\/sbt.ug.edu.pl\/wp-content\/uploads\/2019\/07\/2-6-150x94.jpg 150w, https:\/\/sbt.ug.edu.pl\/wp-content\/uploads\/2019\/07\/2-6.jpg 1098w\" sizes=\"(max-width: 476px) 100vw, 476px\" \/>\u00a0 <img decoding=\"async\" loading=\"lazy\" class=\"alignnone wp-image-3845\" src=\"https:\/\/southbaltic-tourist.eu\/wp-content\/uploads\/2019\/07\/22-1-300x215.jpg\" alt=\"\" width=\"417\" height=\"299\" srcset=\"https:\/\/sbt.ug.edu.pl\/wp-content\/uploads\/2019\/07\/22-1-300x215.jpg 300w, https:\/\/sbt.ug.edu.pl\/wp-content\/uploads\/2019\/07\/22-1-768x550.jpg 768w, https:\/\/sbt.ug.edu.pl\/wp-content\/uploads\/2019\/07\/22-1-150x107.jpg 150w, https:\/\/sbt.ug.edu.pl\/wp-content\/uploads\/2019\/07\/22-1.jpg 956w\" sizes=\"(max-width: 417px) 100vw, 417px\" \/><\/p>\n<p><img decoding=\"async\" loading=\"lazy\" class=\"alignnone size-medium wp-image-3846\" src=\"https:\/\/southbaltic-tourist.eu\/wp-content\/uploads\/2019\/07\/222-199x300.jpg\" alt=\"\" width=\"199\" height=\"300\" srcset=\"https:\/\/sbt.ug.edu.pl\/wp-content\/uploads\/2019\/07\/222-199x300.jpg 199w, https:\/\/sbt.ug.edu.pl\/wp-content\/uploads\/2019\/07\/222-100x150.jpg 100w, https:\/\/sbt.ug.edu.pl\/wp-content\/uploads\/2019\/07\/222-400x600.jpg 400w, https:\/\/sbt.ug.edu.pl\/wp-content\/uploads\/2019\/07\/222.jpg 500w\" sizes=\"(max-width: 199px) 100vw, 199px\" \/> <img decoding=\"async\" loading=\"lazy\" class=\"alignnone size-medium wp-image-3847\" src=\"https:\/\/southbaltic-tourist.eu\/wp-content\/uploads\/2019\/07\/2222.jpg\" alt=\"\" width=\"250\" height=\"250\" srcset=\"https:\/\/sbt.ug.edu.pl\/wp-content\/uploads\/2019\/07\/2222.jpg 250w, https:\/\/sbt.ug.edu.pl\/wp-content\/uploads\/2019\/07\/2222-150x150.jpg 150w\" sizes=\"(max-width: 250px) 100vw, 250px\" \/><\/p>\n<p><strong>WY\u017bYWIENIE<\/strong><\/p>\n<ol>\n<li><strong> Potrawy regionalne<\/strong><\/li>\n<li><strong>Restauracja Barracuda<\/strong>, Gdynia, Polska, szeroka gama ryb zimnowodnych, po\u0142o\u017cona przy gdy\u0144skiej promenadzie. Nowoczesny wystr\u00f3j w nowoczesnym mie\u015bcie.<\/li>\n<li><strong>Borwin Hafenrestaurant<\/strong>, Rostock, Niemcy, restauracja rybna z szerokim wyborem ryb z w\u00f3d p\u00f3\u0142nocnych. Znajduje si\u0119 tu\u017c przy porcie w Rostocku.<\/li>\n<\/ol>\n<p>&nbsp;<\/p>\n<ol>\n<li><strong> Regionalne produkty spo\u017cywcze<\/strong><\/li>\n<li><strong>Stoiska rybne w porcie w Rostocku, <\/strong>oferuj\u0105 przek\u0105ski rybne przez ca\u0142y rok. Mo\u017cna spr\u00f3bowa\u0107 2-3 przek\u0105ski na r\u00f3\u017cnych stoiskach, aby naje\u015b\u0107 si\u0119 w ramach \u015bniadania lub lunchu.<\/li>\n<\/ol>\n<p><strong>\u00a0<\/strong><\/p>","protected":false},"excerpt":{"rendered":"<p>\u00a0 WY\u017bYWIENIE Potrawy regionalne Restauracja Barracuda, Gdynia, Polska, szeroka gama ryb zimnowodnych, po\u0142o\u017cona przy gdy\u0144skiej promenadzie. Nowoczesny wystr\u00f3j w nowoczesnym mie\u015bcie. Borwin Hafenrestaurant, Rostock, Niemcy, restauracja rybna z szerokim wyborem ryb z w\u00f3d p\u00f3\u0142nocnych. Znajduje si\u0119 tu\u017c przy porcie w Rostocku. &nbsp; Regionalne produkty spo\u017cywcze Stoiska rybne w porcie w Rostocku, oferuj\u0105 przek\u0105ski rybne przez [&hellip;]<\/p>\n","protected":false},"author":3,"featured_media":0,"parent":455,"menu_order":0,"comment_status":"closed","ping_status":"closed","template":"","meta":[],"categories":[35,18],"tags":[],"_links":{"self":[{"href":"https:\/\/sbt.ug.edu.pl\/pl\/wp-json\/wp\/v2\/pages\/3843"}],"collection":[{"href":"https:\/\/sbt.ug.edu.pl\/pl\/wp-json\/wp\/v2\/pages"}],"about":[{"href":"https:\/\/sbt.ug.edu.pl\/pl\/wp-json\/wp\/v2\/types\/page"}],"author":[{"embeddable":true,"href":"https:\/\/sbt.ug.edu.pl\/pl\/wp-json\/wp\/v2\/users\/3"}],"replies":[{"embeddable":true,"href":"https:\/\/sbt.ug.edu.pl\/pl\/wp-json\/wp\/v2\/comments?post=3843"}],"version-history":[{"count":2,"href":"https:\/\/sbt.ug.edu.pl\/pl\/wp-json\/wp\/v2\/pages\/3843\/revisions"}],"predecessor-version":[{"id":5715,"href":"https:\/\/sbt.ug.edu.pl\/pl\/wp-json\/wp\/v2\/pages\/3843\/revisions\/5715"}],"up":[{"embeddable":true,"href":"https:\/\/sbt.ug.edu.pl\/pl\/wp-json\/wp\/v2\/pages\/455"}],"wp:attachment":[{"href":"https:\/\/sbt.ug.edu.pl\/pl\/wp-json\/wp\/v2\/media?parent=3843"}],"wp:term":[{"taxonomy":"category","embeddable":true,"href":"https:\/\/sbt.ug.edu.pl\/pl\/wp-json\/wp\/v2\/categories?post=3843"},{"taxonomy":"post_tag","embeddable":true,"href":"https:\/\/sbt.ug.edu.pl\/pl\/wp-json\/wp\/v2\/tags?post=3843"}],"curies":[{"name":"wp","href":"https:\/\/api.w.org\/{rel}","templated":true}]}}