{"id":3870,"date":"2019-08-01T10:14:52","date_gmt":"2019-08-01T08:14:52","guid":{"rendered":"https:\/\/southbaltic-tourist.eu\/?page_id=3870"},"modified":"2019-08-01T10:16:52","modified_gmt":"2019-08-01T08:16:52","slug":"r7-food-accommodation-1","status":"publish","type":"page","link":"https:\/\/sbt.ug.edu.pl\/pl\/routes\/wildlife-nature-trails-folkuniversitetet-sweden\/r7-food-accommodation-1\/","title":{"rendered":"(English) R7. FOOD &#038; ACCOMMODATION 1"},"content":{"rendered":"<p class=\"qtranxs-available-languages-message qtranxs-available-languages-message-pl\">Przepraszamy, ten wpis jest dost\u0119pny tylko w j\u0119zyku <a href=\"https:\/\/sbt.ug.edu.pl\/en\/wp-json\/wp\/v2\/pages\/3870\" class=\"qtranxs-available-language-link qtranxs-available-language-link-en\" title=\"English\">Ameryka\u0144ski Angielski<\/a>. For the sake of viewer convenience, the content is shown below in the alternative language. You may click the link to switch the active language.<\/p><p><\/p>\n<p style=\"text-align: justify;\"><span style=\"font-family: georgia, palatino, serif; font-size: 12pt;\"><span lang=\"en-US\"><b>ACCOMMODATION<\/b><\/span><\/span><\/p>\n<p style=\"text-align: justify;\" align=\"JUSTIFY\"><span style=\"font-family: georgia, palatino, serif; font-size: 12pt;\"><span lang=\"en-US\"><b>A. Unique <\/b><\/span><\/span><\/p>\n<p style=\"text-align: justify;\" align=\"JUSTIFY\"><span style=\"font-family: georgia, palatino, serif; font-size: 12pt;\"><span lang=\"en-US\"><b>1. <\/b><\/span><span lang=\"en-US\"><b>The Aubrecht Hotel, <\/b><\/span><span lang=\"en-US\">Koprzywnica, Przechlewo, Poland <\/span><span lang=\"en-US\">\u2013 immersed in nature, s<\/span><span lang=\"en-US\">urrounded by nature in its purest form, amongst birches and pines&#8230; close to the picturesque Szczytno Lake and many other Kashubian lakes. You can experience the charm and uniqueness of this location right from the comfortable, inviting lobby, through the spacious, rustic-style rooms and refined cuisine based solely on natural products, <a href=\"http:\/\/hotelaubrecht.pl\">http:\/\/hotelaubrecht.pl<\/a>, <\/span><\/span><\/p>\n<p style=\"text-align: justify;\" align=\"JUSTIFY\"><span style=\"font-family: georgia, palatino, serif; font-size: 12pt;\"><span lang=\"en-US\"><b>2. Palace Ciekocinko Hotel Resort &amp; Wellness<\/b><\/span><span lang=\"en-US\">, <\/span><span lang=\"en-US\">Ciekocinko,\u00a0<\/span><span lang=\"en-US\">Choczewo, Poland, situated in the heart of a historic park\u00a0where the winding road leading through Kashubian forests, close to Moving Dunes in \u0141eba, Kashubian Lakes District and beautiful beaches. The Palace offers among others excellent food in its restaurants, wellness, horse riding and much more. <a href=\"http:\/\/palacciekocinko.pl\">http:\/\/palacciekocinko.pl<\/a>, <\/span><\/span><\/p>\n<p style=\"text-align: justify;\" align=\"JUSTIFY\"><span style=\"font-family: georgia, palatino, serif; font-size: 12pt;\"><span lang=\"en-GB\"><b>3. Sala Resort Plateliai, <\/b><\/span><span lang=\"en-GB\">Plateliai, Lithuania, private recreation and entertainment island, an exquisite interior design, separate balconies or terraces with a magnificent view of the Plateliai Lake, surrounding area offers a variety of outdoor activities, including cycling and fishing, <a href=\"http:\/\/salaresort.lt\/en\">http:\/\/salaresort.lt\/en<\/a><\/span> <span lang=\"en-GB\">also <a href=\"http:\/\/www.booking.com\">www.booking.com<\/a>,<\/span><\/span><\/p>\n<p style=\"text-align: justify;\" align=\"JUSTIFY\"><span style=\"font-family: georgia, palatino, serif; font-size: 12pt;\"><span lang=\"en-GB\"><b>4. Apartamentai &#8222;Sm\u0117lio Juosta&#8221;<\/b><\/span><span lang=\"en-GB\">, Nida, Lithuania, established in the centre of Nida city, about 3 min. away from Curonian lagoon and about 20 min. to the beach of the Baltic sea, <a href=\"http:\/\/www.booking.com\">www.booking.com<\/a> also <a href=\"http:\/\/www.priejuros.lt\">www.priejuros.lt<\/a> <\/span><\/span><\/p>\n<p style=\"text-align: justify;\" align=\"JUSTIFY\"><span style=\"font-family: georgia, palatino, serif; font-size: 12pt;\"><span lang=\"en-US\"><b>5. Hotel Schloss Ranzow,<\/b><\/span> <span lang=\"en-US\">Lohme, Germany,<\/span><b> <\/b><span lang=\"en-US\">located on the edge of the national park Jasmund with the unique landscape of the UNESCO world natural heritage and its chalk coast. Hotel offers noble rooms of the manor house, spacious apartments, feel-good thatched-roof houses, fine kitchen, wellness studio with sauna and spa culture, fitness pavilion, golf course and outdoor pool. <a href=\"https:\/\/www.hotel-schloss-ranzow.de\/Castle\/Home\">https:\/\/www.hotel-schloss-ranzow.de\/Castle\/Home<\/a> also on<\/span><b> <\/b><span lang=\"en-US\"><a href=\"http:\/\/www.booking.com\">www.booking.com<\/a>, <\/span><\/span><\/p>\n<p style=\"text-align: justify;\" align=\"JUSTIFY\"><span style=\"font-family: georgia, palatino, serif; font-size: 12pt;\"><span lang=\"en-US\"><b>6. Best Western Plus Ostseehotel Waldschloesschen, <\/b><\/span><span lang=\"en-US\">Prerow, Germany, ideal base for exploring the Vorpommersche Boddenlandschaft National Park, bicycles can be rented for an additional charge. 4-star family-run hotel, just a 2-minute walk from Prerow&#8217;s northern beach. Offers 3 saunas, a gym, an indoor pool and a heated outdoor pool with panoramic views. Hotel restaurant serves seasonal dishes prepared from local ingredients, <a href=\"http:\/\/www.booking.com\">www.booking.com<\/a>,<\/span><\/span><\/p>\n<p style=\"text-align: justify;\" align=\"JUSTIFY\"><span style=\"font-family: georgia, palatino, serif; font-size: 12pt;\"><span lang=\"en-US\"><b>7.<\/b><\/span> <span lang=\"en-US\"><b>Pension Caf\u00e9 Knatter,<\/b><\/span><span lang=\"en-US\"> Ueckeritz, Germany, family-run guest house, located in the fishing village of \u00dcckeritz, on the Baltic Sea island of Usedom. 18 minutes walk from the beach. Offers own surf, sailing and kite school, rooms and apartments are decorated on a seaside theme, <a href=\"http:\/\/www.booking.com\">www.booking.com<\/a>,<\/span><\/span><\/p>\n<p style=\"text-align: justify;\" align=\"JUSTIFY\"><span style=\"font-family: georgia, palatino, serif; font-size: 12pt;\"><span lang=\"en-US\"><b>8. Hotel M\u00f6rrum River Lodge<\/b><\/span><span lang=\"en-US\">, M\u00f6rrum, Sweden, founded in 2013, the building was previously the first smoking house in Sweden. The main product was smoked salmon, and the quality of the fish was so good so the product was exported to all over the world. The hotel has been carefully renovated and retains most of it old brick walls from the last century. The small village of M\u00f6rrum is since the 50ies one of the premier fishing destinations in the world to catch a trophy salmon. Built on the shores of the M\u00f6rrum River, the hotel host fishermen, business men, executies and tourists from all over the world that want to experience a unique boutique hotel in a unique setting. <a href=\"http:\/\/www.morrumriverlodge.com\">www.morrumriverlodge.com<\/a>, <\/span><\/span><\/p>\n<p style=\"text-align: justify;\" align=\"JUSTIFY\"><span style=\"font-family: georgia, palatino, serif; font-size: 12pt;\"><span lang=\"en-US\"><b>9. <\/b><\/span><span lang=\"en-US\"><b>Eriksberg Hotel &amp; Nature Reserve<\/b><\/span><span lang=\"en-US\">, Trensum, Sweden, driving through the gate into Eriksberg\u00a0Hotel &amp; Nature Reserve is like entering a new world. Eriksberg is like an African lodge in the Swedish archipelago. <a href=\"https:\/\/eriksberg.nu\">https:\/\/eriksberg.nu<\/a>,<\/span><\/span><\/p>\n<p style=\"text-align: justify;\" align=\"JUSTIFY\"><span style=\"font-family: georgia, palatino, serif; font-size: 12pt;\"><span lang=\"en-US\"><b>10.<\/b><\/span><span lang=\"en-US\"><b> Ystad Saltsj\u00f6bad<\/b><\/span><span lang=\"en-US\">, Ystad, Sweden, hotel and spa that has been in existence for 110 years \u2013 is right by the Baltic at Ystad in \u00d6sterlen, the most beautiful part of the coast of Sk\u00e5ne. A visit at Salt Creek Spa is a full body experience for both body and soul! It\u2019s location, right by the sea is magical and makes a fantastic background for the equally amazing Spa. Inside, in the middle of the Spa, guests will find a heated swimming pool, jacuzzi and sauna, outside &#8211; four hot springs, two of each side of the large pool house. Hotel is 5 minutes\u2019 drive from the train station and the terminals for the continental ferries and the Bornholm boats. https:\/\/www.ysb.se<\/span><\/span><\/p>\n<p style=\"text-align: justify;\" align=\"JUSTIFY\"><span style=\"font-family: georgia, palatino, serif; font-size: 12pt;\"><span lang=\"en-US\"><b>11. B\u00e4ckaskog Slott<\/b><\/span><span lang=\"en-US\">, Fj\u00e4lkinge, Sweden, dating back to the early 1900s, this castle is found on the shores of the Oppmannasj\u00f6n and Ivosj\u00f6n Lakes. Restaurant in castle serves set dinner menus based on classic Scandinavian cuisine. <a href=\"http:\/\/backaskogslott.se\/\">http:\/\/backaskogslott.se\/<\/a>, <\/span><span style=\"color: #00000a;\"><span lang=\"en-US\">also on <\/span><\/span><a href=\"http:\/\/www.booking.com\"><span lang=\"en-US\">www.booking.com<\/span><\/a><span style=\"color: #00000a;\"><span lang=\"en-US\">. <\/span><\/span><\/span><\/p>\n<p style=\"text-align: justify;\" align=\"JUSTIFY\"><span style=\"font-family: georgia, palatino, serif; font-size: 12pt;\"><span lang=\"en-US\"><b>B. Affordable <\/b><\/span><\/span><\/p>\n<p style=\"text-align: justify;\" align=\"JUSTIFY\"><span style=\"font-family: georgia, palatino, serif; font-size: 12pt;\"><span lang=\"en-US\"><b>1.<\/b><\/span><span lang=\"en-US\"> Stary Browar <\/span><span lang=\"en-US\">(<\/span><span lang=\"en-US\"><b>Old Brewery)<\/b><\/span><span lang=\"en-US\"> Ko\u015bcierzyna, <\/span><span lang=\"en-US\">Ko\u015bcierzyna, Poland, <\/span><span lang=\"en-US\">good exit point for excursions in Kashubian Lakes District, <a href=\"http:\/\/www.starybrowarkoscierzyna.pl\">www.starybrowarkoscierzyna.pl<\/a>, <\/span><\/span><\/p>\n<p style=\"text-align: justify;\" align=\"JUSTIFY\"><span style=\"font-family: georgia, palatino, serif; font-size: 12pt;\"><span lang=\"en-US\"><b>2. Hotel \u201cPod Or\u0142em\u201d<\/b><\/span><span lang=\"en-US\"> Kartuzy, Poland, situated between the Karczemne and Klasztorne Lakes in the heart of Kashubian Lakes District, good exit point for excursions, <a href=\"http:\/\/www.booking.com\">www.booking.com<\/a>, <\/span><\/span><\/p>\n<p style=\"text-align: justify;\" align=\"JUSTIFY\"><span style=\"font-family: georgia, palatino, serif; font-size: 12pt;\"><span lang=\"en-US\"><b>3. Hotel Jastarnia<\/b><\/span><span lang=\"en-US\">, Jastarnia, Poland,\u00a0located on the Hel Peninsula, 4 minutes walk from the Baltic Sea beach. You can explore the area on a rental bike or take part in outdoor fitness classes (on request and at extra charge). Nordic walking poles are available at an additional cost. There is a playground for children. In summer, windsurfing lessons are organized at an extra charge,<\/span> <span lang=\"en-US\"><a href=\"http:\/\/www.booking.com\">www.booking.com<\/a>, <\/span><\/span><\/p>\n<p style=\"text-align: justify;\" align=\"JUSTIFY\"><span style=\"font-family: georgia, palatino, serif; font-size: 12pt;\"><span lang=\"en-GB\">4. <\/span><span lang=\"en-GB\"><b>Nida Inn,<\/b><\/span><span lang=\"en-GB\"> Nida, Lithuania, offers accommodation next to Baltic Bicycle Roads, bright, functional and pleasant interior, <a href=\"http:\/\/www.booking.com\">www.booking.com<\/a>, <\/span><\/span><\/p>\n<p style=\"text-align: justify;\" align=\"JUSTIFY\"><span style=\"font-family: georgia, palatino, serif; font-size: 12pt;\"><span style=\"color: #383838;\"><span lang=\"en-GB\"><b>5.<\/b><\/span><\/span> <span lang=\"en-GB\"><b>Saul\u0117s Sl\u0117nis, <\/b><\/span><span lang=\"en-GB\">Plateliai,<\/span><b> <\/b><span lang=\"en-GB\">Lithuania, located in the heart of the Zemaitija National Park, by the Lake Plateliai, Saunas on the shore of the natural water pond Sultekis, basic sports equipment rental, bike and boat rental,<\/span> <span lang=\"en-GB\"><a href=\"http:\/\/www.saulesslenis.lt\/en\/\">www.saulesslenis.lt\/en\/<\/a> also on <a href=\"http:\/\/www.booking.com\">www.booking.com<\/a>, <\/span><\/span><\/p>\n<p style=\"text-align: justify;\" align=\"JUSTIFY\"><span style=\"font-family: georgia, palatino, serif; font-size: 12pt;\"><span style=\"color: #383838;\"><span lang=\"en-GB\"><b>6. <\/b><\/span><\/span><span lang=\"en-US\"><b>Landhaus Sandra,<\/b><\/span><span lang=\"en-US\"> L\u00fctow, Germany, situated 50 m to Boddengew\u00e4sser Ost Lake, surrounding area is ideal for hiking and cycling, The Baltic Sea coast is 15-minutes away by car, clean and comfortable, <\/span><span lang=\"en-GB\"><a href=\"http:\/\/www.booking.com\">www.booking.com<\/a>, <\/span><\/span><\/p>\n<p style=\"text-align: justify;\" align=\"JUSTIFY\"><span style=\"font-family: georgia, palatino, serif; font-size: 12pt;\"><span lang=\"en-US\"><b>7.<\/b><\/span> <span lang=\"en-US\"><b>Hotel Baumhaus Hagen<\/b><\/span><span lang=\"en-US\">, Sassnitz, Germany, located in Jasmund National Park, popular activities in the surrounding area include hiking and cycling. The K\u00f6nigstuhl cliff is a 30-minute walk away from the hotel,<\/span><span lang=\"en-GB\"> <a href=\"http:\/\/www.booking.com\">www.booking.com<\/a>, <\/span><\/span><\/p>\n<p style=\"text-align: justify;\" align=\"JUSTIFY\"><span style=\"font-family: georgia, palatino, serif; font-size: 12pt;\"><span lang=\"en-US\"><b>8. Hamnhotellet Kronan,<\/b><\/span><span lang=\"en-US\"> Landskrona, Sweden, located close to the sea in Landskrona&#8217;s historical harbor and 6 minutes walk to the beach,<\/span><b> <\/b><span lang=\"en-US\">many rooms offer beautiful views over \u00d6resund and Copenhagen,<\/span><b> <\/b><span lang=\"en-GB\"><a href=\"http:\/\/www.booking.com\">www.booking.com<\/a>, <\/span><\/span><\/p>\n<p style=\"text-align: justify;\" align=\"JUSTIFY\"><span style=\"font-family: georgia, palatino, serif; font-size: 12pt;\"><span lang=\"en-US\"><b>9. Kaptenshuset Bed &amp; Breakfast<\/b><\/span><span lang=\"en-US\">, Kivik, Sweden, 10 minutes walk from a sandy beach on the Baltic Sea, close to Stenshuvud National Park. Breakfast buffet includes locally sourced herring, freshly baked bread. You can also can rent bicycle, <\/span><span lang=\"en-GB\"><a href=\"http:\/\/www.booking.com\">www.booking.com<\/a>, <\/span><\/span><\/p>\n<p style=\"text-align: justify;\" align=\"JUSTIFY\"><span style=\"font-family: georgia, palatino, serif; font-size: 12pt;\"><span lang=\"en-US\"><b>10. Vita Huset Hotel and B&amp; B (The White House Hotel B&amp;B),<\/b><\/span> <span lang=\"sv-SE\">S\u00f6lvesborg, Sweden,<\/span><span lang=\"en-US\"> close to trains, buses, shops, tourist office, restaurants, good exit point for excursions, you can rent a bike for free,<\/span><span lang=\"en-GB\"> <a href=\"http:\/\/www.booking.com\">www.booking.com<\/a>. <\/span><\/span><\/p>\n<p style=\"text-align: justify;\" align=\"JUSTIFY\"><span style=\"font-family: georgia, palatino, serif; font-size: 12pt;\"><span lang=\"en-US\"><b>7.<\/b><\/span> <span lang=\"en-US\"><b>Hotel Baumhaus Hagen<\/b><\/span><span lang=\"en-US\">, Sassnitz, Germany, located in Jasmund National Park, popular activities in the surrounding area include hiking and cycling. The K\u00f6nigstuhl cliff is a 30-minute walk away from the hotel,<\/span><span lang=\"en-GB\"> <a href=\"http:\/\/www.booking.com\">www.booking.com<\/a>, <\/span><\/span><\/p>\n<p style=\"text-align: justify;\" align=\"JUSTIFY\"><span style=\"font-family: georgia, palatino, serif; font-size: 12pt;\"><span lang=\"en-US\"><b>8. Hamnhotellet Kronan,<\/b><\/span><span lang=\"en-US\"> Landskrona, Sweden, located close to the sea in Landskrona&#8217;s historical harbor and 6 minutes walk to the beach,<\/span><b> <\/b><span lang=\"en-US\">many rooms offer beautiful views over \u00d6resund and Copenhagen,<\/span><b> <\/b><span lang=\"en-GB\"><a href=\"http:\/\/www.booking.com\">www.booking.com<\/a>, <\/span><\/span><\/p>\n<p style=\"text-align: justify;\" align=\"JUSTIFY\"><span style=\"font-family: georgia, palatino, serif; font-size: 12pt;\"><span lang=\"en-US\"><b>9. Kaptenshuset Bed &amp; Breakfast<\/b><\/span><span lang=\"en-US\">, Kivik, Sweden, 10 minutes walk from a sandy beach on the Baltic Sea, close to Stenshuvud National Park. Breakfast buffet includes locally sourced herring, freshly baked bread. You can also can rent bicycle, <\/span><span lang=\"en-GB\"><a href=\"http:\/\/www.booking.com\">www.booking.com<\/a>, <\/span><\/span><\/p>\n<p style=\"text-align: justify;\" align=\"JUSTIFY\"><span style=\"font-family: georgia, palatino, serif; font-size: 12pt;\"><span lang=\"en-US\"><b>10. Vita Huset Hotel and B&amp; B (The White House Hotel B&amp;B),<\/b><\/span> <span lang=\"sv-SE\">S\u00f6lvesborg, Sweden,<\/span><span lang=\"en-US\"> close to trains, buses, shops, tourist office, restaurants, good exit point for excursions, you can rent a bike for free,<\/span><span lang=\"en-GB\"> <a href=\"http:\/\/www.booking.com\">www.booking.com<\/a>. <\/span><\/span><\/p>\n<p style=\"text-align: justify;\" align=\"JUSTIFY\"><span style=\"font-family: georgia, palatino, serif; font-size: 12pt;\"><span lang=\"en-GB\"><b>6.<\/b><\/span> <span lang=\"en-US\"><b>\u00dcber Ferienbauernhof R\u00fcgen &#8211; Haus Landblick<\/b><\/span><span lang=\"en-US\">, Bergen, Germany,<\/span> <span lang=\"en-US\">many quiet places for barbecue or breakfast, swings and sandpits, many fruit trees. In the nearby forest you can go mushroom picking and hiking. The nearest Baltic beach bath with fine white sand is just a 5-minute drive away. Many animals on the farm: pigs, rabbits, ducks, geese, chickens, cows, Farm cultivates 350 hectares of arable land with wheat, rapeseed, barley and rye, <a href=\"http:\/\/www.landreise.de\">www.landreise.de<\/a>, <\/span><\/span><\/p>\n<p style=\"text-align: justify;\" align=\"JUSTIFY\"><span style=\"font-family: georgia, palatino, serif; font-size: 12pt;\"><span lang=\"en-US\"><b>7.<\/b><\/span> <span lang=\"en-US\"><b>Trolle Ljungby<\/b><\/span><span lang=\"en-US\">, Fj\u00e4lkinge, Lake Iv\u00f6sj\u00f6n area and close to the coast between \u00c5hus and S\u00f6lvesborg, Sweden, holiday rents of newly renovated properties, <a href=\"http:\/\/www.trolleljungby.com\">www.trolleljungby.com<\/a>, <\/span><\/span><\/p>\n<p style=\"text-align: justify;\" align=\"JUSTIFY\"><span style=\"font-family: georgia, palatino, serif; font-size: 12pt;\"><span lang=\"en-US\"><b>8.<\/b><\/span> <span lang=\"en-US\"><b>Folkesro charmigt boende i g\u00e5rdshus, <\/b><\/span><span lang=\"en-US\">Tomarp,<\/span><b> <\/b><span lang=\"en-US\">Sweden,<\/span><b> <\/b><span lang=\"en-US\">7 km west of Simrishamn seaside town.<\/span><b> <\/b><span lang=\"en-US\">Charming farmhouse on a small farm set in a rural idyll. Accommodation close to animals and nature: horses, sheep, goats, chickens, ducks, dogs and cats, enjoy organically grown potatoes and vegetables straight from the garden, and collect eggs from the chickens, <a href=\"http:\/\/www.farmstaysweden.com\">www.farmstaysweden.com<\/a><\/span> <span lang=\"en-GB\">also on<\/span><span lang=\"en-US\"> <a href=\"http:\/\/www.hallett.se\/\">www.hallett.se\/<\/a> <\/span><\/span><\/p>\n<p style=\"text-align: justify;\" align=\"JUSTIFY\"><span style=\"font-size: 12pt;\"><span style=\"font-family: georgia, palatino, serif;\"><span lang=\"en-US\"><b>9. B&amp;B Villa Orion S\u00f6lvesborg<\/b><\/span><span lang=\"en-US\">, Sweden. Near Br\u00f6molla, close to Lake Iv\u00f6sj\u00f6n. Cycling, swimming, fishing and, canoeing hiking are popular activities among guests.<\/span> <\/span><span style=\"font-family: Segoe UI, serif;\"><span lang=\"en-US\"><span style=\"font-family: georgia, palatino, serif;\"><a href=\"http:\/\/www.villaorion.se\">www.villaorion.se<\/a>.<\/span> <\/span><\/span><\/span><\/p>\n<p> <\/p>","protected":false},"excerpt":{"rendered":"<p>Przepraszamy, ten wpis jest dost\u0119pny tylko w j\u0119zyku Ameryka\u0144ski Angielski. For the sake of viewer convenience, the content is shown below in the alternative language. You may click the link to switch the active language. ACCOMMODATION A. Unique 1. The Aubrecht Hotel, Koprzywnica, Przechlewo, Poland \u2013 immersed in nature, surrounded by nature in its purest [&hellip;]<\/p>\n","protected":false},"author":3,"featured_media":0,"parent":488,"menu_order":0,"comment_status":"closed","ping_status":"closed","template":"","meta":[],"categories":[35,30],"tags":[],"_links":{"self":[{"href":"https:\/\/sbt.ug.edu.pl\/pl\/wp-json\/wp\/v2\/pages\/3870"}],"collection":[{"href":"https:\/\/sbt.ug.edu.pl\/pl\/wp-json\/wp\/v2\/pages"}],"about":[{"href":"https:\/\/sbt.ug.edu.pl\/pl\/wp-json\/wp\/v2\/types\/page"}],"author":[{"embeddable":true,"href":"https:\/\/sbt.ug.edu.pl\/pl\/wp-json\/wp\/v2\/users\/3"}],"replies":[{"embeddable":true,"href":"https:\/\/sbt.ug.edu.pl\/pl\/wp-json\/wp\/v2\/comments?post=3870"}],"version-history":[{"count":2,"href":"https:\/\/sbt.ug.edu.pl\/pl\/wp-json\/wp\/v2\/pages\/3870\/revisions"}],"predecessor-version":[{"id":3874,"href":"https:\/\/sbt.ug.edu.pl\/pl\/wp-json\/wp\/v2\/pages\/3870\/revisions\/3874"}],"up":[{"embeddable":true,"href":"https:\/\/sbt.ug.edu.pl\/pl\/wp-json\/wp\/v2\/pages\/488"}],"wp:attachment":[{"href":"https:\/\/sbt.ug.edu.pl\/pl\/wp-json\/wp\/v2\/media?parent=3870"}],"wp:term":[{"taxonomy":"category","embeddable":true,"href":"https:\/\/sbt.ug.edu.pl\/pl\/wp-json\/wp\/v2\/categories?post=3870"},{"taxonomy":"post_tag","embeddable":true,"href":"https:\/\/sbt.ug.edu.pl\/pl\/wp-json\/wp\/v2\/tags?post=3870"}],"curies":[{"name":"wp","href":"https:\/\/api.w.org\/{rel}","templated":true}]}}