{"id":3872,"date":"2019-08-01T10:16:20","date_gmt":"2019-08-01T08:16:20","guid":{"rendered":"https:\/\/southbaltic-tourist.eu\/?page_id=3872"},"modified":"2019-08-01T10:16:20","modified_gmt":"2019-08-01T08:16:20","slug":"r7-food-accommodation-2","status":"publish","type":"page","link":"https:\/\/sbt.ug.edu.pl\/pl\/routes\/wildlife-nature-trails-folkuniversitetet-sweden\/r7-food-accommodation-2\/","title":{"rendered":"(English) R7. FOOD &#038; ACCOMMODATION 2"},"content":{"rendered":"<p class=\"qtranxs-available-languages-message qtranxs-available-languages-message-pl\">Przepraszamy, ten wpis jest dost\u0119pny tylko w j\u0119zyku <a href=\"https:\/\/sbt.ug.edu.pl\/en\/wp-json\/wp\/v2\/pages\/3872\" class=\"qtranxs-available-language-link qtranxs-available-language-link-en\" title=\"English\">Ameryka\u0144ski Angielski<\/a>. For the sake of viewer convenience, the content is shown below in the alternative language. You may click the link to switch the active language.<\/p><p><\/p>\n<p style=\"text-align: justify;\"><span style=\"font-family: georgia, palatino, serif; font-size: 12pt;\"><span lang=\"en-US\"><b>FOOD<\/b><\/span><\/span><\/p>\n<p style=\"text-align: justify;\" align=\"JUSTIFY\"><span style=\"font-family: georgia, palatino, serif; font-size: 12pt;\"><span lang=\"en-US\"><b>A. Regional catering <\/b><\/span><\/span><\/p>\n<p style=\"text-align: justify;\" align=\"JUSTIFY\"><span style=\"font-family: georgia, palatino, serif; font-size: 12pt;\"><span lang=\"en-GB\"><b>1.<\/b><\/span> <span lang=\"en-GB\"><b>Gospodartwo agroturystyczne &#8222;Ola&#8221;,<\/b><\/span><span lang=\"en-GB\"> S\u0142ajszewo, Poland, near \u0141eba, offers traditional regional products &#8211; Pomeranian duck (roast), excellent home-cooked meals served by the owner. Contact with nature, peace, tranquility and excellent conditions for recreation, <a href=\"http:\/\/www.culinary-heritage.com\">www.culinary-heritage.com<\/a>,<\/span><\/span><\/p>\n<p style=\"text-align: justify;\" align=\"JUSTIFY\"><span style=\"font-family: georgia, palatino, serif; font-size: 12pt;\"><span lang=\"en-GB\"><b>2. Restaurant &#8222;Stara Karczma&#8221;, <\/b><\/span><span lang=\"en-GB\">Elblag, Poland, polish regional cuisines with a delicate, modern variety, based on local products, using only natural spices and herbs, <a href=\"http:\/\/www.culinary-heritage.com\">www.culinary-heritage.com<\/a>,<\/span><\/span><\/p>\n<p style=\"text-align: justify;\" align=\"JUSTIFY\"><span style=\"font-family: georgia, palatino, serif; font-size: 12pt;\"><span lang=\"en-US\"><b>3. Restaurant Gryfon, <\/b><\/span><span lang=\"en-US\">Jastarnia, Poland, regional dishes- Kashubian fish specialties, salmon, flounder, cod, herring, mackerel prepared in lava grill and oven without fat, in fragrant herbs. The restaurant has its own smokehouse, also sells snacks and fish dishes prepared fish on the grill, <\/span><span lang=\"en-GB\"><a href=\"http:\/\/www.culinary-heritage.com\">www.culinary-heritage.com<\/a>,<\/span><\/span><\/p>\n<p style=\"text-align: justify;\" align=\"JUSTIFY\"><span style=\"font-family: georgia, palatino, serif; font-size: 12pt;\"><span lang=\"en-US\"><b>4. Zuvele, <\/b><\/span><span lang=\"en-US\">Neringa, Lithuania, big yard for children, menu focused on fish, massive portions, fresh salads and healthy juices, close to the lagune, <a href=\"http:\/\/www.tripadvisor.com\">www.tripadvisor.com<\/a>,<\/span><\/span><\/p>\n<p style=\"text-align: justify;\" align=\"JUSTIFY\"><span style=\"font-family: georgia, palatino, serif; font-size: 12pt;\"><span lang=\"en-US\"><b>5.<\/b><\/span> <span lang=\"en-US\"><b>FORTO DVARAS, <\/b><\/span><span lang=\"en-US\">Klaipeda,<\/span><b> <\/b><span lang=\"en-US\">Lithuania,<\/span><b> <\/b><span lang=\"en-US\">serves genuine local Lithuanian food. wide variety of food dishes and beers, wines and spirits, located on the edge of Theatre Square in Old Town Klaipeda, <a href=\"http:\/\/www.tripadvisor.com\">www.tripadvisor.com<\/a> also on <a href=\"http:\/\/fortodvaras.lt\">http:\/\/fortodvaras.lt<\/a>, <\/span><\/span><\/p>\n<p style=\"text-align: justify;\" align=\"JUSTIFY\"><span style=\"font-family: georgia, palatino, serif; font-size: 12pt;\"><span lang=\"en-US\"><b>6. Uwe&#8217;s Fischerhuette, <\/b><\/span><span lang=\"en-US\">Seebad Ahlbeck,<\/span><b> <\/b><span lang=\"en-US\">Germany,<\/span><b> <\/b><span lang=\"en-US\">fishing hut situated on the dunes, great fresh cuisine of the nord Germany, a real fish house, <a href=\"http:\/\/www.tripadvisor.com\">www.tripadvisor.com<\/a> also <a href=\"http:\/\/www.uwes-fischerhuette.de\">www.uwes-fischerhuette.de<\/a>. <\/span><\/span><\/p>\n<p style=\"text-align: justify;\" align=\"JUSTIFY\"><span style=\"font-family: georgia, palatino, serif; font-size: 12pt;\"><span lang=\"en-US\"><b>7. <\/b><\/span><span lang=\"en-GB\"><b>Fischer Hutte,<\/b><\/span><span lang=\"en-GB\"> Greifswald, Germany, <\/span><span lang=\"en-US\">baltic-nordic styled, perfect location to enjoy the taste of the local catch of fishes, menu provides local dishes, try the locally brewed amber beer, www.tripadvisor.com<\/span><\/span><\/p>\n<p style=\"text-align: justify;\" align=\"JUSTIFY\"><span style=\"font-family: georgia, palatino, serif; font-size: 12pt;\"><span lang=\"en-US\"><b>8.<\/b><\/span> <span lang=\"en-US\"><b>Panorama Hotel Restaurant Lohme, <\/b><\/span><span lang=\"en-GB\">Lohme, Germany, serves Pomeranian favorite dishes like fried herring, stuffed cabbage and roast goose have their time, garden with the beautiful view, in summer terrace overlooking the sea, <a href=\"http:\/\/www.culinary-heritage.com\">www.culinary-heritage.com<\/a>,<\/span><\/span><\/p>\n<p style=\"text-align: justify;\" align=\"JUSTIFY\"><span style=\"font-family: georgia, palatino, serif; font-size: 12pt;\"><span lang=\"en-US\"><b>9<\/b><\/span><span lang=\"en-US\">. <\/span><span lang=\"en-GB\"><b>Mats &amp; Max &#8211; Tvillingarna i \u00c5hus,<\/b><\/span><span lang=\"en-GB\"> \u00c5hus, Sweden, unique dining experiences in the beautiful setting at Ahus, they serve authentic Sk\u00e5ne cuisine seasoned with Scanian cultural experiences, <a href=\"http:\/\/www.culinary-heritage.com\">www.culinary-heritage.com<\/a>, <\/span><\/span><\/p>\n<p style=\"text-align: justify;\" align=\"JUSTIFY\"><span style=\"font-family: georgia, palatino, serif; font-size: 12pt;\"><span lang=\"en-US\"><b>10.<\/b><\/span><b> <\/b><span lang=\"en-US\">Visenten,<\/span> <span lang=\"en-US\">Trensum, Sweden, located in M\u00f6jligheternas Hus on the estate &#8211; Eriksberg Hotel &amp; Nature Reserve, gastronomic experience for all the senses, with a personal reception and harmonious atmosphere that follows the cycles at Eriksberg, own raw materials are the basis for everything they serve, <a href=\"https:\/\/eriksberg.nu\/\">https:\/\/eriksberg.nu\/<\/a>, <\/span><\/span><\/p>\n<p style=\"text-align: justify;\" align=\"JUSTIFY\"><span style=\"font-family: georgia, palatino, serif; font-size: 12pt;\"><span lang=\"en-US\"><b>11<\/b><\/span><span lang=\"en-US\">. <\/span><span lang=\"en-US\"><b>Restaurang Pumphuset, <\/b><\/span><span lang=\"en-US\">Landskrona, Sweden, superb food served in a stunning setting, right by the sea, behind huge glass windows, you can see the isle of Ven and the coastline of Denmark, <a href=\"http:\/\/www.tripadvisor.com\">www.tripadvisor.com<\/a> also on <a href=\"http:\/\/pumphuset.nu\/\">http:\/\/pumphuset.nu\/<\/a>.<\/span><\/span><\/p>\n<p style=\"text-align: justify;\" align=\"JUSTIFY\"><span style=\"font-family: georgia, palatino, serif; font-size: 12pt;\"><span lang=\"en-US\"><b>B. Regional foodstuffs <\/b><\/span><\/span><\/p>\n<p style=\"text-align: justify;\" align=\"JUSTIFY\"><span style=\"font-family: georgia, palatino, serif; font-size: 12pt;\"><span lang=\"en-GB\"><b>1.<\/b><\/span> <span lang=\"en-GB\"><b>Zen- Jedz Zdrowo,<\/b><\/span><span lang=\"en-GB\"> Karwia, Poland,<\/span> <span lang=\"en-GB\">naturally produced sausages, meats, preserves, no preservatives, traditional taste, prepared according to old recipes and recipes, and smoked on antique, noble wood, <\/span><a href=\"http:\/\/www.culinary-heritage.com\"><span lang=\"en-GB\">www.culinary-heritage.com<\/span><\/a><\/span><\/p>\n<p style=\"text-align: justify;\" align=\"JUSTIFY\"><span style=\"font-family: georgia, palatino, serif; font-size: 12pt;\"><span lang=\"en-GB\"><b>2.<\/b><\/span> <span lang=\"en-GB\"><b>Farm \u00d3ma,<\/b><\/span> <span lang=\"en-GB\">Chmielno, Poland, surrounded by meadows, located in the Natura 2000 area, you can buy delicious pastries: buckwheat, rye and wheat bread, butter, buckwheat and oatmeal cookies and hand-made pies and cakes, owners use raw materials from their own farm: flour, eggs, milk or seasonal fruits,<\/span><span lang=\"en-GB\"> <a href=\"http:\/\/www.culinary-heritage.com\">www.culinary-heritage.com<\/a><\/span><\/span><\/p>\n<p style=\"text-align: justify;\" align=\"JUSTIFY\"><span style=\"font-family: georgia, palatino, serif; font-size: 12pt;\"><span lang=\"en-US\"><b>3.<\/b><\/span> <span lang=\"en-US\"><b>Bazaar &#8222;because from the village&#8221;, <\/b><\/span><span lang=\"en-US\">Waterfront Center or Polonia Skwer in Gdynia, Poland, a dozen regional exhibitors who offer products from their farms and hand-made preserves. every Thursday and Saturday, <a href=\"http:\/\/www.facebook.com\/bozewsi\/\">www.facebook.com\/bozewsi\/<\/a>, <\/span><\/span><\/p>\n<p style=\"text-align: justify;\" align=\"JUSTIFY\"><span style=\"font-family: georgia, palatino, serif; font-size: 12pt;\"><span lang=\"en-GB\"><b>4.<\/b><\/span> <span lang=\"en-GB\"><b>Molkerei &#8211; Naturprodukte GmbH, <\/b><\/span><span lang=\"en-GB\">Poseritz,<\/span><b> <\/b><span lang=\"en-GB\">Germany,<\/span><b> <\/b><span lang=\"en-GB\">fresh dairy and sea buckthorn products, fresh sea buckthorn juice and pulp of best raw material quality are processed into specialties such as fruit spreads, sea buckthorn jelly and liqueurs. Fresh homemade cakes and pies, milk and butter milk shakes and many other snacks.They don&#8217;t use any auxiliaries and additives, such as stabilizers, emulsifiers, and binders. Only products from the region, <a href=\"http:\/\/www.culinary-heritage.com\">www.culinary-heritage.com<\/a>, <\/span><\/span><\/p>\n<p style=\"text-align: justify;\" align=\"JUSTIFY\"><span style=\"font-family: georgia, palatino, serif; font-size: 12pt;\"><span lang=\"en-US\"><b>5. Vorpommern-R\u00fcgen, <\/b><\/span><span lang=\"en-US\">Sassnitz,<\/span><b> <\/b><span lang=\"en-US\">Germany,<\/span><b> <\/b><span lang=\"en-US\">fish market offers a wide range of fresh and smoked fish, marinades and numerous snacks and invites to taste delicious premium products from the isle of R\u00fcgen, <\/span><span lang=\"en-GB\"><a href=\"http:\/\/www.culinary-heritage.com\">www.culinary-heritage.com<\/a> <\/span><span style=\"color: #00000a;\"><span lang=\"en-GB\">also on <\/span><\/span><a href=\"http:\/\/cuxhaven.kutterfisch.de\/\"><span lang=\"en-GB\">http:\/\/cuxhaven.kutterfisch.de\/<\/span><\/a><span style=\"color: #00000a;\"><span lang=\"en-GB\">. <\/span><\/span><\/span><\/p>\n<p style=\"text-align: justify;\" align=\"JUSTIFY\"><span style=\"font-family: georgia, palatino, serif; font-size: 12pt;\"><span lang=\"en-US\"><b>6.<\/b><\/span><span lang=\"en-GB\"><b> Buhres p\u00e5 Kivik, <\/b><\/span><span style=\"color: #333333;\"><span lang=\"en-GB\">Kivik, <\/span><\/span><span lang=\"en-GB\">Sweden, herring, fresh seafood, smoked products from your own smoked salmon, ready meals, salads, sauces, a large assortment of cheeses, biscuits, marmalades and other good local delicacies, <a href=\"http:\/\/www.culinary-heritage.com\">www.culinary-heritage.com<\/a> also <a href=\"http:\/\/www.buhres.se\">www.buhres.se<\/a>,<\/span><\/span><\/p>\n<p style=\"text-align: justify;\" align=\"JUSTIFY\"><span style=\"font-family: georgia, palatino, serif; font-size: 12pt;\"><span lang=\"en-US\"><b>7.<\/b><\/span><b> <\/b><span lang=\"en-US\"><b>Stefan P\u00e5lsson AB, <\/b><\/span><span lang=\"en-US\">Landskrona, Sweden, offer own produced salmon, seafood, pickled herring, sauces, salads, plates, sandwiches and green salads, also produce gratins, soup, crepes, duchesse and much more, they have tasting table set for customers, <\/span><span lang=\"en-GB\"><a href=\"http:\/\/www.culinary-heritage.com\">www.culinary-heritage.com<\/a> also <a href=\"http:\/\/stefanpalssonab.se\/en\/delikatessen-shop\/\">http:\/\/stefanpalssonab.se\/en\/delikatessen-shop\/<\/a><\/span><\/span><\/p>\n<p style=\"text-align: justify;\" align=\"JUSTIFY\"><span style=\"font-family: georgia, palatino, serif; font-size: 12pt;\"><span lang=\"en-GB\"><b>8.<\/b><\/span> <span lang=\"en-US\"><b>Smakbruket, <\/b><\/span><span lang=\"en-US\">Tomelilla, Sweden,<\/span><span lang=\"en-GB\"> o<\/span><span lang=\"en-US\">rganic, nutritious, local products and products, fresh bread, cakes, cheese, oils, vegetables and fruits and more, <\/span><span lang=\"en-GB\"><a href=\"http:\/\/www.culinary-heritage.com\">www.culinary-heritage.com<\/a> also <a href=\"http:\/\/www.smakbruket.se\">www.smakbruket.se<\/a>.<\/span><\/span><\/p>\n<p style=\"text-align: justify;\"><span style=\"font-family: georgia, palatino, serif; font-size: 12pt;\"><span lang=\"en-US\"><b>Advice and links to food &amp; accommodation &amp; tourists reviews<\/b><\/span><\/span><\/p>\n<p style=\"text-align: justify;\"><span style=\"font-family: georgia, palatino, serif; font-size: 12pt;\"><span lang=\"en-US\">For accommodation booking in hotels suggest to use <a href=\"http:\/\/www.booking.com\">www.booking.com<\/a><\/span><span style=\"color: #ff0000;\"><span lang=\"en-US\">. <\/span><\/span><span lang=\"en-US\">In Poland useful site do find original guest houses or hotels is <\/span><span lang=\"en-GB\"><a href=\"http:\/\/www.slowhop.com\/en\/\">www.slowhop.com\/en\/<\/a>, in Sweden <a href=\"http:\/\/www.farmstaysweden.com\/\">www.farmstaysweden.com\/<\/a> <\/span><\/span><\/p>\n<p style=\"text-align: justify;\"><span style=\"font-family: georgia, palatino, serif; font-size: 12pt;\"><span lang=\"en-US\">For reviews see: Tripadvisor and Holliday portals. In Tripadvisior there are also many restaurants from every country, with regional cuisine. Also recommend using <a href=\"http:\/\/www.culinary-heritage.com\">www.culinary-heritage.com<\/a>, full of exceptional restaurants and points of sale of local products in Poland and Sweden, partly in Germany.<\/span><\/span><\/p>\n<p style=\"text-align: justify;\"><span style=\"font-family: georgia, palatino, serif; font-size: 12pt;\"><span lang=\"en-US\">Unfortunately, it is extremely difficult to find local markets or markets on the coasts of Lithuania and Germany. The best solution is to go to the markets of the main port cities where stalls with local products are usually arranged.<\/span><\/span><\/p>\n<p style=\"text-align: justify;\"><span style=\"font-family: georgia, palatino, serif; font-size: 12pt;\"><span lang=\"en-US\">Suggested links: <\/span><\/span><\/p>\n<p style=\"text-align: justify;\"><span style=\"font-family: georgia, palatino, serif; font-size: 12pt;\"><span lang=\"en-US\">1. <a href=\"https:\/\/eriksberg.nu\">https:\/\/eriksberg.nu<\/a> <\/span><\/span><\/p>\n<p style=\"text-align: justify;\"><span style=\"font-family: georgia, palatino, serif; font-size: 12pt;\"><span lang=\"en-US\">2. <\/span><a href=\"http:\/\/hano.hemsida24.se\/\">http:\/\/hano.hemsida24.se\/<\/a> <\/span><\/p>\n<p style=\"text-align: justify;\"><span style=\"font-family: georgia, palatino, serif; font-size: 12pt;\">3.<i> <\/i><a href=\"http:\/\/www.landskrona.se\">www.landskrona.se<\/a><i> <\/i><\/span><\/p>\n<p style=\"text-align: justify;\"><span style=\"font-family: georgia, palatino, serif; font-size: 12pt;\">4. <a href=\"http:\/\/www.leba.pl\/\">www.leba.pl\/<\/a><\/span><\/p>\n<p style=\"text-align: justify;\"><span style=\"font-family: georgia, palatino, serif; font-size: 12pt;\">5. <a href=\"http:\/\/www.portel.pl\">www.portel.pl<\/a><\/span><\/p>\n<p style=\"text-align: justify;\"><span style=\"font-family: georgia, palatino, serif; font-size: 12pt;\">6. <a href=\"http:\/\/www.na-kaszuby.pl\/\">www.na-kaszuby.pl\/<\/a> <\/span><\/p>\n<p style=\"text-align: justify;\"><span style=\"font-family: georgia, palatino, serif; font-size: 12pt;\">7. <a href=\"http:\/\/zemaitijosnp.lt\/en\/\">http:\/\/zemaitijosnp.lt\/en\/<\/a> <\/span><\/p>\n<p style=\"text-align: justify;\"><span style=\"font-family: georgia, palatino, serif; font-size: 12pt;\">8. <a href=\"http:\/\/www.visitlithuania.net\">www.visitlithuania.net<\/a> <\/span><\/p>\n<p style=\"text-align: justify;\"><a name=\"_GoBack\"><\/a><span style=\"font-family: georgia, palatino, serif; font-size: 12pt;\"> 9. <a href=\"http:\/\/www.nationalpark-jasmund.de\/\">www.nationalpark-jasmund.de\/<\/a> <\/span><\/p>\n<p> <\/p>","protected":false},"excerpt":{"rendered":"<p>Przepraszamy, ten wpis jest dost\u0119pny tylko w j\u0119zyku Ameryka\u0144ski Angielski. For the sake of viewer convenience, the content is shown below in the alternative language. You may click the link to switch the active language. FOOD A. Regional catering 1. Gospodartwo agroturystyczne &#8222;Ola&#8221;, S\u0142ajszewo, Poland, near \u0141eba, offers traditional regional products &#8211; Pomeranian duck (roast), [&hellip;]<\/p>\n","protected":false},"author":3,"featured_media":0,"parent":488,"menu_order":0,"comment_status":"closed","ping_status":"closed","template":"","meta":[],"categories":[35,30],"tags":[],"_links":{"self":[{"href":"https:\/\/sbt.ug.edu.pl\/pl\/wp-json\/wp\/v2\/pages\/3872"}],"collection":[{"href":"https:\/\/sbt.ug.edu.pl\/pl\/wp-json\/wp\/v2\/pages"}],"about":[{"href":"https:\/\/sbt.ug.edu.pl\/pl\/wp-json\/wp\/v2\/types\/page"}],"author":[{"embeddable":true,"href":"https:\/\/sbt.ug.edu.pl\/pl\/wp-json\/wp\/v2\/users\/3"}],"replies":[{"embeddable":true,"href":"https:\/\/sbt.ug.edu.pl\/pl\/wp-json\/wp\/v2\/comments?post=3872"}],"version-history":[{"count":1,"href":"https:\/\/sbt.ug.edu.pl\/pl\/wp-json\/wp\/v2\/pages\/3872\/revisions"}],"predecessor-version":[{"id":3873,"href":"https:\/\/sbt.ug.edu.pl\/pl\/wp-json\/wp\/v2\/pages\/3872\/revisions\/3873"}],"up":[{"embeddable":true,"href":"https:\/\/sbt.ug.edu.pl\/pl\/wp-json\/wp\/v2\/pages\/488"}],"wp:attachment":[{"href":"https:\/\/sbt.ug.edu.pl\/pl\/wp-json\/wp\/v2\/media?parent=3872"}],"wp:term":[{"taxonomy":"category","embeddable":true,"href":"https:\/\/sbt.ug.edu.pl\/pl\/wp-json\/wp\/v2\/categories?post=3872"},{"taxonomy":"post_tag","embeddable":true,"href":"https:\/\/sbt.ug.edu.pl\/pl\/wp-json\/wp\/v2\/tags?post=3872"}],"curies":[{"name":"wp","href":"https:\/\/api.w.org\/{rel}","templated":true}]}}