{"id":3875,"date":"2019-08-01T10:56:38","date_gmt":"2019-08-01T08:56:38","guid":{"rendered":"https:\/\/southbaltic-tourist.eu\/?page_id=3875"},"modified":"2021-06-23T16:08:31","modified_gmt":"2021-06-23T15:08:31","slug":"r2-windsurfing-exploration-food-accommodation-1","status":"publish","type":"page","link":"https:\/\/sbt.ug.edu.pl\/pl\/routes\/windsurfing-exploration\/r2-windsurfing-exploration-food-accommodation-1\/","title":{"rendered":"R2. ODKRYWANIE WINDSURFINGU. ZR\u00d3WNOWA\u017bONY TRANSPORT 1"},"content":{"rendered":"<p><\/p>\n<p style=\"text-align: justify;\"><strong> <img decoding=\"async\" loading=\"lazy\" class=\"alignnone size-medium wp-image-3876\" src=\"https:\/\/southbaltic-tourist.eu\/wp-content\/uploads\/2019\/08\/1-300x218.jpg\" alt=\"\" width=\"300\" height=\"218\" srcset=\"https:\/\/sbt.ug.edu.pl\/wp-content\/uploads\/2019\/08\/1-300x218.jpg 300w, https:\/\/sbt.ug.edu.pl\/wp-content\/uploads\/2019\/08\/1-150x109.jpg 150w, https:\/\/sbt.ug.edu.pl\/wp-content\/uploads\/2019\/08\/1.jpg 706w\" sizes=\"(max-width: 300px) 100vw, 300px\" \/> <img decoding=\"async\" loading=\"lazy\" class=\"alignnone wp-image-3877\" src=\"https:\/\/southbaltic-tourist.eu\/wp-content\/uploads\/2019\/08\/11-300x200.jpg\" alt=\"\" width=\"326\" height=\"217\" srcset=\"https:\/\/sbt.ug.edu.pl\/wp-content\/uploads\/2019\/08\/11-300x200.jpg 300w, https:\/\/sbt.ug.edu.pl\/wp-content\/uploads\/2019\/08\/11-150x100.jpg 150w, https:\/\/sbt.ug.edu.pl\/wp-content\/uploads\/2019\/08\/11.jpg 763w\" sizes=\"(max-width: 326px) 100vw, 326px\" \/> <img decoding=\"async\" loading=\"lazy\" class=\"alignnone wp-image-3878\" src=\"https:\/\/southbaltic-tourist.eu\/wp-content\/uploads\/2019\/08\/111-300x206.jpg\" alt=\"\" width=\"316\" height=\"217\" srcset=\"https:\/\/sbt.ug.edu.pl\/wp-content\/uploads\/2019\/08\/111-300x206.jpg 300w, https:\/\/sbt.ug.edu.pl\/wp-content\/uploads\/2019\/08\/111-150x103.jpg 150w, https:\/\/sbt.ug.edu.pl\/wp-content\/uploads\/2019\/08\/111.jpg 745w\" sizes=\"(max-width: 316px) 100vw, 316px\" \/><br \/>\n<\/strong><\/p>\n<p style=\"text-align: justify;\"><strong>Mapa trasy transportu<\/strong><\/p>\n<ol style=\"text-align: justify;\">\n<li><strong> Transport publiczny<\/strong><\/li>\n<\/ol>\n<p style=\"text-align: justify;\">Je\u015bli jeste\u015b osob\u0105 dopiero rozpoczynaj\u0105c\u0105 przygod\u0119 z surfingiem lub nie masz w\u0142asnego sprz\u0119tu, nie stanowi to \u017cadnego problemu, poniewa\u017c we wskazanych miejscach znajduje si\u0119 wiele wypo\u017cyczalni oferuj\u0105cych r\u00f3\u017cnego rodzaju ekwipunek \u2013 czasami sprz\u0119t mo\u017ce by\u0107 wliczony w cen\u0119 wykupionego kursu. Przy za\u0142o\u017ceniu wynajmu sprz\u0119tu dogodnym \u015brodkiem transportu zapewne b\u0119dzie transport publiczny. Naturalnie w przypadku os\u00f3b podr\u00f3\u017cuj\u0105cych z w\u0142asn\u0105 desk\u0105 surfingow\u0105 i innym sprz\u0119tem, przyjazd samochodem jest konieczno\u015bci\u0105. Zabronione jest przewo\u017cenie tego rodzaju sprz\u0119t\u00f3w transportem publicznym.<\/p>\n<p style=\"text-align: justify;\">Malmo, Zatoka Gda\u0144ska i Palanga s\u0105 jedynymi spotami surfingowymi, do kt\u00f3rych mo\u017cna \u0142atwo dojecha\u0107 z mi\u0119dzynarodowych lotnisk. Inne wy\u017cej wymienione miejsca r\u00f3wnie\u017c s\u0105 bardzo atrakcyjne, ale niestety znajduj\u0105 si\u0119 znacznie dalej. Warto jednak znale\u017a\u0107 spos\u00f3b, aby do nich dotrze\u0107, poniewa\u017c wielu surfer\u00f3w preferuje je ze wzgl\u0119du na \u0142apanie dobrych wiatr\u00f3w.<\/p>\n<p style=\"text-align: justify;\">Wybrze\u017ce Ba\u0142tyku nie jest g\u0119sto zaludnione, dlatego te\u017c sie\u0107 kolejowa nie jest tu tak dobrze rozwini\u0119ta jak w niekt\u00f3rych, innych cz\u0119\u015bciach Europy. Autobusy kursuj\u0105 stosunkowo rzadko. \u00a0Jednak odleg\u0142o\u015b\u0107 punkt\u00f3w surfingowych od stacji i przystank\u00f3w autobusowych zazwyczaj nie jest wi\u0119ksza ni\u017c 2 km. W Danii i Szwecji transport publiczny mo\u017ce by\u0107 szczeg\u00f3lnie kosztowny. W tych krajach warto podr\u00f3\u017cowa\u0107 w\u0142asnym samochodem b\u0105d\u017a zdecydowa\u0107 si\u0119 na wynajem auta \u2013 szczeg\u00f3lnie w przypadku ch\u0119ci odwiedzenia kilku spot\u00f3w. Linie promowe obs\u0142uguj\u0105ce kraje po\u0142udniowego Ba\u0142tyku s\u0105 doskonale przystosowane do przewozu samochod\u00f3w osobowych.<\/p>\n<ol style=\"text-align: justify;\">\n<li><strong> Prywatne auto<\/strong><\/li>\n<li>Kultura jazdy.<\/li>\n<\/ol>\n<p style=\"text-align: justify;\">We wszystkich krajach po\u0142udniowego Ba\u0142tyku panuje wysoka kultura jazdy, zw\u0142aszcza w Skandynawii i Niemczech. P\u00f3\u0142nocne tereny Polski oraz wybrze\u017ca Litwy charakteryzuj\u0105 si\u0119 stosunkowo bezpieczniejszymi drogami ni\u017c na obszarach \u015br\u00f3dl\u0105dowych swoich kraj\u00f3w.<\/p>\n<ol style=\"text-align: justify;\" start=\"2\">\n<li>Zasady drogowe.<\/li>\n<\/ol>\n<p style=\"text-align: justify;\">Na terenach wszystkich kraj\u00f3w niniejszej trasy s\u0142u\u017cby policyjne surowo egzekwuj\u0105 \u0142amanie prawa. W Polsce, Szwecji i na Litwie za prowadzenie pojazdu pod wp\u0142ywem alkoholu gro\u017c\u0105 r\u00f3\u017cnego rodzaju kary oraz grzywny. Przyk\u0142adowo, w 2017 r. polska policja przeprowadzi\u0142a oko\u0142o 14 milion\u00f3w kontroli drogowych maj\u0105cych na celu weryfikacj\u0119 trze\u017awo\u015bci kierowc\u00f3w. Dodatkowo, nale\u017cy pami\u0119ta\u0107, \u017ce mandaty za przekroczenie pr\u0119dko\u015bci w powy\u017cszych krajach bywaj\u0105 kosztowne.<\/p>\n<ol style=\"text-align: justify;\" start=\"3\">\n<li>W celu odbycia podr\u00f3\u017cy w spos\u00f3b zr\u00f3wnowa\u017cony zaleca si\u0119 podr\u00f3\u017cowa\u0107 w grupach od 2-5 os\u00f3b.<\/li>\n<li>Uprzejmo\u015b\u0107 na niemieckich i skandynawskich drogach jest na porz\u0105dku dziennym. Kierowcy z obcymi tablicami rejestracyjnymi mog\u0105 liczy\u0107 na wiele cierpliwo\u015bci i \u017cyczliwo\u015bci ze strony lokalnych kierowc\u00f3w. Sytuacja w Polsce i na Litwie pod tym wzgl\u0119dem jest nieco gorsza, ale szybko si\u0119 poprawia.<\/li>\n<li>Ceny benzyny w krajach Po\u0142udniowego Ba\u0142tyku nie s\u0105 wysokie, mog\u0105 si\u0119 r\u00f3\u017cni\u0107 mi\u0119dzy pa\u0144stwami o 20-30%. Op\u0142aty parkingowe przy spotach surfingowych r\u00f3wnie\u017c nie s\u0105 wysokie, a cz\u0119sto parkingi bywaj\u0105 bezp\u0142atne.<\/li>\n<li><strong> Rowery, piesze w\u0119dr\u00f3wki, \u017ceglarstwo itp.<\/strong><\/li>\n<\/ol>\n<p style=\"text-align: justify;\">\u015acie\u017cki rowerowe wyst\u0119puj\u0105 w ka\u017cdym kraju niniejszej trasy. Liderami pod wzgl\u0119dem rozleg\u0142o\u015bci tras rowerowych s\u0105 Dania i Niemcy. Powoli do\u0142\u0105cza do nich Szwecja. R\u00f3wnie\u017c w Polsce i na Litwie warunki dla rowerzyst\u00f3w staj\u0105 si\u0119 coraz lepsze. W pobli\u017cu wskazanych miejsc surfingowych jest bardzo du\u017co atrakcyjnych tras rowerowych.<\/p>\n<p style=\"text-align: justify;\">Organizuj\u0105c sw\u00f3j wyjazd do jednego ze spot\u00f3w warto nawi\u0105za\u0107 kontakt z lokalnymi dostawcami, kt\u00f3rzy w przypadku ch\u0119ci wybrania si\u0119 na wycieczk\u0119 rowerow\u0105 pomog\u0105 znale\u017a\u0107 w pobli\u017cu wypo\u017cyczalni\u0119 rower\u00f3w. Popularne s\u0105 piesze w\u0119dr\u00f3wki po okolicznych parkach narodowych i rezerwatach przyrody. We wszystkich nadba\u0142tyckich krajach istniej\u0105 atrakcyjne szlaki turystyczne. Dodatkowo, przy wi\u0119kszo\u015bci jezior oraz na przystaniach mo\u017cliwe jest wypo\u017cyczenie \u0142odzi. Op\u0142aty za \u0142\u00f3d\u017a b\u0105d\u017a kajak zale\u017c\u0105 od ich rodzaju. W celu sprawdzenia cen najlepiej jest skorzysta\u0107 z Internetu.<\/p>\n<ol style=\"text-align: justify;\">\n<li><strong> Wynajem i doradztwo w zakresie dostawc\u00f3w zr\u00f3wnowa\u017conego transportu<\/strong><\/li>\n<\/ol>\n<p style=\"text-align: justify;\">Wypo\u017cyczalnie samochod\u00f3w s\u0105 dost\u0119pne na wszystkich lotniskach i w wi\u0119ksz<\/p>\n<p><strong>R2. ODKRYWANIE WINDSURFINGU. ZR\u00d3WNOWA\u017bONY TRANSPORT 1<\/strong><\/p>\n<p style=\"text-align: justify;\">o\u015bci miast. Mo\u017cliwe jest tak\u017ce skorzystanie z oferty firm mi\u0119dzynarodowych, co zapewnia pewno\u015b\u0107 co do ceny i jako\u015bci us\u0142ugi, a tak\u017ce du\u017cy wyb\u00f3r pod k\u0105tem rozmiaru czy bezpiecze\u0144stwa auta. Jednak to lokalni sprzedawcy mog\u0105 okaza\u0107 si\u0119 mniej kosztowni. Przy wynajmie dowolnego samochodu zalecane jest wykupienie ubezpieczenia od kolizji (CDW).<\/p>\n<p style=\"text-align: justify;\">Najlepszym wyborem na podr\u00f3\u017c po krajach Po\u0142udniowego Ba\u0142tyku b\u0119dzie ma\u0142e i ekonomiczne, europejskie auto, mniej szkodliwe dla \u015brodowiska. Wi\u0119kszo\u015b\u0107 wypo\u017cyczalni oferuje samochody zu\u017cywaj\u0105ce oko\u0142o 5-6 litr\u00f3w na 100 km. Warto jednak zapyta\u0107 o bardziej ekonomiczne auta.<\/p>\n<p style=\"text-align: justify;\">Je\u015bli organizujesz transgraniczn\u0105 wypraw\u0119 nastawion\u0105 na windsurfing czy kitesurfing, mo\u017cliwe jest tak\u017ce przemieszczanie si\u0119 specjalnym minibusem z innymi surferami, co obni\u017cy koszty podr\u00f3\u017cy i pozwoli na d\u0142u\u017csze postoje.<\/p>\n<p><\/p>","protected":false},"excerpt":{"rendered":"<p>Mapa trasy transportu Transport publiczny Je\u015bli jeste\u015b osob\u0105 dopiero rozpoczynaj\u0105c\u0105 przygod\u0119 z surfingiem lub nie masz w\u0142asnego sprz\u0119tu, nie stanowi to \u017cadnego problemu, poniewa\u017c we wskazanych miejscach znajduje si\u0119 wiele wypo\u017cyczalni oferuj\u0105cych r\u00f3\u017cnego rodzaju ekwipunek \u2013 czasami sprz\u0119t mo\u017ce by\u0107 wliczony w cen\u0119 wykupionego kursu. Przy za\u0142o\u017ceniu wynajmu sprz\u0119tu dogodnym \u015brodkiem transportu zapewne b\u0119dzie transport [&hellip;]<\/p>\n","protected":false},"author":3,"featured_media":0,"parent":174,"menu_order":0,"comment_status":"closed","ping_status":"closed","template":"","meta":[],"categories":[35,9],"tags":[],"_links":{"self":[{"href":"https:\/\/sbt.ug.edu.pl\/pl\/wp-json\/wp\/v2\/pages\/3875"}],"collection":[{"href":"https:\/\/sbt.ug.edu.pl\/pl\/wp-json\/wp\/v2\/pages"}],"about":[{"href":"https:\/\/sbt.ug.edu.pl\/pl\/wp-json\/wp\/v2\/types\/page"}],"author":[{"embeddable":true,"href":"https:\/\/sbt.ug.edu.pl\/pl\/wp-json\/wp\/v2\/users\/3"}],"replies":[{"embeddable":true,"href":"https:\/\/sbt.ug.edu.pl\/pl\/wp-json\/wp\/v2\/comments?post=3875"}],"version-history":[{"count":5,"href":"https:\/\/sbt.ug.edu.pl\/pl\/wp-json\/wp\/v2\/pages\/3875\/revisions"}],"predecessor-version":[{"id":5854,"href":"https:\/\/sbt.ug.edu.pl\/pl\/wp-json\/wp\/v2\/pages\/3875\/revisions\/5854"}],"up":[{"embeddable":true,"href":"https:\/\/sbt.ug.edu.pl\/pl\/wp-json\/wp\/v2\/pages\/174"}],"wp:attachment":[{"href":"https:\/\/sbt.ug.edu.pl\/pl\/wp-json\/wp\/v2\/media?parent=3875"}],"wp:term":[{"taxonomy":"category","embeddable":true,"href":"https:\/\/sbt.ug.edu.pl\/pl\/wp-json\/wp\/v2\/categories?post=3875"},{"taxonomy":"post_tag","embeddable":true,"href":"https:\/\/sbt.ug.edu.pl\/pl\/wp-json\/wp\/v2\/tags?post=3875"}],"curies":[{"name":"wp","href":"https:\/\/api.w.org\/{rel}","templated":true}]}}