{"id":3890,"date":"2019-08-01T11:06:52","date_gmt":"2019-08-01T09:06:52","guid":{"rendered":"https:\/\/southbaltic-tourist.eu\/?page_id=3890"},"modified":"2019-08-01T11:06:52","modified_gmt":"2019-08-01T09:06:52","slug":"r3-sustainable-touris-services-2","status":"publish","type":"page","link":"https:\/\/sbt.ug.edu.pl\/pl\/routes\/national-parks-exploration\/r3-sustainable-touris-services-2\/","title":{"rendered":"(English) R3. SUSTAINABLE TOURIS SERVICES 2"},"content":{"rendered":"<p class=\"qtranxs-available-languages-message qtranxs-available-languages-message-pl\">Przepraszamy, ten wpis jest dost\u0119pny tylko w j\u0119zyku <a href=\"https:\/\/sbt.ug.edu.pl\/en\/wp-json\/wp\/v2\/pages\/3890\" class=\"qtranxs-available-language-link qtranxs-available-language-link-en\" title=\"English\">Ameryka\u0144ski Angielski<\/a>. For the sake of viewer convenience, the content is shown below in the alternative language. You may click the link to switch the active language.<\/p><p><\/p>\n<p style=\"text-align: justify;\"><span style=\"font-size: 12pt; font-family: georgia, palatino, serif;\"><span lang=\"en-US\"><b>Tourist Equipment Rentals <\/b><\/span><\/span><\/p>\n<ol>\n<li style=\"text-align: justify;\">\n<p class=\"western\"><span style=\"color: #00000a; font-size: 12pt; font-family: georgia, palatino, serif;\"><span lang=\"en-US\">Paddelkompaniet, Kallinge, Sweden &#8211; a family company that has been working for 15 years entertaining tourists during summer seasons. The canoe trail on Ronneby\u00e5n is approximately 70 kilometers long and it stretches from Hovmantorp in Sm\u00e5land to Karlsn\u00e4sg\u00e5rden in Blekinge, but you can also choose to paddle sections. Tourists can experience true wilderness as the river is often far from towns and villages.The river alternates between narrow meanders and endless lakes and is surrounded by deep forests with rich wildlife. http:\/\/www.paddelkompaniet.se\/home_en<\/span><\/span><\/p>\n<\/li>\n<li style=\"text-align: justify;\">\n<p class=\"western\"><span style=\"font-size: 12pt; font-family: georgia, palatino, serif;\"><span style=\"color: #00000a;\"> <span lang=\"en-US\">M\u00f6rrums Kronolaxfiske<\/span><\/span><span style=\"color: #00000a;\"><span lang=\"en-US\">, <\/span><\/span><span style=\"color: #00000a;\"><span lang=\"en-US\">M\u00f6rrum, Sweden. Equipment for fishing hire. Amongst the equipment available for hire, you will find rods, reels, lines and the right lures and flies. Everything is checked and ready upon your arrival, the equipment being geared up to the conditions and time of season. We can also provide waders, wading staffs, landing nets and other equipment that you may be in need of.<\/span><\/span> <span style=\"color: #00000a;\"><span lang=\"en-US\">See: <a href=\"http:\/\/www.sveaskog.se\">www.sveaskog.se<\/a><\/span><\/span><\/span><\/p>\n<\/li>\n<li style=\"text-align: justify;\"><span style=\"font-size: 12pt; font-family: georgia, palatino, serif;\"><span lang=\"en-US\">Kanu, Kratzeburg, Germany rents 2 and 3-seat kayak floats on M\u00fcritz National Park meandering rivers. <\/span><a href=\"http:\/\/www.getmyboat.com\/canoe-rentals\/canoe-rental-in-kratzeburg--61190\"><span style=\"color: #00000a;\"><span lang=\"en-US\">www.getmyboat.com\/canoe-rentals\/canoe-rental-in-kratzeburg&#8211;61190<\/span><\/span><\/a><\/span><\/li>\n<li style=\"text-align: justify;\"><span style=\"font-size: 12pt; font-family: georgia, palatino, serif;\"><span lang=\"en-US\">Yachtcharter Grunke, Greifswald, Germany has great selection of sailing yacht for rent and charter. It is located in Greifswald right between the Baltic islands R\u00fcgen and Usedom. If a day charter is too short for some, there is an offer for a weekend sailing trip around R\u00fcgen. Their flagships are the Hanse 531, Hanse 461 and the Hanse 430 with 4 cabins and 4 bathrooms. The service is ready to share necessary advice and guidence, as they have 20 years of experience as a charter company. <\/span><a href=\"http:\/\/www.yc-gruenke.de\"><span style=\"color: #00000a;\"><span lang=\"en-US\">www.yc-gruenke.de<\/span><\/span><\/a><\/span><\/li>\n<li style=\"text-align: justify;\"><span lang=\"en-US\" style=\"font-size: 12pt; font-family: georgia, palatino, serif;\">RoweryLeba, \u0141eba, Poland \u2013 bike rental, where everyone will find something for themselves. It has a wide range of equipment: city bikes, mountain bikes, electric bikes, fatbikes, go-karts and scooters. In addition, you can rent bikes and skooter for kids or bike equipped in a child seat or bicycle trailer. Caring for safety they also offer helmets. www.roweryleba.pl<\/span><\/li>\n<li style=\"text-align: justify;\"><span style=\"font-size: 12pt; font-family: georgia, palatino, serif;\"><span lang=\"en-US\">KiteFORT, \u015awinouj\u015bcie, Poland &#8211; training and rental center, where unusual sport enthusiasts can find equipment for Stand Up Paddle &#8211; swimming on a board with an oar in a standing position. It is sport for everyone and every reservoir. Stable and buoyant board allows to enjoy rowing after a few minutes of practice. Swimming on S.U.P. it is a perfect exercise of balance and coordination. Offer includes a board for skimboarding, which is swimming on a shallow water on a tear-shaped board made of plywood. <\/span><a href=\"http:\/\/www.kitefort.pl\"><span style=\"color: #00000a;\"><span lang=\"en-US\">www.kitefort.pl<\/span><\/span><\/a><\/span><\/li>\n<li>\n<p style=\"text-align: justify;\"><span style=\"font-size: 12pt; font-family: georgia, palatino, serif;\"><span lang=\"en-US\">Blokart sailing, Nida, Lithuania offersindependent blokart sailing after few minute training. Blokarts are small land and ice sails and they can rich high speeds. You can sail on an unused asphalt airfield in Nida, on the Baltic Sea beach in autumn\/spring time and on the ice during the winter and competing with others. Qualified instructors will show you how simple is to handle a blokart. After a few minutes everyone will be able to maneuver the blokart themselves. <\/span><a href=\"http:\/\/www.visitlithuania.net\/top-activities\/sport-activities\/1269-blokart-sailing\"><span style=\"color: #00000a;\"><span lang=\"en-US\">www.visitlithuania.net\/top-activities\/sport-activities\/1269-blokart-sailing<\/span><\/span><\/a><\/span><\/p>\n<p style=\"text-align: justify;\"><span style=\"font-size: 12pt; font-family: georgia, palatino, serif;\"><span lang=\"en-US\"><b>Advice and Links to Sustainable Tourist Services<\/b><\/span><\/span><\/p>\n<p style=\"text-align: justify;\"><span lang=\"en-US\" style=\"font-size: 12pt; font-family: georgia, palatino, serif;\">Links:<\/span><\/p>\n<ol>\n<li style=\"text-align: justify;\"><span style=\"font-size: 12pt; font-family: georgia, palatino, serif;\"><span lang=\"en-US\">See <\/span><a href=\"http:\/\/www.germany.travel\/en\"><span style=\"color: #00000a;\"><span lang=\"en-US\">http:\/\/www.germany.travel\/en<\/span><\/span><\/a><span lang=\"en-US\"> to find out more about German national parks and find offers activities and tourists advice.<\/span><\/span><\/li>\n<li style=\"text-align: justify;\"><span lang=\"en-US\" style=\"font-size: 12pt; font-family: georgia, palatino, serif;\">See www.mazury.travel to plan your active time in Mazury region.<\/span><\/li>\n<li style=\"text-align: justify;\"><span style=\"font-size: 12pt; font-family: georgia, palatino, serif;\"><span lang=\"en-US\">See <\/span><a href=\"http:\/\/www.fishingparadise.se\"><span style=\"color: #00000a;\"><span lang=\"en-US\">www.fishingparadise.se<\/span><\/span><\/a><span lang=\"en-US\"> to get advice on fishing in Sweden.<\/span><\/span><\/li>\n<li style=\"text-align: justify;\"><span style=\"font-size: 12pt; font-family: georgia, palatino, serif;\"><span lang=\"en-US\">See <\/span><a href=\"http:\/\/www.toursbylocals.com\"><span style=\"color: #00000a;\"><span lang=\"en-US\">www.toursbylocals.com<\/span><\/span><\/a><span lang=\"en-US\"> to find a licensed tourist guide.<\/span><\/span><\/li>\n<li style=\"text-align: justify;\"><span style=\"font-size: 12pt; font-family: georgia, palatino, serif;\"><span lang=\"en-US\">See <\/span><a href=\"http:\/\/www.nationalparksofsweden.se\"><span style=\"color: #00000a;\"><span lang=\"en-GB\">www.nationalparksofsweden.se<\/span><\/span><\/a><span lang=\"en-US\"> for useful information about National Parks of Sweden: when it is best to visit the park, how to get there and the rules you will need to follow there. <\/span><\/span><\/li>\n<li style=\"text-align: justify;\"><span style=\"font-size: 12pt; font-family: georgia, palatino, serif;\"><span lang=\"en-GB\">Use <\/span><a href=\"http:\/\/www.inyourpocket.com\"><span style=\"color: #00000a;\"><span lang=\"en-GB\">www.inyourpocket.com<\/span><\/span><\/a><span lang=\"en-GB\"> to download guide books for any town you visit.<\/span><\/span><\/li>\n<li style=\"text-align: justify;\"><span style=\"font-size: 12pt; font-family: georgia, palatino, serif;\"><span lang=\"en-US\">See <\/span><a href=\"http:\/\/pomorskie.travel\"><span style=\"color: #00000a;\"><span lang=\"en-US\">pomorskie.travel<\/span><\/span><\/a><span lang=\"en-US\"> for options of active relax and advice on planning your stay.<\/span><\/span><\/li>\n<li style=\"text-align: justify;\"><span style=\"font-size: 12pt; font-family: georgia, palatino, serif;\"><span lang=\"en-US\">S<\/span><span lang=\"en-GB\">ee <\/span><a href=\"http:\/\/www.lithuania.travel\"><span style=\"color: #00000a;\"><span lang=\"en-US\">www.lithuania.travel<\/span><\/span><\/a> <span lang=\"en-GB\">for hiking trails activities suggestions in Lithuania and to learn more about Curonian Spit National Park.<\/span><\/span><\/li>\n<li style=\"text-align: justify;\"><span style=\"font-size: 12pt; font-family: georgia, palatino, serif;\"><span lang=\"en-US\">See <\/span><a href=\"http:\/\/www.karlshamn.se\/en\/VisitKarlshamn\/\"><span style=\"color: #00000a;\"><span lang=\"en-US\">www.karlshamn.se\/en\/VisitKarlshamn<\/span><\/span><\/a><span lang=\"en-US\"> for a<\/span><span lang=\"en-GB\">ctivity services and sport equipment rentals in Karlshamn.<\/span><\/span><\/li>\n<li style=\"text-align: justify;\"><span style=\"font-size: 12pt; font-family: georgia, palatino, serif;\"><span lang=\"en-US\">See <\/span><a href=\"http:\/\/www.visitystadosterlen.se\/en\"><span style=\"color: #00000a;\"><span lang=\"en-US\">www.visitystadosterlen.se\/en<\/span><\/span><\/a><span lang=\"en-US\"> for a<\/span><span lang=\"en-GB\">ctivity services and sport equipment rentals in Ystad and Osterlen region.<\/span><\/span><\/li>\n<li style=\"text-align: justify;\"><span style=\"font-size: 12pt; font-family: georgia, palatino, serif;\"><span lang=\"en-US\">See <\/span><a href=\"http:\/\/www.yachtico.com\"><span style=\"color: #00000a;\"><span lang=\"en-US\">www.yachtico.com<\/span><\/span><\/a><span lang=\"en-GB\"> to find a yacht to rent anywhere you are.<\/span><\/span><\/li>\n<li>\n<p style=\"text-align: justify;\"><span style=\"font-size: 12pt; font-family: georgia, palatino, serif;\"><span lang=\"en-US\">See <\/span><a href=\"http:\/\/www.bbtravel.lt\/en\/\"><span style=\"color: #00000a;\"><span lang=\"en-US\">www.bbtravel.lt\/en\/<\/span><\/span><\/a><span lang=\"en-US\"> for biking tours of Lithuania.<\/span><\/span><\/p>\n<\/li>\n<\/ol>\n<\/li>\n<\/ol>\n<p> <\/p>","protected":false},"excerpt":{"rendered":"<p>Przepraszamy, ten wpis jest dost\u0119pny tylko w j\u0119zyku Ameryka\u0144ski Angielski. For the sake of viewer convenience, the content is shown below in the alternative language. You may click the link to switch the active language. Tourist Equipment Rentals Paddelkompaniet, Kallinge, Sweden &#8211; a family company that has been working for 15 years entertaining tourists during [&hellip;]<\/p>\n","protected":false},"author":3,"featured_media":0,"parent":457,"menu_order":0,"comment_status":"closed","ping_status":"closed","template":"","meta":[],"categories":[26,36],"tags":[],"_links":{"self":[{"href":"https:\/\/sbt.ug.edu.pl\/pl\/wp-json\/wp\/v2\/pages\/3890"}],"collection":[{"href":"https:\/\/sbt.ug.edu.pl\/pl\/wp-json\/wp\/v2\/pages"}],"about":[{"href":"https:\/\/sbt.ug.edu.pl\/pl\/wp-json\/wp\/v2\/types\/page"}],"author":[{"embeddable":true,"href":"https:\/\/sbt.ug.edu.pl\/pl\/wp-json\/wp\/v2\/users\/3"}],"replies":[{"embeddable":true,"href":"https:\/\/sbt.ug.edu.pl\/pl\/wp-json\/wp\/v2\/comments?post=3890"}],"version-history":[{"count":1,"href":"https:\/\/sbt.ug.edu.pl\/pl\/wp-json\/wp\/v2\/pages\/3890\/revisions"}],"predecessor-version":[{"id":3891,"href":"https:\/\/sbt.ug.edu.pl\/pl\/wp-json\/wp\/v2\/pages\/3890\/revisions\/3891"}],"up":[{"embeddable":true,"href":"https:\/\/sbt.ug.edu.pl\/pl\/wp-json\/wp\/v2\/pages\/457"}],"wp:attachment":[{"href":"https:\/\/sbt.ug.edu.pl\/pl\/wp-json\/wp\/v2\/media?parent=3890"}],"wp:term":[{"taxonomy":"category","embeddable":true,"href":"https:\/\/sbt.ug.edu.pl\/pl\/wp-json\/wp\/v2\/categories?post=3890"},{"taxonomy":"post_tag","embeddable":true,"href":"https:\/\/sbt.ug.edu.pl\/pl\/wp-json\/wp\/v2\/tags?post=3890"}],"curies":[{"name":"wp","href":"https:\/\/api.w.org\/{rel}","templated":true}]}}