{"id":3896,"date":"2019-08-01T11:20:27","date_gmt":"2019-08-01T09:20:27","guid":{"rendered":"https:\/\/southbaltic-tourist.eu\/?page_id=3896"},"modified":"2019-08-01T11:24:22","modified_gmt":"2019-08-01T09:24:22","slug":"r2-windsurfing-exploration-sustainable-tourist-services-1","status":"publish","type":"page","link":"https:\/\/sbt.ug.edu.pl\/pl\/routes\/windsurfing-exploration\/r2-windsurfing-exploration-sustainable-tourist-services-1\/","title":{"rendered":"(English) R2. WINDSURFING EXPLORATION. SUSTAINABLE TOURIST  SERVICES 1"},"content":{"rendered":"<p class=\"qtranxs-available-languages-message qtranxs-available-languages-message-pl\">Przepraszamy, ten wpis jest dost\u0119pny tylko w j\u0119zyku <a href=\"https:\/\/sbt.ug.edu.pl\/en\/wp-json\/wp\/v2\/pages\/3896\" class=\"qtranxs-available-language-link qtranxs-available-language-link-en\" title=\"English\">Ameryka\u0144ski Angielski<\/a>. For the sake of viewer convenience, the content is shown below in the alternative language. You may click the link to switch the active language.<\/p><p><\/p>\n<p style=\"text-align: justify;\"><span style=\"font-size: 12pt; font-family: georgia, palatino, serif;\"><img decoding=\"async\" loading=\"lazy\" class=\"alignnone size-medium wp-image-3897\" src=\"https:\/\/southbaltic-tourist.eu\/wp-content\/uploads\/2019\/08\/3-300x227.jpg\" alt=\"\" width=\"300\" height=\"227\" srcset=\"https:\/\/sbt.ug.edu.pl\/wp-content\/uploads\/2019\/08\/3-300x227.jpg 300w, https:\/\/sbt.ug.edu.pl\/wp-content\/uploads\/2019\/08\/3-768x582.jpg 768w, https:\/\/sbt.ug.edu.pl\/wp-content\/uploads\/2019\/08\/3-150x114.jpg 150w, https:\/\/sbt.ug.edu.pl\/wp-content\/uploads\/2019\/08\/3-136x102.jpg 136w, https:\/\/sbt.ug.edu.pl\/wp-content\/uploads\/2019\/08\/3.jpg 775w\" sizes=\"(max-width: 300px) 100vw, 300px\" \/> <img decoding=\"async\" loading=\"lazy\" class=\"alignnone wp-image-3898\" src=\"https:\/\/southbaltic-tourist.eu\/wp-content\/uploads\/2019\/08\/33-300x213.jpg\" alt=\"\" width=\"318\" height=\"226\" srcset=\"https:\/\/sbt.ug.edu.pl\/wp-content\/uploads\/2019\/08\/33-300x213.jpg 300w, https:\/\/sbt.ug.edu.pl\/wp-content\/uploads\/2019\/08\/33-768x545.jpg 768w, https:\/\/sbt.ug.edu.pl\/wp-content\/uploads\/2019\/08\/33-150x106.jpg 150w, https:\/\/sbt.ug.edu.pl\/wp-content\/uploads\/2019\/08\/33.jpg 827w\" sizes=\"(max-width: 318px) 100vw, 318px\" \/> <img decoding=\"async\" loading=\"lazy\" class=\"alignnone wp-image-3899\" src=\"https:\/\/southbaltic-tourist.eu\/wp-content\/uploads\/2019\/08\/333-300x199.jpg\" alt=\"\" width=\"342\" height=\"227\" srcset=\"https:\/\/sbt.ug.edu.pl\/wp-content\/uploads\/2019\/08\/333-300x199.jpg 300w, https:\/\/sbt.ug.edu.pl\/wp-content\/uploads\/2019\/08\/333-768x509.jpg 768w, https:\/\/sbt.ug.edu.pl\/wp-content\/uploads\/2019\/08\/333-150x99.jpg 150w, https:\/\/sbt.ug.edu.pl\/wp-content\/uploads\/2019\/08\/333.jpg 882w\" sizes=\"(max-width: 342px) 100vw, 342px\" \/><\/span><\/p>\n<p style=\"text-align: justify;\"><span style=\"font-family: georgia, palatino, serif; font-size: 12pt;\"><span lang=\"en-US\"><b>A. Cross Border Dream Tours Vendors (sustainable tourism in South Baltic Region) <\/b><\/span><\/span><\/p>\n<p style=\"text-align: justify;\"><span style=\"font-size: 12pt; font-family: georgia, palatino, serif;\"><span lang=\"en-US\">1. <\/span><span lang=\"en-US\"><b>Kayaking Baltic Sea<\/b><\/span><span lang=\"en-US\">, Binz, Organizes sea kayaking and boating in the most interesting areas of Germany, Denmark and Sweden. See: <a href=\"http:\/\/kayakb.de\">http:\/\/kayakb.de<\/a> . Affordable. <\/span><\/span><\/p>\n<p style=\"text-align: justify;\"><span style=\"font-size: 12pt; font-family: georgia, palatino, serif;\"><span lang=\"en-US\">2. <\/span><span lang=\"en-US\"><b>CroisiEurope River Cruises<\/b><\/span><span lang=\"en-US\">, River cruises from Germany through Poland to Sweden and Denmark: <a href=\"https:\/\/www.croisieurope.travel\/en\/\">https:\/\/www.croisieurope.travel\/en\/<\/a> . Affordable. <\/span><\/span><\/p>\n<p style=\"text-align: justify;\"><span style=\"font-size: 12pt; font-family: georgia, palatino, serif;\"><span lang=\"en-US\">3<\/span><span lang=\"en-US\"><b>. <\/b><\/span><a href=\"https:\/\/www.tourradar.com\/utracks\"><span style=\"color: #00000a;\"><span lang=\"en-US\"><b>UTracks<\/b><\/span><\/span><\/a><span lang=\"en-US\">, biking alongside the Baltic coast: Lithuania, Russia, Poland. <a href=\"http:\/\/www.utracks.com\">http:\/\/www.utracks.com<\/a> . Affordable. <\/span><\/span><\/p>\n<p style=\"text-align: justify;\"><span style=\"font-size: 12pt; font-family: georgia, palatino, serif;\"><span lang=\"en-US\">4. <\/span><span lang=\"en-US\"><b>Kitesurfingszczecin<\/b><\/span><span lang=\"en-US\"> \u2013 a portal offering different kite and wind surfing treaining services as well as equipment and repairs that offers activities on both Polish and German spots. Probably the first cross border service: <\/span><a href=\"http:\/\/kitesurfingszczecin.pl\/kitesurfing-spot-suhrendorf-rugia\/\"><span lang=\"en-US\">http:\/\/kitesurfingszczecin.pl\/kitesurfing-spot-suhrendorf-rugia\/<\/span><\/a><\/span><\/p>\n<p style=\"text-align: justify;\"><span style=\"font-family: georgia, palatino, serif; font-size: 12pt;\"><span lang=\"en-US\">As in mid 2018 there was a limited number of companies offering sustainable tourism tours cross border on the South Baltic Program area. There were numerous mass tourism offers (e.g. coach excursions), but they were focused on large cities like capitals and mass tourism magnets. The cross border offers are very limited. <\/span><\/span><\/p>\n<p style=\"text-align: justify;\"><span style=\"font-size: 12pt; font-family: georgia, palatino, serif;\"><span lang=\"en-US\"><b>B. Sustainable Activity Services <\/b><\/span><span lang=\"en-US\">(available in 1 country only)<\/span><b> <\/b><\/span><\/p>\n<p style=\"text-align: justify;\"><span style=\"font-size: 12pt; font-family: georgia, palatino, serif;\"><span lang=\"en-US\">1. <\/span><span lang=\"en-US\"><b>Seepark Sellin<\/b><\/span><span lang=\"en-US\"> offers kite and wind surfing education, rental of equipment and holiday apartments: <a href=\"https:\/\/www.seepark-sellin.de\/en\/sailing-surfing-baltic-sea.html\">https:\/\/www.seepark-sellin.de\/en\/sailing-surfing-baltic-sea.html<\/a><\/span><\/span><\/p>\n<p style=\"text-align: justify;\"><span style=\"font-size: 12pt; font-family: georgia, palatino, serif;\"><span lang=\"en-US\">2. <\/span><span lang=\"en-US\"><b>Augustustours<\/b><\/span><span lang=\"en-US\"> is a tours operator organizing biking tours around Island Rugen: <a href=\"https:\/\/www.augustustours.de\/en\/cycle-holidays\/baltic-sea-cycle-path\/rugen-island.html\">https:\/\/www.augustustours.de\/en\/cycle-holidays\/baltic-sea-cycle-path\/rugen-island.html<\/a> <\/span><\/span><\/p>\n<p style=\"text-align: justify;\"><span style=\"font-size: 12pt; font-family: georgia, palatino, serif;\"><span lang=\"en-US\">3. <\/span><span lang=\"en-US\"><b>Wheel2Wheel Holidays<\/b><\/span><span lang=\"en-US\"> is UK located tours operator which organizes biking tours in Island Rugen: <a href=\"http:\/\/wheel2wheelholidays.com\/island-of-ruegen-cycling-holidays\">http:\/\/wheel2wheelholidays.com\/island-of-ruegen-cycling-holidays<\/a> <\/span><\/span><\/p>\n<p style=\"text-align: justify;\"><span style=\"font-size: 12pt; font-family: georgia, palatino, serif;\"><span lang=\"en-US\">4. <\/span><span lang=\"en-US\"><b>Inntravel<\/b><\/span><span lang=\"en-US\">, experts in self-guided biking tours: <a href=\"https:\/\/www.inntravel.co.uk\/holidays\/cycling-holidays\/germany\/rugen-baltic-coast\">https:\/\/www.inntravel.co.uk\/holidays\/cycling-holidays\/germany\/rugen-baltic-coast#<\/a> <\/span><\/span><\/p>\n<p style=\"text-align: justify;\"><span style=\"font-size: 12pt; font-family: georgia, palatino, serif;\"><span lang=\"en-US\">5. <\/span><span lang=\"en-US\"><b>Kite Schule Lubmin<\/b><\/span><span lang=\"en-US\"> is a training unit which also provides equipement rentals in Lubmin, Germany: <a href=\"http:\/\/www.kiteschule-lubmin.de\/\">http:\/\/www.kiteschule-lubmin.de\/<\/a><\/span><\/span><\/p>\n<p style=\"text-align: justify;\"><span style=\"font-size: 12pt; font-family: georgia, palatino, serif;\"><span lang=\"en-US\">6. <\/span><span lang=\"en-US\"><b>Supremesurf<\/b><\/span><span lang=\"en-US\"> is a wind and kite surfing school in Rostock which also provides equipment rentals: <a href=\"https:\/\/www.supremesurf.de\/\">https:\/\/www.supremesurf.de\/<\/a> <\/span><\/span><\/p>\n<p style=\"text-align: justify;\"><span style=\"font-size: 12pt; font-family: georgia, palatino, serif;\"><span lang=\"en-US\">7. <\/span><span lang=\"en-US\"><b>Beach 23<\/b><\/span><span lang=\"en-US\"> is a surfing school with equipment rentals: Rostock <a href=\"https:\/\/www.beach23.de\/kitesurfen\/\">https:\/\/www.beach23.de\/kitesurfen\/<\/a><\/span><\/span><\/p>\n<p style=\"text-align: justify;\"><span style=\"font-size: 12pt; font-family: georgia, palatino, serif;\"><span lang=\"en-US\">8. <\/span><span lang=\"en-US\"><b>Gobornholm.dk<\/b><\/span><span lang=\"en-US\"> is an internet portal which supports wind and kite surfers in organization of training courses, biking tours, water sports activities and accommodation on Bornholm Island: <a href=\"https:\/\/gobornholm.com\/\">https:\/\/gobornholm.com\/<\/a><\/span><\/span><\/p>\n<p style=\"text-align: justify;\"><span style=\"font-size: 12pt; font-family: georgia, palatino, serif;\"><span lang=\"en-US\">9. <\/span><span lang=\"en-US\"><b>EastWihnd<\/b><\/span><span lang=\"en-US\"> is a surfing school and equipment rental on Bornholm island: <a href=\"http:\/\/eastwind.dk\/\">http:\/\/eastwind.dk\/<\/a><\/span><\/span><\/p>\n<p style=\"text-align: justify;\"><span style=\"font-size: 12pt; font-family: georgia, palatino, serif;\"><span lang=\"en-US\">10. <\/span><span lang=\"en-US\"><b>OKCycle Tours and Adventures <\/b><\/span><span lang=\"en-US\">\u2013 Canada originated organizer of cycling tours on Bornholm Island<\/span><b> <\/b><span lang=\"en-US\">: <a href=\"http:\/\/okcycletours.com\/tours\/denmark-island-bornholm-bicycle-tour-2018\">http:\/\/okcycletours.com\/tours\/denmark-island-bornholm-bicycle-tour-2018<\/a><\/span><\/span><\/p>\n<p style=\"text-align: justify;\"><span style=\"font-size: 12pt; font-family: georgia, palatino, serif;\"><span lang=\"en-US\">11. <\/span><span lang=\"en-US\"><b>WesurfMalmo <\/b><\/span><span lang=\"en-US\">is a surfing school and equipment rentals point in Malmo: <a href=\"http:\/\/www.wesurfmalmo.se\/\">http:\/\/www.wesurfmalmo.se\/<\/a><\/span><\/span><\/p>\n<p style=\"text-align: justify;\"><span style=\"font-size: 12pt; font-family: georgia, palatino, serif;\"><span lang=\"en-US\">12. <\/span><span lang=\"en-US\"><b>IKO Center<\/b><\/span><span lang=\"en-US\"> in Habo Ljung in Malm\u00f6 is a training center for kite surfers and a part of international organization: <a href=\"https:\/\/www.ikointl.com\/blog\/kitesurfing-sweden-best-time-kite-sweden\">https:\/\/www.ikointl.com\/blog\/kitesurfing-sweden-best-time-kite-sweden<\/a><\/span><\/span><\/p>\n<p style=\"text-align: justify;\"><span style=\"font-size: 12pt; font-family: georgia, palatino, serif;\"><span lang=\"en-US\">13. <\/span><span lang=\"en-US\"><b>Morrum Royal Salmon Fishing<\/b><\/span><span lang=\"en-US\"> is an organizer of amateur fishing on the river Morrum: <a href=\"https:\/\/www.sveaskog.se\/en\/morrum\/\">https:\/\/www.sveaskog.se\/en\/morrum\/<\/a><\/span><\/span><\/p>\n<p style=\"text-align: justify;\"><span style=\"font-size: 12pt; font-family: georgia, palatino, serif;\"><span lang=\"en-US\">14. <\/span><span lang=\"en-US\"><b>Fiskeknuten<\/b><\/span><span lang=\"en-US\"> is a store and service to amateur fishing equipment which also organizes fishing trips: <a href=\"http:\/\/www.fiskeknuten.nu\">www.fiskeknuten.nu<\/a> <\/span><\/span><\/p>\n<p style=\"text-align: justify;\"><span style=\"font-size: 12pt; font-family: georgia, palatino, serif;\"><span lang=\"en-US\">15. <\/span><span lang=\"en-US\"><b>Olandsurfers<\/b><\/span><span lang=\"en-US\"> is a surfing school on the island Oland: <a href=\"https:\/\/olandkitesurfers.se\/\">https:\/\/olandkitesurfers.se\/<\/a><\/span><\/span><\/p>\n<p> <\/p>","protected":false},"excerpt":{"rendered":"<p>Przepraszamy, ten wpis jest dost\u0119pny tylko w j\u0119zyku Ameryka\u0144ski Angielski. For the sake of viewer convenience, the content is shown below in the alternative language. You may click the link to switch the active language. A. Cross Border Dream Tours Vendors (sustainable tourism in South Baltic Region) 1. Kayaking Baltic Sea, Binz, Organizes sea kayaking [&hellip;]<\/p>\n","protected":false},"author":3,"featured_media":0,"parent":174,"menu_order":0,"comment_status":"closed","ping_status":"closed","template":"","meta":[],"categories":[36,9],"tags":[],"_links":{"self":[{"href":"https:\/\/sbt.ug.edu.pl\/pl\/wp-json\/wp\/v2\/pages\/3896"}],"collection":[{"href":"https:\/\/sbt.ug.edu.pl\/pl\/wp-json\/wp\/v2\/pages"}],"about":[{"href":"https:\/\/sbt.ug.edu.pl\/pl\/wp-json\/wp\/v2\/types\/page"}],"author":[{"embeddable":true,"href":"https:\/\/sbt.ug.edu.pl\/pl\/wp-json\/wp\/v2\/users\/3"}],"replies":[{"embeddable":true,"href":"https:\/\/sbt.ug.edu.pl\/pl\/wp-json\/wp\/v2\/comments?post=3896"}],"version-history":[{"count":3,"href":"https:\/\/sbt.ug.edu.pl\/pl\/wp-json\/wp\/v2\/pages\/3896\/revisions"}],"predecessor-version":[{"id":3907,"href":"https:\/\/sbt.ug.edu.pl\/pl\/wp-json\/wp\/v2\/pages\/3896\/revisions\/3907"}],"up":[{"embeddable":true,"href":"https:\/\/sbt.ug.edu.pl\/pl\/wp-json\/wp\/v2\/pages\/174"}],"wp:attachment":[{"href":"https:\/\/sbt.ug.edu.pl\/pl\/wp-json\/wp\/v2\/media?parent=3896"}],"wp:term":[{"taxonomy":"category","embeddable":true,"href":"https:\/\/sbt.ug.edu.pl\/pl\/wp-json\/wp\/v2\/categories?post=3896"},{"taxonomy":"post_tag","embeddable":true,"href":"https:\/\/sbt.ug.edu.pl\/pl\/wp-json\/wp\/v2\/tags?post=3896"}],"curies":[{"name":"wp","href":"https:\/\/api.w.org\/{rel}","templated":true}]}}