{"id":3901,"date":"2019-08-01T11:22:33","date_gmt":"2019-08-01T09:22:33","guid":{"rendered":"https:\/\/southbaltic-tourist.eu\/?page_id=3901"},"modified":"2019-08-01T11:22:33","modified_gmt":"2019-08-01T09:22:33","slug":"r2-windsurfing-exploration-sustainable-tourist-services-2","status":"publish","type":"page","link":"https:\/\/sbt.ug.edu.pl\/pl\/routes\/windsurfing-exploration\/r2-windsurfing-exploration-sustainable-tourist-services-2\/","title":{"rendered":"(English) R2. WINDSURFING EXPLORATION. SUSTAINABLE TOURIST SERVICES 2"},"content":{"rendered":"<p class=\"qtranxs-available-languages-message qtranxs-available-languages-message-pl\">Przepraszamy, ten wpis jest dost\u0119pny tylko w j\u0119zyku <a href=\"https:\/\/sbt.ug.edu.pl\/en\/wp-json\/wp\/v2\/pages\/3901\" class=\"qtranxs-available-language-link qtranxs-available-language-link-en\" title=\"English\">Ameryka\u0144ski Angielski<\/a>. For the sake of viewer convenience, the content is shown below in the alternative language. You may click the link to switch the active language.<\/p><p><img decoding=\"async\" loading=\"lazy\" class=\"alignnone size-medium wp-image-3902\" src=\"https:\/\/southbaltic-tourist.eu\/wp-content\/uploads\/2019\/08\/4-300x198.jpg\" alt=\"\" width=\"300\" height=\"198\" srcset=\"https:\/\/sbt.ug.edu.pl\/wp-content\/uploads\/2019\/08\/4-300x198.jpg 300w, https:\/\/sbt.ug.edu.pl\/wp-content\/uploads\/2019\/08\/4-768x508.jpg 768w, https:\/\/sbt.ug.edu.pl\/wp-content\/uploads\/2019\/08\/4-150x99.jpg 150w, https:\/\/sbt.ug.edu.pl\/wp-content\/uploads\/2019\/08\/4.jpg 848w\" sizes=\"(max-width: 300px) 100vw, 300px\" \/> <img decoding=\"async\" loading=\"lazy\" class=\"alignnone size-medium wp-image-3903\" src=\"https:\/\/southbaltic-tourist.eu\/wp-content\/uploads\/2019\/08\/44-300x199.jpg\" alt=\"\" width=\"300\" height=\"199\" srcset=\"https:\/\/sbt.ug.edu.pl\/wp-content\/uploads\/2019\/08\/44-300x199.jpg 300w, https:\/\/sbt.ug.edu.pl\/wp-content\/uploads\/2019\/08\/44-768x508.jpg 768w, https:\/\/sbt.ug.edu.pl\/wp-content\/uploads\/2019\/08\/44-150x99.jpg 150w, https:\/\/sbt.ug.edu.pl\/wp-content\/uploads\/2019\/08\/44.jpg 846w\" sizes=\"(max-width: 300px) 100vw, 300px\" \/> <img decoding=\"async\" loading=\"lazy\" class=\"alignnone size-medium wp-image-3904\" src=\"https:\/\/southbaltic-tourist.eu\/wp-content\/uploads\/2019\/08\/444-300x199.jpg\" alt=\"\" width=\"300\" height=\"199\" srcset=\"https:\/\/sbt.ug.edu.pl\/wp-content\/uploads\/2019\/08\/444-300x199.jpg 300w, https:\/\/sbt.ug.edu.pl\/wp-content\/uploads\/2019\/08\/444-768x509.jpg 768w, https:\/\/sbt.ug.edu.pl\/wp-content\/uploads\/2019\/08\/444-150x99.jpg 150w, https:\/\/sbt.ug.edu.pl\/wp-content\/uploads\/2019\/08\/444.jpg 848w\" sizes=\"(max-width: 300px) 100vw, 300px\" \/><\/p>\n<p><span style=\"font-family: Segoe UI, serif;\"><span lang=\"en-US\">16<\/span><\/span><span style=\"font-family: Segoe UI, serif;\"><span lang=\"en-US\"><b>. Kaitavimas<\/b><\/span><\/span><span style=\"font-family: Segoe UI, serif;\"><span lang=\"en-US\">. lt is a firm that p[rovides surfing courses in Palanga, \u0160ventoji, Nida, Juodkrant\u0117, Svencel\u0117, Dreverna: <a href=\"http:\/\/www.kaitavimas.lt\/en\/kaitavimo-mokykla\/\">http:\/\/www.kaitavimas.lt\/en\/kaitavimo-mokykla\/<\/a><\/span><\/span><\/p>\n<p><span style=\"font-family: Segoe UI, serif;\"><span lang=\"en-US\">17. <\/span><\/span><span style=\"font-family: Segoe UI, serif;\"><span lang=\"en-US\"><b>Kite School Palanga<\/b><\/span><\/span><span style=\"font-family: Segoe UI, serif;\"><span lang=\"en-US\"> is a surfing school and equipment rental: <a href=\"https:\/\/www.facebook.com\/kiteschool.palanga\/\">https:\/\/www.facebook.com\/kiteschool.palanga\/<\/a><\/span><\/span><\/p>\n<p><span style=\"font-family: Segoe UI, serif;\"><span lang=\"en-US\">18. <\/span><\/span><span style=\"font-family: Segoe UI, serif;\"><span lang=\"en-US\"><b>Wheel2Wheel Holidays<\/b><\/span><\/span><span style=\"font-family: Segoe UI, serif;\"><span lang=\"en-US\"> is UK located tours operator which organizes biking tours on the Baltic Coast of Lithuania: <a href=\"http:\/\/wheel2wheelholidays.com\/baltic-sea-coast-holidays\">http:\/\/wheel2wheelholidays.com\/baltic-sea-coast-holidays<\/a>19. <\/span><\/span><span style=\"font-family: Segoe UI, serif;\"><span lang=\"en-US\"><b>Rewasurf<\/b><\/span><\/span><span style=\"font-family: Segoe UI, serif;\"><span lang=\"en-US\"> is a surfing school and equipment reantal in Rewa: <a href=\"http:\/\/rewasurf.pl\/\">http:\/\/rewasurf.pl\/<\/a><\/span><\/span><\/p>\n<p><span style=\"font-family: Segoe UI, serif;\"><span lang=\"en-US\">20. <\/span><\/span><span style=\"font-family: Segoe UI, serif;\"><span lang=\"en-US\"><b>Aloha.pl<\/b><\/span><\/span><span style=\"font-family: Segoe UI, serif;\"><span lang=\"en-US\"> is a surfing school and equipment rental in Rewa: <a href=\"http:\/\/www.aloha.pl\/\">http:\/\/www.aloha.pl\/<\/a><\/span><\/span><\/p>\n<p><span style=\"font-family: Segoe UI, serif;\"><span lang=\"en-US\">21. <\/span><\/span><span style=\"font-family: Segoe UI, serif;\"><span lang=\"en-US\"><b>Surfstacja<\/b><\/span><\/span><span style=\"font-family: Segoe UI, serif;\"><span lang=\"en-US\"> is kite wind surfing and watersports school and equipment rental in Rewa: <a href=\"http:\/\/www.surfstacja.pl\/\">http:\/\/www.surfstacja.pl\/<\/a><\/span><\/span><\/p>\n<p><span style=\"font-family: Segoe UI, serif;\"><span lang=\"en-US\">22. <\/span><\/span><span style=\"font-family: Segoe UI, serif;\"><span lang=\"en-US\"><b>Kiteacademy<\/b><\/span><\/span><span style=\"font-family: Segoe UI, serif;\"><span lang=\"en-US\"> conducts kite and wind surfing courses in Rewa, Cha\u0142upy and Jastarnia, besides equipment rentals: <a href=\"http:\/\/kiteacademy.pl\">http:\/\/kiteacademy.pl<\/a><\/span><\/span><\/p>\n<p><span style=\"font-family: Segoe UI, serif;\"><span lang=\"en-US\">23. <\/span><\/span><span style=\"font-family: Segoe UI, serif;\"><span lang=\"en-US\"><b>Kiteresort.pl<\/b><\/span><\/span><span style=\"font-family: Segoe UI, serif;\"><span lang=\"en-US\"> is a surfing school and equipment rental firm. It organizes also trips to southern countries. Located in Cha\u0142upy : <a href=\"http:\/\/www.kiteresort.pl\/\">http:\/\/www.kiteresort.pl\/<\/a><\/span><\/span><\/p>\n<p><span style=\"font-family: Segoe UI, serif;\"><span lang=\"en-US\">24. <\/span><\/span><span style=\"font-family: Segoe UI, serif;\"><span lang=\"en-US\"><b>Surfbrother<\/b><\/span><\/span><span style=\"font-family: Segoe UI, serif;\"><span lang=\"en-US\"> is a wind and kite school in Cha\u0142upy. They also assure equipment rentals: <a href=\"http:\/\/surfbrother.com.pl\/\">http:\/\/surfbrother.com.pl\/<\/a><\/span><\/span><\/p>\n<p><span style=\"font-family: Segoe UI, serif;\"><span lang=\"en-US\">25. <\/span><\/span><span style=\"font-family: Segoe UI, serif;\"><span lang=\"en-US\"><b>Easy Surf<\/b><\/span><\/span><span style=\"font-family: Segoe UI, serif;\"><span lang=\"en-US\"> is a school for kite and wind surfing and equipment rental in Cha\u0142upy: <a href=\"https:\/\/www.easy-surfcenter.pl\/\">https:\/\/www.easy-surfcenter.pl\/<\/a><\/span><\/span><\/p>\n<p><span style=\"font-family: Segoe UI, serif;\"><span lang=\"en-US\">26. <\/span><\/span><span style=\"font-family: Segoe UI, serif;\"><span lang=\"en-US\"><b>Surf to fly<\/b><\/span><\/span><span style=\"font-family: Segoe UI, serif;\"><span lang=\"en-US\"> organizes certified IKO courses in Cha\u0142upy, Hel and Jastarnia: <a href=\"http:\/\/surftofly.com\/kursy-kitesurfingu\/\">http:\/\/surftofly.com\/kursy-kitesurfingu\/<\/a><\/span><\/span><\/p>\n<p><span style=\"font-family: Segoe UI, serif;\"><span lang=\"en-US\">27 <\/span><\/span><span style=\"font-family: Segoe UI, serif;\"><span lang=\"en-US\"><b>Kite Zone<\/b><\/span><\/span><span style=\"font-family: Segoe UI, serif;\"><span lang=\"en-US\"> in Cha\u0142upy is a surfing school for kite and wind surfers: <a href=\"http:\/\/www.kitesurf.pl\">http:\/\/www.kitesurf.pl<\/a><\/span><\/span><\/p>\n<p><span style=\"font-family: Segoe UI, serif;\"><span lang=\"en-US\">28. <\/span><\/span><span style=\"font-family: Segoe UI, serif;\"><span lang=\"en-US\"><b>Airman<\/b><\/span><\/span><span style=\"font-family: Segoe UI, serif;\"><span lang=\"en-US\"> is a kite surfing school, store and repairs, training is organized in \u0141eba: <a href=\"http:\/\/airman.pl\/\">http:\/\/airman.pl\/<\/a><\/span><\/span><\/p>\n<p><span style=\"font-family: Segoe UI, serif;\"><span lang=\"en-US\">29. <\/span><\/span><span style=\"font-family: Segoe UI, serif;\"><span lang=\"en-US\"><b>Silesian School of Windsurfing<\/b><\/span><\/span><span style=\"font-family: Segoe UI, serif;\"><span lang=\"en-US\"> has got iis posts in \u0141eba and Ku\u017anica on the Balic coast: <a href=\"http:\/\/maxsurf.pl\/pl\">http:\/\/maxsurf.pl\/pl<\/a><\/span><\/span><\/p>\n<p><span style=\"font-family: Segoe UI, serif;\"><span lang=\"en-US\">30. <\/span><\/span><span style=\"font-family: Segoe UI, serif;\"><span lang=\"en-US\"><b>Balticsurf<\/b><\/span><\/span><span style=\"font-family: Segoe UI, serif;\"><span lang=\"en-US\"> is a wind and kite surfing school which has got its posts in D\u0105bki, D\u017cwirzyno and Gl\u0119\u017anowo on the central Polish Baltic coast: <a href=\"http:\/\/balticsurf.pl\/\">http:\/\/balticsurf.pl\/<\/a><\/span><\/span><\/p>\n<p><span style=\"font-family: Segoe UI, serif;\"><span lang=\"en-US\">31. <\/span><\/span><span style=\"font-family: Segoe UI, serif;\"><span lang=\"en-US\"><b>Alewieje<\/b><\/span><\/span><span style=\"font-family: Segoe UI, serif;\"><span lang=\"en-US\"> is a water sports cented located in Koszlain on the small lake Wodna Dolina. Provides wind and kite surfing courses: <a href=\"http:\/\/alewieje.pl\/\">http:\/\/alewieje.pl\/<\/a><\/span><\/span><\/p>\n<p><span style=\"font-family: Segoe UI, serif;\"><span lang=\"en-US\">32. <\/span><\/span><span style=\"font-family: Segoe UI, serif;\"><span lang=\"en-US\"><b>JOT2<\/b><\/span><\/span><span style=\"font-family: Segoe UI, serif;\"><span lang=\"en-US\"> is a windsurfing school and vacation hostel in D\u0105bki: <a href=\"http:\/\/jot2.com.pl\/\">http:\/\/jot2.com.pl\/<\/a> <\/span><\/span><\/p>\n<p><span style=\"font-family: Segoe UI, serif;\"><span style=\"font-size: medium;\"><span lang=\"en-US\"><b>C. Guidance and Story Telling <\/b><\/span><\/span><\/span><\/p>\n<p><span style=\"font-family: Segoe UI, serif;\"><span lang=\"en-US\">1. <\/span><\/span><span style=\"font-family: Segoe UI, serif;\"><span lang=\"en-US\"><b>Western Pomerania Lagoon NP<\/b><\/span><\/span><span style=\"font-family: Segoe UI, serif;\"><span lang=\"en-US\"> provides educational trips for the separate fee: <a href=\"http:\/\/www.nationalpark-vorpommersche-boddenlandschaft.de\/vbl\/index.php?article_id=1\">http:\/\/www.nationalpark-vorpommersche-boddenlandschaft.de\/vbl\/index.php<\/a><\/span><\/span><\/p>\n<p><span style=\"font-family: Segoe UI, serif;\"><span lang=\"en-US\">2. <\/span><\/span><span style=\"font-family: Segoe UI, serif;\"><span lang=\"en-US\"><b>Museum of Stevns Cliff<\/b><\/span><\/span><span style=\"font-family: Segoe UI, serif;\"><span lang=\"en-US\"> provides self guided tour on the exposition: <a href=\"http:\/\/www.stevnsklint.dk\/\">http:\/\/www.stevnsklint.dk\/<\/a><\/span><\/span><\/p>\n<p><span style=\"font-family: Segoe UI, serif;\"><span lang=\"en-US\">3. <\/span><\/span><span style=\"font-family: Segoe UI, serif;\"><span lang=\"en-US\"><b>Tycho Brache Astronomy Museum<\/b><\/span><\/span><span style=\"font-family: Segoe UI, serif;\"><span lang=\"en-US\"> in Ven Island provides self guided tour on the exposition: <a href=\"http:\/\/www.astro.sunysb.edu\/fwalter\/AST101\/ven.html\">http:\/\/www.astro.sunysb.edu\/fwalter\/AST101\/ven.html<\/a><\/span><\/span><\/p>\n<p><span style=\"font-family: Segoe UI, serif;\"><span lang=\"en-US\">4. <\/span><\/span><span style=\"font-family: Segoe UI, serif;\"><span lang=\"en-US\"><b>Eriksberg Park<\/b><\/span><\/span><span style=\"font-family: Segoe UI, serif;\"><span lang=\"en-US\"> offers paid guidance and rentals of minibus: <a href=\"https:\/\/eriksberg.nu\/en\/wildpark\">https:\/\/eriksberg.nu\/en\/wildpark<\/a><\/span><\/span><\/p>\n<p><span style=\"font-family: Segoe UI, serif;\"><span lang=\"en-US\">5. <\/span><\/span><span style=\"font-family: Segoe UI, serif;\"><span lang=\"en-US\"><b>Curonian Spit NP<\/b><\/span><\/span><span style=\"font-family: Segoe UI, serif;\"><span lang=\"en-US\"> provides educational trips for a separate fee: <a href=\"http:\/\/www.nerija.lt\/en\/text\/pirmas\">http:\/\/www.nerija.lt\/en\/text\/pirmas<\/a><\/span><\/span><\/p>\n<p><span style=\"font-family: Segoe UI, serif;\"><span lang=\"en-US\">6. <\/span><\/span><span style=\"font-family: Segoe UI, serif;\"><span lang=\"en-US\"><b>Slowinski NP<\/b><\/span><\/span><span style=\"font-family: Segoe UI, serif;\"><span lang=\"en-US\"> provides educational trips for a separate fee and has got two museums: <a href=\"http:\/\/slowinski.parknarodowy.com\/\">http:\/\/slowinski.parknarodowy.com\/<\/a> <\/span><\/span> <\/p>","protected":false},"excerpt":{"rendered":"<p>Przepraszamy, ten wpis jest dost\u0119pny tylko w j\u0119zyku Ameryka\u0144ski Angielski. For the sake of viewer convenience, the content is shown below in the alternative language. You may click the link to switch the active language. 16. Kaitavimas. lt is a firm that p[rovides surfing courses in Palanga, \u0160ventoji, Nida, Juodkrant\u0117, Svencel\u0117, Dreverna: http:\/\/www.kaitavimas.lt\/en\/kaitavimo-mokykla\/ 17. Kite [&hellip;]<\/p>\n","protected":false},"author":3,"featured_media":0,"parent":174,"menu_order":0,"comment_status":"closed","ping_status":"closed","template":"","meta":[],"categories":[36,9],"tags":[],"_links":{"self":[{"href":"https:\/\/sbt.ug.edu.pl\/pl\/wp-json\/wp\/v2\/pages\/3901"}],"collection":[{"href":"https:\/\/sbt.ug.edu.pl\/pl\/wp-json\/wp\/v2\/pages"}],"about":[{"href":"https:\/\/sbt.ug.edu.pl\/pl\/wp-json\/wp\/v2\/types\/page"}],"author":[{"embeddable":true,"href":"https:\/\/sbt.ug.edu.pl\/pl\/wp-json\/wp\/v2\/users\/3"}],"replies":[{"embeddable":true,"href":"https:\/\/sbt.ug.edu.pl\/pl\/wp-json\/wp\/v2\/comments?post=3901"}],"version-history":[{"count":1,"href":"https:\/\/sbt.ug.edu.pl\/pl\/wp-json\/wp\/v2\/pages\/3901\/revisions"}],"predecessor-version":[{"id":3905,"href":"https:\/\/sbt.ug.edu.pl\/pl\/wp-json\/wp\/v2\/pages\/3901\/revisions\/3905"}],"up":[{"embeddable":true,"href":"https:\/\/sbt.ug.edu.pl\/pl\/wp-json\/wp\/v2\/pages\/174"}],"wp:attachment":[{"href":"https:\/\/sbt.ug.edu.pl\/pl\/wp-json\/wp\/v2\/media?parent=3901"}],"wp:term":[{"taxonomy":"category","embeddable":true,"href":"https:\/\/sbt.ug.edu.pl\/pl\/wp-json\/wp\/v2\/categories?post=3901"},{"taxonomy":"post_tag","embeddable":true,"href":"https:\/\/sbt.ug.edu.pl\/pl\/wp-json\/wp\/v2\/tags?post=3901"}],"curies":[{"name":"wp","href":"https:\/\/api.w.org\/{rel}","templated":true}]}}