{"id":3914,"date":"2019-08-01T12:12:07","date_gmt":"2019-08-01T10:12:07","guid":{"rendered":"https:\/\/southbaltic-tourist.eu\/?page_id=3914"},"modified":"2019-08-01T12:12:07","modified_gmt":"2019-08-01T10:12:07","slug":"r5-south-baltic-scenic-road-food-accommodation-1","status":"publish","type":"page","link":"https:\/\/sbt.ug.edu.pl\/pl\/routes\/south-baltic-scenic-coastal-road\/r5-south-baltic-scenic-road-food-accommodation-1\/","title":{"rendered":"(English) R5. SOUTH BALTIC SCENIC ROAD. FOOD &#038; ACCOMMODATION 1"},"content":{"rendered":"<p class=\"qtranxs-available-languages-message qtranxs-available-languages-message-pl\">Przepraszamy, ten wpis jest dost\u0119pny tylko w j\u0119zyku <a href=\"https:\/\/sbt.ug.edu.pl\/en\/wp-json\/wp\/v2\/pages\/3914\" class=\"qtranxs-available-language-link qtranxs-available-language-link-en\" title=\"English\">Ameryka\u0144ski Angielski<\/a>. For the sake of viewer convenience, the content is shown below in the alternative language. You may click the link to switch the active language.<\/p><p><\/p>\n<p style=\"text-align: left;\"><span style=\"font-size: 12pt; font-family: georgia, palatino, serif;\"><img decoding=\"async\" loading=\"lazy\" class=\"alignnone size-medium wp-image-3915\" src=\"https:\/\/southbaltic-tourist.eu\/wp-content\/uploads\/2019\/08\/1-1-300x218.jpg\" alt=\"\" width=\"300\" height=\"218\" srcset=\"https:\/\/sbt.ug.edu.pl\/wp-content\/uploads\/2019\/08\/1-1-300x218.jpg 300w, https:\/\/sbt.ug.edu.pl\/wp-content\/uploads\/2019\/08\/1-1-150x109.jpg 150w, https:\/\/sbt.ug.edu.pl\/wp-content\/uploads\/2019\/08\/1-1.jpg 702w\" sizes=\"(max-width: 300px) 100vw, 300px\" \/> <img decoding=\"async\" loading=\"lazy\" class=\"alignnone  wp-image-3916\" src=\"https:\/\/southbaltic-tourist.eu\/wp-content\/uploads\/2019\/08\/11-1-300x200.jpg\" alt=\"\" width=\"328\" height=\"218\" srcset=\"https:\/\/sbt.ug.edu.pl\/wp-content\/uploads\/2019\/08\/11-1-300x200.jpg 300w, https:\/\/sbt.ug.edu.pl\/wp-content\/uploads\/2019\/08\/11-1-150x100.jpg 150w, https:\/\/sbt.ug.edu.pl\/wp-content\/uploads\/2019\/08\/11-1.jpg 533w\" sizes=\"(max-width: 328px) 100vw, 328px\" \/> <img decoding=\"async\" loading=\"lazy\" class=\"alignnone  wp-image-3917\" src=\"https:\/\/southbaltic-tourist.eu\/wp-content\/uploads\/2019\/08\/111-1-300x175.jpg\" alt=\"\" width=\"379\" height=\"221\" srcset=\"https:\/\/sbt.ug.edu.pl\/wp-content\/uploads\/2019\/08\/111-1-300x175.jpg 300w, https:\/\/sbt.ug.edu.pl\/wp-content\/uploads\/2019\/08\/111-1-150x88.jpg 150w, https:\/\/sbt.ug.edu.pl\/wp-content\/uploads\/2019\/08\/111-1.jpg 524w\" sizes=\"(max-width: 379px) 100vw, 379px\" \/><\/span><\/p>\n<p style=\"text-align: justify;\"><span style=\"font-family: georgia, palatino, serif; font-size: 12pt;\"><b>ACCOMMODATION<\/b><\/span><\/p>\n<p style=\"text-align: justify;\"><span style=\"font-family: georgia, palatino, serif; font-size: 12pt;\"><b>A. Unique* <\/b><\/span><\/p>\n<p style=\"text-align: justify;\"><span style=\"font-size: 12pt; font-family: georgia, palatino, serif;\">1. <b>Hotel Neptun<\/b> \u0141eba (picture 1), Poland, located just close to the beach. You can enjoy unique middle age castle atmosphere. Inside there is a modern spa. Outside the broad beach. <\/span><\/p>\n<p style=\"text-align: justify;\"><span style=\"font-size: 12pt; font-family: georgia, palatino, serif;\">2. <b>Kurhaus Binz<\/b> Rugen<b>, <\/b>Binz, Germany, located just opposite to sea. You can enjoy the feel of typical German Baltic Sea resort with all services and accommodation inside. Just opposite to the sea.<\/span><\/p>\n<p style=\"text-align: justify;\"><span style=\"font-size: 12pt; font-family: georgia, palatino, serif;\">3. <b>Kurhotel Sassnitz<\/b> in the Island Rugen, Germany, located in centre of the resort and directly overlooking to the harbor and is close the unique chalk cliffs and Jasmund National park. This is a very cosy spa hotel with unique interior marine design and welcome guests for sauna and swimming pool at the nearby thermal baths.<\/span><\/p>\n<p style=\"text-align: justify;\"><span style=\"font-size: 12pt; font-family: georgia, palatino, serif;\">4. <b>Travel Charme Kurhaus Sellin<\/b>, Rugen island, Germany. This hotel overlooks the famous pier in the Baltic Sea resort and has fantastic scenery of the seaside. Perfect for romantic experience, the hotel has a terrace facing the Baltic Sea, live piano music at Bar Finale, spa and fitness facilities. <\/span><\/p>\n<p style=\"text-align: justify;\"><span style=\"font-size: 12pt; font-family: georgia, palatino, serif;\">4. <b>Hotel Badehaus Goor <\/b>(picture 2), Putbus, Rugen island, Germany. Sophisticated hotel with a large spa with swimming pool and a courtyard terrace offers wonderful lake views and the scenic R\u00fcgischer Bodden Bay. <\/span><\/p>\n<p style=\"text-align: justify;\"><span style=\"font-size: 12pt; font-family: georgia, palatino, serif;\">5. <b>Im-Jaich Wasserferienwelt, <\/b>Lauterbach in Putbus, Rugen island, Germany. A unique accommodation experience in floating houses with a spectacular view of the shore. <\/span><\/p>\n<p style=\"text-align: justify;\"><span style=\"font-size: 12pt; font-family: georgia, palatino, serif;\">6. <b>Old Mill Hotel<\/b> (picture 3)in Klaip\u0117da, Lithuania. This modern hotel is located in the Dune valley, near the historic Castle of Klaipeda and offers a range of activities including horse riding and fishing. Very appreciated by romantic couples as beautiful sunsets and sunrises which welcome the guests in this beautiful location. <\/span><\/p>\n<p style=\"text-align: justify;\"><span style=\"font-size: 12pt; font-family: georgia, palatino, serif;\">7. <b>Amberton Hotel<\/b> <b>Klaipeda<\/b>, Lithuania, located in the center of the city, a 10-minute walk from Klaipeda Castle and other attractions. This stylish hotel features an indoor pool, bowling and entertainment center, the rooms with the views to the city centre or the Sea, and 4 restaurants serving exotic food. <\/span><\/p>\n<p style=\"text-align: justify;\"><span style=\"font-size: 12pt; font-family: georgia, palatino, serif;\">8. \u201c<b>Eriksberg Hotel &amp; Nature Reserve<\/b>\u201d in Karlshamn, Sweden, located in unique place of the nature reserve for wild adventure lovers. The hotel offers wild game dishes, hot tub outdoors and sauna facilities. Perfect place for relaxation and to enjoy satisphicated hotel\u2019s atmosphere. <\/span><\/p>\n<p style=\"text-align: justify;\"><span style=\"font-size: 12pt; font-family: georgia, palatino, serif;\">9. <b>One-bedroom holiday homes in Karlskrona<\/b>, Bjorholmen district, a picturesque fishermen\u2019s village and place next to the Marine museum. Unique possibility of living in beautiful typical Swedish fishermen houses. <\/span><\/p>\n<p style=\"text-align: justify;\"><span style=\"font-size: 12pt; font-family: georgia, palatino, serif;\">10. <b>Slottshotellet in Kalmar<\/b>, Sweden, magnificent little castles for guest accommodation located near Kalmar Castle, the most picturesque place in town, close to parks and city centre. <\/span><\/p>\n<p style=\"text-align: justify;\"><span style=\"font-family: georgia, palatino, serif; font-size: 12pt;\">*All those places receive high grades, we do not place links here, because you can just copy the name of the hotel and paste to any internet browser to find the best prices for dates you want to visit the place. <\/span><\/p>\n<p style=\"text-align: justify;\"><span style=\"font-family: georgia, palatino, serif; font-size: 12pt;\"><b>B. Affordable <\/b><\/span><\/p>\n<p style=\"text-align: justify;\"><span style=\"font-size: 12pt; font-family: georgia, palatino, serif;\">1. Germany: Rugen island: <b>Kutterfisch Kaj\u00fcten<\/b> <b>direct im Stadthafen<\/b>, Sassnitz; <b>Backpack hostel<\/b> in Greifswald; <b>Altstadt Pension Hafenblick<\/b> in Stralsund.<\/span><\/p>\n<p style=\"text-align: justify;\"><span style=\"font-size: 12pt; font-family: georgia, palatino, serif;\">2. Lithuania: \u201c<b>Sinchronas<\/b>\u201d hotel and \u201c<b>Angels Mills<\/b>\u201d farmstead in Tel\u0161iai; <b>L\u016bkstas Rest park<\/b> in Varniai;<\/span><\/p>\n<p style=\"text-align: justify;\"><span style=\"font-size: 12pt; font-family: georgia, palatino, serif;\">3. Poland: <b>Sea Hostel Gdynia<\/b>; <b>Kite Hostel W\u0142adyslawowo<\/b> \u2013 both close to the Gdansk Bay hot spots; \u0141eba &#8211; Camping nr 275 &#8222;<b>\u0141ebski Kemping<\/b>&#8222;; D\u0105bki <b>Wind4you<\/b>: Camping and cottages<\/span><\/p>\n<p class=\"western\" style=\"text-align: justify;\"><span style=\"font-size: 12pt; font-family: georgia, palatino, serif;\">4. Sweden: <strong>Haga Park Camping<\/strong> in M\u00f6rbyl\u00e5nga Beach; <strong>Arkipelag Hotel<\/strong> in Karlskrona, <strong>Halleviks campingsite<\/strong> in Solvesborg; <strong>L\u00e5ngasj\u00f6n\u00e4s Camping<\/strong> in Karlshamn.<\/span><\/p>\n<p style=\"text-align: justify;\"><span style=\"font-family: georgia, palatino, serif; font-size: 12pt;\"><b>C. Living with the locals <\/b><\/span><\/p>\n<p style=\"text-align: justify;\"><span style=\"font-size: 12pt; font-family: georgia, palatino, serif;\">1. Germany: Island Rugen, etc. numerous offers of <b>bed and breakfasts<\/b>, nearly no accommodation on farms, see. e.g. http:\/\/bedandbreakfast.de\/ruegen\/<\/span><\/p>\n<p style=\"text-align: justify;\"><span style=\"font-size: 12pt; font-family: georgia, palatino, serif;\">2. Lithuania; <b>Guest house<\/b> (sve\u010di\u0173 namai) in Palanga, <b>Guest house<\/b> (sve\u010di\u0173 namai) in Nida <\/span><\/p>\n<p style=\"text-align: justify;\"><span style=\"font-size: 12pt; font-family: georgia, palatino, serif;\">3. Poland: <b>Agroturystyka D\u0105bki<\/b>; <b>MOK. Agroturystyka<\/b> \u0141eba; <b>Pokoje Go\u015bcinne Cha\u0142upy<\/b> W\u0142adys\u0142awowo<b>; <\/b><\/span><\/p>\n<p class=\"western\" style=\"text-align: justify;\"><span style=\"font-family: georgia, palatino, serif;\"><span style=\"font-size: 12pt;\"><span style=\"color: #00000a;\">4. Sweden: Malmo area <\/span><strong><span style=\"color: #00000a;\">Brohuspark<\/span><\/strong><span style=\"color: #00000a;\"> B&amp;B (Lomma)<\/span><span style=\"color: #00000a;\">; <\/span><span style=\"color: #00000a;\"> Oland Island <\/span><strong><span style=\"color: #00000a;\">StrandN\u00e4ra Eco<\/span><\/strong> <span style=\"color: #00000a;\">B&amp;B in <\/span><\/span><span style=\"color: #00000a;\"><span style=\"font-size: 12pt;\">M\u00f6rbyl\u00e5nga.<\/span> <\/span><\/span><\/p>\n<p> <\/p>","protected":false},"excerpt":{"rendered":"<p>Przepraszamy, ten wpis jest dost\u0119pny tylko w j\u0119zyku Ameryka\u0144ski Angielski. For the sake of viewer convenience, the content is shown below in the alternative language. You may click the link to switch the active language. ACCOMMODATION A. Unique* 1. Hotel Neptun \u0141eba (picture 1), Poland, located just close to the beach. You can enjoy unique [&hellip;]<\/p>\n","protected":false},"author":3,"featured_media":0,"parent":484,"menu_order":0,"comment_status":"closed","ping_status":"closed","template":"","meta":[],"categories":[35,28],"tags":[],"_links":{"self":[{"href":"https:\/\/sbt.ug.edu.pl\/pl\/wp-json\/wp\/v2\/pages\/3914"}],"collection":[{"href":"https:\/\/sbt.ug.edu.pl\/pl\/wp-json\/wp\/v2\/pages"}],"about":[{"href":"https:\/\/sbt.ug.edu.pl\/pl\/wp-json\/wp\/v2\/types\/page"}],"author":[{"embeddable":true,"href":"https:\/\/sbt.ug.edu.pl\/pl\/wp-json\/wp\/v2\/users\/3"}],"replies":[{"embeddable":true,"href":"https:\/\/sbt.ug.edu.pl\/pl\/wp-json\/wp\/v2\/comments?post=3914"}],"version-history":[{"count":1,"href":"https:\/\/sbt.ug.edu.pl\/pl\/wp-json\/wp\/v2\/pages\/3914\/revisions"}],"predecessor-version":[{"id":3918,"href":"https:\/\/sbt.ug.edu.pl\/pl\/wp-json\/wp\/v2\/pages\/3914\/revisions\/3918"}],"up":[{"embeddable":true,"href":"https:\/\/sbt.ug.edu.pl\/pl\/wp-json\/wp\/v2\/pages\/484"}],"wp:attachment":[{"href":"https:\/\/sbt.ug.edu.pl\/pl\/wp-json\/wp\/v2\/media?parent=3914"}],"wp:term":[{"taxonomy":"category","embeddable":true,"href":"https:\/\/sbt.ug.edu.pl\/pl\/wp-json\/wp\/v2\/categories?post=3914"},{"taxonomy":"post_tag","embeddable":true,"href":"https:\/\/sbt.ug.edu.pl\/pl\/wp-json\/wp\/v2\/tags?post=3914"}],"curies":[{"name":"wp","href":"https:\/\/api.w.org\/{rel}","templated":true}]}}