{"id":455,"date":"2017-12-05T09:56:57","date_gmt":"2017-12-05T08:56:57","guid":{"rendered":"http:\/\/southbaltic-tourist.eu\/?page_id=455"},"modified":"2021-05-31T18:03:18","modified_gmt":"2021-05-31T17:03:18","slug":"kayaking-south-baltic","status":"publish","type":"page","link":"https:\/\/sbt.ug.edu.pl\/pl\/routes\/kayaking-south-baltic\/","title":{"rendered":"Wycieczki kajakiem w regionie po\u0142udniowego Ba\u0142tyku"},"content":{"rendered":"<p><strong>G\u0142\u00f3wne atrakcje trasy: <\/strong>Mierzeja Kuro\u0144ska &#8211; jeziora Skanii &#8211; rzeka Warnow &#8211; Park Narodowy \u201eBory Tucholskie\u201d &#8211; S\u0142owi\u0144ski Park Narodowy<\/p>\n<p><img decoding=\"async\" loading=\"lazy\" class=\"alignleft wp-image-4363\" src=\"https:\/\/southbaltic-tourist.eu\/wp-content\/uploads\/2019\/08\/DSC6793a-768x432-300x169.jpg\" alt=\"\" width=\"622\" height=\"350\" srcset=\"https:\/\/sbt.ug.edu.pl\/wp-content\/uploads\/2019\/08\/DSC6793a-768x432-300x169.jpg 300w, https:\/\/sbt.ug.edu.pl\/wp-content\/uploads\/2019\/08\/DSC6793a-768x432.jpg 768w, https:\/\/sbt.ug.edu.pl\/wp-content\/uploads\/2019\/08\/DSC6793a-768x432-150x84.jpg 150w\" sizes=\"(max-width: 622px) 100vw, 622px\" \/><a href=\"https:\/\/southbaltic-tourist.eu\/wp-content\/uploads\/2020\/02\/R2.main_.png\" data-rel=\"lightbox-gallery-xvOtAnvQ\" data-rl_title=\"\" data-rl_caption=\"\" title=\"\"><img decoding=\"async\" loading=\"lazy\" class=\"alignnone wp-image-5212\" src=\"https:\/\/southbaltic-tourist.eu\/wp-content\/uploads\/2020\/02\/R2.main_-300x256.png\" alt=\"\" width=\"410\" height=\"350\" srcset=\"https:\/\/sbt.ug.edu.pl\/wp-content\/uploads\/2020\/02\/R2.main_-300x256.png 300w, https:\/\/sbt.ug.edu.pl\/wp-content\/uploads\/2020\/02\/R2.main_-1024x874.png 1024w, https:\/\/sbt.ug.edu.pl\/wp-content\/uploads\/2020\/02\/R2.main_-768x655.png 768w, https:\/\/sbt.ug.edu.pl\/wp-content\/uploads\/2020\/02\/R2.main_-1536x1310.png 1536w, https:\/\/sbt.ug.edu.pl\/wp-content\/uploads\/2020\/02\/R2.main_-150x128.png 150w, https:\/\/sbt.ug.edu.pl\/wp-content\/uploads\/2020\/02\/R2.main_.png 1600w\" sizes=\"(max-width: 410px) 100vw, 410px\" \/><\/a><\/p>\n<p><strong>Koncepcja trasy<\/strong><\/p>\n<p>Jest to podr\u00f3\u017c, kt\u00f3ra obejmuje najpi\u0119kniejsze ba\u0142tyckie pla\u017ce, wydmy, dzikie lasy i kolorowe jeziora. Podr\u00f3\u017c t\u0105 tras\u0105 pozwala na obserwacj\u0119 pi\u0119knych krajobraz\u00f3w, naturalnych w\u00f3d w ich oryginalnym kszta\u0142cie, oryginalnej flory i fauny. Na trasie mo\u017cna obserwowa\u0107 dzikie ssaki, ptaki i ryby w ich naturalnym \u015brodowisku. Trasa pozwala na zwiedzanie niekt\u00f3rych zabytk\u00f3w o charakterze kulturowym, jednak omija si\u0119 wi\u0119ksze miasta.<\/p>\n<p><code><div class=\"rl-gallery-container rl-loading\" id=\"rl-gallery-container-2\" data-gallery_id=\"3651\"> <div class=\"rl-gallery rl-basicgrid-gallery \" id=\"rl-gallery-2\" data-gallery_no=\"2\"> <div class=\"rl-gallery-item\"><a href=\"https:\/\/sbt.ug.edu.pl\/wp-content\/uploads\/2019\/07\/DSC6793a.jpg\" title=\"\" data-rl_title=\"\" class=\"rl-gallery-link\" data-rl_caption=\"\" data-rel=\"lightbox-gallery-2\"><img src=\"https:\/\/sbt.ug.edu.pl\/wp-content\/uploads\/2019\/07\/DSC6793a-768x432.jpg\" width=\"640\" height=\"360\" alt=\"\" \/><\/a><\/div><div class=\"rl-gallery-item\"><a href=\"https:\/\/sbt.ug.edu.pl\/wp-content\/uploads\/2019\/07\/DSC6806a.jpg\" title=\"2. Kayaking Kashubian Lake District\" data-rl_title=\"2. Kayaking Kashubian Lake District\" class=\"rl-gallery-link\" data-rl_caption=\"\" data-rel=\"lightbox-gallery-2\"><img src=\"https:\/\/sbt.ug.edu.pl\/wp-content\/uploads\/2019\/07\/DSC6806a-768x432.jpg\" width=\"640\" height=\"360\" alt=\"\" \/><\/a><\/div><div class=\"rl-gallery-item\"><a href=\"https:\/\/sbt.ug.edu.pl\/wp-content\/uploads\/2019\/07\/DSC6813a.jpg\" title=\"3. Kayaking Kashubian Lake District\" data-rl_title=\"3. Kayaking Kashubian Lake District\" class=\"rl-gallery-link\" data-rl_caption=\"\" data-rel=\"lightbox-gallery-2\"><img src=\"https:\/\/sbt.ug.edu.pl\/wp-content\/uploads\/2019\/07\/DSC6813a-768x432.jpg\" width=\"640\" height=\"360\" alt=\"\" \/><\/a><\/div><div class=\"rl-gallery-item\"><a href=\"https:\/\/sbt.ug.edu.pl\/wp-content\/uploads\/2019\/07\/DSC6814a.jpg\" title=\"4. Kayaking Kashubian Lake District\" data-rl_title=\"4. Kayaking Kashubian Lake District\" class=\"rl-gallery-link\" data-rl_caption=\"\" data-rel=\"lightbox-gallery-2\"><img src=\"https:\/\/sbt.ug.edu.pl\/wp-content\/uploads\/2019\/07\/DSC6814a-768x432.jpg\" width=\"640\" height=\"360\" alt=\"\" \/><\/a><\/div><div class=\"rl-gallery-item\"><a href=\"https:\/\/sbt.ug.edu.pl\/wp-content\/uploads\/2019\/07\/DSC6823a.jpg\" title=\"5. Kayaking Kashubian Lake District\" data-rl_title=\"5. Kayaking Kashubian Lake District\" class=\"rl-gallery-link\" data-rl_caption=\"\" data-rel=\"lightbox-gallery-2\"><img src=\"https:\/\/sbt.ug.edu.pl\/wp-content\/uploads\/2019\/07\/DSC6823a-768x432.jpg\" width=\"640\" height=\"360\" alt=\"\" \/><\/a><\/div><div class=\"rl-gallery-item\"><a href=\"https:\/\/sbt.ug.edu.pl\/wp-content\/uploads\/2019\/07\/DSC6824a.jpg\" title=\"6. Kayaking Kashubian Lake District\" data-rl_title=\"6. Kayaking Kashubian Lake District\" class=\"rl-gallery-link\" data-rl_caption=\"\" data-rel=\"lightbox-gallery-2\"><img src=\"https:\/\/sbt.ug.edu.pl\/wp-content\/uploads\/2019\/07\/DSC6824a-768x432.jpg\" width=\"640\" height=\"360\" alt=\"\" \/><\/a><\/div><div class=\"rl-gallery-item\"><a href=\"https:\/\/sbt.ug.edu.pl\/wp-content\/uploads\/2019\/07\/DSC6828a.jpg\" title=\"7. Kayaking Kashubian Lake District\" data-rl_title=\"7. Kayaking Kashubian Lake District\" class=\"rl-gallery-link\" data-rl_caption=\"\" data-rel=\"lightbox-gallery-2\"><img src=\"https:\/\/sbt.ug.edu.pl\/wp-content\/uploads\/2019\/07\/DSC6828a-768x432.jpg\" width=\"640\" height=\"360\" alt=\"\" \/><\/a><\/div><div class=\"rl-gallery-item\"><a href=\"https:\/\/sbt.ug.edu.pl\/wp-content\/uploads\/2019\/07\/DSC6837a.jpg\" title=\"8. Kayaking Kashubian Lake District\" data-rl_title=\"8. Kayaking Kashubian Lake District\" class=\"rl-gallery-link\" data-rl_caption=\"\" data-rel=\"lightbox-gallery-2\"><img src=\"https:\/\/sbt.ug.edu.pl\/wp-content\/uploads\/2019\/07\/DSC6837a-768x432.jpg\" width=\"640\" height=\"360\" alt=\"\" \/><\/a><\/div><div class=\"rl-gallery-item\"><a href=\"https:\/\/sbt.ug.edu.pl\/wp-content\/uploads\/2019\/07\/DSC6838a.jpg\" title=\"9. Kayaking Kashubian Lake District\" data-rl_title=\"9. Kayaking Kashubian Lake District\" class=\"rl-gallery-link\" data-rl_caption=\"\" data-rel=\"lightbox-gallery-2\"><img src=\"https:\/\/sbt.ug.edu.pl\/wp-content\/uploads\/2019\/07\/DSC6838a-768x432.jpg\" width=\"640\" height=\"360\" alt=\"\" \/><\/a><\/div><div class=\"rl-gallery-item\"><a href=\"https:\/\/sbt.ug.edu.pl\/wp-content\/uploads\/2019\/07\/DSC6839a.jpg\" title=\"10. Kayaking Kashubian Lake District\" data-rl_title=\"10. Kayaking Kashubian Lake District\" class=\"rl-gallery-link\" data-rl_caption=\"\" data-rel=\"lightbox-gallery-2\"><img src=\"https:\/\/sbt.ug.edu.pl\/wp-content\/uploads\/2019\/07\/DSC6839a-768x432.jpg\" width=\"640\" height=\"360\" alt=\"\" \/><\/a><\/div><div class=\"rl-gallery-item\"><a href=\"https:\/\/sbt.ug.edu.pl\/wp-content\/uploads\/2019\/07\/DSC6843a.jpg\" title=\"11. Kayaking Kashubian Lake District\" data-rl_title=\"11. Kayaking Kashubian Lake District\" class=\"rl-gallery-link\" data-rl_caption=\"\" data-rel=\"lightbox-gallery-2\"><img src=\"https:\/\/sbt.ug.edu.pl\/wp-content\/uploads\/2019\/07\/DSC6843a-768x432.jpg\" width=\"640\" height=\"360\" alt=\"\" \/><\/a><\/div><div class=\"rl-gallery-item\"><a href=\"https:\/\/sbt.ug.edu.pl\/wp-content\/uploads\/2019\/07\/DSC6845a.jpg\" title=\"12. Kayaking Kashubian Lake District\" data-rl_title=\"12. Kayaking Kashubian Lake District\" class=\"rl-gallery-link\" data-rl_caption=\"\" data-rel=\"lightbox-gallery-2\"><img src=\"https:\/\/sbt.ug.edu.pl\/wp-content\/uploads\/2019\/07\/DSC6845a-768x432.jpg\" width=\"640\" height=\"360\" alt=\"\" \/><\/a><\/div><div class=\"rl-gallery-item\"><a href=\"https:\/\/sbt.ug.edu.pl\/wp-content\/uploads\/2019\/07\/DSC6849a.jpg\" title=\"13. Kayaking Kashubian Lake District\" data-rl_title=\"13. Kayaking Kashubian Lake District\" class=\"rl-gallery-link\" data-rl_caption=\"\" data-rel=\"lightbox-gallery-2\"><img src=\"https:\/\/sbt.ug.edu.pl\/wp-content\/uploads\/2019\/07\/DSC6849a-768x432.jpg\" width=\"640\" height=\"360\" alt=\"\" \/><\/a><\/div><div class=\"rl-gallery-item\"><a href=\"https:\/\/sbt.ug.edu.pl\/wp-content\/uploads\/2019\/07\/DSC6852a.jpg\" title=\"14. Kayaking Kashubian Lake District\" data-rl_title=\"14. Kayaking Kashubian Lake District\" class=\"rl-gallery-link\" data-rl_caption=\"\" data-rel=\"lightbox-gallery-2\"><img src=\"https:\/\/sbt.ug.edu.pl\/wp-content\/uploads\/2019\/07\/DSC6852a-768x432.jpg\" width=\"640\" height=\"360\" alt=\"\" \/><\/a><\/div><div class=\"rl-gallery-item\"><a href=\"https:\/\/sbt.ug.edu.pl\/wp-content\/uploads\/2019\/07\/DSC6855a.jpg\" title=\"15. Kayaking Kashubian Lake District\" data-rl_title=\"15. Kayaking Kashubian Lake District\" class=\"rl-gallery-link\" data-rl_caption=\"\" data-rel=\"lightbox-gallery-2\"><img src=\"https:\/\/sbt.ug.edu.pl\/wp-content\/uploads\/2019\/07\/DSC6855a-768x432.jpg\" width=\"640\" height=\"360\" alt=\"\" \/><\/a><\/div><div class=\"rl-gallery-item\"><a href=\"https:\/\/sbt.ug.edu.pl\/wp-content\/uploads\/2019\/07\/DSC6864a.jpg\" title=\"16. Kayaking Kashubian Lake District\" data-rl_title=\"16. Kayaking Kashubian Lake District\" class=\"rl-gallery-link\" data-rl_caption=\"\" data-rel=\"lightbox-gallery-2\"><img src=\"https:\/\/sbt.ug.edu.pl\/wp-content\/uploads\/2019\/07\/DSC6864a-768x432.jpg\" width=\"640\" height=\"360\" alt=\"\" \/><\/a><\/div><div class=\"rl-gallery-item\"><a href=\"https:\/\/sbt.ug.edu.pl\/wp-content\/uploads\/2019\/07\/DSC6869a.jpg\" title=\"17. Kayaking Kashubian Lake District\" data-rl_title=\"17. Kayaking Kashubian Lake District\" class=\"rl-gallery-link\" data-rl_caption=\"\" data-rel=\"lightbox-gallery-2\"><img src=\"https:\/\/sbt.ug.edu.pl\/wp-content\/uploads\/2019\/07\/DSC6869a-768x432.jpg\" width=\"640\" height=\"360\" alt=\"\" \/><\/a><\/div><div class=\"rl-gallery-item\"><a href=\"https:\/\/sbt.ug.edu.pl\/wp-content\/uploads\/2019\/07\/DSC_0286a.jpg\" title=\"18. Kayaking Kashubian Lake District\" data-rl_title=\"18. Kayaking Kashubian Lake District\" class=\"rl-gallery-link\" data-rl_caption=\"\" data-rel=\"lightbox-gallery-2\"><img src=\"https:\/\/sbt.ug.edu.pl\/wp-content\/uploads\/2019\/07\/DSC_0286a-768x432.jpg\" width=\"640\" height=\"360\" alt=\"\" \/><\/a><\/div><div class=\"rl-gallery-item\"><a href=\"https:\/\/sbt.ug.edu.pl\/wp-content\/uploads\/2019\/07\/DSC_0289a.jpg\" title=\"19. Kayaking Kashubian Lake District\" data-rl_title=\"19. Kayaking Kashubian Lake District\" class=\"rl-gallery-link\" data-rl_caption=\"\" data-rel=\"lightbox-gallery-2\"><img src=\"https:\/\/sbt.ug.edu.pl\/wp-content\/uploads\/2019\/07\/DSC_0289a-768x432.jpg\" width=\"640\" height=\"360\" alt=\"\" \/><\/a><\/div><div class=\"rl-gallery-item\"><a href=\"https:\/\/sbt.ug.edu.pl\/wp-content\/uploads\/2019\/07\/DSC_0293a.jpg\" title=\"20. Kayaking Kashubian Lake District\" data-rl_title=\"20. Kayaking Kashubian Lake District\" class=\"rl-gallery-link\" data-rl_caption=\"\" data-rel=\"lightbox-gallery-2\"><img src=\"https:\/\/sbt.ug.edu.pl\/wp-content\/uploads\/2019\/07\/DSC_0293a-768x432.jpg\" width=\"640\" height=\"360\" alt=\"\" \/><\/a><\/div> <\/div> <\/div><\/code><\/p>","protected":false},"excerpt":{"rendered":"<p>G\u0142\u00f3wne atrakcje trasy: Mierzeja Kuro\u0144ska &#8211; jeziora Skanii &#8211; rzeka Warnow &#8211; Park Narodowy \u201eBory Tucholskie\u201d &#8211; S\u0142owi\u0144ski Park Narodowy Koncepcja trasy Jest to podr\u00f3\u017c, kt\u00f3ra obejmuje najpi\u0119kniejsze ba\u0142tyckie pla\u017ce, wydmy, dzikie lasy i kolorowe jeziora. Podr\u00f3\u017c t\u0105 tras\u0105 pozwala na obserwacj\u0119 pi\u0119knych krajobraz\u00f3w, naturalnych w\u00f3d w ich oryginalnym kszta\u0142cie, oryginalnej flory i fauny. Na [&hellip;]<\/p>\n","protected":false},"author":1,"featured_media":0,"parent":171,"menu_order":0,"comment_status":"closed","ping_status":"closed","template":"","meta":[],"categories":[17],"tags":[],"_links":{"self":[{"href":"https:\/\/sbt.ug.edu.pl\/pl\/wp-json\/wp\/v2\/pages\/455"}],"collection":[{"href":"https:\/\/sbt.ug.edu.pl\/pl\/wp-json\/wp\/v2\/pages"}],"about":[{"href":"https:\/\/sbt.ug.edu.pl\/pl\/wp-json\/wp\/v2\/types\/page"}],"author":[{"embeddable":true,"href":"https:\/\/sbt.ug.edu.pl\/pl\/wp-json\/wp\/v2\/users\/1"}],"replies":[{"embeddable":true,"href":"https:\/\/sbt.ug.edu.pl\/pl\/wp-json\/wp\/v2\/comments?post=455"}],"version-history":[{"count":22,"href":"https:\/\/sbt.ug.edu.pl\/pl\/wp-json\/wp\/v2\/pages\/455\/revisions"}],"predecessor-version":[{"id":5721,"href":"https:\/\/sbt.ug.edu.pl\/pl\/wp-json\/wp\/v2\/pages\/455\/revisions\/5721"}],"up":[{"embeddable":true,"href":"https:\/\/sbt.ug.edu.pl\/pl\/wp-json\/wp\/v2\/pages\/171"}],"wp:attachment":[{"href":"https:\/\/sbt.ug.edu.pl\/pl\/wp-json\/wp\/v2\/media?parent=455"}],"wp:term":[{"taxonomy":"category","embeddable":true,"href":"https:\/\/sbt.ug.edu.pl\/pl\/wp-json\/wp\/v2\/categories?post=455"},{"taxonomy":"post_tag","embeddable":true,"href":"https:\/\/sbt.ug.edu.pl\/pl\/wp-json\/wp\/v2\/tags?post=455"}],"curies":[{"name":"wp","href":"https:\/\/api.w.org\/{rel}","templated":true}]}}