{"id":457,"date":"2018-12-05T09:58:04","date_gmt":"2018-12-05T08:58:04","guid":{"rendered":"http:\/\/southbaltic-tourist.eu\/?page_id=457"},"modified":"2021-05-31T18:18:33","modified_gmt":"2021-05-31T17:18:33","slug":"national-parks-exploration","status":"publish","type":"page","link":"https:\/\/sbt.ug.edu.pl\/pl\/routes\/national-parks-exploration\/","title":{"rendered":"Odkrywanie Pi\u0119kna Park\u00f3w Narodowych"},"content":{"rendered":"<p><\/p>\n<h2 style=\"text-align: justify;\">Najwa\u017cniejsze punkty trasy:<\/h2>\n<p style=\"text-align: justify;\">Na trasie znalaz\u0142y si\u0119 najpi\u0119kniejsze miejsca park\u00f3w narodowych z 4 kraj\u00f3w \u2013 w Niemczech s\u0105 to: Rugia, Kargow i Meklemburgia-Pomorze Przednie; w Szwecji: Simrishamn, Ljungbyhed, Skania i Eriksberg; na Litwie: P\u0142\u00f3tele, P\u0142ungiany, pla\u017ca w Palandze, K\u0142ajpeda i Zalew Kuro\u0144ski, w Polsce: Mi\u0119dzyzdroje, Smo\u0142dzino, Przesieki oraz wojew\u00f3dztwo warmi\u0144sko-mazurskie. Trasa zaplanowana zosta\u0142a zar\u00f3wno z my\u015bl\u0105 o rowerzystach (odcinki w P\u0142\u00f3telach, Palandze i w K\u0142ajpedzie), o mi\u0142o\u015bnikach pieszych wycieczek (odcinki w Skanii i Parku Narodowym Jasmund), jak i o pasjonatach obserwowania ptak\u00f3w i dzikiej zwierzyny. Tras\u0119 wzbogacaj\u0105 niezwyk\u0142e dzie\u0142a natury, takie jak wydmy, laguny, malownicze rzeki i jeziora.<\/p>\n<p><img decoding=\"async\" loading=\"lazy\" class=\"alignleft wp-image-2718\" src=\"https:\/\/southbaltic-tourist.eu\/wp-content\/uploads\/2019\/07\/1-3.jpg\" alt=\"\" width=\"524\" height=\"350\" srcset=\"https:\/\/sbt.ug.edu.pl\/wp-content\/uploads\/2019\/07\/1-3.jpg 392w, https:\/\/sbt.ug.edu.pl\/wp-content\/uploads\/2019\/07\/1-3-300x201.jpg 300w, https:\/\/sbt.ug.edu.pl\/wp-content\/uploads\/2019\/07\/1-3-150x100.jpg 150w\" sizes=\"(max-width: 524px) 100vw, 524px\" \/><\/p>\n<p><a href=\"https:\/\/southbaltic-tourist.eu\/wp-content\/uploads\/2020\/02\/R3.00-National-Parks-Exploration.png\" data-rel=\"lightbox-gallery-UJrJJrn4\" data-rl_title=\"\" data-rl_caption=\"\" title=\"\"><img decoding=\"async\" loading=\"lazy\" class=\"alignnone wp-image-5272\" src=\"https:\/\/southbaltic-tourist.eu\/wp-content\/uploads\/2020\/02\/R3.00-National-Parks-Exploration.png\" alt=\"\" width=\"602\" height=\"350\" srcset=\"https:\/\/sbt.ug.edu.pl\/wp-content\/uploads\/2020\/02\/R3.00-National-Parks-Exploration.png 1600w, https:\/\/sbt.ug.edu.pl\/wp-content\/uploads\/2020\/02\/R3.00-National-Parks-Exploration-300x174.png 300w, https:\/\/sbt.ug.edu.pl\/wp-content\/uploads\/2020\/02\/R3.00-National-Parks-Exploration-1024x595.png 1024w, https:\/\/sbt.ug.edu.pl\/wp-content\/uploads\/2020\/02\/R3.00-National-Parks-Exploration-768x446.png 768w, https:\/\/sbt.ug.edu.pl\/wp-content\/uploads\/2020\/02\/R3.00-National-Parks-Exploration-1536x893.png 1536w, https:\/\/sbt.ug.edu.pl\/wp-content\/uploads\/2020\/02\/R3.00-National-Parks-Exploration-150x87.png 150w\" sizes=\"(max-width: 602px) 100vw, 602px\" \/><\/a><\/p>\n<h2 style=\"text-align: justify;\">Koncepcja trasy: \u201eSPOTKANIE Z NATUR\u0104\u201d<\/h2>\n<p style=\"text-align: justify;\">Oto najlepszy spos\u00f3b na odkrywanie pi\u0119kna natury i obcowanie z dzik\u0105 przyrod\u0105. Tras\u0119 zaprojektowano tak, aby mo\u017cna by\u0142o wyruszy\u0107 w ni\u0105 bez przewodnika i \u0142atwo j\u0105 personalizowa\u0107. D\u0142ugo\u015b\u0107 trasy dostosowa\u0107 mo\u017cna do ilo\u015bci wolnego czasu, jednak znajduj\u0105ce si\u0119 na niej parki s\u0105 tak spektakularne, \u017ce warto przeznaczy\u0107 na ich zwiedzanie tak du\u017co czasu, jak to tylko mo\u017cliwe. Ich pi\u0119kno odkrywa\u0107 mo\u017cna na wiele sposob\u00f3w \u2013 na rowerze, kajakiem, pieszo lub nawet konno. W wielu parkach warto postawi\u0107 na zr\u00f3wnowa\u017con\u0105 turystyk\u0119 i spr\u00f3bowa\u0107 aktywno\u015bci takich jak obserwowanie ptak\u00f3w i dzikich zwierz\u0105t czy piesze w\u0119dr\u00f3wki. Parki te s\u0105 domem dla wielu rzadkich gatunk\u00f3w ro\u015blin i zwierz\u0105t. Niekt\u00f3re elementy trasy zosta\u0142y nawet wpisane na List\u0119 Dziedzictwa \u015awiatowego UNESCO. Dodatkowo mo\u017cna skorzysta\u0107 z atrakcji, takich jak muzea czy gospodarstwa agroturystyczne. Po przebyciu trasy mo\u017cna spokojnie powiedzie\u0107: \u201eBy\u0142em na spotkaniu z natur\u0105\u201d\u2026<\/p>\n<p><\/p>","protected":false},"excerpt":{"rendered":"<p>Najwa\u017cniejsze punkty trasy: Na trasie znalaz\u0142y si\u0119 najpi\u0119kniejsze miejsca park\u00f3w narodowych z 4 kraj\u00f3w \u2013 w Niemczech s\u0105 to: Rugia, Kargow i Meklemburgia-Pomorze Przednie; w Szwecji: Simrishamn, Ljungbyhed, Skania i Eriksberg; na Litwie: P\u0142\u00f3tele, P\u0142ungiany, pla\u017ca w Palandze, K\u0142ajpeda i Zalew Kuro\u0144ski, w Polsce: Mi\u0119dzyzdroje, Smo\u0142dzino, Przesieki oraz wojew\u00f3dztwo warmi\u0144sko-mazurskie. Trasa zaplanowana zosta\u0142a zar\u00f3wno z [&hellip;]<\/p>\n","protected":false},"author":1,"featured_media":0,"parent":171,"menu_order":0,"comment_status":"closed","ping_status":"closed","template":"","meta":[],"categories":[17],"tags":[],"_links":{"self":[{"href":"https:\/\/sbt.ug.edu.pl\/pl\/wp-json\/wp\/v2\/pages\/457"}],"collection":[{"href":"https:\/\/sbt.ug.edu.pl\/pl\/wp-json\/wp\/v2\/pages"}],"about":[{"href":"https:\/\/sbt.ug.edu.pl\/pl\/wp-json\/wp\/v2\/types\/page"}],"author":[{"embeddable":true,"href":"https:\/\/sbt.ug.edu.pl\/pl\/wp-json\/wp\/v2\/users\/1"}],"replies":[{"embeddable":true,"href":"https:\/\/sbt.ug.edu.pl\/pl\/wp-json\/wp\/v2\/comments?post=457"}],"version-history":[{"count":15,"href":"https:\/\/sbt.ug.edu.pl\/pl\/wp-json\/wp\/v2\/pages\/457\/revisions"}],"predecessor-version":[{"id":5732,"href":"https:\/\/sbt.ug.edu.pl\/pl\/wp-json\/wp\/v2\/pages\/457\/revisions\/5732"}],"up":[{"embeddable":true,"href":"https:\/\/sbt.ug.edu.pl\/pl\/wp-json\/wp\/v2\/pages\/171"}],"wp:attachment":[{"href":"https:\/\/sbt.ug.edu.pl\/pl\/wp-json\/wp\/v2\/media?parent=457"}],"wp:term":[{"taxonomy":"category","embeddable":true,"href":"https:\/\/sbt.ug.edu.pl\/pl\/wp-json\/wp\/v2\/categories?post=457"},{"taxonomy":"post_tag","embeddable":true,"href":"https:\/\/sbt.ug.edu.pl\/pl\/wp-json\/wp\/v2\/tags?post=457"}],"curies":[{"name":"wp","href":"https:\/\/api.w.org\/{rel}","templated":true}]}}