{"id":470,"date":"2018-12-05T10:41:12","date_gmt":"2018-12-05T09:41:12","guid":{"rendered":"http:\/\/southbaltic-tourist.eu\/?page_id=470"},"modified":"2021-06-10T16:10:55","modified_gmt":"2021-06-10T15:10:55","slug":"11-landskrona-ven-island-excurssion","status":"publish","type":"page","link":"https:\/\/sbt.ug.edu.pl\/pl\/routes\/windsurfing-exploration\/11-landskrona-ven-island-excurssion\/","title":{"rendered":"11. LANDSKRONA \u2013 Wycieczka rowerowa po wyspie Ven"},"content":{"rendered":"<p><\/p>\n<p style=\"text-align: justify;\"><strong>LOKALIZACJA <\/strong><\/p>\n<p style=\"text-align: justify;\">Landskrona to malownicze nadmorskie miasteczko po\u0142o\u017cone w zachodniej cz\u0119\u015bci Skanii. Aby dotrze\u0107 do wyspy Ven znajduj\u0105cej si\u0119 niedaleko Landskrony, nale\u017cy przejecha\u0107 przez cie\u015bnin\u0119 \u00d8resund, kt\u00f3ra rozdziela Dani\u0119 i Szwecj\u0119. Pomi\u0119dzy Landskron\u0105 a wysp\u0105 Ven regularnie kursuj\u0105 promy. Natomiast do Landskrony mo\u017cna dojecha\u0107 kolej\u0105 lub autem z Malm\u00f6 i Kopenhagi.<\/p>\n<p style=\"text-align: justify;\">Najlepszym sposobem na zwiedzanie wyspy s\u0105 wycieczki rowerowe. Po\u0142o\u017cenie geograficzne wyspy Ven: 55\u00b054\u2032N 12\u00b042\u2032E.<\/p>\n<p style=\"text-align: justify;\" align=\"JUSTIFY\"><img decoding=\"async\" loading=\"lazy\" class=\"alignleft wp-image-1375\" src=\"https:\/\/southbaltic-tourist.eu\/wp-content\/uploads\/2019\/07\/1.-Ven-1500-bicycles-R2.A11..jpg\" alt=\"\" width=\"467\" height=\"350\" srcset=\"https:\/\/sbt.ug.edu.pl\/wp-content\/uploads\/2019\/07\/1.-Ven-1500-bicycles-R2.A11..jpg 1280w, https:\/\/sbt.ug.edu.pl\/wp-content\/uploads\/2019\/07\/1.-Ven-1500-bicycles-R2.A11.-300x225.jpg 300w, https:\/\/sbt.ug.edu.pl\/wp-content\/uploads\/2019\/07\/1.-Ven-1500-bicycles-R2.A11.-768x576.jpg 768w, https:\/\/sbt.ug.edu.pl\/wp-content\/uploads\/2019\/07\/1.-Ven-1500-bicycles-R2.A11.-1024x768.jpg 1024w, https:\/\/sbt.ug.edu.pl\/wp-content\/uploads\/2019\/07\/1.-Ven-1500-bicycles-R2.A11.-150x113.jpg 150w, https:\/\/sbt.ug.edu.pl\/wp-content\/uploads\/2019\/07\/1.-Ven-1500-bicycles-R2.A11.-136x102.jpg 136w\" sizes=\"(max-width: 467px) 100vw, 467px\" \/><\/p>\n<p style=\"text-align: justify;\" align=\"JUSTIFY\"><a href=\"https:\/\/southbaltic-tourist.eu\/wp-content\/uploads\/2020\/01\/r1a11_Ven_Island_Biking_slim.png\" data-rel=\"lightbox-gallery-pnQi6vs2\" data-rl_title=\"\" data-rl_caption=\"\" title=\"\"><img decoding=\"async\" loading=\"lazy\" class=\"alignnone wp-image-5138\" src=\"https:\/\/southbaltic-tourist.eu\/wp-content\/uploads\/2020\/01\/r1a11_Ven_Island_Biking_slim-300x174.png\" alt=\"\" width=\"602\" height=\"350\" srcset=\"https:\/\/sbt.ug.edu.pl\/wp-content\/uploads\/2020\/01\/r1a11_Ven_Island_Biking_slim-300x174.png 300w, https:\/\/sbt.ug.edu.pl\/wp-content\/uploads\/2020\/01\/r1a11_Ven_Island_Biking_slim-1024x595.png 1024w, https:\/\/sbt.ug.edu.pl\/wp-content\/uploads\/2020\/01\/r1a11_Ven_Island_Biking_slim-768x446.png 768w, https:\/\/sbt.ug.edu.pl\/wp-content\/uploads\/2020\/01\/r1a11_Ven_Island_Biking_slim-1536x893.png 1536w, https:\/\/sbt.ug.edu.pl\/wp-content\/uploads\/2020\/01\/r1a11_Ven_Island_Biking_slim-150x87.png 150w, https:\/\/sbt.ug.edu.pl\/wp-content\/uploads\/2020\/01\/r1a11_Ven_Island_Biking_slim.png 1600w\" sizes=\"(max-width: 602px) 100vw, 602px\" \/><\/a><\/p>\n<p style=\"text-align: justify;\" align=\"JUSTIFY\"><a href=\"https:\/\/www.google.com\/maps\/place\/Ven\/@55.9057654,12.6607726,13z\/data=!3m1!4b1!4m5!3m4!1s0x46524a9ffa99f2b7:0x9fca7e0e1fdf104e!8m2!3d55.9124661!4d12.6915966\" target=\"_blank\" rel=\"noopener noreferrer\">View on Google Maps<\/a><\/p>\n<p style=\"text-align: justify;\"><strong>ZWIEDZANIE WYSPY VEN ROWEREM<\/strong><\/p>\n<p style=\"text-align: justify;\">Wycieczk\u0119 rowerow\u0105 najlepiej rozpocz\u0105\u0107 w Landskronie, historycznym mie\u015bcie z pi\u0119kn\u0105 cytadel\u0105, starymi ko\u015bcio\u0142ami, przyjemnym centrum i szerok\u0105 przystani\u0105. Z portu na wysp\u0119 Ven dop\u0142yn\u0105\u0107 mo\u017cna promem. Z kolei na miejscu mo\u017cliwe jest wypo\u017cyczenie roweru w jednej z wielu wypo\u017cyczalni, co zdecydowanie u\u0142atwi przemieszczanie si\u0119 po wyspie. Na typowym \u017c\u00f3\u0142tym rowerze (charakterystycznym dla tego regionu) odwiedzi\u0107 mo\u017cna wszystkie cztery wioski znajduj\u0105ce si\u0119 na wyspie. Pierwszym przystankiem mo\u017ce by\u0107 fabryka lod\u00f3w w Hvens, kolejnym malownicze podej\u015bcie do klif\u00f3w Ven, tu\u017c obok zielonych teren\u00f3w do gry w pi\u0142k\u0119 no\u017cn\u0105 i golfa. W drodze powrotnej zalecamy wybra\u0107 si\u0119 do Muzeum Tycho Brahe (Tycho Brahe by\u0142 s\u0142ynnym astronomem z XVI wieku). Innymi interesuj\u0105cymi miejscami na wyspie s\u0105 obserwatorium (z kt\u00f3rego mo\u017cna dotrze\u0107 specjaln\u0105 tras\u0105 w d\u00f3\u0142 wzg\u00f3rza do portu), liczne ogrody, kawiarnie, restauracje i zabytkowy ko\u015bci\u00f3\u0142. Niekt\u00f3rzy nazywaj\u0105 wysp\u0119 per\u0142\u0105 \u00d8resund, g\u0142\u00f3wnie ze wzgl\u0119du na jej relaksacyjn\u0105 aur\u0119.<\/p>\n<p style=\"text-align: justify;\"><strong>ATRAKCJE<\/strong><\/p>\n<p style=\"text-align: justify;\">Skania jako region jest bardzo pi\u0119kn\u0105 cz\u0119\u015bci\u0105 Szwecji. Obejmuje r\u00f3\u017cne atrakcje, pocz\u0105wszy od miejsc dziedzictwa kulturowego (stare zamki, katedry, ko\u015bcio\u0142y, historyczne miasta, malownicze miasteczka i wioski), po obiekty dziedzictwa naturalnego (tereny rolnicze, parki narodowe i rezerwaty przyrody). Region charakteryzuje si\u0119 r\u00f3wnie\u017c rozleg\u0142\u0105 sieci\u0105 tras rowerowych, kt\u00f3re umo\u017cliwiaj\u0105 aktywne odkrywanie kulturowego i naturalnego pi\u0119kna regionu, pe\u0142nego ma\u0142ych wysp. Najbardziej znan\u0105 jest wyspa Ven. Skania po\u0142o\u017cona jest bardzo blisko Kopenhagi. Wa\u017cnym zabytkiem w okolicy jest Most \u00d6resund \u0142\u0105cz\u0105cy Szwecj\u0119 z Dani\u0105.<\/p>\n<p style=\"text-align: justify;\"><code><div class=\"rl-gallery-container rl-loading\" id=\"rl-gallery-container-2\" data-gallery_id=\"1190\"> <div class=\"rl-gallery rl-basicgrid-gallery \" id=\"rl-gallery-2\" data-gallery_no=\"2\"> <div class=\"rl-gallery-item\"><a href=\"https:\/\/sbt.ug.edu.pl\/wp-content\/uploads\/2019\/07\/1.-Ven-1500-bicycles-R2.A11..jpg\" title=\"1. Ven 1500 bicycles, author: Erik Enfors, source: https:\/\/ia.wikipedia.org\/wiki\/Insula_Ven#\/media\/File:Ven_1500_bicycles.jpg, 06.07.2006, CC BY-SA 3.0.\" data-rl_title=\"1. Ven 1500 bicycles, author: Erik Enfors, source: https:\/\/ia.wikipedia.org\/wiki\/Insula_Ven#\/media\/File:Ven_1500_bicycles.jpg, 06.07.2006, CC BY-SA 3.0.\" class=\"rl-gallery-link\" data-rl_caption=\"\" data-rel=\"lightbox-gallery-2\"><img src=\"https:\/\/sbt.ug.edu.pl\/wp-content\/uploads\/2019\/07\/1.-Ven-1500-bicycles-R2.A11.-768x576.jpg\" width=\"640\" height=\"480\" alt=\"\" \/><\/a><\/div><div class=\"rl-gallery-item\"><a href=\"https:\/\/sbt.ug.edu.pl\/wp-content\/uploads\/2019\/07\/2.-Backafall-Ven-R2.A11..jpg\" title=\"2. Backafall, Ven, author: jorchr; source: https:\/\/commons.wikimedia.org\/wiki\/File:Backafall,_Ven.jpg, 20.07.2006, Creative Commons Attribution-Share Alike 3.0 Unported.\" data-rl_title=\"2. Backafall, Ven, author: jorchr; source: https:\/\/commons.wikimedia.org\/wiki\/File:Backafall,_Ven.jpg, 20.07.2006, Creative Commons Attribution-Share Alike 3.0 Unported.\" class=\"rl-gallery-link\" data-rl_caption=\"\" data-rel=\"lightbox-gallery-2\"><img src=\"https:\/\/sbt.ug.edu.pl\/wp-content\/uploads\/2019\/07\/2.-Backafall-Ven-R2.A11.-768x560.jpg\" width=\"640\" height=\"467\" alt=\"\" \/><\/a><\/div><div class=\"rl-gallery-item\"><a href=\"https:\/\/sbt.ug.edu.pl\/wp-content\/uploads\/2019\/07\/3.-Ven-from-east-R2.A11..jpg\" title=\"3. Ven-from-east, author: Bj\u00f8rn Christian T\u00f8rrissen; source: https:\/\/en.wikipedia.org\/wiki\/Ven_(Sweden)#\/media\/File:Ven-from-east.jpg, 02.05.2018, Creative Commons Attribution-Share Alike 4.0 International license.\" data-rl_title=\"3. Ven-from-east, author: Bj\u00f8rn Christian T\u00f8rrissen; source: https:\/\/en.wikipedia.org\/wiki\/Ven_(Sweden)#\/media\/File:Ven-from-east.jpg, 02.05.2018, Creative Commons Attribution-Share Alike 4.0 International license.\" class=\"rl-gallery-link\" data-rl_caption=\"\" data-rel=\"lightbox-gallery-2\"><img src=\"https:\/\/sbt.ug.edu.pl\/wp-content\/uploads\/2019\/07\/3.-Ven-from-east-R2.A11.-768x421.jpg\" width=\"640\" height=\"351\" alt=\"\" \/><\/a><\/div><div class=\"rl-gallery-item\"><a href=\"https:\/\/sbt.ug.edu.pl\/wp-content\/uploads\/2019\/07\/4.-Cycling-on-Hven-R2.A11..jpg\" title=\"4. Cycling on Hven, author: malouette, source: https:\/\/commons.wikimedia.org\/wiki\/File:Cycling_on_Hven.jpg, 19.07.2007, Creative Commons Attribution 2.0 Generic.\" data-rl_title=\"4. Cycling on Hven, author: malouette, source: https:\/\/commons.wikimedia.org\/wiki\/File:Cycling_on_Hven.jpg, 19.07.2007, Creative Commons Attribution 2.0 Generic.\" class=\"rl-gallery-link\" data-rl_caption=\"\" data-rel=\"lightbox-gallery-2\"><img src=\"https:\/\/sbt.ug.edu.pl\/wp-content\/uploads\/2019\/07\/4.-Cycling-on-Hven-R2.A11.-768x513.jpg\" width=\"640\" height=\"428\" alt=\"\" \/><\/a><\/div><div class=\"rl-gallery-item\"><a href=\"https:\/\/sbt.ug.edu.pl\/wp-content\/uploads\/2019\/07\/5.-Kyrkbakens-harbour-R2.A11..jpg\" title=\"5. Kyrkbakens harbour, author: bjaglin, source: https:\/\/commons.wikimedia.org\/wiki\/File:Kyrkbakens_hamn.jpg, 01.04.2007, Creative Commons Attribution 2.0 Generic.\" data-rl_title=\"5. Kyrkbakens harbour, author: bjaglin, source: https:\/\/commons.wikimedia.org\/wiki\/File:Kyrkbakens_hamn.jpg, 01.04.2007, Creative Commons Attribution 2.0 Generic.\" class=\"rl-gallery-link\" data-rl_caption=\"\" data-rel=\"lightbox-gallery-2\"><img src=\"https:\/\/sbt.ug.edu.pl\/wp-content\/uploads\/2019\/07\/5.-Kyrkbakens-harbour-R2.A11.-768x511.jpg\" width=\"640\" height=\"426\" alt=\"\" \/><\/a><\/div><div class=\"rl-gallery-item\"><a href=\"https:\/\/sbt.ug.edu.pl\/wp-content\/uploads\/2019\/07\/6.-Marina-in-Kyrkbacken-R2.A11..jpg\" title=\"6. Marina in Kyrkbacken, author: Svenskan, source: https:\/\/commons.wikimedia.org\/wiki\/File:Marina_Kyrkbacken.jpg, 24.05.2007, Creative Commons Attribution-Share Alike 3.0 Unported.\" data-rl_title=\"6. Marina in Kyrkbacken, author: Svenskan, source: https:\/\/commons.wikimedia.org\/wiki\/File:Marina_Kyrkbacken.jpg, 24.05.2007, Creative Commons Attribution-Share Alike 3.0 Unported.\" class=\"rl-gallery-link\" data-rl_caption=\"\" data-rel=\"lightbox-gallery-2\"><img src=\"https:\/\/sbt.ug.edu.pl\/wp-content\/uploads\/2019\/07\/6.-Marina-in-Kyrkbacken-R2.A11.-768x576.jpg\" width=\"640\" height=\"480\" alt=\"\" \/><\/a><\/div><div class=\"rl-gallery-item\"><a href=\"https:\/\/sbt.ug.edu.pl\/wp-content\/uploads\/2019\/07\/7.-Ostervold-Observatory-and-statue-R2.A11..jpg\" title=\"7. Ostervold Observatory and statue, author: Olivier Bruchez; source: https:\/\/commons.wikimedia.org\/wiki\/File:%C3%98stervold_Observatory_and_statue.jpg , 06.06.2016, Creative Commons Attribution-Share Alike 2.0 Generic.\" data-rl_title=\"7. Ostervold Observatory and statue, author: Olivier Bruchez; source: https:\/\/commons.wikimedia.org\/wiki\/File:%C3%98stervold_Observatory_and_statue.jpg , 06.06.2016, Creative Commons Attribution-Share Alike 2.0 Generic.\" class=\"rl-gallery-link\" data-rl_caption=\"\" data-rel=\"lightbox-gallery-2\"><img src=\"https:\/\/sbt.ug.edu.pl\/wp-content\/uploads\/2019\/07\/7.-Ostervold-Observatory-and-statue-R2.A11.-768x512.jpg\" width=\"640\" height=\"427\" alt=\"\" \/><\/a><\/div><div class=\"rl-gallery-item\"><a href=\"https:\/\/sbt.ug.edu.pl\/wp-content\/uploads\/2019\/07\/8.-Ven-Field-R2.A11..jpg\" title=\"8. Ven Field, author: Lonezor, source:https:\/\/en.wikipedia.org\/wiki\/File:Ven_Field.jpg, 10.07.2008, CC BY-SA 3.0.\" data-rl_title=\"8. Ven Field, author: Lonezor, source:https:\/\/en.wikipedia.org\/wiki\/File:Ven_Field.jpg, 10.07.2008, CC BY-SA 3.0.\" class=\"rl-gallery-link\" data-rl_caption=\"\" data-rel=\"lightbox-gallery-2\"><img src=\"https:\/\/sbt.ug.edu.pl\/wp-content\/uploads\/2019\/07\/8.-Ven-Field-R2.A11.-768x576.jpg\" width=\"640\" height=\"480\" alt=\"\" \/><\/a><\/div><div class=\"rl-gallery-item\"><a href=\"https:\/\/sbt.ug.edu.pl\/wp-content\/uploads\/2019\/07\/9.-Landskrona-Castle-R2.A11..jpg\" title=\"9. Landskrona Castle, author: Eddie Bernard, source: https:\/\/commons.wikimedia.org\/wiki\/File:Landskrona_-_La_citadelle.jpg, 24.08.2009, Creative Commons Attribution-Share Alike 3.0 Unported.\" data-rl_title=\"9. Landskrona Castle, author: Eddie Bernard, source: https:\/\/commons.wikimedia.org\/wiki\/File:Landskrona_-_La_citadelle.jpg, 24.08.2009, Creative Commons Attribution-Share Alike 3.0 Unported.\" class=\"rl-gallery-link\" data-rl_caption=\"\" data-rel=\"lightbox-gallery-2\"><img src=\"https:\/\/sbt.ug.edu.pl\/wp-content\/uploads\/2019\/07\/9.-Landskrona-Castle-R2.A11.-768x576.jpg\" width=\"640\" height=\"480\" alt=\"\" \/><\/a><\/div><div class=\"rl-gallery-item\"><a href=\"https:\/\/sbt.ug.edu.pl\/wp-content\/uploads\/2019\/07\/10.-Map-of-Hven-from-copper-etching-of-Blaeu-Atlas-1663-R2.A11..jpg\" title=\"10. Map of Hven from copper etching of Blaeu Atlas 1663, author: Johannes Blaeu, source: https:\/\/commons.wikimedia.org\/wiki\/File:Map_of_Hven_from_copper_etching_of_Blaeu_Atlas_1663.jpg, , 1663, Public domain.\" data-rl_title=\"10. Map of Hven from copper etching of Blaeu Atlas 1663, author: Johannes Blaeu, source: https:\/\/commons.wikimedia.org\/wiki\/File:Map_of_Hven_from_copper_etching_of_Blaeu_Atlas_1663.jpg, , 1663, Public domain.\" class=\"rl-gallery-link\" data-rl_caption=\"\" data-rel=\"lightbox-gallery-2\"><img src=\"https:\/\/sbt.ug.edu.pl\/wp-content\/uploads\/2019\/07\/10.-Map-of-Hven-from-copper-etching-of-Blaeu-Atlas-1663-R2.A11.-768x602.jpg\" width=\"640\" height=\"502\" alt=\"\" \/><\/a><\/div> <\/div> <\/div><\/code><\/p>\n<p><\/p>","protected":false},"excerpt":{"rendered":"<p>LOKALIZACJA Landskrona to malownicze nadmorskie miasteczko po\u0142o\u017cone w zachodniej cz\u0119\u015bci Skanii. Aby dotrze\u0107 do wyspy Ven znajduj\u0105cej si\u0119 niedaleko Landskrony, nale\u017cy przejecha\u0107 przez cie\u015bnin\u0119 \u00d8resund, kt\u00f3ra rozdziela Dani\u0119 i Szwecj\u0119. Pomi\u0119dzy Landskron\u0105 a wysp\u0105 Ven regularnie kursuj\u0105 promy. Natomiast do Landskrony mo\u017cna dojecha\u0107 kolej\u0105 lub autem z Malm\u00f6 i Kopenhagi. Najlepszym sposobem na zwiedzanie wyspy [&hellip;]<\/p>\n","protected":false},"author":3,"featured_media":0,"parent":174,"menu_order":0,"comment_status":"closed","ping_status":"closed","template":"","meta":[],"categories":[34,13,9],"tags":[],"_links":{"self":[{"href":"https:\/\/sbt.ug.edu.pl\/pl\/wp-json\/wp\/v2\/pages\/470"}],"collection":[{"href":"https:\/\/sbt.ug.edu.pl\/pl\/wp-json\/wp\/v2\/pages"}],"about":[{"href":"https:\/\/sbt.ug.edu.pl\/pl\/wp-json\/wp\/v2\/types\/page"}],"author":[{"embeddable":true,"href":"https:\/\/sbt.ug.edu.pl\/pl\/wp-json\/wp\/v2\/users\/3"}],"replies":[{"embeddable":true,"href":"https:\/\/sbt.ug.edu.pl\/pl\/wp-json\/wp\/v2\/comments?post=470"}],"version-history":[{"count":15,"href":"https:\/\/sbt.ug.edu.pl\/pl\/wp-json\/wp\/v2\/pages\/470\/revisions"}],"predecessor-version":[{"id":5812,"href":"https:\/\/sbt.ug.edu.pl\/pl\/wp-json\/wp\/v2\/pages\/470\/revisions\/5812"}],"up":[{"embeddable":true,"href":"https:\/\/sbt.ug.edu.pl\/pl\/wp-json\/wp\/v2\/pages\/174"}],"wp:attachment":[{"href":"https:\/\/sbt.ug.edu.pl\/pl\/wp-json\/wp\/v2\/media?parent=470"}],"wp:term":[{"taxonomy":"category","embeddable":true,"href":"https:\/\/sbt.ug.edu.pl\/pl\/wp-json\/wp\/v2\/categories?post=470"},{"taxonomy":"post_tag","embeddable":true,"href":"https:\/\/sbt.ug.edu.pl\/pl\/wp-json\/wp\/v2\/tags?post=470"}],"curies":[{"name":"wp","href":"https:\/\/api.w.org\/{rel}","templated":true}]}}