{"id":482,"date":"2018-12-05T12:55:13","date_gmt":"2018-12-05T11:55:13","guid":{"rendered":"http:\/\/southbaltic-tourist.eu\/?page_id=482"},"modified":"2021-05-31T18:31:48","modified_gmt":"2021-05-31T17:31:48","slug":"blue-and-green-believes-and-religions-of-the-south-baltic-area","status":"publish","type":"page","link":"https:\/\/sbt.ug.edu.pl\/pl\/routes\/blue-and-green-believes-and-religions-of-the-south-baltic-area\/","title":{"rendered":"\u015aladami dawnych wierze\u0144 i religii"},"content":{"rendered":"<p><\/p>\n<p style=\"text-align: justify;\"><strong>G\u0142\u00f3wne atrakcje trasy: <\/strong>Wok\u00f3\u0142 Po\u0142udniowego Ba\u0142tyku znajduje si\u0119 kilka tysi\u0119cy \u015bwi\u0105ty\u0144, miejsc kultu i obszar\u00f3w zwi\u0105zanych z wierzeniami i religi\u0105. Podr\u00f3\u017cuj\u0105c przez szwedzki region Blekinge, du\u0144skie wyspy, niemieck\u0105 Meklemburgi\u0119, Pomorze Zachodnie, polskie wybrze\u017ce, docieraj\u0105c a\u017c do litewskiej \u017bmudzi do\u015bwiadczy\u0107 mo\u017cna unikalnej historii zwi\u0105zanej z religijno\u015bci\u0105 nadba\u0142tyckich lud\u00f3w, wierz\u0105cych niegdy\u015b w \u015bwiat mocy nadprzyrodzonych i mistycznych stworze\u0144. Chocia\u017c tereny te s\u0105 w wi\u0119kszo\u015bci zdominowane przez kultur\u0119 chrze\u015bcija\u0144sk\u0105, to w dalszym ci\u0105gu nie brakuje miejsc, kt\u00f3re dowodz\u0105, \u017ce zanim przybyli misjonarze i rycerze nios\u0105cy nowin\u0119 o Jezusie, miejscowi ludzie przywi\u0105zywali wielk\u0105 wag\u0119 do magii czy b\u00f3stw natury. Trasa zapewnia zanurzenie si\u0119 w dorobku chrze\u015bcija\u0144stwa, a tak\u017ce poznanie rdzennych mieszka\u0144c\u00f3w litewskich teren\u00f3w, kt\u00f3rzy kultywuj\u0105 nietypowe rytua\u0142y. Na potrzeby niniejszej trasy wybrano niemal 100 r\u00f3\u017cnorodnych ko\u015bcio\u0142\u00f3w, \u015bwi\u0119tych g\u00f3r, sanktuari\u00f3w i prehistorycznych cmentarzy znajduj\u0105cych si\u0119 w 18 lokalizacjach (Litwa: Taurogi, K\u0142ajpeda, Palanga, Telsze; Polska: Elbl\u0105g, Malbork, L\u0119bork, Koszalin, Kamie\u0144 Pomorski; Niemcy: Greifswald, Rugia, Stralsund, Rostock; Dania: Nyk\u00f8bing Falster, Roskilde, Bornholm; Szwecja: Ystad i Karlshamn). W zale\u017cno\u015bci od posiadanego czasu i preferencji sugerowan\u0105 tras\u0119 wzbogaca\u0107 mo\u017cna o kolejne \u015bwi\u0119te miejsca znajduj\u0105ce si\u0119 w pobli\u017cu. Planuj\u0105c podr\u00f3\u017c wzd\u0142u\u017c szlaku dawnych wierze\u0144 i religii nie mo\u017cna tak\u017ce zapomina\u0107 o innych atrakcjach znajduj\u0105cych si\u0119 na nadba\u0142tyckich terenach.<\/p>\n<p><img decoding=\"async\" loading=\"lazy\" class=\"alignnone wp-image-1602 \" src=\"https:\/\/southbaltic-tourist.eu\/wp-content\/uploads\/2019\/07\/foto-3.jpg\" alt=\"\" width=\"745\" height=\"499\" srcset=\"https:\/\/sbt.ug.edu.pl\/wp-content\/uploads\/2019\/07\/foto-3.jpg 695w, https:\/\/sbt.ug.edu.pl\/wp-content\/uploads\/2019\/07\/foto-3-300x201.jpg 300w, https:\/\/sbt.ug.edu.pl\/wp-content\/uploads\/2019\/07\/foto-3-150x100.jpg 150w\" sizes=\"(max-width: 745px) 100vw, 745px\" \/><\/p>\n<p><img decoding=\"async\" loading=\"lazy\" class=\"alignnone wp-image-1603 \" src=\"https:\/\/southbaltic-tourist.eu\/wp-content\/uploads\/2019\/07\/R4.00_calosc.jpg\" alt=\"\" width=\"745\" height=\"383\" srcset=\"https:\/\/sbt.ug.edu.pl\/wp-content\/uploads\/2019\/07\/R4.00_calosc.jpg 993w, https:\/\/sbt.ug.edu.pl\/wp-content\/uploads\/2019\/07\/R4.00_calosc-300x155.jpg 300w, https:\/\/sbt.ug.edu.pl\/wp-content\/uploads\/2019\/07\/R4.00_calosc-768x396.jpg 768w, https:\/\/sbt.ug.edu.pl\/wp-content\/uploads\/2019\/07\/R4.00_calosc-150x77.jpg 150w\" sizes=\"(max-width: 745px) 100vw, 745px\" \/><\/p>\n<p style=\"text-align: justify;\"><strong>Koncepcja trasy nr 1:<\/strong><\/p>\n<ol style=\"text-align: justify;\">\n<li>R4.A7 Kaszuby &gt; 2. S\u0142owi\u0144ski Park Narodowy &gt; 3. R4.A8 Pomorze \u015arodkowe &gt; 4. R4.A9 Wyspa Wolin i Wybrze\u017ce Trzebiatowskie &gt; 5. Woli\u0144ski Park Narodowy + prom \u015awinouj\u015bcie \u2013 Ystad &gt; 6. R4.A17 Ystad i \u00d6sterlen &gt; 7. R4.A18 Skania Wschodnia i Blekinge + prom Karlshamn-K\u0142ajpeda &gt; 8. R4.A2 Ma\u0142a Litwa + Park Narodowy Mierzei Kuro\u0144skiej &gt; 9. R4.A3 Na Krainie Kuro\u0144skiej &gt; 10. \u017bmudzki Park Narodowy &gt; 11.R4.A4 \u017bmud\u017a.<\/li>\n<\/ol>\n<p style=\"text-align: justify;\"><strong>Koncepcja trasy nr 2:<\/strong><\/p>\n<ol>\n<li style=\"text-align: justify;\">R4.A5 Warmia &gt; 2. R4.A6 Przez Dolin\u0119 Dolnej Wis\u0142y + prom Gdynia \u2013 Karlskrona &gt; 3. R4.A18 Skania Wschodnia i Blekinge &gt; 4. R4.A17 Ystad i \u00d6sterlen &gt; 5. Kopenhaga &gt; 6. R4.A16 Zelandia Wschodnia &gt; 7. R4.A15 Zelandia Po\u0142udniowa, Wyspa M\u00f8n i Wyspa Falster &gt; 8. prom Nykobing &#8211; Rostock + R4.A14 Meklemburgia) &gt; 9. R4.A12 Mi\u0119dzy Stralsund a Barth) &gt; 10-11. R4.A10 Wyspa Rugia + Park Narodowy Jasmund &gt; 12. R4.A11 S\u0105siedztwo Greifswaldu.<\/li>\n<\/ol>\n<p><\/p>","protected":false},"excerpt":{"rendered":"<p>G\u0142\u00f3wne atrakcje trasy: Wok\u00f3\u0142 Po\u0142udniowego Ba\u0142tyku znajduje si\u0119 kilka tysi\u0119cy \u015bwi\u0105ty\u0144, miejsc kultu i obszar\u00f3w zwi\u0105zanych z wierzeniami i religi\u0105. Podr\u00f3\u017cuj\u0105c przez szwedzki region Blekinge, du\u0144skie wyspy, niemieck\u0105 Meklemburgi\u0119, Pomorze Zachodnie, polskie wybrze\u017ce, docieraj\u0105c a\u017c do litewskiej \u017bmudzi do\u015bwiadczy\u0107 mo\u017cna unikalnej historii zwi\u0105zanej z religijno\u015bci\u0105 nadba\u0142tyckich lud\u00f3w, wierz\u0105cych niegdy\u015b w \u015bwiat mocy nadprzyrodzonych i mistycznych [&hellip;]<\/p>\n","protected":false},"author":1,"featured_media":0,"parent":171,"menu_order":0,"comment_status":"closed","ping_status":"closed","template":"","meta":[],"categories":[17],"tags":[],"_links":{"self":[{"href":"https:\/\/sbt.ug.edu.pl\/pl\/wp-json\/wp\/v2\/pages\/482"}],"collection":[{"href":"https:\/\/sbt.ug.edu.pl\/pl\/wp-json\/wp\/v2\/pages"}],"about":[{"href":"https:\/\/sbt.ug.edu.pl\/pl\/wp-json\/wp\/v2\/types\/page"}],"author":[{"embeddable":true,"href":"https:\/\/sbt.ug.edu.pl\/pl\/wp-json\/wp\/v2\/users\/1"}],"replies":[{"embeddable":true,"href":"https:\/\/sbt.ug.edu.pl\/pl\/wp-json\/wp\/v2\/comments?post=482"}],"version-history":[{"count":11,"href":"https:\/\/sbt.ug.edu.pl\/pl\/wp-json\/wp\/v2\/pages\/482\/revisions"}],"predecessor-version":[{"id":5734,"href":"https:\/\/sbt.ug.edu.pl\/pl\/wp-json\/wp\/v2\/pages\/482\/revisions\/5734"}],"up":[{"embeddable":true,"href":"https:\/\/sbt.ug.edu.pl\/pl\/wp-json\/wp\/v2\/pages\/171"}],"wp:attachment":[{"href":"https:\/\/sbt.ug.edu.pl\/pl\/wp-json\/wp\/v2\/media?parent=482"}],"wp:term":[{"taxonomy":"category","embeddable":true,"href":"https:\/\/sbt.ug.edu.pl\/pl\/wp-json\/wp\/v2\/categories?post=482"},{"taxonomy":"post_tag","embeddable":true,"href":"https:\/\/sbt.ug.edu.pl\/pl\/wp-json\/wp\/v2\/tags?post=482"}],"curies":[{"name":"wp","href":"https:\/\/api.w.org\/{rel}","templated":true}]}}